{"id":64,"date":"2017-01-30T13:41:35","date_gmt":"2017-01-30T13:41:35","guid":{"rendered":"https:\/\/www.unioviedo.es\/epidemia\/?page_id=64"},"modified":"2020-12-22T11:03:14","modified_gmt":"2020-12-22T10:03:14","slug":"recursos-humanos","status":"publish","type":"page","link":"https:\/\/www.unioviedo.es\/epidemia\/index.php\/acerca-de\/recursos-humanos\/","title":{"rendered":"Equipo de Trabajo"},"content":{"rendered":"\n<p class=\"has-text-align-center\" style=\"font-size:20px\"><span style=\"color: #0000ff;\"><a href=\"https:\/\/www.unioviedo.es\/epidemia\/index.php\/acerca-de\/alejandro-garcia-alvarez-busto\/\" target=\"_blank\" rel=\"noreferrer noopener\">Alejandro Garc\u00eda \u00c1lvarez-Busto (Coordinador)(Departamento de Historia)<\/a><\/span><\/p>\n\n\n\n<p class=\"has-text-align-center\" style=\"font-size:20px\"><span style=\"color: #0000ff;\"><a href=\"https:\/\/www.unioviedo.es\/epidemia\/index.php\/alvaro-solano-fernandez-sordo\/\" target=\"_blank\" rel=\"noreferrer noopener\">\u00c1lvaro Solano Fern\u00e1ndez-Sordo (Departamento de Historia)<\/a><\/span><\/p>\n\n\n\n<p class=\"has-text-align-center\" style=\"font-size:20px\"><span style=\"color: #0000ff;\"><a href=\"https:\/\/www.unioviedo.es\/epidemia\/index.php\/carla-rubiera-cancelas\/\" target=\"_blank\" rel=\"noreferrer noopener\">Carla Rubiera Cancelas (Departamento de Historia)<\/a><\/span><\/p>\n\n\n\n<p class=\"has-text-align-center\" style=\"font-size:20px\"><span style=\"color: #0000ff;\"><a href=\"https:\/\/www.unioviedo.es\/epidemia\/index.php\/elias-carrocera-fernandez\/\" target=\"_blank\" rel=\"noreferrer noopener\">El\u00edas Carrocera Fern\u00e1ndez (Departamento de Historia)<\/a><\/span><\/p>\n\n\n\n<p class=\"has-text-align-center\" style=\"font-size:20px\"><span style=\"color: #0000ff;\"><a href=\"https:\/\/www.unioviedo.es\/epidemia\/index.php\/fernando-manzano-ledesma\/\" target=\"_blank\" rel=\"noreferrer noopener\">Fernando Manzano Ledesma (Departamento de Historia)<\/a><\/span><\/p>\n\n\n\n<p class=\"has-text-align-center\" style=\"font-size:20px\"><span style=\"color: #0000ff;\"><a href=\"https:\/\/www.unioviedo.es\/epidemia\/index.php\/fernando-rodriguez-del-cueto\/\" target=\"_blank\" rel=\"noreferrer noopener\">Fernando Rodr\u00edguez del Cueto (Departamento de Historia)<\/a><\/span><\/p>\n\n\n\n<p class=\"has-text-align-center\" style=\"font-size:20px\"><span style=\"color: #0000ff;\"><a href=\"https:\/\/www.unioviedo.es\/epidemia\/index.php\/guillermo-fernandez-ortiz\/\" target=\"_blank\" rel=\"noreferrer noopener\">Guillermo Fern\u00e1ndez Ortiz (Departamento de Historia)<\/a><\/span><\/p>\n\n\n\n<p class=\"has-text-align-center\" style=\"font-size:20px\"><span style=\"color: #0000ff;\"><a href=\"https:\/\/www.unioviedo.es\/epidemia\/index.php\/jose-avelino-gutierrez-gonzalez\/\" target=\"_blank\" rel=\"noreferrer noopener\">Jos\u00e9 Avelino Guti\u00e9rrez Gonz\u00e1lez (Departamento de Historia)<\/a><\/span><\/p>\n\n\n\n<p class=\"has-text-align-center\" style=\"font-size:20px\"><span style=\"color: #0000ff;\"><a href=\"https:\/\/www.unioviedo.es\/epidemia\/index.php\/jose-ignacio-san-vicente-gonzalez-de-aspuru\/\" target=\"_blank\" rel=\"noreferrer noopener\">Jos\u00e9 Ignacio San Vicente Gonz\u00e1lez de Aspuru (Departamento de Historia)<\/a><\/span><\/p>\n\n\n\n<p class=\"has-text-align-center\" style=\"font-size:20px\"><span style=\"color: #0000ff;\"><a href=\"https:\/\/www.unioviedo.es\/epidemia\/index.php\/juan-carlos-cobo-barquin\/\" data-type=\"URL\" data-id=\"https:\/\/www.unioviedo.es\/epidemia\/index.php\/juan-carlos-cobo-barquin\/\" target=\"_blank\" rel=\"noreferrer noopener\">Juan Carlos Cobo Barqu\u00edn (Departamento de Medicina)<\/a><\/span><\/p>\n\n\n\n<p class=\"has-text-align-center\" style=\"font-size:20px\"><span style=\"color: #0000ff;\"><a href=\"https:\/\/www.unioviedo.es\/epidemia\/index.php\/juan-diaz-alvarez\/\" target=\"_blank\" rel=\"noreferrer noopener\">Juan D\u00edaz \u00c1lvarez (Departamento de Historia)<\/a><\/span><\/p>\n\n\n\n<p class=\"has-text-align-center\" style=\"font-size:20px\"><span style=\"color: #0000ff;\"><a href=\"https:\/\/www.unioviedo.es\/epidemia\/index.php\/luis-benito-garcia-alvarez\/\" target=\"_blank\" rel=\"noreferrer noopener\">Luis Benito Garc\u00eda \u00c1lvarez (Departamento de Historia)<\/a><\/span><\/p>\n\n\n\n<p class=\"has-text-align-center\" style=\"font-size:20px\"><span style=\"color: #0000ff;\"><a href=\"https:\/\/www.unioviedo.es\/epidemia\/index.php\/luis-vicente-sanchez-fernandez\/\" target=\"_blank\" rel=\"noreferrer noopener\">Luis Vicente S\u00e1nchez Fern\u00e1ndez (Departamento de Medicina)<\/a><\/span><\/p>\n\n\n\n<p class=\"has-text-align-center\" style=\"font-size:20px\"><span style=\"color: #0000ff;\"><a href=\"https:\/\/www.unioviedo.es\/epidemia\/index.php\/marco-de-la-rasilla-vives\/\" target=\"_blank\" rel=\"noreferrer noopener\">Marco de la Rasilla Vives (Departamento de Historia)<\/a><\/span><\/p>\n\n\n\n<p class=\"has-text-align-center\" style=\"font-size:20px\"><span style=\"color: #0000ff;\"><a href=\"https:\/\/www.unioviedo.es\/epidemia\/index.php\/maria-alvarez-fernandez\/\" target=\"_blank\" rel=\"noreferrer noopener\">Mar\u00eda \u00c1lvarez Fern\u00e1ndez (Departamento de Historia)<\/a><\/span><\/p>\n\n\n\n<p class=\"has-text-align-center\" style=\"font-size:20px\"><span style=\"color: #0000ff;\"><a href=\"https:\/\/www.unioviedo.es\/epidemia\/index.php\/marta-gonzalez-herrero\/\" target=\"_blank\" rel=\"noreferrer noopener\">Marta Gonz\u00e1lez Herrero (Departamento de Historia)<\/a><\/span><\/p>\n","protected":false},"excerpt":{"rendered":"<p>Alejandro Garc\u00eda \u00c1lvarez-Busto (Coordinador)(Departamento de Historia) \u00c1lvaro Solano Fern\u00e1ndez-Sordo (Departamento de Historia) Carla Rubiera Cancelas (Departamento de Historia) El\u00edas Carrocera Fern\u00e1ndez (Departamento de Historia) Fernando Manzano Ledesma (Departamento de Historia) Fernando Rodr\u00edguez del Cueto (Departamento de Historia) Guillermo Fern\u00e1ndez Ortiz (Departamento de Historia) Jos\u00e9 Avelino Guti\u00e9rrez Gonz\u00e1lez (Departamento de Historia) Jos\u00e9 Ignacio San Vicente Gonz\u00e1lez [&hellip;]<\/p>\n","protected":false},"author":1,"featured_media":0,"parent":5,"menu_order":0,"comment_status":"closed","ping_status":"closed","template":"","meta":{"footnotes":""},"class_list":["post-64","page","type-page","status-publish","hentry","entry"],"_links":{"self":[{"href":"https:\/\/www.unioviedo.es\/epidemia\/index.php\/wp-json\/wp\/v2\/pages\/64","targetHints":{"allow":["GET"]}}],"collection":[{"href":"https:\/\/www.unioviedo.es\/epidemia\/index.php\/wp-json\/wp\/v2\/pages"}],"about":[{"href":"https:\/\/www.unioviedo.es\/epidemia\/index.php\/wp-json\/wp\/v2\/types\/page"}],"author":[{"embeddable":true,"href":"https:\/\/www.unioviedo.es\/epidemia\/index.php\/wp-json\/wp\/v2\/users\/1"}],"replies":[{"embeddable":true,"href":"https:\/\/www.unioviedo.es\/epidemia\/index.php\/wp-json\/wp\/v2\/comments?post=64"}],"version-history":[{"count":21,"href":"https:\/\/www.unioviedo.es\/epidemia\/index.php\/wp-json\/wp\/v2\/pages\/64\/revisions"}],"predecessor-version":[{"id":379,"href":"https:\/\/www.unioviedo.es\/epidemia\/index.php\/wp-json\/wp\/v2\/pages\/64\/revisions\/379"}],"up":[{"embeddable":true,"href":"https:\/\/www.unioviedo.es\/epidemia\/index.php\/wp-json\/wp\/v2\/pages\/5"}],"wp:attachment":[{"href":"https:\/\/www.unioviedo.es\/epidemia\/index.php\/wp-json\/wp\/v2\/media?parent=64"}],"curies":[{"name":"wp","href":"https:\/\/api.w.org\/{rel}","templated":true}]}}