{"id":595,"date":"2021-06-25T08:37:05","date_gmt":"2021-06-25T08:37:05","guid":{"rendered":"https:\/\/www.unioviedo.es\/estrategiasyretos\/?page_id=595"},"modified":"2021-06-25T08:40:14","modified_gmt":"2021-06-25T08:40:14","slug":"politica-cookies","status":"publish","type":"page","link":"https:\/\/www.unioviedo.es\/estrategiasyretos\/index.php\/politica-cookies\/","title":{"rendered":"Pol\u00edtica de cookies"},"content":{"rendered":"\t\t<div data-elementor-type=\"wp-page\" data-elementor-id=\"595\" class=\"elementor elementor-595\" data-elementor-settings=\"[]\">\r\n\t\t\t\t\t\t\t<div class=\"elementor-section-wrap\">\r\n\t\t\t\t\t\t\t<section class=\"elementor-section elementor-top-section elementor-element elementor-element-ffc1144 elementor-section-boxed elementor-section-height-default elementor-section-height-default\" data-id=\"ffc1144\" data-element_type=\"section\" data-settings=\"{&quot;background_background&quot;:&quot;classic&quot;}\">\r\n\t\t\t\t\t\t<div class=\"elementor-container elementor-column-gap-default\">\r\n\t\t\t\t\t<div class=\"elementor-column elementor-col-100 elementor-top-column elementor-element elementor-element-cee1278\" data-id=\"cee1278\" data-element_type=\"column\">\r\n\t\t\t<div class=\"elementor-widget-wrap elementor-element-populated\">\r\n\t\t\t\t\t\t\t\t<div class=\"elementor-element elementor-element-32d1ba0 elementor-invisible elementor-widget elementor-widget-heading\" data-id=\"32d1ba0\" data-element_type=\"widget\" data-settings=\"{&quot;_animation&quot;:&quot;fadeInUp&quot;}\" data-widget_type=\"heading.default\">\r\n\t\t\t\t<div class=\"elementor-widget-container\">\r\n\t\t\t<h1 class=\"elementor-heading-title elementor-size-xl\">Pol\u00edtica de cookies<\/h1>\t\t<\/div>\r\n\t\t\t\t<\/div>\r\n\t\t\t\t\t<\/div>\r\n\t\t<\/div>\r\n\t\t\t\t\t\t\t<\/div>\r\n\t\t<\/section>\r\n\t\t\t\t<section class=\"elementor-section elementor-top-section elementor-element elementor-element-ad54445 elementor-section-content-middle elementor-section-boxed elementor-section-height-default elementor-section-height-default\" data-id=\"ad54445\" data-element_type=\"section\">\r\n\t\t\t\t\t\t<div class=\"elementor-container elementor-column-gap-default\">\r\n\t\t\t\t\t<div class=\"elementor-column elementor-col-50 elementor-top-column elementor-element elementor-element-13f4572\" data-id=\"13f4572\" data-element_type=\"column\">\r\n\t\t\t<div class=\"elementor-widget-wrap elementor-element-populated\">\r\n\t\t\t\t\t\t\t\t<div class=\"elementor-element elementor-element-c8fb2ee elementor-invisible elementor-widget elementor-widget-toggle\" data-id=\"c8fb2ee\" data-element_type=\"widget\" data-settings=\"{&quot;_animation&quot;:&quot;fadeInRight&quot;}\" data-widget_type=\"toggle.default\">\r\n\t\t\t\t<div class=\"elementor-widget-container\">\r\n\t\t\t\t\t<div class=\"elementor-toggle\" role=\"tablist\">\r\n\t\t\t\t\t\t\t<div class=\"elementor-toggle-item\">\r\n\t\t\t\t\t<div id=\"elementor-tab-title-2101\" class=\"elementor-tab-title\" data-tab=\"1\" role=\"tab\" aria-controls=\"elementor-tab-content-2101\" aria-expanded=\"false\">\r\n\t\t\t\t\t\t\t\t\t\t\t\t<span class=\"elementor-toggle-icon elementor-toggle-icon-left\" aria-hidden=\"true\">\r\n\t\t\t\t\t\t\t\t\t\t\t\t\t\t\t<span class=\"elementor-toggle-icon-closed\"><i class=\"fas fa-caret-right\"><\/i><\/span>\r\n\t\t\t\t\t\t\t\t<span class=\"elementor-toggle-icon-opened\"><i class=\"elementor-toggle-icon-opened fas fa-caret-up\"><\/i><\/span>\r\n\t\t\t\t\t\t\t\t\t\t\t\t\t<\/span>\r\n\t\t\t\t\t\t\t\t\t\t\t\t<a href=\"\" class=\"elementor-toggle-title\">\u00bfQu\u00e9 son las cookies?<\/a>\r\n\t\t\t\t\t<\/div>\r\n\t\t\t\t\t<div id=\"elementor-tab-content-2101\" class=\"elementor-tab-content elementor-clearfix\" data-tab=\"1\" role=\"tabpanel\" aria-labelledby=\"elementor-tab-title-2101\"><p>Las cookies son peque\u00f1os ficheros que se instalan en el equipo del usuario cuando \u00e9ste accede a un sitio web. Las cookies permiten, entre otras cosas, almacenar y recuperar informaci\u00f3n sobre los h\u00e1bitos de navegaci\u00f3n de un usuario o de su equipo y, dependiendo de la informaci\u00f3n que contengan y de la forma en que utilice su equipo, dependiendo del tipo de cookie y de la informaci\u00f3n que recaben, pueden utilizarse para reconocer al usuario.<\/p><\/div>\r\n\t\t\t\t<\/div>\r\n\t\t\t\t\t\t\t<div class=\"elementor-toggle-item\">\r\n\t\t\t\t\t<div id=\"elementor-tab-title-2102\" class=\"elementor-tab-title\" data-tab=\"2\" role=\"tab\" aria-controls=\"elementor-tab-content-2102\" aria-expanded=\"false\">\r\n\t\t\t\t\t\t\t\t\t\t\t\t<span class=\"elementor-toggle-icon elementor-toggle-icon-left\" aria-hidden=\"true\">\r\n\t\t\t\t\t\t\t\t\t\t\t\t\t\t\t<span class=\"elementor-toggle-icon-closed\"><i class=\"fas fa-caret-right\"><\/i><\/span>\r\n\t\t\t\t\t\t\t\t<span class=\"elementor-toggle-icon-opened\"><i class=\"elementor-toggle-icon-opened fas fa-caret-up\"><\/i><\/span>\r\n\t\t\t\t\t\t\t\t\t\t\t\t\t<\/span>\r\n\t\t\t\t\t\t\t\t\t\t\t\t<a href=\"\" class=\"elementor-toggle-title\">Tipos de cookies<\/a>\r\n\t\t\t\t\t<\/div>\r\n\t\t\t\t\t<div id=\"elementor-tab-content-2102\" class=\"elementor-tab-content elementor-clearfix\" data-tab=\"2\" role=\"tabpanel\" aria-labelledby=\"elementor-tab-title-2102\"><ul><li>a) Seg\u00fan la entidad que gestiones las cookies:<ul><li>Cookies propias: son aqu\u00e9llas que se env\u00edan al dispositivo o terminal del usuario desde nuestro equipo o dominio, adem\u00e1s son gestionadas por nosotros mismos, como titulares y editores de la presente p\u00e1gina web.\u00a0<\/li><li>Cookies de terceros: son aqu\u00e9llas que son enviadas al dispositivo o terminal del usuario desde un equipo o dominio que no es gestionado por nosotros mismos, sino por un tercero que tratar\u00e1 la informaci\u00f3n obtenida a trav\u00e9s de las cookies.<\/li><\/ul><\/li><li>b) Seg\u00fan el tiempo de conservaci\u00f3n:<ul><li>Cookies de sesi\u00f3n: son aqu\u00e9llas que recaban y almacenan los datos cuando el usuario accede a la p\u00e1gina web y cesan una vez que el usuario sale de \u00e9sta.<\/li><li>Cookies persistentes: son aqu\u00e9llas que tienen una duraci\u00f3n determinada en el tiempo por el responsable del tratamiento. El tiempo de conservaci\u00f3n puede variar entre unos minutos a varios a\u00f1os. Se utilizan para guardar y recuperar ciertos par\u00e1metros cada vez que el usuario visite la p\u00e1gina web.<\/li><\/ul><\/li><li>c) Seg\u00fan su finalidad:<ul><li>Cookies t\u00e9cnicas: son aqu\u00e9llas imprescindibles y estrictamente necesarias para el correcto funcionamiento de la p\u00e1gina web y utilizar las diferentes opciones o servicios que ofrecemos. Por ejemplo, las que sirven para el mantenimiento de la sesi\u00f3n, la gesti\u00f3n del tiempo de respuesta, rendimiento o validaci\u00f3n de opciones, utilizar elementos de seguridad, compartir contenido con redes sociales, etc.\u00a0<\/li><li>Cookies de personalizaci\u00f3n: son aqu\u00e9llas que permiten que el usuario pueda especificar o personalizar algunas caracter\u00edsticas de la p\u00e1gina web. Por ejemplo, definir el idioma, configuraci\u00f3n regional o tipo de navegador.\u00a0<\/li><li>Cookies de an\u00e1lisis: son aqu\u00e9llas que nos permiten realizar un seguimiento y an\u00e1lisis del comportamiento del usuario en nuestra p\u00e1gina web para elaborar perfiles de navegaci\u00f3n y poder conocer las preferencias de los usuarios del mismo. Se suelen utilizar para medir la actividad del usuario con el objetivo de mejorar el servicio que le ofrecemos en funci\u00f3n de los resultados que obtenemos. Por ejemplo, mediante una cookie anal\u00edtica se controlar\u00edan las \u00e1reas geogr\u00e1ficas de mayor inter\u00e9s de un usuario, cu\u00e1l es el producto o servicio de m\u00e1s aceptaci\u00f3n, etc.<\/li><li>Cookies publicitarias: son aqu\u00e9llas que nos permiten la gesti\u00f3n de los espacios publicitarios en los sitios web.<\/li><li>Cookies de publicidad comportamental: son aqu\u00e9llas que permiten la gesti\u00f3n de los espacios publicitarios de nuestra p\u00e1gina web. La funci\u00f3n de estas cookies es almacenar informaci\u00f3n del comportamiento de los usuarios en nuestra p\u00e1gina web, para posteriormente mostrar publicidad personalizada.<\/li><\/ul><\/li><\/ul><\/div>\r\n\t\t\t\t<\/div>\r\n\t\t\t\t\t\t\t<div class=\"elementor-toggle-item\">\r\n\t\t\t\t\t<div id=\"elementor-tab-title-2103\" class=\"elementor-tab-title\" data-tab=\"3\" role=\"tab\" aria-controls=\"elementor-tab-content-2103\" aria-expanded=\"false\">\r\n\t\t\t\t\t\t\t\t\t\t\t\t<span class=\"elementor-toggle-icon elementor-toggle-icon-left\" aria-hidden=\"true\">\r\n\t\t\t\t\t\t\t\t\t\t\t\t\t\t\t<span class=\"elementor-toggle-icon-closed\"><i class=\"fas fa-caret-right\"><\/i><\/span>\r\n\t\t\t\t\t\t\t\t<span class=\"elementor-toggle-icon-opened\"><i class=\"elementor-toggle-icon-opened fas fa-caret-up\"><\/i><\/span>\r\n\t\t\t\t\t\t\t\t\t\t\t\t\t<\/span>\r\n\t\t\t\t\t\t\t\t\t\t\t\t<a href=\"\" class=\"elementor-toggle-title\">\u00bfQu\u00e9 cookies utilizamos?<\/a>\r\n\t\t\t\t\t<\/div>\r\n\t\t\t\t\t<div id=\"elementor-tab-content-2103\" class=\"elementor-tab-content elementor-clearfix\" data-tab=\"3\" role=\"tabpanel\" aria-labelledby=\"elementor-tab-title-2103\"><p>En concreto, utilizamos cookies de los siguientes terceros con las finalidades especificadas. La relaci\u00f3n de cookies utilizadas en este Sitio Web son las indicadas en las siguientes tablas:<\/p><h4>Cookies del sitio web<\/h4><table><tbody><tr><th>Nombre<\/th><th>Duraci\u00f3n<\/th><th>Descripci\u00f3n<\/th><\/tr><tr><td>COOKIE_SUPPORT<\/td><td>1 a\u00f1o<\/td><td>Comprueba si las cookies est\u00e1n habilitadas en el navegador del usuario<\/td><\/tr><tr><td>GUEST_LANGUAGE_ID<\/td><td>1 a\u00f1o<\/td><td>Recuerda las preferencias de idioma del usuario<\/td><\/tr><tr><td>JSESSIONID<\/td><td>de sesi\u00f3n<\/td><td>Permiten identificar al usuario durante la sesi\u00f3n, recordando sus preferencias de navegaci\u00f3n.<\/td><\/tr><tr><td>NSC_xxx.vojpwj.ft_TTM_443<\/td><td>de sesi\u00f3n<\/td><td>Optimizaci\u00f3n de tiempos de respuesta<\/td><\/tr><tr><td>cookieconsent_status<\/td><td>1 a\u00f1o<\/td><td>Preferencias para cookies del usuario<\/td><\/tr><\/tbody><\/table><h4>Cookies de Google Analytics<\/h4><table><tbody><tr><th>Nombre<\/th><th>Duraci\u00f3n<\/th><th>Descripci\u00f3n<\/th><\/tr><tr><td>_ga<\/td><td>2 a\u00f1os<\/td><td>Distinci\u00f3n de usuarios<\/td><\/tr><tr><td>_gid<\/td><td>24 horas<\/td><td>Distinci\u00f3n de usuarios<\/td><\/tr><tr><td>_gat<\/td><td>1 minuto<\/td><td>Limitar el porcentaje de solicitudes<\/td><\/tr><\/tbody><\/table><\/div>\r\n\t\t\t\t<\/div>\r\n\t\t\t\t\t\t\t\t<\/div>\r\n\t\t\t\t<\/div>\r\n\t\t\t\t<\/div>\r\n\t\t\t\t\t<\/div>\r\n\t\t<\/div>\r\n\t\t\t\t<div class=\"elementor-column elementor-col-50 elementor-top-column elementor-element elementor-element-e99bdc6\" data-id=\"e99bdc6\" data-element_type=\"column\">\r\n\t\t\t<div class=\"elementor-widget-wrap elementor-element-populated\">\r\n\t\t\t\t\t\t\t\t<div class=\"elementor-element elementor-element-fe02f3b elementor-invisible elementor-widget elementor-widget-toggle\" data-id=\"fe02f3b\" data-element_type=\"widget\" data-settings=\"{&quot;_animation&quot;:&quot;fadeInRight&quot;}\" data-widget_type=\"toggle.default\">\r\n\t\t\t\t<div class=\"elementor-widget-container\">\r\n\t\t\t\t\t<div class=\"elementor-toggle\" role=\"tablist\">\r\n\t\t\t\t\t\t\t<div class=\"elementor-toggle-item\">\r\n\t\t\t\t\t<div id=\"elementor-tab-title-2661\" class=\"elementor-tab-title\" data-tab=\"1\" role=\"tab\" aria-controls=\"elementor-tab-content-2661\" aria-expanded=\"false\">\r\n\t\t\t\t\t\t\t\t\t\t\t\t<span class=\"elementor-toggle-icon elementor-toggle-icon-left\" aria-hidden=\"true\">\r\n\t\t\t\t\t\t\t\t\t\t\t\t\t\t\t<span class=\"elementor-toggle-icon-closed\"><i class=\"fas fa-caret-right\"><\/i><\/span>\r\n\t\t\t\t\t\t\t\t<span class=\"elementor-toggle-icon-opened\"><i class=\"elementor-toggle-icon-opened fas fa-caret-up\"><\/i><\/span>\r\n\t\t\t\t\t\t\t\t\t\t\t\t\t<\/span>\r\n\t\t\t\t\t\t\t\t\t\t\t\t<a href=\"\" class=\"elementor-toggle-title\">\u00bfC\u00f3mo deshabilitar o eliminar las cookies?<\/a>\r\n\t\t\t\t\t<\/div>\r\n\t\t\t\t\t<div id=\"elementor-tab-content-2661\" class=\"elementor-tab-content elementor-clearfix\" data-tab=\"1\" role=\"tabpanel\" aria-labelledby=\"elementor-tab-title-2661\"><p>Los usuarios pueden, en cualquier momento, deshabilitar o eliminar las cookies enunciadas a trav\u00e9s de la configuraci\u00f3n de las opciones del navegador utilizado en su dispositivo o terminal. Los usuarios deben tener en cuenta que, si rechaza o borra las cookies de navegaci\u00f3n para la p\u00e1gina web, no podremos mantener sus preferencias y algunas caracter\u00edsticas del mismo no estar\u00e1n operativas, por lo que no podremos ofrecerle servicios personalizados y cada vez que vayan a navegar por nuestra p\u00e1gina web tendremos que solicitarle de nuevo su autorizaci\u00f3n para el uso de cookies.<\/p><p>A continuaci\u00f3n, ofrecemos enlaces en los que el usuario encontrar\u00e1 informaci\u00f3n sobre c\u00f3mo activar tus preferencias en los principales navegadores:<\/p><ul><li><a href=\"https:\/\/support.google.com\/chrome\/bin\/answer.py?hl=es&amp;answer=95647\" target=\"_blank\" rel=\"noopener\">Configuraci\u00f3n de cookies para Google Chrome<\/a><\/li><li><a href=\"https:\/\/support.mozilla.org\/es\/kb\/cookies-informacion-que-los-sitios-web-guardan-en-?redirectlocale=en-US&amp;redirectslug=Cookies\" target=\"_blank\" rel=\"noopener\">Configuraci\u00f3n de cookies para Mozilla Firefox<\/a><\/li><li><a href=\"https:\/\/support.microsoft.com\/kb\/196955\/es\" target=\"_blank\" rel=\"noopener\">Configuraci\u00f3n de cookies para Internet Explorer<\/a><\/li><li><a href=\"https:\/\/support.apple.com\/kb\/HT1677?viewlocale=es_ES\" target=\"_blank\" rel=\"noopener\">Configuraci\u00f3n de cookies para Safari<\/a><\/li><\/ul><\/div>\r\n\t\t\t\t<\/div>\r\n\t\t\t\t\t\t\t<div class=\"elementor-toggle-item\">\r\n\t\t\t\t\t<div id=\"elementor-tab-title-2662\" class=\"elementor-tab-title\" data-tab=\"2\" role=\"tab\" aria-controls=\"elementor-tab-content-2662\" aria-expanded=\"false\">\r\n\t\t\t\t\t\t\t\t\t\t\t\t<span class=\"elementor-toggle-icon elementor-toggle-icon-left\" aria-hidden=\"true\">\r\n\t\t\t\t\t\t\t\t\t\t\t\t\t\t\t<span class=\"elementor-toggle-icon-closed\"><i class=\"fas fa-caret-right\"><\/i><\/span>\r\n\t\t\t\t\t\t\t\t<span class=\"elementor-toggle-icon-opened\"><i class=\"elementor-toggle-icon-opened fas fa-caret-up\"><\/i><\/span>\r\n\t\t\t\t\t\t\t\t\t\t\t\t\t<\/span>\r\n\t\t\t\t\t\t\t\t\t\t\t\t<a href=\"\" class=\"elementor-toggle-title\">M\u00e1s informaci\u00f3n<\/a>\r\n\t\t\t\t\t<\/div>\r\n\t\t\t\t\t<div id=\"elementor-tab-content-2662\" class=\"elementor-tab-content elementor-clearfix\" data-tab=\"2\" role=\"tabpanel\" aria-labelledby=\"elementor-tab-title-2662\"><ul><li><p>Si tienes cualquier pregunta sobre c\u00f3mo usamos las cookies, y no est\u00e1 contestada en esta Pol\u00edtica de Cookies, por favor, m\u00e1ndenos tus comentarios a trav\u00e9s del correo electr\u00f3nico\u00a0<a title=\"Enviar correo electr\u00f3nico\" href=\"mailto:secretariageneral@uniovi.es\">secretariageneral@uniovi.es<\/a>.<\/p><p>Si necesitas obtener m\u00e1s informaci\u00f3n sobre el uso de cookies por parte de sitios web, puedes consultar la<a title=\"Ley 34\/2002\" href=\"https:\/\/www.boe.es\/buscar\/act.php?id=BOE-A-2002-13758\">\u00a0Ley 34\/2002, de 11 de julio, de servicios de la sociedad de la informaci\u00f3n y de comercio electr\u00f3nico<\/a>\u00a0y la\u00a0<a title=\"la Gu\u00eda sobre el Uso de Cookies publicada por la Agencia de Protecci\u00f3n de Datos\" href=\"https:\/\/www.aepd.es\/sites\/default\/files\/2020-07\/guia-cookies.pdf\">Gu\u00eda sobre el Uso de Cookies publicada por la Agencia de Protecci\u00f3n de Datos<\/a>.<\/p><\/li><\/ul><\/div>\r\n\t\t\t\t<\/div>\r\n\t\t\t\t\t\t\t\t<\/div>\r\n\t\t\t\t<\/div>\r\n\t\t\t\t<\/div>\r\n\t\t\t\t\t<\/div>\r\n\t\t<\/div>\r\n\t\t\t\t\t\t\t<\/div>\r\n\t\t<\/section>\r\n\t\t\t\t\t\t<\/div>\r\n\t\t\t\t\t<\/div>\r\n\t\t","protected":false},"excerpt":{"rendered":"<p>Pol\u00edtica de cookies \u00bfQu\u00e9 son las cookies? Las cookies son peque\u00f1os ficheros que se instalan en el equipo del usuario cuando \u00e9ste accede a un sitio web. Las cookies permiten, entre otras cosas, almacenar y recuperar informaci\u00f3n sobre los h\u00e1bitos de navegaci\u00f3n de un usuario o de su equipo y, dependiendo de la informaci\u00f3n que [&hellip;]<\/p>\n","protected":false},"author":1,"featured_media":0,"parent":0,"menu_order":0,"comment_status":"closed","ping_status":"closed","template":"elementor_header_footer","meta":{"footnotes":""},"class_list":["post-595","page","type-page","status-publish","hentry"],"yoast_head":"<!-- This site is optimized with the Yoast SEO plugin v27.4 - https:\/\/yoast.com\/product\/yoast-seo-wordpress\/ -->\n<title>Estrategias y retos | Universidad de Oviedo<\/title>\n<meta name=\"robots\" content=\"index, follow, max-snippet:-1, max-image-preview:large, max-video-preview:-1\" \/>\n<link rel=\"canonical\" href=\"https:\/\/www.unioviedo.es\/estrategiasyretos\/index.php\/politica-cookies\/\" \/>\n<meta property=\"og:locale\" content=\"es_ES\" \/>\n<meta property=\"og:type\" content=\"article\" \/>\n<meta property=\"og:title\" content=\"Estrategias y retos | Universidad de Oviedo\" \/>\n<meta property=\"og:description\" content=\"Seguimiento y control de las l\u00edneas de actuaci\u00f3n de la Universidad de Oviedo\" \/>\n<meta property=\"og:url\" content=\"https:\/\/www.unioviedo.es\/estrategiasyretos\/index.php\/politica-cookies\/\" \/>\n<meta property=\"og:site_name\" content=\"Estrategias y retos | Universidad de Oviedo\" \/>\n<meta property=\"article:modified_time\" content=\"2021-06-25T08:40:14+00:00\" \/>\n<meta name=\"twitter:card\" content=\"summary_large_image\" \/>\n<meta name=\"twitter:title\" content=\"Estrategias y retos | Universidad de Oviedo\" \/>\n<meta name=\"twitter:description\" content=\"Seguimiento y control de las l\u00edneas de actuaci\u00f3n de la Universidad de Oviedo\" \/>\n<meta name=\"twitter:label1\" content=\"Tiempo de lectura\" \/>\n\t<meta name=\"twitter:data1\" content=\"4 minutos\" \/>\n<script type=\"application\/ld+json\" class=\"yoast-schema-graph\">{\"@context\":\"https:\\\/\\\/schema.org\",\"@graph\":[{\"@type\":\"WebPage\",\"@id\":\"https:\\\/\\\/www.unioviedo.es\\\/estrategiasyretos\\\/index.php\\\/politica-cookies\\\/\",\"url\":\"https:\\\/\\\/www.unioviedo.es\\\/estrategiasyretos\\\/index.php\\\/politica-cookies\\\/\",\"name\":\"Estrategias y retos | Universidad de Oviedo\",\"isPartOf\":{\"@id\":\"https:\\\/\\\/www.unioviedo.es\\\/estrategiasyretos\\\/#website\"},\"datePublished\":\"2021-06-25T08:37:05+00:00\",\"dateModified\":\"2021-06-25T08:40:14+00:00\",\"breadcrumb\":{\"@id\":\"https:\\\/\\\/www.unioviedo.es\\\/estrategiasyretos\\\/index.php\\\/politica-cookies\\\/#breadcrumb\"},\"inLanguage\":\"es\",\"potentialAction\":[{\"@type\":\"ReadAction\",\"target\":[\"https:\\\/\\\/www.unioviedo.es\\\/estrategiasyretos\\\/index.php\\\/politica-cookies\\\/\"]}]},{\"@type\":\"BreadcrumbList\",\"@id\":\"https:\\\/\\\/www.unioviedo.es\\\/estrategiasyretos\\\/index.php\\\/politica-cookies\\\/#breadcrumb\",\"itemListElement\":[{\"@type\":\"ListItem\",\"position\":1,\"name\":\"Portada\",\"item\":\"https:\\\/\\\/www.unioviedo.es\\\/estrategiasyretos\\\/\"},{\"@type\":\"ListItem\",\"position\":2,\"name\":\"Pol\u00edtica de cookies\"}]},{\"@type\":\"WebSite\",\"@id\":\"https:\\\/\\\/www.unioviedo.es\\\/estrategiasyretos\\\/#website\",\"url\":\"https:\\\/\\\/www.unioviedo.es\\\/estrategiasyretos\\\/\",\"name\":\"Estrategias y retos | Universidad de Oviedo\",\"description\":\"Seguimiento y control de las l\u00edneas de actuaci\u00f3n de la Universidad de Oviedo\",\"publisher\":{\"@id\":\"https:\\\/\\\/www.unioviedo.es\\\/estrategiasyretos\\\/#organization\"},\"potentialAction\":[{\"@type\":\"SearchAction\",\"target\":{\"@type\":\"EntryPoint\",\"urlTemplate\":\"https:\\\/\\\/www.unioviedo.es\\\/estrategiasyretos\\\/?s={search_term_string}\"},\"query-input\":{\"@type\":\"PropertyValueSpecification\",\"valueRequired\":true,\"valueName\":\"search_term_string\"}}],\"inLanguage\":\"es\"},{\"@type\":\"Organization\",\"@id\":\"https:\\\/\\\/www.unioviedo.es\\\/estrategiasyretos\\\/#organization\",\"name\":\"Universidad de Oviedo\",\"url\":\"https:\\\/\\\/www.unioviedo.es\\\/estrategiasyretos\\\/\",\"logo\":{\"@type\":\"ImageObject\",\"inLanguage\":\"es\",\"@id\":\"https:\\\/\\\/www.unioviedo.es\\\/estrategiasyretos\\\/#\\\/schema\\\/logo\\\/image\\\/\",\"url\":\"http:\\\/\\\/www.unioviedo.es\\\/estrategiasyretos\\\/wp-content\\\/uploads\\\/2021\\\/06\\\/uniovi-logo-021.svg\",\"contentUrl\":\"http:\\\/\\\/www.unioviedo.es\\\/estrategiasyretos\\\/wp-content\\\/uploads\\\/2021\\\/06\\\/uniovi-logo-021.svg\",\"width\":1,\"height\":1,\"caption\":\"Universidad de Oviedo\"},\"image\":{\"@id\":\"https:\\\/\\\/www.unioviedo.es\\\/estrategiasyretos\\\/#\\\/schema\\\/logo\\\/image\\\/\"}}]}<\/script>\n<!-- \/ Yoast SEO plugin. -->","yoast_head_json":{"title":"Estrategias y retos | Universidad de Oviedo","robots":{"index":"index","follow":"follow","max-snippet":"max-snippet:-1","max-image-preview":"max-image-preview:large","max-video-preview":"max-video-preview:-1"},"canonical":"https:\/\/www.unioviedo.es\/estrategiasyretos\/index.php\/politica-cookies\/","og_locale":"es_ES","og_type":"article","og_title":"Estrategias y retos | Universidad de Oviedo","og_description":"Seguimiento y control de las l\u00edneas de actuaci\u00f3n de la Universidad de Oviedo","og_url":"https:\/\/www.unioviedo.es\/estrategiasyretos\/index.php\/politica-cookies\/","og_site_name":"Estrategias y retos | Universidad de Oviedo","article_modified_time":"2021-06-25T08:40:14+00:00","twitter_card":"summary_large_image","twitter_title":"Estrategias y retos | Universidad de Oviedo","twitter_description":"Seguimiento y control de las l\u00edneas de actuaci\u00f3n de la Universidad de Oviedo","twitter_misc":{"Tiempo de lectura":"4 minutos"},"schema":{"@context":"https:\/\/schema.org","@graph":[{"@type":"WebPage","@id":"https:\/\/www.unioviedo.es\/estrategiasyretos\/index.php\/politica-cookies\/","url":"https:\/\/www.unioviedo.es\/estrategiasyretos\/index.php\/politica-cookies\/","name":"Estrategias y retos | Universidad de Oviedo","isPartOf":{"@id":"https:\/\/www.unioviedo.es\/estrategiasyretos\/#website"},"datePublished":"2021-06-25T08:37:05+00:00","dateModified":"2021-06-25T08:40:14+00:00","breadcrumb":{"@id":"https:\/\/www.unioviedo.es\/estrategiasyretos\/index.php\/politica-cookies\/#breadcrumb"},"inLanguage":"es","potentialAction":[{"@type":"ReadAction","target":["https:\/\/www.unioviedo.es\/estrategiasyretos\/index.php\/politica-cookies\/"]}]},{"@type":"BreadcrumbList","@id":"https:\/\/www.unioviedo.es\/estrategiasyretos\/index.php\/politica-cookies\/#breadcrumb","itemListElement":[{"@type":"ListItem","position":1,"name":"Portada","item":"https:\/\/www.unioviedo.es\/estrategiasyretos\/"},{"@type":"ListItem","position":2,"name":"Pol\u00edtica de cookies"}]},{"@type":"WebSite","@id":"https:\/\/www.unioviedo.es\/estrategiasyretos\/#website","url":"https:\/\/www.unioviedo.es\/estrategiasyretos\/","name":"Estrategias y retos | Universidad de Oviedo","description":"Seguimiento y control de las l\u00edneas de actuaci\u00f3n de la Universidad de Oviedo","publisher":{"@id":"https:\/\/www.unioviedo.es\/estrategiasyretos\/#organization"},"potentialAction":[{"@type":"SearchAction","target":{"@type":"EntryPoint","urlTemplate":"https:\/\/www.unioviedo.es\/estrategiasyretos\/?s={search_term_string}"},"query-input":{"@type":"PropertyValueSpecification","valueRequired":true,"valueName":"search_term_string"}}],"inLanguage":"es"},{"@type":"Organization","@id":"https:\/\/www.unioviedo.es\/estrategiasyretos\/#organization","name":"Universidad de Oviedo","url":"https:\/\/www.unioviedo.es\/estrategiasyretos\/","logo":{"@type":"ImageObject","inLanguage":"es","@id":"https:\/\/www.unioviedo.es\/estrategiasyretos\/#\/schema\/logo\/image\/","url":"http:\/\/www.unioviedo.es\/estrategiasyretos\/wp-content\/uploads\/2021\/06\/uniovi-logo-021.svg","contentUrl":"http:\/\/www.unioviedo.es\/estrategiasyretos\/wp-content\/uploads\/2021\/06\/uniovi-logo-021.svg","width":1,"height":1,"caption":"Universidad de Oviedo"},"image":{"@id":"https:\/\/www.unioviedo.es\/estrategiasyretos\/#\/schema\/logo\/image\/"}}]}},"_links":{"self":[{"href":"https:\/\/www.unioviedo.es\/estrategiasyretos\/index.php\/wp-json\/wp\/v2\/pages\/595","targetHints":{"allow":["GET"]}}],"collection":[{"href":"https:\/\/www.unioviedo.es\/estrategiasyretos\/index.php\/wp-json\/wp\/v2\/pages"}],"about":[{"href":"https:\/\/www.unioviedo.es\/estrategiasyretos\/index.php\/wp-json\/wp\/v2\/types\/page"}],"author":[{"embeddable":true,"href":"https:\/\/www.unioviedo.es\/estrategiasyretos\/index.php\/wp-json\/wp\/v2\/users\/1"}],"replies":[{"embeddable":true,"href":"https:\/\/www.unioviedo.es\/estrategiasyretos\/index.php\/wp-json\/wp\/v2\/comments?post=595"}],"version-history":[{"count":6,"href":"https:\/\/www.unioviedo.es\/estrategiasyretos\/index.php\/wp-json\/wp\/v2\/pages\/595\/revisions"}],"predecessor-version":[{"id":601,"href":"https:\/\/www.unioviedo.es\/estrategiasyretos\/index.php\/wp-json\/wp\/v2\/pages\/595\/revisions\/601"}],"wp:attachment":[{"href":"https:\/\/www.unioviedo.es\/estrategiasyretos\/index.php\/wp-json\/wp\/v2\/media?parent=595"}],"curies":[{"name":"wp","href":"https:\/\/api.w.org\/{rel}","templated":true}]}}