{"id":227,"date":"2022-03-07T12:39:38","date_gmt":"2022-03-07T11:39:38","guid":{"rendered":"https:\/\/www.unioviedo.es\/feijoopro\/?page_id=227"},"modified":"2022-03-07T12:39:38","modified_gmt":"2022-03-07T11:39:38","slug":"contribuciones-cfp","status":"publish","type":"page","link":"https:\/\/www.unioviedo.es\/feijoopro\/contribuciones-cfp\/","title":{"rendered":"Contribuciones \/ CFP"},"content":{"rendered":"\n<p><strong>Env\u00edos \/ Submissions<\/strong><\/p>\n\n\n\n<p>Las propuestas han de ser enviadas antes del&nbsp;<strong>1 de marzo de 2021<\/strong>&nbsp;a&nbsp;<a href=\"mailto:feijoopro2021@gmail.com\">feijoopro2021@gmail.com<\/a>. Se remitir\u00e1 \u00fanicamente un resumen de hasta 500 palabras preparado para su evaluaci\u00f3n an\u00f3nima.&nbsp;La decisi\u00f3n sobre&nbsp;la aceptaci\u00f3n se comunicar\u00e1 antes del&nbsp;<strong>1 de abril de 2021<\/strong>.<\/p>\n\n\n\n<p><em>If you are interested in presenting a paper, please send an abstract of up to 500 words suitably prepared for blind reviewing&nbsp;to &nbsp;<\/em><em><a href=\"mailto:feijoopro2021@gmail.com\">feijoopro2021@gmail.com<\/a><\/em><em>&nbsp;<\/em><em>before<\/em><em>&nbsp;<\/em><strong><em>1 March 2021.<\/em><\/strong><em>&nbsp;<\/em><em>Acceptance will be notified by<\/em><em>&nbsp;<\/em><strong><em>1 April 2021<\/em><\/strong><em>.<\/em><\/p>\n\n\n\n<p><strong>Ponencias \/ Presentations<\/strong><\/p>\n\n\n\n<p>Las ponencias seleccionadas se presentar\u00e1n en directo por v\u00eda&nbsp;telem\u00e1tica: se contar\u00e1 con 15 minutos para su exposici\u00f3n y otros 15 se destinar\u00e1n a&nbsp;coloquio. En la medida de lo posible, se tendr\u00e1 en consideraci\u00f3n la probable diferencia horaria. Los&nbsp;trabajos pueden ser presentados en espa\u00f1ol, ingl\u00e9s o franc\u00e9s, aunque no se dispondr\u00e1 de servicio de traducci\u00f3n.<\/p>\n\n\n\n<p><em>Those accepted are expected to give a live online presentation of 15 minutes followed by 15 minutes Q&amp;A.&nbsp;The final programme will try to take into account the eventual time difference.&nbsp;Papers can be presented in English, Spanish or French, but please note that no translation service will be provided.<\/em><\/p>\n\n\n\n<p><strong>Publicaci\u00f3n \/ Publication<\/strong><\/p>\n\n\n\n<p>Previa evaluaci\u00f3n por pares, los trabajos ser\u00e1n publicados en 2022.<\/p>\n\n\n\n<p><em>Selected papers will be published in 2022.<\/em><\/p>\n","protected":false},"excerpt":{"rendered":"<p>Env\u00edos \/ Submissions Las propuestas han de ser enviadas antes del&nbsp;1 de marzo de 2021&nbsp;a&nbsp;feijoopro2021@gmail.com. Se remitir\u00e1 \u00fanicamente un resumen de hasta 500 palabras preparado para su evaluaci\u00f3n an\u00f3nima.&nbsp;La decisi\u00f3n sobre&nbsp;la aceptaci\u00f3n se comunicar\u00e1 antes del&nbsp;1 de abril de 2021. If you are interested in presenting a paper, please send an abstract of up to &hellip; <\/p>\n<p class=\"link-more\"><a href=\"https:\/\/www.unioviedo.es\/feijoopro\/contribuciones-cfp\/\" class=\"more-link\">Continuar leyendo<span class=\"screen-reader-text\"> \u00abContribuciones \/ CFP\u00bb<\/span><\/a><\/p>\n","protected":false},"author":1,"featured_media":0,"parent":0,"menu_order":0,"comment_status":"closed","ping_status":"closed","template":"","meta":{"footnotes":""},"class_list":["post-227","page","type-page","status-publish","hentry"],"_links":{"self":[{"href":"https:\/\/www.unioviedo.es\/feijoopro\/wp-json\/wp\/v2\/pages\/227","targetHints":{"allow":["GET"]}}],"collection":[{"href":"https:\/\/www.unioviedo.es\/feijoopro\/wp-json\/wp\/v2\/pages"}],"about":[{"href":"https:\/\/www.unioviedo.es\/feijoopro\/wp-json\/wp\/v2\/types\/page"}],"author":[{"embeddable":true,"href":"https:\/\/www.unioviedo.es\/feijoopro\/wp-json\/wp\/v2\/users\/1"}],"replies":[{"embeddable":true,"href":"https:\/\/www.unioviedo.es\/feijoopro\/wp-json\/wp\/v2\/comments?post=227"}],"version-history":[{"count":1,"href":"https:\/\/www.unioviedo.es\/feijoopro\/wp-json\/wp\/v2\/pages\/227\/revisions"}],"predecessor-version":[{"id":228,"href":"https:\/\/www.unioviedo.es\/feijoopro\/wp-json\/wp\/v2\/pages\/227\/revisions\/228"}],"wp:attachment":[{"href":"https:\/\/www.unioviedo.es\/feijoopro\/wp-json\/wp\/v2\/media?parent=227"}],"curies":[{"name":"wp","href":"https:\/\/api.w.org\/{rel}","templated":true}]}}