{"id":272,"date":"2022-04-20T15:50:39","date_gmt":"2022-04-20T13:50:39","guid":{"rendered":"https:\/\/www.unioviedo.es\/feijoopro\/?page_id=272"},"modified":"2022-05-05T18:40:49","modified_gmt":"2022-05-05T16:40:49","slug":"programa-programme","status":"publish","type":"page","link":"https:\/\/www.unioviedo.es\/feijoopro\/programa-programme\/","title":{"rendered":"Programa \/ Programme"},"content":{"rendered":"\n<p><\/p>\n\n\n\n<p><\/p>\n\n\n\n<p><strong>CIENCIA E ILUSTRACI\u00d3N EN LA ESPA\u00d1A DE FEIJOO<\/strong> SCIENCE AND ENLIGHTENMENT IN FEIJOO&#8217;S SPAIN<\/p>\n\n\n\n<p><\/p>\n\n\n\n<p><strong>Mi\u00e9rcoles <\/strong>Wednesday<strong> 4 de mayo<\/strong> May <strong>de 2022<\/strong>       15,30-19,15 CET<\/p>\n\n\n\n<p>15,30<strong>&nbsp;Presentaci\u00f3n<\/strong> Introduction<\/p>\n\n\n\n<p>15,45<strong>&nbsp;Manuel Sell\u00e9s<\/strong>, UNED:&nbsp;<em>Ciencia y pol\u00edtica en la Espa\u00f1a de Feijoo<\/em><\/p>\n\n\n\n<p>16,45&nbsp;<strong>Pausa<\/strong> Break<\/p>\n\n\n\n<p>17,30&nbsp;<strong>Claudia Lora<\/strong>, Universidad de C\u00e1diz:&nbsp;<em>Del \u201cmundo cerrado\u201d, \u00bfal \u201cuniverso infinito\u201d? Im\u00e1genes de la ciencia en los almanaques dieciochistas del sur de Europa&nbsp;<\/em><\/p>\n\n\n\n<p>18,00&nbsp;<strong>Pausa&nbsp;<\/strong>Break<\/p>\n\n\n\n<p>18,15<strong>&nbsp;Ariel Gim\u00e9nez<\/strong>, Ludwig Maximilian Universit\u00e4t M\u00fcnchen:&nbsp;<em>F\u00edsica y metaf\u00edsica del vac\u00edo en la obra de Feijoo<\/em><\/p>\n\n\n\n<p>18,45&nbsp;<strong><strong>Daniel Crespo<\/strong>, <\/strong>Universidad Complutense de Madrid \/ Fundaci\u00f3n Juanelo Turriano <strong>y&nbsp;<strong>Mar\u00eda Jes\u00fas Rosado<\/strong> <\/strong>Universidad Polit\u00e9cnica de Madrid:<strong>&nbsp;<\/strong><em>La hidr\u00e1ulica en la Espa\u00f1a de Feijoo<\/em><\/p>\n\n\n\n<p>19,15&nbsp;<strong>Fin de la sesi\u00f3n<\/strong> End of session<\/p>\n\n\n\n<p><strong>Jueves <\/strong>Thursday<strong> 5 de mayo<\/strong> May <strong>de 2022<\/strong>    15,30-18,45 CET<\/p>\n\n\n\n<p>15,30&nbsp;<strong>Presentaci\u00f3n<\/strong> Introduction<\/p>\n\n\n\n<p>15,45<strong>&nbsp;Elena Serrano<\/strong>, Universitat de Val\u00e8ncia:&nbsp;<em>G\u00e9nero y circulaci\u00f3n de conocimiento:<\/em> <em>escribiendo con sedas de colores en los cuadernos de las Sociedades Patri\u00f3ticas<\/em><\/p>\n\n\n\n<p>16,45&nbsp;<strong>Pausa<\/strong> Break<\/p>\n\n\n\n<p>17,00&nbsp;<strong><strong>Jes\u00fas Jimeno-Borrero<\/strong>, <\/strong>Universidad Rey Juan Carlos \/ Universidad de Huelva:&nbsp;<em>El largo siglo XVIII en Espa\u00f1a:&nbsp;una relectura antiliberal de la libertad de imprenta gaditana<\/em><\/p>\n\n\n\n<p><\/p>\n\n\n\n<p>17,30&nbsp;<strong>Pausa<\/strong> Break<\/p>\n\n\n\n<p>17,45<strong>&nbsp;<strong>Jorge Prada<\/strong>, <\/strong>Universidad Complutense de Madrid:&nbsp;<em>La ciencia n\u00e1utica en el primer reinado de Felipe V (1700-1724): tradici\u00f3n, regeneraci\u00f3n e innovaci\u00f3n<\/em><\/p>\n\n\n\n<p><\/p>\n\n\n\n<p>18,45&nbsp;<strong>Fin de la sesi\u00f3n<\/strong> End of session<\/p>\n","protected":false},"excerpt":{"rendered":"<p>CIENCIA E ILUSTRACI\u00d3N EN LA ESPA\u00d1A DE FEIJOO SCIENCE AND ENLIGHTENMENT IN FEIJOO&#8217;S SPAIN Mi\u00e9rcoles Wednesday 4 de mayo May de 2022 15,30-19,15 CET 15,30&nbsp;Presentaci\u00f3n Introduction 15,45&nbsp;Manuel Sell\u00e9s, UNED:&nbsp;Ciencia y pol\u00edtica en la Espa\u00f1a de Feijoo 16,45&nbsp;Pausa Break 17,30&nbsp;Claudia Lora, Universidad de C\u00e1diz:&nbsp;Del \u201cmundo cerrado\u201d, \u00bfal \u201cuniverso infinito\u201d? Im\u00e1genes de la ciencia en los almanaques &hellip; <\/p>\n<p class=\"link-more\"><a href=\"https:\/\/www.unioviedo.es\/feijoopro\/programa-programme\/\" class=\"more-link\">Continuar leyendo<span class=\"screen-reader-text\"> \u00abPrograma \/ Programme\u00bb<\/span><\/a><\/p>\n","protected":false},"author":1,"featured_media":0,"parent":0,"menu_order":0,"comment_status":"closed","ping_status":"closed","template":"","meta":{"footnotes":""},"class_list":["post-272","page","type-page","status-publish","hentry"],"_links":{"self":[{"href":"https:\/\/www.unioviedo.es\/feijoopro\/wp-json\/wp\/v2\/pages\/272","targetHints":{"allow":["GET"]}}],"collection":[{"href":"https:\/\/www.unioviedo.es\/feijoopro\/wp-json\/wp\/v2\/pages"}],"about":[{"href":"https:\/\/www.unioviedo.es\/feijoopro\/wp-json\/wp\/v2\/types\/page"}],"author":[{"embeddable":true,"href":"https:\/\/www.unioviedo.es\/feijoopro\/wp-json\/wp\/v2\/users\/1"}],"replies":[{"embeddable":true,"href":"https:\/\/www.unioviedo.es\/feijoopro\/wp-json\/wp\/v2\/comments?post=272"}],"version-history":[{"count":16,"href":"https:\/\/www.unioviedo.es\/feijoopro\/wp-json\/wp\/v2\/pages\/272\/revisions"}],"predecessor-version":[{"id":303,"href":"https:\/\/www.unioviedo.es\/feijoopro\/wp-json\/wp\/v2\/pages\/272\/revisions\/303"}],"wp:attachment":[{"href":"https:\/\/www.unioviedo.es\/feijoopro\/wp-json\/wp\/v2\/media?parent=272"}],"curies":[{"name":"wp","href":"https:\/\/api.w.org\/{rel}","templated":true}]}}