{"id":354,"date":"2024-01-10T11:22:36","date_gmt":"2024-01-10T10:22:36","guid":{"rendered":"https:\/\/www.unioviedo.es\/feijoopro\/?page_id=354"},"modified":"2024-04-29T09:30:27","modified_gmt":"2024-04-29T07:30:27","slug":"comite-cientifico","status":"publish","type":"page","link":"https:\/\/www.unioviedo.es\/feijoopro\/comite-cientifico\/","title":{"rendered":"Organizaci\u00f3n"},"content":{"rendered":"\n<p><strong>Congreso \u00abLa libertad de filosofar en la obra y el contexto de Benito Jer\u00f3nimo Feijoo\u00bb<\/strong><\/p>\n\n\n\n<figure class=\"wp-block-image size-large\"><img loading=\"lazy\" decoding=\"async\" width=\"1024\" height=\"234\" src=\"https:\/\/www.unioviedo.es\/feijoopro\/wp-content\/uploads\/2024\/02\/\u200eLogos-Feijoo-2024.\u200e001-e1706803802710-1024x234.png\" alt=\"\" class=\"wp-image-427\" srcset=\"https:\/\/www.unioviedo.es\/feijoopro\/wp-content\/uploads\/2024\/02\/\u200eLogos-Feijoo-2024.\u200e001-e1706803802710-1024x234.png 1024w, https:\/\/www.unioviedo.es\/feijoopro\/wp-content\/uploads\/2024\/02\/\u200eLogos-Feijoo-2024.\u200e001-e1706803802710-300x69.png 300w, https:\/\/www.unioviedo.es\/feijoopro\/wp-content\/uploads\/2024\/02\/\u200eLogos-Feijoo-2024.\u200e001-e1706803802710-768x175.png 768w, https:\/\/www.unioviedo.es\/feijoopro\/wp-content\/uploads\/2024\/02\/\u200eLogos-Feijoo-2024.\u200e001-e1706803802710-1536x351.png 1536w, https:\/\/www.unioviedo.es\/feijoopro\/wp-content\/uploads\/2024\/02\/\u200eLogos-Feijoo-2024.\u200e001-e1706803802710.png 1734w\" sizes=\"auto, (max-width: 706px) 89vw, (max-width: 767px) 82vw, 740px\" \/><\/figure>\n\n\n\n<p>Colabora: <\/p>\n\n\n\n<figure class=\"wp-block-image size-full\"><img loading=\"lazy\" decoding=\"async\" width=\"268\" height=\"56\" src=\"https:\/\/www.unioviedo.es\/feijoopro\/wp-content\/uploads\/2024\/04\/layout_set_logo.png\" alt=\"\" class=\"wp-image-486\"\/><\/figure>\n\n\n\n<p><\/p>\n\n\n\n<p>ORGANIZADORES:<\/p>\n\n\n\n<p><strong>Marta Garc\u00eda-Alonso<\/strong>, UNED<\/p>\n\n\n\n<p><strong>Armando Men\u00e9ndez Viso<\/strong>, Universidad de Oviedo<\/p>\n\n\n\n<p>COMIT\u00c9 CIENT\u00cdFICO:<\/p>\n\n\n\n<p><strong>Elena de Lorenzo \u00c1lvarez<\/strong>, Instituto Feijoo de Estudios del Siglo XVIII<\/p>\n\n\n\n<p><strong>Rodrigo Olay Vald\u00e9s,<\/strong> Instituto Feijoo de Estudios del Siglo XVIII<\/p>\n\n\n\n<p><strong>Vicente Ord\u00f3\u00f1ez Roig<\/strong>, UNED<\/p>\n\n\n\n<p><strong>Eduardo San Jos\u00e9 V\u00e1zquez<\/strong>, Universidad de Oviedo<\/p>\n\n\n\n<p><strong>Eduardo Zazo Jim\u00e9nez,<\/strong> Universidad Aut\u00f3noma de Madrid<\/p>\n\n\n\n<p><\/p>\n\n\n\n<p><\/p>\n\n\n\n<p><\/p>\n\n\n\n<p><\/p>\n\n\n\n<p><a href=\"https:\/\/www.unioviedo.es\/feijoopro\/congreso-la-libertad-de-filosofar-en-la-obra-y-el-contexto-de-benito-jeronimo-feijoo\/\">Tem\u00e1tica del congreso<\/a> \/ Conference topics<\/p>\n\n\n\n<p><a href=\"https:\/\/www.unioviedo.es\/feijoopro\/programa\/\">Programa<\/a> \/ Programme<\/p>\n\n\n\n<p><a href=\"https:\/\/www.unioviedo.es\/feijoopro\/resumenes\/\">Res\u00famenes <\/a>\/ Abstracts<\/p>\n\n\n\n<p><a href=\"https:\/\/www.unioviedo.es\/feijoopro\/envio-de-propuestas\/\">Env\u00edo de propuestas<\/a> \/ Call for papers<\/p>\n\n\n\n<p><a href=\"https:\/\/www.unioviedo.es\/feijoopro\/informacion-practica\/\">Informaci\u00f3n pr\u00e1ctica<\/a> \/ Practicalities<\/p>\n","protected":false},"excerpt":{"rendered":"<p>Congreso \u00abLa libertad de filosofar en la obra y el contexto de Benito Jer\u00f3nimo Feijoo\u00bb Colabora: ORGANIZADORES: Marta Garc\u00eda-Alonso, UNED Armando Men\u00e9ndez Viso, Universidad de Oviedo COMIT\u00c9 CIENT\u00cdFICO: Elena de Lorenzo \u00c1lvarez, Instituto Feijoo de Estudios del Siglo XVIII Rodrigo Olay Vald\u00e9s, Instituto Feijoo de Estudios del Siglo XVIII Vicente Ord\u00f3\u00f1ez Roig, UNED Eduardo San &hellip; <\/p>\n<p class=\"link-more\"><a href=\"https:\/\/www.unioviedo.es\/feijoopro\/comite-cientifico\/\" class=\"more-link\">Continuar leyendo<span class=\"screen-reader-text\"> \u00abOrganizaci\u00f3n\u00bb<\/span><\/a><\/p>\n","protected":false},"author":1,"featured_media":0,"parent":0,"menu_order":0,"comment_status":"closed","ping_status":"closed","template":"","meta":{"footnotes":""},"class_list":["post-354","page","type-page","status-publish","hentry"],"_links":{"self":[{"href":"https:\/\/www.unioviedo.es\/feijoopro\/wp-json\/wp\/v2\/pages\/354","targetHints":{"allow":["GET"]}}],"collection":[{"href":"https:\/\/www.unioviedo.es\/feijoopro\/wp-json\/wp\/v2\/pages"}],"about":[{"href":"https:\/\/www.unioviedo.es\/feijoopro\/wp-json\/wp\/v2\/types\/page"}],"author":[{"embeddable":true,"href":"https:\/\/www.unioviedo.es\/feijoopro\/wp-json\/wp\/v2\/users\/1"}],"replies":[{"embeddable":true,"href":"https:\/\/www.unioviedo.es\/feijoopro\/wp-json\/wp\/v2\/comments?post=354"}],"version-history":[{"count":10,"href":"https:\/\/www.unioviedo.es\/feijoopro\/wp-json\/wp\/v2\/pages\/354\/revisions"}],"predecessor-version":[{"id":490,"href":"https:\/\/www.unioviedo.es\/feijoopro\/wp-json\/wp\/v2\/pages\/354\/revisions\/490"}],"wp:attachment":[{"href":"https:\/\/www.unioviedo.es\/feijoopro\/wp-json\/wp\/v2\/media?parent=354"}],"curies":[{"name":"wp","href":"https:\/\/api.w.org\/{rel}","templated":true}]}}