{"id":5,"date":"2017-01-27T18:01:56","date_gmt":"2017-01-27T17:01:56","guid":{"rendered":"https:\/\/www.unioviedo.es\/feijoopro\/?page_id=5"},"modified":"2024-05-02T09:26:16","modified_gmt":"2024-05-02T07:26:16","slug":"temas","status":"publish","type":"page","link":"https:\/\/www.unioviedo.es\/feijoopro\/temas\/","title":{"rendered":"Programa \/ Programme"},"content":{"rendered":"\n<p><a href=\"https:\/\/www.unioviedo.es\/feijoopro\/wp-content\/uploads\/2021\/04\/Programa-BayleFeijoo.pdf\"><strong>Descargar versi\u00f3n ampliada en PDF<\/strong> Download full PDF version<\/a><\/p>\n\n\n\n<p><strong>Presione sobre el t\u00edtulo para ver el resumen <\/strong>Click on the title to access the abstract<\/p>\n\n\n\n<p><strong>Keynote speakers<\/strong>: M\u00f3nica Bolufer (Universitat de Val\u00e8ncia),&nbsp;Michael Hickson (Trent University)<\/p>\n\n\n\n<p><strong>19 de mayo <\/strong>May <strong>2021<\/strong><br>15:30-19:15 CET<\/p>\n\n\n\n<p class=\"has-black-color has-text-color\">15:30 <strong>Presentaci\u00f3n<\/strong> Introduction<br>15:45 <strong>Michael Hickson<\/strong> TrentU, Ontario<br><a href=\"https:\/\/www.unioviedo.es\/feijoopro\/index.php\/resumenes-abstracts\/#hickson\"><em>Pierre Bayle on Christian Intolerance<\/em><br><\/a>16:45<strong> Pausa <\/strong>Break<br>17:00 <strong>Paolo Santori<\/strong> ErasmusU, Rotterdam<br><em><a href=\"https:\/\/www.unioviedo.es\/feijoopro\/index.php\/resumenes-abstracts\/#santori\">Pantheism, Theodicy and the Birth of Political Economy<\/a><\/em><br>17:30 <strong>Ana Carmona Aliaga<\/strong> EPHE-PSL, Paris<br><a href=\"https:\/\/www.unioviedo.es\/feijoopro\/index.php\/resumenes-abstracts\/#carmona\"><em>Las cristianas pasiones de la intolerancia en la obra de Bayle<\/em><br><\/a>18:00 <strong>Pausa<\/strong> Break<br>18:15 <strong>Juli\u00e1n Arroyo Pomeda<\/strong> Madrid<br><a href=\"https:\/\/www.unioviedo.es\/feijoopro\/index.php\/resumenes-abstracts\/#arroyo\"><em>La cr\u00edtica de la superstici\u00f3n en PD de Bayle<\/em><br><\/a>18:45 <strong>Eva Buddeberg<\/strong> GoetheU, Frankfurt<br><em><a href=\"https:\/\/www.unioviedo.es\/feijoopro\/index.php\/resumenes-abstracts\/#buddeberg\">Pierre Bayle\u2019s feminism<\/a><\/em><br>19:15 <strong>Fin de la sesi\u00f3n<\/strong> End of session<\/p>\n\n\n\n<p><strong>20 de mayo <\/strong>May <strong>2021<\/strong><br>15:30-19:15 CET<\/p>\n\n\n\n<p>15:30 <strong>Presentaci\u00f3n<\/strong> Introduction<br>15:45 <strong>M\u00f3nica Bolufer<\/strong> UVal\u00e8ncia<br><em><a href=\"https:\/\/www.unioviedo.es\/feijoopro\/index.php\/resumenes-abstracts\/#bolufer\">La condici\u00f3n de las mujeres en el centro del debate sobre Ilustraci\u00f3n y catolicismo. A prop\u00f3sito de Feijoo<\/a><\/em><br>16:45 <strong>Pausa<\/strong> Break<br>17:00 <strong>Joaqu\u00edn Castell\u00e1 <\/strong>UVal\u00e8ncia<br><em><a href=\"https:\/\/www.unioviedo.es\/feijoopro\/index.php\/resumenes-abstracts\/#castella\">La sombra siniestra de una piedad vana<\/a><\/em><br>17:30 <strong>Mar\u00eda Fern\u00e1ndez Abril<\/strong> UOviedo<br><em><a href=\"https:\/\/www.unioviedo.es\/feijoopro\/index.php\/resumenes-abstracts\/#abril\">Feijoo ante el tema americano: conflictos y conciliaciones entre cristianismo y modernidad<\/a><\/em><br>18:00 <strong>Pausa<\/strong> Break<br>18:15 <strong>Fernando Bahr<\/strong> Conicet, Argentina<br><em><a href=\"https:\/\/www.unioviedo.es\/feijoopro\/index.php\/resumenes-abstracts\/#bahr\">Feijoo, Bayle y el caso Savonarola<\/a><\/em><br>18:45 <strong>Luis Ernesto Cruz Oca\u00f1a <\/strong>UAChiapas<br><em><a href=\"https:\/\/www.unioviedo.es\/feijoopro\/index.php\/resumenes-abstracts\/#cruz\">La tensi\u00f3n entre Iglesia y ciencia a prop\u00f3sito de la muerte en Fray Benito Feijoo<\/a><\/em><br>19:15 <strong>Fin de la sesi\u00f3n <\/strong>End of session<\/p>\n","protected":false},"excerpt":{"rendered":"<p>Descargar versi\u00f3n ampliada en PDF Download full PDF version Presione sobre el t\u00edtulo para ver el resumen Click on the title to access the abstract Keynote speakers: M\u00f3nica Bolufer (Universitat de Val\u00e8ncia),&nbsp;Michael Hickson (Trent University) 19 de mayo May 202115:30-19:15 CET 15:30 Presentaci\u00f3n Introduction15:45 Michael Hickson TrentU, OntarioPierre Bayle on Christian Intolerance16:45 Pausa Break17:00 Paolo &hellip; <\/p>\n<p class=\"link-more\"><a href=\"https:\/\/www.unioviedo.es\/feijoopro\/temas\/\" class=\"more-link\">Continuar leyendo<span class=\"screen-reader-text\"> \u00abPrograma \/ Programme\u00bb<\/span><\/a><\/p>\n","protected":false},"author":1,"featured_media":0,"parent":0,"menu_order":0,"comment_status":"closed","ping_status":"closed","template":"","meta":{"footnotes":""},"class_list":["post-5","page","type-page","status-publish","hentry"],"_links":{"self":[{"href":"https:\/\/www.unioviedo.es\/feijoopro\/wp-json\/wp\/v2\/pages\/5","targetHints":{"allow":["GET"]}}],"collection":[{"href":"https:\/\/www.unioviedo.es\/feijoopro\/wp-json\/wp\/v2\/pages"}],"about":[{"href":"https:\/\/www.unioviedo.es\/feijoopro\/wp-json\/wp\/v2\/types\/page"}],"author":[{"embeddable":true,"href":"https:\/\/www.unioviedo.es\/feijoopro\/wp-json\/wp\/v2\/users\/1"}],"replies":[{"embeddable":true,"href":"https:\/\/www.unioviedo.es\/feijoopro\/wp-json\/wp\/v2\/comments?post=5"}],"version-history":[{"count":22,"href":"https:\/\/www.unioviedo.es\/feijoopro\/wp-json\/wp\/v2\/pages\/5\/revisions"}],"predecessor-version":[{"id":492,"href":"https:\/\/www.unioviedo.es\/feijoopro\/wp-json\/wp\/v2\/pages\/5\/revisions\/492"}],"wp:attachment":[{"href":"https:\/\/www.unioviedo.es\/feijoopro\/wp-json\/wp\/v2\/media?parent=5"}],"curies":[{"name":"wp","href":"https:\/\/api.w.org\/{rel}","templated":true}]}}