{"id":51,"date":"2017-01-30T13:26:09","date_gmt":"2017-01-30T12:26:09","guid":{"rendered":"https:\/\/www.unioviedo.es\/feijoopro\/?page_id=51"},"modified":"2024-01-22T11:53:03","modified_gmt":"2024-01-22T10:53:03","slug":"envios-cfp","status":"publish","type":"page","link":"https:\/\/www.unioviedo.es\/feijoopro\/envios-cfp\/","title":{"rendered":"Congresos"},"content":{"rendered":"<p>En esta secci\u00f3n puede encontrarse toda la informaci\u00f3n sobre los congresos organizados por el proyecto de investigaci\u00f3n:<\/p>\n<p>Congreso sobre \u00ab<a href=\"https:\/\/www.unioviedo.es\/feijoopro\/index.php\/congreso-ilustracion-y-cristianismo-en-la-obra-de-bayle-y-feijoo\/\">Ilustraci\u00f3n y cristianismo en la obra de Bayle y Feijoo<\/a>\u00bb, mayo de 2021<\/p>\n<p>Congreso sobre \u00ab<a href=\"https:\/\/www.unioviedo.es\/feijoopro\/index.php\/congreso-ciencia-e-ilustracion-en-la-espana-de-feijoo\/\">Ciencia e Ilustraci\u00f3n en la Espa\u00f1a de Feijoo<\/a>\u00bb, mayo de 2022<\/p>\n\n\n<p>Congreso sobre \u00ab<a href=\"https:\/\/www.unioviedo.es\/feijoopro\/congreso-la-libertad-de-filosofar-en-la-obra-y-el-contexto-de-benito-jeronimo-feijoo\/\">La libertad de filosofar en la obra y el contexto de Benito Jer\u00f3nimo Feijoo<\/a>\u00bb, junio de 2024<\/p>\n\n\n\n<p><\/p>\n","protected":false},"excerpt":{"rendered":"<p>En esta secci\u00f3n puede encontrarse toda la informaci\u00f3n sobre los congresos organizados por el proyecto de investigaci\u00f3n: Congreso sobre \u00abIlustraci\u00f3n y cristianismo en la obra de Bayle y Feijoo\u00bb, mayo de 2021 Congreso sobre \u00abCiencia e Ilustraci\u00f3n en la Espa\u00f1a de Feijoo\u00bb, mayo de 2022 Congreso sobre \u00abLa libertad de filosofar en la obra y &hellip; <\/p>\n<p class=\"link-more\"><a href=\"https:\/\/www.unioviedo.es\/feijoopro\/envios-cfp\/\" class=\"more-link\">Continuar leyendo<span class=\"screen-reader-text\"> \u00abCongresos\u00bb<\/span><\/a><\/p>\n","protected":false},"author":1,"featured_media":0,"parent":0,"menu_order":0,"comment_status":"closed","ping_status":"closed","template":"","meta":{"footnotes":""},"class_list":["post-51","page","type-page","status-publish","hentry"],"_links":{"self":[{"href":"https:\/\/www.unioviedo.es\/feijoopro\/wp-json\/wp\/v2\/pages\/51","targetHints":{"allow":["GET"]}}],"collection":[{"href":"https:\/\/www.unioviedo.es\/feijoopro\/wp-json\/wp\/v2\/pages"}],"about":[{"href":"https:\/\/www.unioviedo.es\/feijoopro\/wp-json\/wp\/v2\/types\/page"}],"author":[{"embeddable":true,"href":"https:\/\/www.unioviedo.es\/feijoopro\/wp-json\/wp\/v2\/users\/1"}],"replies":[{"embeddable":true,"href":"https:\/\/www.unioviedo.es\/feijoopro\/wp-json\/wp\/v2\/comments?post=51"}],"version-history":[{"count":11,"href":"https:\/\/www.unioviedo.es\/feijoopro\/wp-json\/wp\/v2\/pages\/51\/revisions"}],"predecessor-version":[{"id":394,"href":"https:\/\/www.unioviedo.es\/feijoopro\/wp-json\/wp\/v2\/pages\/51\/revisions\/394"}],"wp:attachment":[{"href":"https:\/\/www.unioviedo.es\/feijoopro\/wp-json\/wp\/v2\/media?parent=51"}],"curies":[{"name":"wp","href":"https:\/\/api.w.org\/{rel}","templated":true}]}}