{"id":537,"date":"2025-11-21T11:45:31","date_gmt":"2025-11-21T10:45:31","guid":{"rendered":"https:\/\/www.unioviedo.es\/feijoopro\/?page_id=537"},"modified":"2025-11-21T11:56:37","modified_gmt":"2025-11-21T10:56:37","slug":"actividades","status":"publish","type":"page","link":"https:\/\/www.unioviedo.es\/feijoopro\/actividades\/","title":{"rendered":"Actividades"},"content":{"rendered":"\n<p><a href=\"https:\/\/www.unioviedo.es\/feijoopro\/simposio-defensa-de-las-mujeres-de-benito-jeronimo-feijoo-origenes-contexto-y-utilizacion-posterior-de-un-texto-capital-de-la-filosofia-iberoamericana\/\">Simposio\u00a0<em>\u00abDefensa de las mujeres d<\/em>e Benito Jer\u00f3nimo Feijoo. Or\u00edgenes, contexto y utilizaci\u00f3n posterior de un texto capital de la filosof\u00eda iberoamericana\u00bb<\/a><\/p>\n\n\n\n<p><\/p>\n","protected":false},"excerpt":{"rendered":"<p>Simposio\u00a0\u00abDefensa de las mujeres de Benito Jer\u00f3nimo Feijoo. Or\u00edgenes, contexto y utilizaci\u00f3n posterior de un texto capital de la filosof\u00eda iberoamericana\u00bb<\/p>\n","protected":false},"author":1,"featured_media":0,"parent":0,"menu_order":0,"comment_status":"closed","ping_status":"closed","template":"","meta":{"footnotes":""},"class_list":["post-537","page","type-page","status-publish","hentry"],"_links":{"self":[{"href":"https:\/\/www.unioviedo.es\/feijoopro\/wp-json\/wp\/v2\/pages\/537","targetHints":{"allow":["GET"]}}],"collection":[{"href":"https:\/\/www.unioviedo.es\/feijoopro\/wp-json\/wp\/v2\/pages"}],"about":[{"href":"https:\/\/www.unioviedo.es\/feijoopro\/wp-json\/wp\/v2\/types\/page"}],"author":[{"embeddable":true,"href":"https:\/\/www.unioviedo.es\/feijoopro\/wp-json\/wp\/v2\/users\/1"}],"replies":[{"embeddable":true,"href":"https:\/\/www.unioviedo.es\/feijoopro\/wp-json\/wp\/v2\/comments?post=537"}],"version-history":[{"count":3,"href":"https:\/\/www.unioviedo.es\/feijoopro\/wp-json\/wp\/v2\/pages\/537\/revisions"}],"predecessor-version":[{"id":549,"href":"https:\/\/www.unioviedo.es\/feijoopro\/wp-json\/wp\/v2\/pages\/537\/revisions\/549"}],"wp:attachment":[{"href":"https:\/\/www.unioviedo.es\/feijoopro\/wp-json\/wp\/v2\/media?parent=537"}],"curies":[{"name":"wp","href":"https:\/\/api.w.org\/{rel}","templated":true}]}}