{"id":1224,"date":"2024-06-11T13:59:50","date_gmt":"2024-06-11T11:59:50","guid":{"rendered":"https:\/\/www.unioviedo.es\/fgs2024\/?page_id=1224"},"modified":"2024-06-11T13:59:58","modified_gmt":"2024-06-11T11:59:58","slug":"ms07-uncertain-optimization-and-related-topics","status":"publish","type":"page","link":"https:\/\/www.unioviedo.es\/fgs2024\/index.php\/scientific-program\/ms07-uncertain-optimization-and-related-topics\/","title":{"rendered":"MS07: Uncertain Optimization and Related Topics"},"content":{"rendered":"\nIt is well known between researchers and practitioners that real world optimization problems\ninvolve uncertainty. Namely, the data or parameters of practical decision making problems are often\nnoisy or fluctuating. For this reason, nowadays many efforts are employed in obtaining methods and\nmathematical tools that allow solving this kind of problems effectively and efficiently.\n\nThis mini symposium tries to show some recent contributions to this issue from several frameworks\nand approaches like the so-called robust optimization, interval and fuzzy optimization and the parameter\nidentification in stochastic differential equations or in differential equations involving random\ndata.<br>\n\n<strong>Mini symposium organizers:<\/strong><br>\nCarlos Escudero (UNED)<br>\nC\u00e9sar Guti\u00e9rrez (Universidad de Valladolid)<br>\nMiguel Sama (UNED)<br>\n<\/p>\n<p>\n<strong>Session 4. Room A2, Thursday 11:30-13:30.<\/strong><br>\n <strong>Chair:<\/strong> Carlos Escudero (UNED)<\/strong><br>\n<strong>Speakers:<\/strong><br>\nJos\u00e9 Vicente P\u00e9rez (Universidad de Alicante) <em>A review on the radius of robust feasibility of uncertain mathematical programs<\/em><br>\nElena Molho (University of Pavia) <em>Scalarization and robustification in vector games: a non componentwise approach<\/em><br>\nAlejandro Fern\u00e1ndez Alonso (ArcelorMittal Spain Holding, S.L.) <em>Uncertainty in the steelmaking process: impact and challenges<\/em><br>\n<\/p>\n<p>\n<strong>Session 5. Room A2, Thursday 17:30-19:30.<\/strong><br>\n <strong>Chair:<\/strong> Miguel Sama (UNED)<\/strong><br>\n<strong>Speakers:<\/strong><br>\nRub\u00e9n L\u00f3pez (Universidad de Tarapac\u00e1) <em>Stability of interval optimization problems<\/em><br>\nBeatriz Hern\u00e1ndez (Universidad Pablo Olavide de Sevilla) <em>Necessary and sufficient conditions for differentiability of interval-valued functions: applications<\/em><br>\nC\u00e9sar Guti\u00e9rrez (Universidad de Valladolid) <em>Nondominated solutions of uncertain optimization problems<\/em><br>\nElvira Hern\u00e1ndez (UNED) <em>On stability in set-valued dynamics<\/em><br>\n<\/p>\n<p>\n<strong>Session 6. Room A2, Friday 09:00-11:00.<\/strong><br>\n <strong>Chair:<\/strong> C\u00e9sar Guti\u00e9rrez (Universidad de Valladolid)<\/strong><br>\n<strong>Speakers:<\/strong><br>\nMiguel Sama (UNED) <em>Uncertainty quantification in partial differential equations with random data<\/em><br>\nHans-J\u00f6rg Starkloff (Technische Universit\u00e4t Bergakademie Freiberg) <em>On some stochastic aspects of stochastic elliptic inverse problems<\/em><br>\nJorge Arias (UNED, Valor, Desarrollo e Innovaci\u00f3n, S.L.) <em>Application of random ordinary differential equation in smart thermostat thermal models for residential buildings<\/em><br>\nCarlos Escudero (UNED) <em>Optimal portfolios with asymmetric information and the meaning of noise for risk-averse traders<\/em><br>\n<\/p>\n","protected":false},"excerpt":{"rendered":"<p>It is well known between researchers and practitioners that real world optimization problems involve uncertainty. Namely, the data or parameters&hellip; <\/p>\n","protected":false},"author":3,"featured_media":0,"parent":618,"menu_order":0,"comment_status":"closed","ping_status":"closed","template":"","meta":{"footnotes":""},"class_list":["post-1224","page","type-page","status-publish","hentry"],"_links":{"self":[{"href":"https:\/\/www.unioviedo.es\/fgs2024\/index.php\/wp-json\/wp\/v2\/pages\/1224","targetHints":{"allow":["GET"]}}],"collection":[{"href":"https:\/\/www.unioviedo.es\/fgs2024\/index.php\/wp-json\/wp\/v2\/pages"}],"about":[{"href":"https:\/\/www.unioviedo.es\/fgs2024\/index.php\/wp-json\/wp\/v2\/types\/page"}],"author":[{"embeddable":true,"href":"https:\/\/www.unioviedo.es\/fgs2024\/index.php\/wp-json\/wp\/v2\/users\/3"}],"replies":[{"embeddable":true,"href":"https:\/\/www.unioviedo.es\/fgs2024\/index.php\/wp-json\/wp\/v2\/comments?post=1224"}],"version-history":[{"count":1,"href":"https:\/\/www.unioviedo.es\/fgs2024\/index.php\/wp-json\/wp\/v2\/pages\/1224\/revisions"}],"predecessor-version":[{"id":1226,"href":"https:\/\/www.unioviedo.es\/fgs2024\/index.php\/wp-json\/wp\/v2\/pages\/1224\/revisions\/1226"}],"up":[{"embeddable":true,"href":"https:\/\/www.unioviedo.es\/fgs2024\/index.php\/wp-json\/wp\/v2\/pages\/618"}],"wp:attachment":[{"href":"https:\/\/www.unioviedo.es\/fgs2024\/index.php\/wp-json\/wp\/v2\/media?parent=1224"}],"curies":[{"name":"wp","href":"https:\/\/api.w.org\/{rel}","templated":true}]}}