{"id":572,"date":"2022-12-09T11:11:18","date_gmt":"2022-12-09T09:11:18","guid":{"rendered":"https:\/\/www.unioviedo.es\/fgs2024\/?page_id=572"},"modified":"2024-04-11T09:23:23","modified_gmt":"2024-04-11T07:23:23","slug":"epi-gijon","status":"publish","type":"page","link":"https:\/\/www.unioviedo.es\/fgs2024\/index.php\/gallery\/epi-gijon\/","title":{"rendered":"EPI Gij\u00f3n"},"content":{"rendered":"\n<p><a href=\"https:\/\/epigijon.uniovi.es\/\">EPI Gij\u00f3n \u2013 Ingenier\u00eda industrial, inform\u00e1tica y de telecomunicaci\u00f3n<\/a><\/p>\n","protected":false},"excerpt":{"rendered":"<p>EPI Gij\u00f3n \u2013 Ingenier\u00eda industrial, inform\u00e1tica y de telecomunicaci\u00f3n<\/p>\n","protected":false},"author":1,"featured_media":586,"parent":139,"menu_order":0,"comment_status":"closed","ping_status":"closed","template":"page-templates\/my-template.php","meta":{"footnotes":""},"class_list":["post-572","page","type-page","status-publish","has-post-thumbnail","hentry"],"_links":{"self":[{"href":"https:\/\/www.unioviedo.es\/fgs2024\/index.php\/wp-json\/wp\/v2\/pages\/572","targetHints":{"allow":["GET"]}}],"collection":[{"href":"https:\/\/www.unioviedo.es\/fgs2024\/index.php\/wp-json\/wp\/v2\/pages"}],"about":[{"href":"https:\/\/www.unioviedo.es\/fgs2024\/index.php\/wp-json\/wp\/v2\/types\/page"}],"author":[{"embeddable":true,"href":"https:\/\/www.unioviedo.es\/fgs2024\/index.php\/wp-json\/wp\/v2\/users\/1"}],"replies":[{"embeddable":true,"href":"https:\/\/www.unioviedo.es\/fgs2024\/index.php\/wp-json\/wp\/v2\/comments?post=572"}],"version-history":[{"count":2,"href":"https:\/\/www.unioviedo.es\/fgs2024\/index.php\/wp-json\/wp\/v2\/pages\/572\/revisions"}],"predecessor-version":[{"id":1132,"href":"https:\/\/www.unioviedo.es\/fgs2024\/index.php\/wp-json\/wp\/v2\/pages\/572\/revisions\/1132"}],"up":[{"embeddable":true,"href":"https:\/\/www.unioviedo.es\/fgs2024\/index.php\/wp-json\/wp\/v2\/pages\/139"}],"wp:featuredmedia":[{"embeddable":true,"href":"https:\/\/www.unioviedo.es\/fgs2024\/index.php\/wp-json\/wp\/v2\/media\/586"}],"wp:attachment":[{"href":"https:\/\/www.unioviedo.es\/fgs2024\/index.php\/wp-json\/wp\/v2\/media?parent=572"}],"curies":[{"name":"wp","href":"https:\/\/api.w.org\/{rel}","templated":true}]}}