{"id":611,"date":"2022-12-12T12:49:07","date_gmt":"2022-12-12T10:49:07","guid":{"rendered":"https:\/\/www.unioviedo.es\/fgs2024\/?page_id=611"},"modified":"2023-05-25T13:47:46","modified_gmt":"2023-05-25T11:47:46","slug":"scientific-committee","status":"publish","type":"page","link":"https:\/\/www.unioviedo.es\/fgs2024\/index.php\/about\/scientific-committee\/","title":{"rendered":"Scientific Committee"},"content":{"rendered":"\n<p>Anne Auger (INRIA Saclay &#8211; \u00cele-de-France)<br>Eduardo Casas (Universidad de Cantabria)<br>Antonin Chambolle (Universit\u00e9 Paris &#8211; Dauphine)<br>Elena Fern\u00e1ndez (Universidad de C\u00e1diz)<br>Enrique Fern\u00e1ndez-Cara (Universidad de Sevilla)<br>Didier Henrion (LAAS-CNRS Toulouse)<br>Marco Antonio L\u00f3pez-Cerd\u00e1 (Universidad de Alicante)<br>Alexander Martin (Friedrich-Alexander-Universit\u00e4t Erlangen-N\u00fcrnberg)<br>Helmut Maurer (University of M\u00fcnster)<br>Sabine Pickenhain (Brandenburgische Technische Universit\u00e4t)<br>J\u00e9r\u00f4me Renault (Toulouse School of Economics)<br>Dolores Romero-Morales (Copenhagen Business School)<br>Michael Ulbrich (Technische Universt\u00e4t M\u00fcnchen)<br>Andrea Walter (Humboldt-Universit\u00e4t zu Berlin)<br>Hasnaa Zidani (INSA-Rouen)<\/p>\n","protected":false},"excerpt":{"rendered":"<p>Anne Auger (INRIA Saclay &#8211; \u00cele-de-France)Eduardo Casas (Universidad de Cantabria)Antonin Chambolle (Universit\u00e9 Paris &#8211; Dauphine)Elena Fern\u00e1ndez (Universidad de C\u00e1diz)Enrique Fern\u00e1ndez-Cara&hellip; <\/p>\n","protected":false},"author":1,"featured_media":0,"parent":607,"menu_order":0,"comment_status":"closed","ping_status":"closed","template":"page-templates\/my-template.php","meta":{"footnotes":""},"class_list":["post-611","page","type-page","status-publish","hentry"],"_links":{"self":[{"href":"https:\/\/www.unioviedo.es\/fgs2024\/index.php\/wp-json\/wp\/v2\/pages\/611","targetHints":{"allow":["GET"]}}],"collection":[{"href":"https:\/\/www.unioviedo.es\/fgs2024\/index.php\/wp-json\/wp\/v2\/pages"}],"about":[{"href":"https:\/\/www.unioviedo.es\/fgs2024\/index.php\/wp-json\/wp\/v2\/types\/page"}],"author":[{"embeddable":true,"href":"https:\/\/www.unioviedo.es\/fgs2024\/index.php\/wp-json\/wp\/v2\/users\/1"}],"replies":[{"embeddable":true,"href":"https:\/\/www.unioviedo.es\/fgs2024\/index.php\/wp-json\/wp\/v2\/comments?post=611"}],"version-history":[{"count":3,"href":"https:\/\/www.unioviedo.es\/fgs2024\/index.php\/wp-json\/wp\/v2\/pages\/611\/revisions"}],"predecessor-version":[{"id":784,"href":"https:\/\/www.unioviedo.es\/fgs2024\/index.php\/wp-json\/wp\/v2\/pages\/611\/revisions\/784"}],"up":[{"embeddable":true,"href":"https:\/\/www.unioviedo.es\/fgs2024\/index.php\/wp-json\/wp\/v2\/pages\/607"}],"wp:attachment":[{"href":"https:\/\/www.unioviedo.es\/fgs2024\/index.php\/wp-json\/wp\/v2\/media?parent=611"}],"curies":[{"name":"wp","href":"https:\/\/api.w.org\/{rel}","templated":true}]}}