{"id":91,"date":"2016-08-10T15:24:30","date_gmt":"2016-08-10T15:24:30","guid":{"rendered":"http:\/\/localhost\/wordpress\/event\/?page_id=91"},"modified":"2024-07-15T15:43:25","modified_gmt":"2024-07-15T13:43:25","slug":"our-speaker","status":"publish","type":"page","link":"https:\/\/www.unioviedo.es\/fgs2024\/index.php\/about\/our-speaker\/","title":{"rendered":"Invited Speakers"},"content":{"rendered":"\n<p>We are honoured to welcome an exciting line-up of speakers for our conference.<br><br>Aris Daniilidis (Technische Universit\u00e4t Wien)<br>Sourur Elloumi (\u00c9cole Nationale Sup\u00e9rieure de Techniques Avanc\u00e9es, Paris)<br>Gersende Fort (Universit\u00e9 de Toulouse) <br>Emmanuel Tr\u00e9lat (Laboratoire Jacques-Louis Lions, CNRS Paris) <br>Christoph Brune (\u00a0Universiteit Twente)<br>Gabriele Eichfelder (Technische Universit\u00e4t Ilmenau)<br>Max Klimm (Technische Universit\u00e4t Berlin)<br>Enrique Zuazua (Friedrich-Alexander-Universit\u00e4t)<br>Juan Enrique Mart\u00ednez-Legaz (Universitat Aut\u00f2noma de Barcelona)<br>Emilio Carrizosa (Universidad de Sevilla)<br>Anna Doubova (Universidad de Sevilla)<br>Karl Kunisch (Universit\u00e4t Graz)<\/p>\n","protected":false},"excerpt":{"rendered":"<p>We are honoured to welcome an exciting line-up of speakers for our conference. Aris Daniilidis (Technische Universit\u00e4t Wien)Sourur Elloumi (\u00c9cole&hellip; <\/p>\n","protected":false},"author":1,"featured_media":0,"parent":607,"menu_order":0,"comment_status":"closed","ping_status":"closed","template":"page-templates\/my-template.php","meta":{"footnotes":""},"class_list":["post-91","page","type-page","status-publish","hentry"],"_links":{"self":[{"href":"https:\/\/www.unioviedo.es\/fgs2024\/index.php\/wp-json\/wp\/v2\/pages\/91","targetHints":{"allow":["GET"]}}],"collection":[{"href":"https:\/\/www.unioviedo.es\/fgs2024\/index.php\/wp-json\/wp\/v2\/pages"}],"about":[{"href":"https:\/\/www.unioviedo.es\/fgs2024\/index.php\/wp-json\/wp\/v2\/types\/page"}],"author":[{"embeddable":true,"href":"https:\/\/www.unioviedo.es\/fgs2024\/index.php\/wp-json\/wp\/v2\/users\/1"}],"replies":[{"embeddable":true,"href":"https:\/\/www.unioviedo.es\/fgs2024\/index.php\/wp-json\/wp\/v2\/comments?post=91"}],"version-history":[{"count":11,"href":"https:\/\/www.unioviedo.es\/fgs2024\/index.php\/wp-json\/wp\/v2\/pages\/91\/revisions"}],"predecessor-version":[{"id":1275,"href":"https:\/\/www.unioviedo.es\/fgs2024\/index.php\/wp-json\/wp\/v2\/pages\/91\/revisions\/1275"}],"up":[{"embeddable":true,"href":"https:\/\/www.unioviedo.es\/fgs2024\/index.php\/wp-json\/wp\/v2\/pages\/607"}],"wp:attachment":[{"href":"https:\/\/www.unioviedo.es\/fgs2024\/index.php\/wp-json\/wp\/v2\/media?parent=91"}],"curies":[{"name":"wp","href":"https:\/\/api.w.org\/{rel}","templated":true}]}}