{"id":107,"date":"2023-02-13T10:24:25","date_gmt":"2023-02-13T10:24:25","guid":{"rendered":"https:\/\/www.unioviedo.es\/fincorp\/?page_id=107"},"modified":"2023-10-05T10:39:31","modified_gmt":"2023-10-05T10:39:31","slug":"grados","status":"publish","type":"page","link":"https:\/\/www.unioviedo.es\/fincorp\/index.php\/docencia\/grados\/","title":{"rendered":"Grados"},"content":{"rendered":"\n<ul class=\"wp-block-list\">\n<li><strong>Facultad de Econom\u00eda y Empresa, Universidad de Oviedo<\/strong>:\n<ul class=\"wp-block-list\">\n<li><strong>PCEO Grado en Administraci\u00f3n y Direcci\u00f3n de Empresas\/Grado en Derecho<\/strong>: Mercados e Instituciones Financieras.<\/li>\n\n\n\n<li><strong>Grado en Administraci\u00f3n y Direcci\u00f3n de Empresas<\/strong>: Mercados e Instituciones Financieras\/Financial Markets and Institutions e Inversiones Financieras.<\/li>\n\n\n\n<li><strong>Grado en Contabilidad y Finanzas<\/strong>: Direcci\u00f3n Financiera II.<\/li>\n\n\n\n<li><strong>Grado en Econom\u00eda<\/strong>: Econom\u00eda Financiera.<\/li>\n<\/ul>\n<\/li>\n\n\n\n<li><strong>Facultad de Ciencias de la Econom\u00eda y de la Empresa, Universidad Rey Juan Carlos<\/strong>:\n<ul class=\"wp-block-list\">\n<li><strong>Doble Grado en Administraci\u00f3n y Direcci\u00f3n de Empresas y Derecho<\/strong>: Direcci\u00f3n Estrat\u00e9gica y Pol\u00edtica de Empresa II.<\/li>\n<\/ul>\n<\/li>\n\n\n\n<li><strong>Facultad de Econom\u00eda, Universit\u00e0 degli Studi di Torino<\/strong> (2011-2012).<\/li>\n\n\n\n<li><strong>Facultad de Econom\u00eda y Empresa, Europa Universit\u00e4t Viadrina Frankfurt am Oder<\/strong> (2011-2012).<\/li>\n\n\n\n<li><strong>Facultad de Econom\u00eda y Empresa, <strong>Otto von Guericke Universit\u00e4t Magdeburg<\/strong><\/strong> (2006-2007).<\/li>\n<\/ul>\n","protected":false},"excerpt":{"rendered":"","protected":false},"author":1,"featured_media":0,"parent":106,"menu_order":2,"comment_status":"closed","ping_status":"closed","template":"","meta":{"neve_meta_sidebar":"","neve_meta_container":"","neve_meta_enable_content_width":"","neve_meta_content_width":0,"neve_meta_title_alignment":"","neve_meta_author_avatar":"","neve_post_elements_order":"","neve_meta_disable_header":"","neve_meta_disable_footer":"","neve_meta_disable_title":"","footnotes":""},"class_list":["post-107","page","type-page","status-publish","hentry"],"_links":{"self":[{"href":"https:\/\/www.unioviedo.es\/fincorp\/index.php\/wp-json\/wp\/v2\/pages\/107","targetHints":{"allow":["GET"]}}],"collection":[{"href":"https:\/\/www.unioviedo.es\/fincorp\/index.php\/wp-json\/wp\/v2\/pages"}],"about":[{"href":"https:\/\/www.unioviedo.es\/fincorp\/index.php\/wp-json\/wp\/v2\/types\/page"}],"author":[{"embeddable":true,"href":"https:\/\/www.unioviedo.es\/fincorp\/index.php\/wp-json\/wp\/v2\/users\/1"}],"replies":[{"embeddable":true,"href":"https:\/\/www.unioviedo.es\/fincorp\/index.php\/wp-json\/wp\/v2\/comments?post=107"}],"version-history":[{"count":11,"href":"https:\/\/www.unioviedo.es\/fincorp\/index.php\/wp-json\/wp\/v2\/pages\/107\/revisions"}],"predecessor-version":[{"id":2182,"href":"https:\/\/www.unioviedo.es\/fincorp\/index.php\/wp-json\/wp\/v2\/pages\/107\/revisions\/2182"}],"up":[{"embeddable":true,"href":"https:\/\/www.unioviedo.es\/fincorp\/index.php\/wp-json\/wp\/v2\/pages\/106"}],"wp:attachment":[{"href":"https:\/\/www.unioviedo.es\/fincorp\/index.php\/wp-json\/wp\/v2\/media?parent=107"}],"curies":[{"name":"wp","href":"https:\/\/api.w.org\/{rel}","templated":true}]}}