{"id":1092,"date":"2023-03-13T09:15:16","date_gmt":"2023-03-13T09:15:16","guid":{"rendered":"http:\/\/www.unioviedo.es\/fincorp\/?page_id=1092"},"modified":"2023-03-15T10:39:33","modified_gmt":"2023-03-15T10:39:33","slug":"bachelor","status":"publish","type":"page","link":"https:\/\/www.unioviedo.es\/fincorp\/index.php\/en\/teaching\/bachelor\/","title":{"rendered":"Bachelor"},"content":{"rendered":"\n<ul class=\"wp-block-list\">\n<li><strong>Faculty of Economics and Business, University of Oviedo<\/strong>:\n<ul class=\"wp-block-list\">\n<li><strong>PCEO Bachelor&#8217;s Degree in Management and Business Administration\/Bachelor&#8217;s Degree in Law<\/strong>: Mercados e Instituciones Financieras.<\/li>\n\n\n\n<li><strong>Bachelor&#8217;s Degree in Management and Business Administration<\/strong>: Mercados e Instituciones Financieras\/Financial Markets and Institutions and Inversiones Financieras.<\/li>\n\n\n\n<li><strong>Bachelor&#8217;s Degree in Accounting and Finance<\/strong>: Direcci\u00f3n Financiera II.<\/li>\n\n\n\n<li><strong>Bachelor&#8217;s Degree in Economics<\/strong>: Econom\u00eda Financiera.<\/li>\n<\/ul>\n<\/li>\n\n\n\n<li><strong>Faculty of Economics and Business Sciences, Rey Juan Carlos University<\/strong>:\n<ul class=\"wp-block-list\">\n<li><strong>Double Bachelor&#8217;s Degree in Business Administration and Management and Law<\/strong>: Direcci\u00f3n Estrat\u00e9gica and Pol\u00edtica de Empresa II.<\/li>\n<\/ul>\n<\/li>\n\n\n\n<li><strong>Faculty of Economics, Universit\u00e0 degli Studi di Torino<\/strong> (2011-2012).<\/li>\n\n\n\n<li><strong>Faculty of Economics and Business, Europa Universit\u00e4t Viadrina Frankfurt am Oder<\/strong> (2011-2012).<\/li>\n\n\n\n<li><strong>Faculty of Economics and Business, <strong>Otto von Guericke Universit\u00e4t Magdeburg<\/strong><\/strong> (2006-2007).<\/li>\n<\/ul>\n","protected":false},"excerpt":{"rendered":"","protected":false},"author":1,"featured_media":0,"parent":1091,"menu_order":2,"comment_status":"closed","ping_status":"closed","template":"","meta":{"neve_meta_sidebar":"","neve_meta_container":"","neve_meta_enable_content_width":"","neve_meta_content_width":0,"neve_meta_title_alignment":"","neve_meta_author_avatar":"","neve_post_elements_order":"","neve_meta_disable_header":"","neve_meta_disable_footer":"","neve_meta_disable_title":"","footnotes":""},"class_list":["post-1092","page","type-page","status-publish","hentry"],"_links":{"self":[{"href":"https:\/\/www.unioviedo.es\/fincorp\/index.php\/wp-json\/wp\/v2\/pages\/1092","targetHints":{"allow":["GET"]}}],"collection":[{"href":"https:\/\/www.unioviedo.es\/fincorp\/index.php\/wp-json\/wp\/v2\/pages"}],"about":[{"href":"https:\/\/www.unioviedo.es\/fincorp\/index.php\/wp-json\/wp\/v2\/types\/page"}],"author":[{"embeddable":true,"href":"https:\/\/www.unioviedo.es\/fincorp\/index.php\/wp-json\/wp\/v2\/users\/1"}],"replies":[{"embeddable":true,"href":"https:\/\/www.unioviedo.es\/fincorp\/index.php\/wp-json\/wp\/v2\/comments?post=1092"}],"version-history":[{"count":7,"href":"https:\/\/www.unioviedo.es\/fincorp\/index.php\/wp-json\/wp\/v2\/pages\/1092\/revisions"}],"predecessor-version":[{"id":1406,"href":"https:\/\/www.unioviedo.es\/fincorp\/index.php\/wp-json\/wp\/v2\/pages\/1092\/revisions\/1406"}],"up":[{"embeddable":true,"href":"https:\/\/www.unioviedo.es\/fincorp\/index.php\/wp-json\/wp\/v2\/pages\/1091"}],"wp:attachment":[{"href":"https:\/\/www.unioviedo.es\/fincorp\/index.php\/wp-json\/wp\/v2\/media?parent=1092"}],"curies":[{"name":"wp","href":"https:\/\/api.w.org\/{rel}","templated":true}]}}