{"id":1093,"date":"2023-03-13T09:18:40","date_gmt":"2023-03-13T09:18:40","guid":{"rendered":"http:\/\/www.unioviedo.es\/fincorp\/?page_id=1093"},"modified":"2023-03-15T10:39:35","modified_gmt":"2023-03-15T10:39:35","slug":"master","status":"publish","type":"page","link":"https:\/\/www.unioviedo.es\/fincorp\/index.php\/en\/teaching\/master\/","title":{"rendered":"Master"},"content":{"rendered":"\n<ul class=\"wp-block-list\">\n<li><strong>Master&#8217;s Degree in Electrical Energy Conversion and Power Systems, University of Oviedo<\/strong>: Aspectos gen\u00e9ricos y espec\u00edficos de la investigaci\u00f3n cient\u00edfica.<\/li>\n\n\n\n<li><strong>Master&#8217;s Degree in Business Organization, Rey Juan Carlos University<\/strong>: Econom\u00eda de la Empresa.<\/li>\n\n\n\n<li><strong><strong>Master&#8217;s Degree in Business Organization, Rey Juan Carlos University<\/strong><\/strong>: Corporate Economics.<\/li>\n\n\n\n<li><strong>Master&#8217;s Degree in Renewable Energies and Energy Management, University of Cantabria<\/strong>: Rentabilidad e inversi\u00f3n en el sector energ\u00e9tico.<\/li>\n\n\n\n<li><strong>Master&#8217;s Degree in Transportation and Logistics Management, University of Oviedo<\/strong>.<\/li>\n\n\n\n<li><strong>Master&#8217;s Degree in Banking and Financial Markets, University of Cantabria and Banco Santander<\/strong>.<\/li>\n\n\n\n<li><strong>Master&#8217;s Degree in International Management, Otto von Guericke Universit\u00e4t Magdeburg<\/strong> (2008-2014).<\/li>\n<\/ul>\n","protected":false},"excerpt":{"rendered":"","protected":false},"author":1,"featured_media":0,"parent":1091,"menu_order":2,"comment_status":"closed","ping_status":"closed","template":"","meta":{"neve_meta_sidebar":"","neve_meta_container":"","neve_meta_enable_content_width":"","neve_meta_content_width":0,"neve_meta_title_alignment":"","neve_meta_author_avatar":"","neve_post_elements_order":"","neve_meta_disable_header":"","neve_meta_disable_footer":"","neve_meta_disable_title":"","footnotes":""},"class_list":["post-1093","page","type-page","status-publish","hentry"],"_links":{"self":[{"href":"https:\/\/www.unioviedo.es\/fincorp\/index.php\/wp-json\/wp\/v2\/pages\/1093","targetHints":{"allow":["GET"]}}],"collection":[{"href":"https:\/\/www.unioviedo.es\/fincorp\/index.php\/wp-json\/wp\/v2\/pages"}],"about":[{"href":"https:\/\/www.unioviedo.es\/fincorp\/index.php\/wp-json\/wp\/v2\/types\/page"}],"author":[{"embeddable":true,"href":"https:\/\/www.unioviedo.es\/fincorp\/index.php\/wp-json\/wp\/v2\/users\/1"}],"replies":[{"embeddable":true,"href":"https:\/\/www.unioviedo.es\/fincorp\/index.php\/wp-json\/wp\/v2\/comments?post=1093"}],"version-history":[{"count":4,"href":"https:\/\/www.unioviedo.es\/fincorp\/index.php\/wp-json\/wp\/v2\/pages\/1093\/revisions"}],"predecessor-version":[{"id":1405,"href":"https:\/\/www.unioviedo.es\/fincorp\/index.php\/wp-json\/wp\/v2\/pages\/1093\/revisions\/1405"}],"up":[{"embeddable":true,"href":"https:\/\/www.unioviedo.es\/fincorp\/index.php\/wp-json\/wp\/v2\/pages\/1091"}],"wp:attachment":[{"href":"https:\/\/www.unioviedo.es\/fincorp\/index.php\/wp-json\/wp\/v2\/media?parent=1093"}],"curies":[{"name":"wp","href":"https:\/\/api.w.org\/{rel}","templated":true}]}}