{"id":1094,"date":"2023-03-13T09:19:48","date_gmt":"2023-03-13T09:19:48","guid":{"rendered":"http:\/\/www.unioviedo.es\/fincorp\/?page_id=1094"},"modified":"2024-07-16T08:06:16","modified_gmt":"2024-07-16T08:06:16","slug":"bachelors-and-masters-theses","status":"publish","type":"page","link":"https:\/\/www.unioviedo.es\/fincorp\/index.php\/en\/teaching\/bachelors-and-masters-theses\/","title":{"rendered":"Bachelor&#8217;s and Master&#8217;s Theses"},"content":{"rendered":"\n<h2 class=\"wp-block-heading\">Bachelor&#8217;s Theses<\/h2>\n\n\n\n<p>During the last few years, 26 Bachelor&#8217;s Theses have been directed at the Universidad de Oviedo, among which the following stand out:<\/p>\n\n\n\n<ul class=\"wp-block-list\">\n<li><strong>Luc\u00eda Briz L\u00f3pez: \u00abFusiones y adquisiciones: an\u00e1lisis de la OPA competidora sobre Applus Services\u00bb<\/strong>, PCEO Bachelor\u2019s Degree in Management and Business Administration\/Bachelor\u2019s Degree in Law, July 2024.<\/li>\n\n\n\n<li><strong>Alejandro Gamez Naves: \u00abEstrategias de comunicaci\u00f3n de iniciativas de Educaci\u00f3n Financiera en la Uni\u00f3n Europea: An\u00e1lisis Comparativo entre Espa\u00f1a, Alemania y Pa\u00edses Bajos\u00bb<\/strong>, Bachelor\u2019s Degree in Management and Business Administration, July 2024.<\/li>\n\n\n\n<li><strong>Alba Rubio Celorio: \u00abSalud Financiera y la Mujer\u00bb<\/strong>, PCEO Bachelor\u2019s Degree in Management and Business Administration\/Bachelor\u2019s Degree in Law, July 2024.<\/li>\n\n\n\n<li><strong>Carla Rubio Mart\u00ednez: \u00abDiversidad de g\u00e9nero en los consejos de administraci\u00f3n de los bancos del Ibex-35\u00bb<\/strong>, PCEO Bachelor\u2019s Degree in Management and Business Administration\/Bachelor\u2019s Degree in Law, July 2024.<\/li>\n\n\n\n<li><strong>Mario Solares Fern\u00e1ndez: \u00abEl reconocimiento de la violencia econ\u00f3mica en el seno de los pa\u00edses de la OCDE\u00bb<\/strong>, PCEO Bachelor\u2019s Degree in Management and Business Administration\/Bachelor\u2019s Degree in Law, July 2024.<\/li>\n\n\n\n<li><strong>Marcos Gonz\u00e1lez \u00c1lvarez: \u00abLa Educaci\u00f3n Financiera en Espa\u00f1a: Planes y programas, especial referencia a los Colectivos Vulnerables\u00bb<\/strong>, PCEO Bachelor\u2019s Degree in Management and Business Administration\/Bachelor\u2019s Degree in Law, June 2024.<\/li>\n\n\n\n<li><strong>Alejandro Tr\u00e9nor Guisasola: \u00abDiversidad de g\u00e9nero en los consejos de administraci\u00f3n y la Directiva (UE) 2022\/2381: cumplimiento y consecuencias\u00bb<\/strong>, PCEO Bachelor\u2019s Degree in Management and Business Administration\/Bachelor\u2019s Degree in Law, June 2024.<\/li>\n\n\n\n<li><strong>Silvia Escalante Baraga\u00f1o: \u00abChaebols coreanas: estructura de propiedad y gobierno\u00bb<\/strong>, PCEO Bachelor\u2019s Degree in Management and Business Administration\/Bachelor\u2019s Degree in Law, July 2023.<\/li>\n\n\n\n<li><strong>Elena Moro Ur\u00eda: \u00abEducaci\u00f3n Financiera\u00bb<\/strong>, PCEO Bachelor\u2019s Degree in Management and Business Administration\/Bachelor\u2019s Degree in Law, July 2023.<\/li>\n\n\n\n<li><strong>Ignacio Tasc\u00f3n Amo: \u00abEl compromiso empresarial con los Objetivos de Desarrollo Sostenible en Espa\u00f1a: el papel de las comisiones de sostenibilidad\u00bb<\/strong>, Bachelor\u2019s Degree in Management and Business Administration, July 2023.<\/li>\n\n\n\n<li><strong>Claudia Villa Garc\u00eda: \u00abEducaci\u00f3n financiera y personas mayores: un an\u00e1lisis del caso espa\u00f1ol\u00bb<\/strong>, PCEO Bachelor\u2019s Degree in Management and Business Administration\/Bachelor\u2019s Degree in Law, July 2023.<\/li>\n\n\n\n<li><strong>Claudia Garc\u00eda Rodr\u00edguez: \u00abLa sostenibilidad en los C\u00f3digos de Gobierno Corporativo\u00bb<\/strong>, PCEO Bachelor\u2019s Degree in Management and Business Administration\/Bachelor\u2019s Degree in Law, June 2023.<\/li>\n\n\n\n<li><strong>David Rojas Acevedo: \u00abAn\u00e1lisis de las Comisiones de Sostenibilidad de las Empresas del \u00cdndice STOXX All Europe 100\u00bb<\/strong>, PCEO Bachelor\u2019s Degree in Management and Business Administration\/Bachelor\u2019s Degree in Law, June 2023.<\/li>\n\n\n\n<li><strong>Paula Garc\u00eda Hernantes: \u00abEl nivel de educaci\u00f3n financiera en Espa\u00f1a: factores determinantes. An\u00e1lisis de la normativa con el curr\u00edculo educativo de los estudiantes de secundaria\u00bb<\/strong>, PCEO Bachelor\u2019s Degree in Management and Business Administration\/Bachelor\u2019s Degree in Law, July 2022.<\/li>\n\n\n\n<li><strong>Paula Noriega Garc\u00eda: \u00abLos objetivos de desarrollo sostenible y el sector privado: nivel de implantaci\u00f3n en las empresas europeas\u00bb<\/strong>, PCEO Bachelor\u2019s Degree in Management and Business Administration\/Bachelor\u2019s Degree in Law, July 2022.<\/li>\n\n\n\n<li><strong>Daniel S\u00e1nchez Ur\u00eda: \u00abCompetencias financieras en la educaci\u00f3n secundaria obligatoria: Efecto del Real Decreto 1105\/2014\u00bb<\/strong>, Bachelor\u2019s Degree in Management and Business Administration, July 2022.<\/li>\n\n\n\n<li><strong>\u00c1lvaro Ram\u00f3n Penela Fern\u00e1ndez: \u00abEl desarrollo sostenible y el sector bancario europeo\u00bb<\/strong>, PCEO Bachelor\u2019s Degree in Management and Business Administration\/Bachelor\u2019s Degree in Law, June 2022.<\/li>\n\n\n\n<li><strong>Jaime Ricardo D\u00edaz Fern\u00e1ndez Villaroya: \u00abLa adopci\u00f3n de los objetivos de desarrollo sostenible por las empresas cotizadas espa\u00f1olas\u00bb<\/strong>PCEO Bachelor\u2019s Degree in Management and Business Administration\/Bachelor\u2019s Degree in Law, February 2022.<\/li>\n\n\n\n<li><strong>Pablo Ferrer Coto: \u00abFusiones bancarias en \u00e9pocas de crisis\u00bb<\/strong>, PCEO Bachelor\u2019s Degree in Management and Business Administration\/Bachelor\u2019s Degree in Law, June 2021.<\/li>\n\n\n\n<li><strong>Mar\u00eda Colao M\u00e9ndez: \u00abTransparencia informativa y Responsabilidad Social Corporativa en el \u00e1mbito social: un estudio de sociedades cotizadas espa\u00f1olas\u00bb<\/strong>, Bachelor\u2019s Degree in Accounting and Finance, July 2018.<\/li>\n<\/ul>\n\n\n\n<h2 class=\"wp-block-heading\">Master&#8217;s Theses<\/h2>\n\n\n\n<ul class=\"wp-block-list\">\n<li><strong>Ignacio Tasc\u00f3n Amo: \u00abThe impact of family ownership and control on firm efficiency: The case of Spanish firms\u00bb<\/strong>, Master&#8217;s Degree in Economics: Economic Analysis Instruments, University of Oviedo, July 2024.<\/li>\n\n\n\n<li><strong>Isabel Navarro Jaurequ\u00edzar: \u00abIndicadores de sostenibilidad: un an\u00e1lisis del sector bancario europeo\u00bb<\/strong>, Universitat Oberta de Catalunya, July 2022.<\/li>\n\n\n\n<li><strong>Irma Mart\u00ednez Garc\u00eda: \u00abDiversidad de g\u00e9nero en los consejos de administraci\u00f3n espa\u00f1oles: efecto sobre el valor y rentabilidad empresarial\u00bb<\/strong>, Master&#8217;s Degree in Economics: Economic Analysis Instruments, University of Oviedo, 2013-2014.<\/li>\n<\/ul>\n","protected":false},"excerpt":{"rendered":"<p>Bachelor&#8217;s Theses During the last few years, 26 Bachelor&#8217;s Theses have been directed at the Universidad de Oviedo, among which the following stand out: Master&#8217;s Theses<\/p>\n","protected":false},"author":1,"featured_media":0,"parent":1091,"menu_order":2,"comment_status":"closed","ping_status":"closed","template":"","meta":{"neve_meta_sidebar":"","neve_meta_container":"","neve_meta_enable_content_width":"","neve_meta_content_width":0,"neve_meta_title_alignment":"","neve_meta_author_avatar":"","neve_post_elements_order":"","neve_meta_disable_header":"","neve_meta_disable_footer":"","neve_meta_disable_title":"","footnotes":""},"class_list":["post-1094","page","type-page","status-publish","hentry"],"_links":{"self":[{"href":"https:\/\/www.unioviedo.es\/fincorp\/index.php\/wp-json\/wp\/v2\/pages\/1094","targetHints":{"allow":["GET"]}}],"collection":[{"href":"https:\/\/www.unioviedo.es\/fincorp\/index.php\/wp-json\/wp\/v2\/pages"}],"about":[{"href":"https:\/\/www.unioviedo.es\/fincorp\/index.php\/wp-json\/wp\/v2\/types\/page"}],"author":[{"embeddable":true,"href":"https:\/\/www.unioviedo.es\/fincorp\/index.php\/wp-json\/wp\/v2\/users\/1"}],"replies":[{"embeddable":true,"href":"https:\/\/www.unioviedo.es\/fincorp\/index.php\/wp-json\/wp\/v2\/comments?post=1094"}],"version-history":[{"count":15,"href":"https:\/\/www.unioviedo.es\/fincorp\/index.php\/wp-json\/wp\/v2\/pages\/1094\/revisions"}],"predecessor-version":[{"id":2818,"href":"https:\/\/www.unioviedo.es\/fincorp\/index.php\/wp-json\/wp\/v2\/pages\/1094\/revisions\/2818"}],"up":[{"embeddable":true,"href":"https:\/\/www.unioviedo.es\/fincorp\/index.php\/wp-json\/wp\/v2\/pages\/1091"}],"wp:attachment":[{"href":"https:\/\/www.unioviedo.es\/fincorp\/index.php\/wp-json\/wp\/v2\/media?parent=1094"}],"curies":[{"name":"wp","href":"https:\/\/api.w.org\/{rel}","templated":true}]}}