{"id":111,"date":"2023-02-13T10:24:25","date_gmt":"2023-02-13T10:24:25","guid":{"rendered":"https:\/\/www.unioviedo.es\/fincorp\/?page_id=111"},"modified":"2024-09-23T11:45:19","modified_gmt":"2024-09-23T11:45:19","slug":"proyectos-y-contratos","status":"publish","type":"page","link":"https:\/\/www.unioviedo.es\/fincorp\/index.php\/investigacion\/proyectos-y-contratos\/","title":{"rendered":"Proyectos"},"content":{"rendered":"\n<p>Desde 2014 se han desarrollado los siguientes proyectos:<\/p>\n\n\n\n<h2 class=\"wp-block-heading\">Proyectos europeos<\/h2>\n\n\n\n<ul class=\"wp-block-list\">\n<li><strong>All rights reserved? Barriers towards European Citizenship (bEUcitizen)<\/strong>.<\/li>\n<\/ul>\n\n\n\n<div class=\"wp-block-group is-vertical is-layout-flex wp-container-core-group-is-layout-8cf370e7 wp-block-group-is-layout-flex\">\n<p>Entidad financiadora: 7\u00ba Programa Marco, Comisi\u00f3n Europea, [FP7-SSH-2012.5.1-1.320294].<\/p>\n\n\n\n<p>Duraci\u00f3n: mayo 2013-abril 2017 (4 a\u00f1os).<\/p>\n\n\n\n<p>Investigadores principales: Sybe de Vries (Universiteit Utrecht) y Silvia G\u00f3mez Ans\u00f3n (grupo de la Universidad de Oviedo).<\/p>\n<\/div>\n\n\n\n<div style=\"height:35px\" aria-hidden=\"true\" class=\"wp-block-spacer\"><\/div>\n\n\n\n<h2 class=\"wp-block-heading\">Proyectos nacionales<\/h2>\n\n\n\n<ul class=\"wp-block-list\">\n<li><strong>Diversidad de g\u00e9nero en el gobierno corporativo: determinantes institucionales, normativa e implicaciones en las estrategias y comportamiento empresarial<\/strong>.<\/li>\n<\/ul>\n\n\n\n<div class=\"wp-block-group is-vertical is-layout-flex wp-container-core-group-is-layout-8cf370e7 wp-block-group-is-layout-flex\">\n<p>Entidad financiadora: Ministerio de Ciencia e Innovaci\u00f3n, [MCINN-23-PID2022-140023NA-I00].<\/p>\n\n\n\n<p>Duraci\u00f3n: septiembre 2023-agosto 2027 (4 a\u00f1os).<\/p>\n\n\n\n<p>Investigadora principal: Irma Mart\u00ednez Garc\u00eda.<\/p>\n\n\n\n<p>Investigadores: Irma Mart\u00ednez Garc\u00eda, Silvia G\u00f3mez Ans\u00f3n, Ferm\u00edn L\u00f3pez Rodr\u00edguez y Mar\u00eda Sacrist\u00e1n Navarro.<\/p>\n<\/div>\n\n\n\n<ul class=\"wp-block-list\">\n<li><strong>Estrategias corporativas, internacionalizaci\u00f3n y factores estrat\u00e9gicos clave en un contexto institucional global: Determinantes del rendimiento y sostenibilidad empresarial<\/strong>.<\/li>\n<\/ul>\n\n\n\n<div class=\"wp-block-group is-vertical is-layout-flex wp-container-core-group-is-layout-8cf370e7 wp-block-group-is-layout-flex\">\n<p>Entidad financiadora: Agencia Estatal de Investigaci\u00f3n, [PID2021-124641NB-I00].<\/p>\n\n\n\n<p>Duraci\u00f3n: septiembre 2022-agosto 2025 (3 a\u00f1os).<\/p>\n\n\n\n<p>Investigadores principales: Francisco Javier Forcadell Mart\u00ednez y Luis \u00c1ngel Guerras Mart\u00edn.<\/p>\n<\/div>\n\n\n\n<ul class=\"wp-block-list\">\n<li><strong>Estrategias corporativas de internacionalizaci\u00f3n, innovaci\u00f3n y responsabilidad social ante el reto de la sostenibilidad en un contexto global<\/strong>.<\/li>\n<\/ul>\n\n\n\n<div class=\"wp-block-group is-vertical is-layout-flex wp-container-core-group-is-layout-8cf370e7 wp-block-group-is-layout-flex\">\n<p>Entidad financiadora: Ministerio de Ciencia, Innovaci\u00f3n y Universidades, [RTI2018-097447-B-I00].<\/p>\n\n\n\n<p>Duraci\u00f3n: 2019-2022 (3 a\u00f1os).<\/p>\n<\/div>\n\n\n\n<ul class=\"wp-block-list\">\n<li><strong>Retos del gobierno corporativo en las empresas familiares europeas<\/strong>.<\/li>\n<\/ul>\n\n\n\n<div class=\"wp-block-group is-vertical is-layout-flex wp-container-core-group-is-layout-8cf370e7 wp-block-group-is-layout-flex\">\n<p>Entidad financiadora: Ministerio de Econom\u00eda y Competitividad, Plan Nacional de I+D+i, Programa de Investigaci\u00f3n Fundamental, Proyectos de Investigaci\u00f3n Fundamental no Orientada, [ECO2015-69058-R].<\/p>\n\n\n\n<p>Duraci\u00f3n: enero 2016-diciembre 2018 (3 a\u00f1os).<\/p>\n\n\n\n<p>Investigadora principal: Silvia G\u00f3mez Ans\u00f3n.<\/p>\n<\/div>\n\n\n\n<ul class=\"wp-block-list\">\n<li><strong>Estrategias corporativas ante la recuperaci\u00f3n econ\u00f3mica: relaciones entre diversificaci\u00f3n, reestructuraci\u00f3n e internacionalizaci\u00f3n e impacto en la competitividad empresarial<\/strong>.<\/li>\n<\/ul>\n\n\n\n<div class=\"wp-block-group is-vertical is-content-justification-left is-layout-flex wp-container-core-group-is-layout-c0ca7d81 wp-block-group-is-layout-flex\">\n<p>Entidad financiadora: Ministerio de Econom\u00eda y Competitividad, [ECO2015-67434-R].<\/p>\n\n\n\n<p>Duraci\u00f3n: 2016-2019 (3 a\u00f1os).<\/p>\n<\/div>\n\n\n\n<ul class=\"wp-block-list\">\n<li><strong>Estrategias de reestructuraci\u00f3n empresarial como respuesta a la crisis econ\u00f3mica. Un an\u00e1lisis en el contexto europeo<\/strong>.<\/li>\n<\/ul>\n\n\n\n<div class=\"wp-block-group is-vertical is-layout-flex wp-container-core-group-is-layout-8cf370e7 wp-block-group-is-layout-flex\">\n<p>Entidad financiadora: Ministerio de Econom\u00eda y Competitividad, [ECO2012-36775].<\/p>\n\n\n\n<p>Duraci\u00f3n: enero 2013-diciembre 2015 (3 a\u00f1os).<\/p>\n\n\n\n<p>Investigador principal: Luis \u00c1ngel Guerras Mart\u00edn.<\/p>\n<\/div>\n\n\n\n<ul class=\"wp-block-list\">\n<li><strong>El papel de otros grandes accionistas en empresas de propiedad concentrada: el caso de las empresas familiares<\/strong>.<\/li>\n<\/ul>\n\n\n\n<div class=\"wp-block-group is-vertical is-layout-flex wp-container-core-group-is-layout-8cf370e7 wp-block-group-is-layout-flex\">\n<p>Entidad financiadora: Plan Nacional de I+D+i, Programa de Investigaci\u00f3n Fundamental, Proyectos de Investigaci\u00f3n Fundamental no Orientada, [ECO2012-36532].<\/p>\n\n\n\n<p>Duraci\u00f3n: enero 2013-diciembre 2015 (3 a\u00f1os).<\/p>\n\n\n\n<p>Investigadora principal: Silvia G\u00f3mez Ans\u00f3n.<\/p>\n<\/div>\n\n\n\n<div style=\"height:35px\" aria-hidden=\"true\" class=\"wp-block-spacer\"><\/div>\n\n\n\n<h2 class=\"wp-block-heading\">Proyectos auton\u00f3micos<\/h2>\n\n\n\n<ul class=\"wp-block-list\">\n<li><strong>Estudio econ\u00f3mico, jur\u00eddico, y sociol\u00f3gico de la Uni\u00f3n Europea: especial referencia a la realidad espa\u00f1ola<\/strong>.<\/li>\n<\/ul>\n\n\n\n<div class=\"wp-block-group is-vertical is-layout-flex wp-container-core-group-is-layout-8cf370e7 wp-block-group-is-layout-flex\">\n<p>Entidad financiadora: Universidad de Oviedo.<\/p>\n\n\n\n<p>Duraci\u00f3n: enero 2018-diciembre 2024 (7 a\u00f1os).<\/p>\n\n\n\n<p>Investigadora principal: Silvia G\u00f3mez Ans\u00f3n.<\/p>\n<\/div>\n\n\n\n<ul class=\"wp-block-list\">\n<li><strong>Ayudas a grupos de investigaci\u00f3n de Arte y Humanidades y Ciencias Sociales y Jur\u00eddicas<\/strong>.<\/li>\n<\/ul>\n\n\n\n<div class=\"wp-block-group is-vertical is-layout-flex wp-container-core-group-is-layout-8cf370e7 wp-block-group-is-layout-flex\">\n<p>Entidad financiadora: Consejer\u00eda de Educaci\u00f3n y Ciencia del Principado de Asturias.<\/p>\n\n\n\n<p>Duraci\u00f3n: enero 2017-diciembre 2017 (1 a\u00f1o).<\/p>\n\n\n\n<p>Investigadora principal: Silvia G\u00f3mez Ans\u00f3n.<\/p>\n<\/div>\n\n\n\n<ul class=\"wp-block-list\">\n<li><strong>Ayudas a grupos de investigaci\u00f3n de Arte y Humanidades y Ciencias Sociales y Jur\u00eddicas<\/strong>.<\/li>\n<\/ul>\n\n\n\n<div class=\"wp-block-group is-vertical is-layout-flex wp-container-core-group-is-layout-8cf370e7 wp-block-group-is-layout-flex\">\n<p>Entidad financiadora: Consejer\u00eda de Educaci\u00f3n y Ciencia del Principado de Asturias.<\/p>\n\n\n\n<p>Duraci\u00f3n: enero 2016-diciembre 2016 (1 a\u00f1o).<\/p>\n\n\n\n<p>Investigadora principal: Silvia G\u00f3mez Ans\u00f3n.<\/p>\n<\/div>\n\n\n\n<ul class=\"wp-block-list\">\n<li><strong>El papel de otros grandes accionistas en empresas de propiedad concentrada: el caso de las empresas familiares<\/strong>.<\/li>\n<\/ul>\n\n\n\n<div class=\"wp-block-group is-vertical is-layout-flex wp-container-core-group-is-layout-8cf370e7 wp-block-group-is-layout-flex\">\n<p>Entidad financiadora: Proyecto Subvenci\u00f3n del Principado de Asturias I+D+i, Consejer\u00eda de Econom\u00eda y Empleo del Principado de Asturias, [SV-PA-13-ECOEMP-22].<\/p>\n\n\n\n<p>Duraci\u00f3n: abril 2013-diciembre 2014 (1 a\u00f1o 9 meses).<\/p>\n\n\n\n<p>Investigadora principal: Silvia G\u00f3mez Ans\u00f3n.<\/p>\n<\/div>\n","protected":false},"excerpt":{"rendered":"<p>Desde 2014 se han desarrollado los siguientes proyectos: Proyectos europeos Entidad financiadora: 7\u00ba Programa Marco, Comisi\u00f3n Europea, [FP7-SSH-2012.5.1-1.320294]. Duraci\u00f3n: mayo 2013-abril 2017 (4 a\u00f1os). Investigadores principales: Sybe de Vries (Universiteit Utrecht) y Silvia G\u00f3mez Ans\u00f3n (grupo de la Universidad de Oviedo). Proyectos nacionales Entidad financiadora: Ministerio de Ciencia e Innovaci\u00f3n, [MCINN-23-PID2022-140023NA-I00]. Duraci\u00f3n: septiembre 2023-agosto 2027&hellip;&nbsp;<a href=\"https:\/\/www.unioviedo.es\/fincorp\/index.php\/investigacion\/proyectos-y-contratos\/\" rel=\"bookmark\">Leer m\u00e1s &raquo;<span class=\"screen-reader-text\">Proyectos<\/span><\/a><\/p>\n","protected":false},"author":1,"featured_media":0,"parent":109,"menu_order":2,"comment_status":"closed","ping_status":"closed","template":"","meta":{"neve_meta_sidebar":"","neve_meta_container":"default","neve_meta_enable_content_width":"off","neve_meta_content_width":70,"neve_meta_title_alignment":"","neve_meta_author_avatar":"","neve_post_elements_order":"","neve_meta_disable_header":"","neve_meta_disable_footer":"","neve_meta_disable_title":"","footnotes":""},"class_list":["post-111","page","type-page","status-publish","hentry"],"_links":{"self":[{"href":"https:\/\/www.unioviedo.es\/fincorp\/index.php\/wp-json\/wp\/v2\/pages\/111","targetHints":{"allow":["GET"]}}],"collection":[{"href":"https:\/\/www.unioviedo.es\/fincorp\/index.php\/wp-json\/wp\/v2\/pages"}],"about":[{"href":"https:\/\/www.unioviedo.es\/fincorp\/index.php\/wp-json\/wp\/v2\/types\/page"}],"author":[{"embeddable":true,"href":"https:\/\/www.unioviedo.es\/fincorp\/index.php\/wp-json\/wp\/v2\/users\/1"}],"replies":[{"embeddable":true,"href":"https:\/\/www.unioviedo.es\/fincorp\/index.php\/wp-json\/wp\/v2\/comments?post=111"}],"version-history":[{"count":51,"href":"https:\/\/www.unioviedo.es\/fincorp\/index.php\/wp-json\/wp\/v2\/pages\/111\/revisions"}],"predecessor-version":[{"id":2876,"href":"https:\/\/www.unioviedo.es\/fincorp\/index.php\/wp-json\/wp\/v2\/pages\/111\/revisions\/2876"}],"up":[{"embeddable":true,"href":"https:\/\/www.unioviedo.es\/fincorp\/index.php\/wp-json\/wp\/v2\/pages\/109"}],"wp:attachment":[{"href":"https:\/\/www.unioviedo.es\/fincorp\/index.php\/wp-json\/wp\/v2\/media?parent=111"}],"curies":[{"name":"wp","href":"https:\/\/api.w.org\/{rel}","templated":true}]}}