{"id":112,"date":"2023-02-13T10:24:25","date_gmt":"2023-02-13T10:24:25","guid":{"rendered":"https:\/\/www.unioviedo.es\/fincorp\/?page_id=112"},"modified":"2024-09-23T11:53:56","modified_gmt":"2024-09-23T11:53:56","slug":"congresos","status":"publish","type":"page","link":"https:\/\/www.unioviedo.es\/fincorp\/index.php\/investigacion\/congresos\/","title":{"rendered":"Congresos"},"content":{"rendered":"\n<h2 class=\"wp-block-heading\">Congresos internacionales<\/h2>\n\n\n\n<ul class=\"wp-block-list\">\n<li><strong>Annual Conference of the European Academy of Management (EURAM)<\/strong>. Ediciones 18<sup>th<\/sup>, 19<sup>th<\/sup>, 20<sup>th<\/sup> y 23<sup>rd<\/sup>.<\/li>\n\n\n\n<li><strong>The International Family Enterprise Research Academy (IFERA) Annual Conference<\/strong>. Ediciones 2015, 2017, 2020 y 2024.<\/li>\n\n\n\n<li><strong>Conferencia Internacional de la Iberoamerican Academy of Management<\/strong>. Edici\u00f3n 12\u00aa.<\/li>\n\n\n\n<li><strong>Academic Conference on Financial Literacy Research<\/strong> (organized by the European Commission, the FSMA and the KU Leaven).<\/li>\n\n\n\n<li><strong>Gender, Work &amp; Organization Biennal International Interdisciplinary Conference<\/strong>. Edici\u00f3n 11<sup>th<\/sup>.<\/li>\n\n\n\n<li><strong>Congreso Internacional de J\u00f3venes Investigadorxs con perspectiva de g\u00e9nero<\/strong>. Edici\u00f3n V.<\/li>\n\n\n\n<li><strong>World Finance &amp; Banking Symposium<\/strong>. Edici\u00f3n 2020.<\/li>\n\n\n\n<li><strong>International Academic Conference Family Firms in the Arab World<\/strong>. Edici\u00f3n 1<sup>st<\/sup>.<\/li>\n\n\n\n<li><strong>Family Enterprise Research Conference (FERC)<\/strong>. Edici\u00f3n 2018.<\/li>\n\n\n\n<li><strong>International Conference on Corporate Governance in Emerging Markets of the Institute of Governance and Organizational Responsibility (iGOR)<\/strong>. Edici\u00f3n 6<sup>th<\/sup>.<\/li>\n\n\n\n<li><strong>Wolpertinger Conference of the European Association of University Teachers of Banking and Finance<\/strong>. Edici\u00f3n 2017.<\/li>\n\n\n\n<li><strong>Congreso Internacional de la European Women Lawyers Association (EWLA)<\/strong>.<\/li>\n<\/ul>\n\n\n\n<h2 class=\"wp-block-heading\">Congresos nacionales<\/h2>\n\n\n\n<ul class=\"wp-block-list\">\n<li><strong>Congreso de la Asociaci\u00f3n Cient\u00edfica de Econom\u00eda y Direcci\u00f3n de la Empresa (ACEDE)<\/strong>. Ediciones V, VI, VII, VIII, X, XIII, XIV, XV, XVI, XVII, XVIII, XIX, XXIII, XXIV, XXV, XXVII, XXVIII, XXIX, XXX, XXXII y XXXIII.<\/li>\n\n\n\n<li><strong>Congreso Anual de la Academia&nbsp;Europea de Direcci\u00f3n y Econom\u00eda de la Empresa&nbsp;(AEDEM)<\/strong>. Ediciones X, XI, XIV, XVII, XVIII, XIX, XX, XXI, XXII y XIII.<\/li>\n\n\n\n<li><strong>Jornadas de Econom\u00eda Industrial<\/strong>. Ediciones XIII, XIV, XV, XVI, XIX, XX y XXVI.<\/li>\n\n\n\n<li><strong>Foro de Finanzas de Segovia<\/strong>. Ediciones I, II, III, IV y VI.<\/li>\n\n\n\n<li><strong>Foro de Finanzas de la Asociaci\u00f3n Espa\u00f1ola de Finanzas (AEFIN)<\/strong>. Ediciones VII, XXVII y XXX.<\/li>\n\n\n\n<li><strong>Workshop USPCEU-Mutua Madrile\u00f1a<\/strong>. Edici\u00f3n I.<\/li>\n\n\n\n<li><strong>Jornadas de Econom\u00eda Financiera<\/strong>. Edici\u00f3n II.<\/li>\n\n\n\n<li><strong>Jornada sobre Reforma del Sector P\u00fablico: Privatizaci\u00f3n, Competencia y Regulaci\u00f3n<\/strong>.<\/li>\n<\/ul>\n\n\n\n<h2 class=\"wp-block-heading\">Premios<\/h2>\n\n\n\n<ul class=\"wp-block-list\">\n<li><strong>Premio ACEDE 2021 Investigador Novel<\/strong>. XXX Congreso de la Asociaci\u00f3n Cient\u00edfica Espa\u00f1ola de Econom\u00eda y Direcci\u00f3n de la Empresa (ACEDE), junio 2021.<\/li>\n\n\n\n<li><strong>Finalista Premio General ACEDE 2021 a la mejor comunicaci\u00f3n<\/strong>. XXX Congreso de la Asociaci\u00f3n Cient\u00edfica Espa\u00f1ola de Econom\u00eda y Direcci\u00f3n de la Empresa (ACEDE), junio 2021.<\/li>\n\n\n\n<li><strong>Premio Secci\u00f3n Empresa Familiar<\/strong>, XXVII Congreso de la Asociaci\u00f3n Cient\u00edfica de Econom\u00eda y Direcci\u00f3n de la Empresa (ACEDE) por el art\u00edculo \u201cDisproportional Family Board Power: The effect of multiple shareholders and their identity\u201d, Aranjuez, junio 2017.<\/li>\n<\/ul>\n\n\n\n<div class=\"wp-block-group\"><div class=\"wp-block-group__inner-container is-layout-constrained wp-block-group-is-layout-constrained\">\n<div class=\"wp-block-group is-nowrap is-layout-flex wp-container-core-group-is-layout-ad2f72ca wp-block-group-is-layout-flex\">\n<figure class=\"wp-block-image size-full is-resized\"><img loading=\"lazy\" decoding=\"async\" width=\"960\" height=\"720\" src=\"http:\/\/www.unioviedo.es\/fincorp\/wp-content\/uploads\/2023\/03\/Congreso-grupal.jpg\" alt=\"\" class=\"wp-image-789\" style=\"width:585px;height:440px\" srcset=\"https:\/\/www.unioviedo.es\/fincorp\/wp-content\/uploads\/2023\/03\/Congreso-grupal.jpg 960w, https:\/\/www.unioviedo.es\/fincorp\/wp-content\/uploads\/2023\/03\/Congreso-grupal-300x225.jpg 300w, https:\/\/www.unioviedo.es\/fincorp\/wp-content\/uploads\/2023\/03\/Congreso-grupal-768x576.jpg 768w\" sizes=\"auto, (max-width: 960px) 100vw, 960px\" \/><\/figure>\n\n\n\n<figure class=\"wp-block-image size-large is-resized\"><img loading=\"lazy\" decoding=\"async\" width=\"576\" height=\"1024\" src=\"http:\/\/www.unioviedo.es\/fincorp\/wp-content\/uploads\/2023\/03\/Congreso-2-576x1024.jpg\" alt=\"\" class=\"wp-image-792\" style=\"width:249px;height:440px\" srcset=\"https:\/\/www.unioviedo.es\/fincorp\/wp-content\/uploads\/2023\/03\/Congreso-2-576x1024.jpg 576w, https:\/\/www.unioviedo.es\/fincorp\/wp-content\/uploads\/2023\/03\/Congreso-2-169x300.jpg 169w, https:\/\/www.unioviedo.es\/fincorp\/wp-content\/uploads\/2023\/03\/Congreso-2.jpg 747w\" sizes=\"auto, (max-width: 576px) 100vw, 576px\" \/><\/figure>\n<\/div>\n\n\n\n<div style=\"height:10px\" aria-hidden=\"true\" class=\"wp-block-spacer\"><\/div>\n\n\n\n<div class=\"wp-block-group is-nowrap is-layout-flex wp-container-core-group-is-layout-ad2f72ca wp-block-group-is-layout-flex\">\n<figure class=\"wp-block-image size-large is-resized\"><img loading=\"lazy\" decoding=\"async\" width=\"1024\" height=\"576\" src=\"http:\/\/www.unioviedo.es\/fincorp\/wp-content\/uploads\/2023\/03\/Congreso-1-1024x576.jpg\" alt=\"\" class=\"wp-image-790\" style=\"width:480px;height:270px\" srcset=\"https:\/\/www.unioviedo.es\/fincorp\/wp-content\/uploads\/2023\/03\/Congreso-1-1024x576.jpg 1024w, https:\/\/www.unioviedo.es\/fincorp\/wp-content\/uploads\/2023\/03\/Congreso-1-300x169.jpg 300w, https:\/\/www.unioviedo.es\/fincorp\/wp-content\/uploads\/2023\/03\/Congreso-1-768x432.jpg 768w, https:\/\/www.unioviedo.es\/fincorp\/wp-content\/uploads\/2023\/03\/Congreso-1.jpg 1328w\" sizes=\"auto, (max-width: 1024px) 100vw, 1024px\" \/><\/figure>\n\n\n\n<figure class=\"wp-block-image size-full is-resized\"><img loading=\"lazy\" decoding=\"async\" width=\"960\" height=\"720\" src=\"http:\/\/www.unioviedo.es\/fincorp\/wp-content\/uploads\/2023\/03\/Congreso-3.jpg\" alt=\"\" class=\"wp-image-793\" style=\"width:361px;height:270px\" srcset=\"https:\/\/www.unioviedo.es\/fincorp\/wp-content\/uploads\/2023\/03\/Congreso-3.jpg 960w, https:\/\/www.unioviedo.es\/fincorp\/wp-content\/uploads\/2023\/03\/Congreso-3-300x225.jpg 300w, https:\/\/www.unioviedo.es\/fincorp\/wp-content\/uploads\/2023\/03\/Congreso-3-768x576.jpg 768w\" sizes=\"auto, (max-width: 960px) 100vw, 960px\" \/><\/figure>\n<\/div>\n\n\n\n<div style=\"height:10px\" aria-hidden=\"true\" class=\"wp-block-spacer\"><\/div>\n\n\n\n<div class=\"wp-block-group is-nowrap is-layout-flex wp-container-core-group-is-layout-ad2f72ca wp-block-group-is-layout-flex\">\n<figure class=\"wp-block-image size-large is-resized\"><img loading=\"lazy\" decoding=\"async\" width=\"576\" height=\"1024\" src=\"http:\/\/www.unioviedo.es\/fincorp\/wp-content\/uploads\/2023\/03\/Premio-576x1024.jpg\" alt=\"\" class=\"wp-image-795\" style=\"width:247px;height:440px\" srcset=\"https:\/\/www.unioviedo.es\/fincorp\/wp-content\/uploads\/2023\/03\/Premio-576x1024.jpg 576w, https:\/\/www.unioviedo.es\/fincorp\/wp-content\/uploads\/2023\/03\/Premio-169x300.jpg 169w, https:\/\/www.unioviedo.es\/fincorp\/wp-content\/uploads\/2023\/03\/Premio.jpg 747w\" sizes=\"auto, (max-width: 576px) 100vw, 576px\" \/><\/figure>\n\n\n\n<figure class=\"wp-block-image size-large is-resized\"><img loading=\"lazy\" decoding=\"async\" width=\"1024\" height=\"768\" src=\"http:\/\/www.unioviedo.es\/fincorp\/wp-content\/uploads\/2023\/03\/Congreso-4-1-1024x768.jpg\" alt=\"\" class=\"wp-image-804\" style=\"width:585px;height:440px\" srcset=\"https:\/\/www.unioviedo.es\/fincorp\/wp-content\/uploads\/2023\/03\/Congreso-4-1-1024x768.jpg 1024w, https:\/\/www.unioviedo.es\/fincorp\/wp-content\/uploads\/2023\/03\/Congreso-4-1-300x225.jpg 300w, https:\/\/www.unioviedo.es\/fincorp\/wp-content\/uploads\/2023\/03\/Congreso-4-1-768x576.jpg 768w, https:\/\/www.unioviedo.es\/fincorp\/wp-content\/uploads\/2023\/03\/Congreso-4-1-1536x1152.jpg 1536w, https:\/\/www.unioviedo.es\/fincorp\/wp-content\/uploads\/2023\/03\/Congreso-4-1.jpg 2016w\" sizes=\"auto, (max-width: 1024px) 100vw, 1024px\" \/><\/figure>\n<\/div>\n<\/div><\/div>\n","protected":false},"excerpt":{"rendered":"<p>Congresos internacionales Congresos nacionales Premios<\/p>\n","protected":false},"author":1,"featured_media":0,"parent":109,"menu_order":2,"comment_status":"closed","ping_status":"closed","template":"","meta":{"neve_meta_sidebar":"","neve_meta_container":"","neve_meta_enable_content_width":"","neve_meta_content_width":0,"neve_meta_title_alignment":"","neve_meta_author_avatar":"","neve_post_elements_order":"","neve_meta_disable_header":"","neve_meta_disable_footer":"","neve_meta_disable_title":"","footnotes":""},"class_list":["post-112","page","type-page","status-publish","hentry"],"_links":{"self":[{"href":"https:\/\/www.unioviedo.es\/fincorp\/index.php\/wp-json\/wp\/v2\/pages\/112","targetHints":{"allow":["GET"]}}],"collection":[{"href":"https:\/\/www.unioviedo.es\/fincorp\/index.php\/wp-json\/wp\/v2\/pages"}],"about":[{"href":"https:\/\/www.unioviedo.es\/fincorp\/index.php\/wp-json\/wp\/v2\/types\/page"}],"author":[{"embeddable":true,"href":"https:\/\/www.unioviedo.es\/fincorp\/index.php\/wp-json\/wp\/v2\/users\/1"}],"replies":[{"embeddable":true,"href":"https:\/\/www.unioviedo.es\/fincorp\/index.php\/wp-json\/wp\/v2\/comments?post=112"}],"version-history":[{"count":34,"href":"https:\/\/www.unioviedo.es\/fincorp\/index.php\/wp-json\/wp\/v2\/pages\/112\/revisions"}],"predecessor-version":[{"id":2880,"href":"https:\/\/www.unioviedo.es\/fincorp\/index.php\/wp-json\/wp\/v2\/pages\/112\/revisions\/2880"}],"up":[{"embeddable":true,"href":"https:\/\/www.unioviedo.es\/fincorp\/index.php\/wp-json\/wp\/v2\/pages\/109"}],"wp:attachment":[{"href":"https:\/\/www.unioviedo.es\/fincorp\/index.php\/wp-json\/wp\/v2\/media?parent=112"}],"curies":[{"name":"wp","href":"https:\/\/api.w.org\/{rel}","templated":true}]}}