{"id":115,"date":"2023-02-13T10:24:25","date_gmt":"2023-02-13T10:24:25","guid":{"rendered":"https:\/\/www.unioviedo.es\/fincorp\/?page_id=115"},"modified":"2024-09-23T11:42:59","modified_gmt":"2024-09-23T11:42:59","slug":"libros-y-monografias","status":"publish","type":"page","link":"https:\/\/www.unioviedo.es\/fincorp\/index.php\/publicaciones\/libros-y-monografias\/","title":{"rendered":"Libros y monograf\u00edas"},"content":{"rendered":"\n<p>Desde 2014 se han publicado los siguientes libros y monograf\u00edas:<\/p>\n\n\n\n<h2 class=\"wp-block-heading\">Libros en editoriales internacionales<\/h2>\n\n\n\n<ul class=\"wp-block-list\">\n<li>Basco, R. (2023). <em>Family Business Management<\/em> (1<sup>a<\/sup> ed.). Routledge. <a href=\"https:\/\/doi.org\/10.4324\/9781003273240\" target=\"_blank\" rel=\"noreferrer noopener\">https:\/\/doi.org\/10.4324\/9781003273240<\/a><\/li>\n\n\n\n<li>Basco, R., Stough, R., &amp; Suwala, L. (Eds.). (2021). <em>Family Business and Regional Development<\/em> (1.\u00aa ed.). Routledge.<\/li>\n<\/ul>\n\n\n\n<h2 class=\"wp-block-heading\">Libros y monograf\u00edas en editoriales nacionales<\/h2>\n\n\n\n<ul class=\"wp-block-list\">\n<li>Mart\u00ednez-Garc\u00eda, I., &amp; G\u00f3mez-Ans\u00f3n, S. (2023). <em>Educaci\u00f3n financiera: avances y desaf\u00edos de la investigaci\u00f3n<\/em>. Bolsas y Mercados Espa\u00f1oles. <a rel=\"noreferrer noopener\" href=\"https:\/\/www.bolsasymercados.es\/docs\/BME\/docsSubidos\/Estudios-Articulos\/BME-Educacion-Financiera-avances-desafios-investigacion.pdf\" target=\"_blank\">https:\/\/www.bolsasymercados.es\/docs\/BME\/docsSubidos\/Estudios-Articulos\/BME-Educacion-Financiera-avances-desafios-investigacion.pdf<\/a><\/li>\n\n\n\n<li>Mart\u00ednez-Garc\u00eda, I., L\u00f3pez-Rodr\u00edguez, F., &amp; G\u00f3mez-Ans\u00f3n, S. (2023). <em>Educaci\u00f3n financiera en la Educaci\u00f3n Secundaria Obligatoria: impacto de la normativa, los programas de educaci\u00f3n financiera y desigualdades territoriales<\/em>. Funcas. <a rel=\"noreferrer noopener\" href=\"https:\/\/www.funcas.es\/libro\/educacion-financiera-en-la-educacion-secundaria-obligatoria-impacto-de-la-normativa-los-programas-de-educacion-financiera-y-desigualdades-territoriales\/\" target=\"_blank\">https:\/\/www.funcas.es\/libro\/educacion-financiera-en-la-educacion-secundaria-obligatoria-impacto-de-la-normativa-los-programas-de-educacion-financiera-y-desigualdades-territoriales\/<\/a><\/li>\n\n\n\n<li>Men\u00e9ndez Alonso, E. J. (2019). <em>Gu\u00eda para evitar el fraude: La picaresca en los mercados financieros<\/em>. Pir\u00e1mide.<\/li>\n\n\n\n<li>Rico, G., &amp; Sacrist\u00e1n-Navarro, M. (2017). <em>Fundamentos Empresariales<\/em> (2.\u00aa ed.).<\/li>\n\n\n\n<li>Men\u00e9ndez Alonso, E. J. (2016). <em>El economista que regres\u00f3 a Babel: Un ensayo sobre la jerga de las finanzas<\/em>. Pir\u00e1mide.<\/li>\n<\/ul>\n","protected":false},"excerpt":{"rendered":"<p>Desde 2014 se han publicado los siguientes libros y monograf\u00edas: Libros en editoriales internacionales Libros y monograf\u00edas en editoriales nacionales<\/p>\n","protected":false},"author":1,"featured_media":0,"parent":113,"menu_order":2,"comment_status":"closed","ping_status":"closed","template":"","meta":{"neve_meta_sidebar":"","neve_meta_container":"","neve_meta_enable_content_width":"","neve_meta_content_width":0,"neve_meta_title_alignment":"","neve_meta_author_avatar":"","neve_post_elements_order":"","neve_meta_disable_header":"","neve_meta_disable_footer":"","neve_meta_disable_title":"","footnotes":""},"class_list":["post-115","page","type-page","status-publish","hentry"],"_links":{"self":[{"href":"https:\/\/www.unioviedo.es\/fincorp\/index.php\/wp-json\/wp\/v2\/pages\/115","targetHints":{"allow":["GET"]}}],"collection":[{"href":"https:\/\/www.unioviedo.es\/fincorp\/index.php\/wp-json\/wp\/v2\/pages"}],"about":[{"href":"https:\/\/www.unioviedo.es\/fincorp\/index.php\/wp-json\/wp\/v2\/types\/page"}],"author":[{"embeddable":true,"href":"https:\/\/www.unioviedo.es\/fincorp\/index.php\/wp-json\/wp\/v2\/users\/1"}],"replies":[{"embeddable":true,"href":"https:\/\/www.unioviedo.es\/fincorp\/index.php\/wp-json\/wp\/v2\/comments?post=115"}],"version-history":[{"count":27,"href":"https:\/\/www.unioviedo.es\/fincorp\/index.php\/wp-json\/wp\/v2\/pages\/115\/revisions"}],"predecessor-version":[{"id":2874,"href":"https:\/\/www.unioviedo.es\/fincorp\/index.php\/wp-json\/wp\/v2\/pages\/115\/revisions\/2874"}],"up":[{"embeddable":true,"href":"https:\/\/www.unioviedo.es\/fincorp\/index.php\/wp-json\/wp\/v2\/pages\/113"}],"wp:attachment":[{"href":"https:\/\/www.unioviedo.es\/fincorp\/index.php\/wp-json\/wp\/v2\/media?parent=115"}],"curies":[{"name":"wp","href":"https:\/\/api.w.org\/{rel}","templated":true}]}}