{"id":1163,"date":"2023-03-13T10:14:47","date_gmt":"2023-03-13T10:14:47","guid":{"rendered":"http:\/\/www.unioviedo.es\/fincorp\/?page_id=1163"},"modified":"2025-03-26T15:49:59","modified_gmt":"2025-03-26T15:49:59","slug":"contracts","status":"publish","type":"page","link":"https:\/\/www.unioviedo.es\/fincorp\/index.php\/en\/knowledge-transfer\/contracts\/","title":{"rendered":"Contracts"},"content":{"rendered":"\n<ul class=\"wp-block-list\">\n<li><strong>Financial Health and Economic Violence: regulations and state of the art<\/strong>.<\/li>\n<\/ul>\n\n\n\n<div class=\"wp-block-group is-vertical is-layout-flex wp-container-core-group-is-layout-8cf370e7 wp-block-group-is-layout-flex\">\n<p>Entity: Fundaci\u00f3n Nantik Lum [FUO-24-004].<\/p>\n\n\n\n<p>Duration: enero-septiembre 2024 (9 meses).<\/p>\n\n\n\n<p>Principal researcher: Silvia G\u00f3mez Ans\u00f3n.<\/p>\n\n\n\n<p>Researchers: Silvia G\u00f3mez Ans\u00f3n, Javier Gonz\u00e1lez-Vega, Mar\u00eda Sacrist\u00e1n Navarro, Irma Mart\u00ednez Garc\u00eda and M\u00aa Paz Fern\u00e1ndez-Rivera Gonz\u00e1lez.<\/p>\n<\/div>\n\n\n\n<ul class=\"wp-block-list\">\n<li><strong>Financial Education: plans and policies in the OECD<\/strong>.<\/li>\n<\/ul>\n\n\n\n<div class=\"wp-block-group is-vertical is-layout-flex wp-container-core-group-is-layout-8cf370e7 wp-block-group-is-layout-flex\">\n<p>Entity: Funcas [FUO-339-23].<\/p>\n\n\n\n<p>Duration: November 2023-July 2025 (1 year 8 months).<\/p>\n\n\n\n<p>Principal researcher: Silvia G\u00f3mez Ans\u00f3n.<\/p>\n\n\n\n<p>Researchers: Silvia G\u00f3mez Ans\u00f3n e Irma Mart\u00ednez Garc\u00eda.<\/p>\n<\/div>\n\n\n\n<ul class=\"wp-block-list\">\n<li><strong>Financial education: progress and challenges<\/strong>.<\/li>\n<\/ul>\n\n\n\n<div class=\"wp-block-group is-vertical is-layout-flex wp-container-core-group-is-layout-8cf370e7 wp-block-group-is-layout-flex\">\n<p>Entity: Bolsas y Mercados Espa\u00f1oles, Sociedad Holding de Mercados y Sistemas Financieros, S.A. [FUO-305-23].<\/p>\n\n\n\n<p>Duration: September 2023 \u2013 January 2024 (4 months).<\/p>\n\n\n\n<p>Researchers: Irma Mart\u00ednez Garc\u00eda and Silvia G\u00f3mez Ans\u00f3n.<\/p>\n<\/div>\n\n\n\n<ul class=\"wp-block-list\">\n<li><strong>Elaboration of a Simplified guide for the design, implementation and incorporation of the 2030 Agenda for profit and non-profit entities<\/strong>.<\/li>\n<\/ul>\n\n\n\n<div class=\"wp-block-group is-vertical is-layout-flex wp-container-core-group-is-layout-8cf370e7 wp-block-group-is-layout-flex\">\n<p>Entity: General Directorate of Public Governance, Transparency, Citizen Participation and 2030 Agenda, Regional Ministry of the Presidency, Government of the Principality of Asturias [FUO-167-23].<\/p>\n\n\n\n<p>Duration: May 2023-November 2023 (6 months).<\/p>\n\n\n\n<p>Principal researcher: Mar\u00eda del Rosario Alonso Ib\u00e1\u00f1ez.<\/p>\n\n\n\n<p>Researchers: Silvia G\u00f3mez Ans\u00f3n and Irma Mart\u00ednez Garc\u00eda.<\/p>\n<\/div>\n\n\n\n<ul class=\"wp-block-list\">\n<li><strong>SDG Year 8: comparison of companies listed on the continuous market<\/strong>.<\/li>\n<\/ul>\n\n\n\n<div class=\"wp-block-group is-vertical is-layout-flex wp-container-core-group-is-layout-8cf370e7 wp-block-group-is-layout-flex\">\n<p>Entity: Red Espa\u00f1ola del Pacto Mundial de Naciones Unidas [FUO-096-23].<\/p>\n\n\n\n<p>Duration: March 2023-November 2023 (8 months).<\/p>\n\n\n\n<p>Principal researcher: Irma Mart\u00ednez Garc\u00eda.<\/p>\n\n\n\n<p>Researchers: Silvia G\u00f3mez Ans\u00f3n e Irma Mart\u00ednez Garc\u00eda.<\/p>\n<\/div>\n\n\n\n<ul class=\"wp-block-list\">\n<li><strong>Financial education in compulsory secondary education: impact of regulations, financial education programs and territorial inequalities<\/strong>.<\/li>\n<\/ul>\n\n\n\n<div class=\"wp-block-group is-vertical is-layout-flex wp-container-core-group-is-layout-8cf370e7 wp-block-group-is-layout-flex\">\n<p>Entity: III Convocatoria de Ayudas a la Investigaci\u00f3n en Educaci\u00f3n Financiera, Funcas [FUO-071-22].<\/p>\n\n\n\n<p>Duration: December 2021-November 2022 (1 year).<\/p>\n\n\n\n<p>Principal researcher: Silvia G\u00f3mez Ans\u00f3n.<\/p>\n\n\n\n<p>Researchers: Silvia G\u00f3mez Ans\u00f3n e Irma Mart\u00ednez Garc\u00eda.<\/p>\n<\/div>\n","protected":false},"excerpt":{"rendered":"<p>Entity: Fundaci\u00f3n Nantik Lum [FUO-24-004]. Duration: enero-septiembre 2024 (9 meses). Principal researcher: Silvia G\u00f3mez Ans\u00f3n. Researchers: Silvia G\u00f3mez Ans\u00f3n, Javier Gonz\u00e1lez-Vega, Mar\u00eda Sacrist\u00e1n Navarro, Irma Mart\u00ednez Garc\u00eda and M\u00aa Paz Fern\u00e1ndez-Rivera Gonz\u00e1lez. Entity: Funcas [FUO-339-23]. Duration: November 2023-July 2025 (1 year 8 months). Principal researcher: Silvia G\u00f3mez Ans\u00f3n. Researchers: Silvia G\u00f3mez Ans\u00f3n e Irma Mart\u00ednez&hellip;&nbsp;<a href=\"https:\/\/www.unioviedo.es\/fincorp\/index.php\/en\/knowledge-transfer\/contracts\/\" rel=\"bookmark\">Leer m\u00e1s &raquo;<span class=\"screen-reader-text\">Contracts<\/span><\/a><\/p>\n","protected":false},"author":1,"featured_media":0,"parent":1158,"menu_order":2,"comment_status":"closed","ping_status":"closed","template":"","meta":{"neve_meta_sidebar":"","neve_meta_container":"default","neve_meta_enable_content_width":"","neve_meta_content_width":0,"neve_meta_title_alignment":"","neve_meta_author_avatar":"","neve_post_elements_order":"","neve_meta_disable_header":"","neve_meta_disable_footer":"","neve_meta_disable_title":"","footnotes":""},"class_list":["post-1163","page","type-page","status-publish","hentry"],"_links":{"self":[{"href":"https:\/\/www.unioviedo.es\/fincorp\/index.php\/wp-json\/wp\/v2\/pages\/1163","targetHints":{"allow":["GET"]}}],"collection":[{"href":"https:\/\/www.unioviedo.es\/fincorp\/index.php\/wp-json\/wp\/v2\/pages"}],"about":[{"href":"https:\/\/www.unioviedo.es\/fincorp\/index.php\/wp-json\/wp\/v2\/types\/page"}],"author":[{"embeddable":true,"href":"https:\/\/www.unioviedo.es\/fincorp\/index.php\/wp-json\/wp\/v2\/users\/1"}],"replies":[{"embeddable":true,"href":"https:\/\/www.unioviedo.es\/fincorp\/index.php\/wp-json\/wp\/v2\/comments?post=1163"}],"version-history":[{"count":16,"href":"https:\/\/www.unioviedo.es\/fincorp\/index.php\/wp-json\/wp\/v2\/pages\/1163\/revisions"}],"predecessor-version":[{"id":3330,"href":"https:\/\/www.unioviedo.es\/fincorp\/index.php\/wp-json\/wp\/v2\/pages\/1163\/revisions\/3330"}],"up":[{"embeddable":true,"href":"https:\/\/www.unioviedo.es\/fincorp\/index.php\/wp-json\/wp\/v2\/pages\/1158"}],"wp:attachment":[{"href":"https:\/\/www.unioviedo.es\/fincorp\/index.php\/wp-json\/wp\/v2\/media?parent=1163"}],"curies":[{"name":"wp","href":"https:\/\/api.w.org\/{rel}","templated":true}]}}