{"id":1977,"date":"2023-09-22T10:09:17","date_gmt":"2023-09-22T10:09:17","guid":{"rendered":"https:\/\/www.unioviedo.es\/fincorp\/?page_id=1977"},"modified":"2025-11-26T09:24:45","modified_gmt":"2025-11-26T09:24:45","slug":"fineduca360","status":"publish","type":"page","link":"https:\/\/www.unioviedo.es\/fincorp\/index.php\/fineduca360\/","title":{"rendered":"FinEduca360"},"content":{"rendered":"\n<p><strong>FinEduca360<\/strong> es una iniciativa puesta en marcha en 2022 por el <strong>Grupo de Investigaci\u00f3n Finanzas y Gobierno Corporativo<\/strong> de la Universidad de Oviedo. Su objetivo es servir a la sociedad fomentando la educaci\u00f3n financiera a trav\u00e9s de las tres funciones de la universidad: <strong>docencia, investigaci\u00f3n y transferencia<\/strong>.<\/p>\n\n\n\n<p>En 2023 recibi\u00f3 el <strong>Premio \u00abFinanzas para Todos\u00bb a la Mejor Iniciativa de Educaci\u00f3n Financiera<\/strong>.\u00a0El jurado destac\u00f3 la creatividad en el desarrollo de las actividades, el elevado alcance social al involucrar a diferentes actores e instituciones, as\u00ed como el an\u00e1lisis de impacto realizado en cada una de las actividades.<\/p>\n\n\n\n<p>Desde 2024, la Universidad de Oviedo es colaboradora del <strong><a href=\"https:\/\/www.finanzasparatodos.es\" data-type=\"link\" data-id=\"https:\/\/www.finanzasparatodos.es\" target=\"_blank\" rel=\"noreferrer noopener\">Plan de Educaci\u00f3n Financiera<\/a><\/strong>, promovido por el <strong>Banco de Espa\u00f1a<\/strong>, la <strong>Comisi\u00f3n Nacional del Mercado de Valores (CNMV)<\/strong> y el <strong>Ministerio de Econom\u00eda, Comercio y Empresa<\/strong>.<\/p>\n\n\n\n<ul class=\"wp-block-list has-medium-font-size\">\n<li class=\"has-medium-font-size\"><a href=\"https:\/\/www.unioviedo.es\/fincorp\/index.php\/fineduca360\/fineduca360-docencia\/\" data-type=\"link\" data-id=\"https:\/\/www.unioviedo.es\/fincorp\/index.php\/fineduca360\/fineduca360-docencia\/\">Docencia<\/a><\/li>\n\n\n\n<li><a href=\"https:\/\/www.unioviedo.es\/fincorp\/index.php\/fineduca360\/fineduca360-investigacion-y-transferencia\/\">Investigaci\u00f3n y transferencia<\/a><\/li>\n\n\n\n<li><a href=\"https:\/\/www.unioviedo.es\/fincorp\/index.php\/fineduca360\/fineduca360-premios\/\">Premios<\/a><\/li>\n\n\n\n<li><a href=\"https:\/\/www.unioviedo.es\/fincorp\/index.php\/fineduca360\/fineduca360-jovenes-para-jovenes\/\">FinEduca360: J\u00f3venes para J\u00f3venes<\/a><\/li>\n\n\n\n<li><a href=\"https:\/\/www.unioviedo.es\/fincorp\/index.php\/fineduca360\/fineduca360-anuncios\/\" data-type=\"link\" data-id=\"https:\/\/www.unioviedo.es\/fincorp\/index.php\/fineduca360\/fineduca360-anuncios\/\">Anuncios<\/a><\/li>\n<\/ul>\n\n\n\n<iframe loading=\"lazy\" src=\"https:\/\/www.google.com\/maps\/d\/embed?mid=1hYbtgkUVSdWgiEzMA89WvHqfUYaEMfc&#038;ehbc=2E312F&#038;noprof=1\" width=\"640\" height=\"480\"><\/iframe>\n\n\n\n<div style=\"height:35px\" aria-hidden=\"true\" class=\"wp-block-spacer\"><\/div>\n\n\n\n<figure class=\"wp-block-image size-large is-resized\"><img loading=\"lazy\" decoding=\"async\" width=\"1024\" height=\"264\" src=\"http:\/\/www.unioviedo.es\/fincorp\/wp-content\/uploads\/2023\/11\/FinEduca360-1024x264.png\" alt=\"\" class=\"wp-image-2379\" style=\"width:500px\" srcset=\"https:\/\/www.unioviedo.es\/fincorp\/wp-content\/uploads\/2023\/11\/FinEduca360-1024x264.png 1024w, https:\/\/www.unioviedo.es\/fincorp\/wp-content\/uploads\/2023\/11\/FinEduca360-300x77.png 300w, https:\/\/www.unioviedo.es\/fincorp\/wp-content\/uploads\/2023\/11\/FinEduca360-768x198.png 768w, https:\/\/www.unioviedo.es\/fincorp\/wp-content\/uploads\/2023\/11\/FinEduca360.png 1420w\" sizes=\"auto, (max-width: 1024px) 100vw, 1024px\" \/><\/figure>\n","protected":false},"excerpt":{"rendered":"<p>FinEduca360 es una iniciativa puesta en marcha en 2022 por el Grupo de Investigaci\u00f3n Finanzas y Gobierno Corporativo de la Universidad de Oviedo. Su objetivo es servir a la sociedad fomentando la educaci\u00f3n financiera a trav\u00e9s de las tres funciones de la universidad: docencia, investigaci\u00f3n y transferencia. En 2023 recibi\u00f3 el Premio \u00abFinanzas para Todos\u00bb&hellip;&nbsp;<a href=\"https:\/\/www.unioviedo.es\/fincorp\/index.php\/fineduca360\/\" rel=\"bookmark\">Leer m\u00e1s &raquo;<span class=\"screen-reader-text\">FinEduca360<\/span><\/a><\/p>\n","protected":false},"author":1,"featured_media":0,"parent":0,"menu_order":1,"comment_status":"closed","ping_status":"closed","template":"","meta":{"neve_meta_sidebar":"","neve_meta_container":"default","neve_meta_enable_content_width":"","neve_meta_content_width":0,"neve_meta_title_alignment":"","neve_meta_author_avatar":"","neve_post_elements_order":"","neve_meta_disable_header":"","neve_meta_disable_footer":"","neve_meta_disable_title":"","footnotes":""},"class_list":["post-1977","page","type-page","status-publish","hentry"],"_links":{"self":[{"href":"https:\/\/www.unioviedo.es\/fincorp\/index.php\/wp-json\/wp\/v2\/pages\/1977","targetHints":{"allow":["GET"]}}],"collection":[{"href":"https:\/\/www.unioviedo.es\/fincorp\/index.php\/wp-json\/wp\/v2\/pages"}],"about":[{"href":"https:\/\/www.unioviedo.es\/fincorp\/index.php\/wp-json\/wp\/v2\/types\/page"}],"author":[{"embeddable":true,"href":"https:\/\/www.unioviedo.es\/fincorp\/index.php\/wp-json\/wp\/v2\/users\/1"}],"replies":[{"embeddable":true,"href":"https:\/\/www.unioviedo.es\/fincorp\/index.php\/wp-json\/wp\/v2\/comments?post=1977"}],"version-history":[{"count":33,"href":"https:\/\/www.unioviedo.es\/fincorp\/index.php\/wp-json\/wp\/v2\/pages\/1977\/revisions"}],"predecessor-version":[{"id":3693,"href":"https:\/\/www.unioviedo.es\/fincorp\/index.php\/wp-json\/wp\/v2\/pages\/1977\/revisions\/3693"}],"wp:attachment":[{"href":"https:\/\/www.unioviedo.es\/fincorp\/index.php\/wp-json\/wp\/v2\/media?parent=1977"}],"curies":[{"name":"wp","href":"https:\/\/api.w.org\/{rel}","templated":true}]}}