{"id":2003,"date":"2023-09-22T14:00:21","date_gmt":"2023-09-22T14:00:21","guid":{"rendered":"https:\/\/www.unioviedo.es\/fincorp\/?page_id=2003"},"modified":"2024-09-23T13:24:46","modified_gmt":"2024-09-23T13:24:46","slug":"fineduca360-premios","status":"publish","type":"page","link":"https:\/\/www.unioviedo.es\/fincorp\/index.php\/fineduca360\/fineduca360-premios\/","title":{"rendered":"FinEduca360: Premios"},"content":{"rendered":"\n<h2 class=\"wp-block-heading\">Premio Mejor Iniciativa Finanzas para Todos<\/h2>\n\n\n\n<p>La iniciativa FinEduca360 promovida por nuestro grupo de investigaci\u00f3n recibi\u00f3 en 2023 el Premio Mejor Iniciativa de los Premios Finanzas para Todos en el marco del\u00a0Plan de Educaci\u00f3n Financiera, promovido por el Ministerio de Asuntos Econ\u00f3micos y Transformaci\u00f3n Digital, el Banco de Espa\u00f1a y la Comisi\u00f3n Nacional del Mercado de Valores (CNMV). Nuestra iniciativa\u00a0FinEduca360 tiene como objetivo servir a la sociedad fomentando la educaci\u00f3n financiera a trav\u00e9s de las tres funciones de la universidad: la docencia, la investigaci\u00f3n y la transferencia de conocimientos. Integra diversas actividades destinadas a diferentes colectivos: ni\u00f1os, j\u00f3venes, familias, universitarios y docentes de universidades y de otros niveles educativos. El jurado destac\u00f3 la creatividad en el desarrollo de las actividades, el elevado alcance social al involucrar a diferentes actores, instituciones y organismos, as\u00ed como el an\u00e1lisis de impacto realizado de cada una de las actividades.\u00a0<\/p>\n\n\n\n<p>La entrega de premios fue el d\u00eda 2 de octubre de 2023 en el acto central del D\u00eda de la Educaci\u00f3n Financiera, celebrado en Sevilla:<\/p>\n\n\n\n<iframe loading=\"lazy\" width=\"560\" height=\"315\" src=\"https:\/\/www.youtube.com\/embed\/0zlJ6D2p8Fs?si=gBCIRxgnv_8iLTW3&amp;start=4380\" title=\"YouTube video player\" frameborder=\"0\" allow=\"accelerometer; autoplay; clipboard-write; encrypted-media; gyroscope; picture-in-picture; web-share\" allowfullscreen><\/iframe>\n\n\n\n<div style=\"height:35px\" aria-hidden=\"true\" class=\"wp-block-spacer\"><\/div>\n\n\n\n<figure class=\"wp-block-image size-large is-resized\"><img loading=\"lazy\" decoding=\"async\" width=\"1024\" height=\"768\" src=\"http:\/\/www.unioviedo.es\/fincorp\/wp-content\/uploads\/2023\/10\/Premio-Finanzas-para-Todos-1024x768.jpg\" alt=\"\" class=\"wp-image-2271\" style=\"aspect-ratio:1.3333333333333333;width:600px;height:auto\" srcset=\"https:\/\/www.unioviedo.es\/fincorp\/wp-content\/uploads\/2023\/10\/Premio-Finanzas-para-Todos-1024x768.jpg 1024w, https:\/\/www.unioviedo.es\/fincorp\/wp-content\/uploads\/2023\/10\/Premio-Finanzas-para-Todos-300x225.jpg 300w, https:\/\/www.unioviedo.es\/fincorp\/wp-content\/uploads\/2023\/10\/Premio-Finanzas-para-Todos-768x576.jpg 768w, https:\/\/www.unioviedo.es\/fincorp\/wp-content\/uploads\/2023\/10\/Premio-Finanzas-para-Todos-1536x1152.jpg 1536w, https:\/\/www.unioviedo.es\/fincorp\/wp-content\/uploads\/2023\/10\/Premio-Finanzas-para-Todos-2048x1536.jpg 2048w\" sizes=\"auto, (max-width: 1024px) 100vw, 1024px\" \/><\/figure>\n\n\n\n<div style=\"height:35px\" aria-hidden=\"true\" class=\"wp-block-spacer\"><\/div>\n\n\n\n<p>Links:<\/p>\n\n\n\n<div class=\"wp-block-group is-vertical is-layout-flex wp-container-core-group-is-layout-8cf370e7 wp-block-group-is-layout-flex\">\n<p><a href=\"https:\/\/www.finanzasparatodos.es\/premiosfinanzasparatodos2023\" target=\"_blank\" rel=\"noreferrer noopener\">https:\/\/www.finanzasparatodos.es\/premiosfinanzasparatodos2023<\/a><\/p>\n\n\n\n<p><a href=\"https:\/\/clientebancario.bde.es\/pcb\/en\/blog\/premios-finanzas-para-todos-2023.html\" target=\"_blank\" rel=\"noreferrer noopener\">https:\/\/clientebancario.bde.es\/pcb\/en\/blog\/premios-finanzas-para-todos-2023.html<\/a><\/p>\n\n\n\n<p><a href=\"https:\/\/www.uniovi.es\/actualidad\/noticias\/-\/asset_publisher\/Ru0cAJNPrm1m\/content\/id\/4873037\" target=\"_blank\" rel=\"noreferrer noopener\">https:\/\/www.uniovi.es\/actualidad\/noticias\/-\/asset_publisher\/Ru0cAJNPrm1m\/content\/id\/4873037<\/a><\/p>\n\n\n\n<p><a rel=\"noreferrer noopener\" href=\"https:\/\/www.inese.es\/estamos-seguros-reconocida-con-un-premios-finanzas-para-todos-2023\/\" target=\"_blank\">https:\/\/www.inese.es\/estamos-seguros-reconocida-con-un-premios-finanzas-para-todos-2023\/<\/a><\/p>\n\n\n\n<p><a href=\"https:\/\/segurosnews.com\/news\/estamos-seguros-de-unespa-premio-finanzas-para-todos\" target=\"_blank\" rel=\"noreferrer noopener\">https:\/\/segurosnews.com\/news\/estamos-seguros-de-unespa-premio-finanzas-para-todos<\/a><\/p>\n\n\n\n<p><a rel=\"noreferrer noopener\" href=\"https:\/\/www.grupoaseguranza.com\/noticias-de-seguros\/estamos-seguros-unespa-recibe-premio-finanzas-para-todos\" target=\"_blank\">https:\/\/www.grupoaseguranza.com\/noticias-de-seguros\/estamos-seguros-unespa-recibe-premio-finanzas-para-todos<\/a><\/p>\n\n\n\n<p><a href=\"https:\/\/www.elcomercio.es\/asturias\/universidad-logra-premio-finanzas-mejor-iniciativa-educativa-20230923011416-nt.html?ref=https%3A%2F%2Fwww.google.com%2F\" target=\"_blank\" rel=\"noreferrer noopener\">https:\/\/www.elcomercio.es\/asturias\/universidad-logra-premio-finanzas-mejor-iniciativa-educativa-20230923011416-nt.html?ref=https%3A%2F%2Fwww.google.com%2F<\/a><\/p>\n<\/div>\n\n\n\n<div style=\"height:30px\" aria-hidden=\"true\" class=\"wp-block-spacer\"><\/div>\n\n\n\n<figure class=\"wp-block-image size-full is-resized\"><img loading=\"lazy\" decoding=\"async\" width=\"600\" height=\"147\" src=\"http:\/\/www.unioviedo.es\/fincorp\/wp-content\/uploads\/2023\/03\/Finanzas-para-Todos.png\" alt=\"\" class=\"wp-image-1603\" style=\"width:450px;height:110px\" srcset=\"https:\/\/www.unioviedo.es\/fincorp\/wp-content\/uploads\/2023\/03\/Finanzas-para-Todos.png 600w, https:\/\/www.unioviedo.es\/fincorp\/wp-content\/uploads\/2023\/03\/Finanzas-para-Todos-300x74.png 300w\" sizes=\"auto, (max-width: 600px) 100vw, 600px\" \/><\/figure>\n","protected":false},"excerpt":{"rendered":"<p>Premio Mejor Iniciativa Finanzas para Todos La iniciativa FinEduca360 promovida por nuestro grupo de investigaci\u00f3n recibi\u00f3 en 2023 el Premio Mejor Iniciativa de los Premios Finanzas para Todos en el marco del\u00a0Plan de Educaci\u00f3n Financiera, promovido por el Ministerio de Asuntos Econ\u00f3micos y Transformaci\u00f3n Digital, el Banco de Espa\u00f1a y la Comisi\u00f3n Nacional del Mercado&hellip;&nbsp;<a href=\"https:\/\/www.unioviedo.es\/fincorp\/index.php\/fineduca360\/fineduca360-premios\/\" rel=\"bookmark\">Leer m\u00e1s &raquo;<span class=\"screen-reader-text\">FinEduca360: Premios<\/span><\/a><\/p>\n","protected":false},"author":1,"featured_media":0,"parent":1977,"menu_order":2,"comment_status":"closed","ping_status":"closed","template":"","meta":{"neve_meta_sidebar":"","neve_meta_container":"","neve_meta_enable_content_width":"","neve_meta_content_width":0,"neve_meta_title_alignment":"","neve_meta_author_avatar":"","neve_post_elements_order":"","neve_meta_disable_header":"","neve_meta_disable_footer":"","neve_meta_disable_title":"","footnotes":""},"class_list":["post-2003","page","type-page","status-publish","hentry"],"_links":{"self":[{"href":"https:\/\/www.unioviedo.es\/fincorp\/index.php\/wp-json\/wp\/v2\/pages\/2003","targetHints":{"allow":["GET"]}}],"collection":[{"href":"https:\/\/www.unioviedo.es\/fincorp\/index.php\/wp-json\/wp\/v2\/pages"}],"about":[{"href":"https:\/\/www.unioviedo.es\/fincorp\/index.php\/wp-json\/wp\/v2\/types\/page"}],"author":[{"embeddable":true,"href":"https:\/\/www.unioviedo.es\/fincorp\/index.php\/wp-json\/wp\/v2\/users\/1"}],"replies":[{"embeddable":true,"href":"https:\/\/www.unioviedo.es\/fincorp\/index.php\/wp-json\/wp\/v2\/comments?post=2003"}],"version-history":[{"count":11,"href":"https:\/\/www.unioviedo.es\/fincorp\/index.php\/wp-json\/wp\/v2\/pages\/2003\/revisions"}],"predecessor-version":[{"id":2933,"href":"https:\/\/www.unioviedo.es\/fincorp\/index.php\/wp-json\/wp\/v2\/pages\/2003\/revisions\/2933"}],"up":[{"embeddable":true,"href":"https:\/\/www.unioviedo.es\/fincorp\/index.php\/wp-json\/wp\/v2\/pages\/1977"}],"wp:attachment":[{"href":"https:\/\/www.unioviedo.es\/fincorp\/index.php\/wp-json\/wp\/v2\/media?parent=2003"}],"curies":[{"name":"wp","href":"https:\/\/api.w.org\/{rel}","templated":true}]}}