{"id":2006,"date":"2023-09-22T14:00:56","date_gmt":"2023-09-22T14:00:56","guid":{"rendered":"https:\/\/www.unioviedo.es\/fincorp\/?page_id=2006"},"modified":"2023-09-25T08:52:11","modified_gmt":"2023-09-25T08:52:11","slug":"fineduca360-anuncios","status":"publish","type":"page","link":"https:\/\/www.unioviedo.es\/fincorp\/index.php\/fineduca360\/fineduca360-anuncios\/","title":{"rendered":"FinEduca360: Anuncios"},"content":{"rendered":"<ul class=\"wp-block-latest-posts__list wp-block-latest-posts\"><li><div class=\"wp-block-latest-posts__featured-image alignleft\"><a href=\"https:\/\/www.unioviedo.es\/fincorp\/index.php\/2025\/10\/08\/tercera-edicion-de-fineduca360-jovenes-para-jovenes\/\" aria-label=\"Tercera edici\u00f3n de FinEduca360: J\u00f3venes para J\u00f3venes\"><img loading=\"lazy\" decoding=\"async\" width=\"300\" height=\"77\" src=\"https:\/\/www.unioviedo.es\/fincorp\/wp-content\/uploads\/2023\/11\/FinEduca360-300x77.png\" class=\"attachment-medium size-medium wp-post-image\" alt=\"\" style=\"max-width:150px;max-height:150px;\" srcset=\"https:\/\/www.unioviedo.es\/fincorp\/wp-content\/uploads\/2023\/11\/FinEduca360-300x77.png 300w, https:\/\/www.unioviedo.es\/fincorp\/wp-content\/uploads\/2023\/11\/FinEduca360-1024x264.png 1024w, https:\/\/www.unioviedo.es\/fincorp\/wp-content\/uploads\/2023\/11\/FinEduca360-768x198.png 768w, https:\/\/www.unioviedo.es\/fincorp\/wp-content\/uploads\/2023\/11\/FinEduca360.png 1420w\" sizes=\"auto, (max-width: 300px) 100vw, 300px\" \/><\/a><\/div><a class=\"wp-block-latest-posts__post-title\" href=\"https:\/\/www.unioviedo.es\/fincorp\/index.php\/2025\/10\/08\/tercera-edicion-de-fineduca360-jovenes-para-jovenes\/\">Tercera edici\u00f3n de FinEduca360: J\u00f3venes para J\u00f3venes<\/a><div class=\"wp-block-latest-posts__post-excerpt\">La Universidad de Oviedo con el apoyo de Caja Rural de Asturias ofrece los estudiantes de la Facultad de Econom\u00eda y Empresa la oportunidad de colaborar en un proyecto educativo cuyo objetivo es acercar la cultura financiera a los m\u00e1s j\u00f3venes. En el marco del proyecto FinEduca360: J\u00f3venes para J\u00f3venes, estudiantes de la Facultad de Econom\u00eda y Empresa impartir\u00e1n una charla sobre educaci\u00f3n financiera de una 1 hora de duraci\u00f3n en un colegio o instituto asturiano. Las charlas tendr\u00e1n lugar a lo largo del curso 2025\/2026 y estar\u00e1n destinadas a estudiantes de ESO y Bachillerato.<\/div><\/li>\n<li><div class=\"wp-block-latest-posts__featured-image alignleft\"><a href=\"https:\/\/www.unioviedo.es\/fincorp\/index.php\/2025\/09\/16\/comienza-el-aula-de-extension-universitaria-de-fineduca360-en-nava\/\" aria-label=\"Comienza el Aula de Extensi\u00f3n Universitaria de FinEduca360 en Nava\"><img loading=\"lazy\" decoding=\"async\" width=\"300\" height=\"67\" src=\"https:\/\/www.unioviedo.es\/fincorp\/wp-content\/uploads\/2023\/11\/Logo-Grupo-completo-espanol-copia-300x67.jpg\" class=\"attachment-medium size-medium wp-post-image\" alt=\"\" style=\"max-width:150px;max-height:150px;\" srcset=\"https:\/\/www.unioviedo.es\/fincorp\/wp-content\/uploads\/2023\/11\/Logo-Grupo-completo-espanol-copia-300x67.jpg 300w, https:\/\/www.unioviedo.es\/fincorp\/wp-content\/uploads\/2023\/11\/Logo-Grupo-completo-espanol-copia-1024x227.jpg 1024w, https:\/\/www.unioviedo.es\/fincorp\/wp-content\/uploads\/2023\/11\/Logo-Grupo-completo-espanol-copia-768x170.jpg 768w, https:\/\/www.unioviedo.es\/fincorp\/wp-content\/uploads\/2023\/11\/Logo-Grupo-completo-espanol-copia-1536x341.jpg 1536w, https:\/\/www.unioviedo.es\/fincorp\/wp-content\/uploads\/2023\/11\/Logo-Grupo-completo-espanol-copia.jpg 1820w\" sizes=\"auto, (max-width: 300px) 100vw, 300px\" \/><\/a><\/div><a class=\"wp-block-latest-posts__post-title\" href=\"https:\/\/www.unioviedo.es\/fincorp\/index.php\/2025\/09\/16\/comienza-el-aula-de-extension-universitaria-de-fineduca360-en-nava\/\">Comienza el Aula de Extensi\u00f3n Universitaria de FinEduca360 en Nava<\/a><div class=\"wp-block-latest-posts__post-excerpt\">El pasado lunes, 15 de septiembre, ha comenzado en Nava el Aula de Extensi\u00f3n Universitaria \u00abEducaci\u00f3n financiera y finanzas personales para la vida cotidiana\u00bb, organizada por nuestro grupo de investigaci\u00f3n en el marco del proyecto FinEduca360.<\/div><\/li>\n<li><div class=\"wp-block-latest-posts__featured-image alignleft\"><a href=\"https:\/\/www.unioviedo.es\/fincorp\/index.php\/2025\/09\/16\/comienza-nuestra-asignatura-sobre-finanzas-personales-en-pumuo-en-oviedo\/\" aria-label=\"Comienza nuestra asignatura sobre finanzas personales en PUMUO en Oviedo\"><img loading=\"lazy\" decoding=\"async\" width=\"169\" height=\"223\" src=\"https:\/\/www.unioviedo.es\/fincorp\/wp-content\/uploads\/2024\/07\/PUMUO-LOGO-1.jpeg\" class=\"attachment-medium size-medium wp-post-image\" alt=\"\" style=\"max-width:150px;max-height:150px;\" \/><\/a><\/div><a class=\"wp-block-latest-posts__post-title\" href=\"https:\/\/www.unioviedo.es\/fincorp\/index.php\/2025\/09\/16\/comienza-nuestra-asignatura-sobre-finanzas-personales-en-pumuo-en-oviedo\/\">Comienza nuestra asignatura sobre finanzas personales en PUMUO en Oviedo<\/a><div class=\"wp-block-latest-posts__post-excerpt\">El pasado lunes, 15 de septiembre, ha comenzado el curso del primer semestre del Programa Universitario para Mayores de la Universidad de Oviedo (PUMUO), en su sede de Oviedo. Desde nuestro grupo de investigaci\u00f3n, queremos agradecer la excelente acogida de nuestra asignatura \u00abLos 50+ financieros: finanzas personales y salud financiera en la madurez\u00bb, que formar\u00e1 parte de la oferta formativa del programa con un total de 60 personas matriculadas.<\/div><\/li>\n<li><div class=\"wp-block-latest-posts__featured-image alignleft\"><a href=\"https:\/\/www.unioviedo.es\/fincorp\/index.php\/2025\/03\/21\/continuan-las-charlas-de-la-segunda-edicion-de-fineduca360-jovenes-para-jovenes\/\" aria-label=\"Contin\u00faan las charlas de la segunda edici\u00f3n de \u00abFinEduca360: J\u00f3venes para J\u00f3venes\u00bb\"><img loading=\"lazy\" decoding=\"async\" width=\"300\" height=\"77\" src=\"https:\/\/www.unioviedo.es\/fincorp\/wp-content\/uploads\/2023\/11\/FinEduca360-300x77.png\" class=\"attachment-medium size-medium wp-post-image\" alt=\"\" style=\"max-width:150px;max-height:150px;\" srcset=\"https:\/\/www.unioviedo.es\/fincorp\/wp-content\/uploads\/2023\/11\/FinEduca360-300x77.png 300w, https:\/\/www.unioviedo.es\/fincorp\/wp-content\/uploads\/2023\/11\/FinEduca360-1024x264.png 1024w, https:\/\/www.unioviedo.es\/fincorp\/wp-content\/uploads\/2023\/11\/FinEduca360-768x198.png 768w, https:\/\/www.unioviedo.es\/fincorp\/wp-content\/uploads\/2023\/11\/FinEduca360.png 1420w\" sizes=\"auto, (max-width: 300px) 100vw, 300px\" \/><\/a><\/div><a class=\"wp-block-latest-posts__post-title\" href=\"https:\/\/www.unioviedo.es\/fincorp\/index.php\/2025\/03\/21\/continuan-las-charlas-de-la-segunda-edicion-de-fineduca360-jovenes-para-jovenes\/\">Contin\u00faan las charlas de la segunda edici\u00f3n de \u00abFinEduca360: J\u00f3venes para J\u00f3venes\u00bb<\/a><div class=\"wp-block-latest-posts__post-excerpt\">Coincidiendo con la Global Money Week, presentamos la segunda tanda de sesiones del proyecto \u00abFinEduca360: J\u00f3venes para J\u00f3venes\u00bb, que contin\u00faa su labor de acercar la educaci\u00f3n financiera a estudiantes de secundaria y bachillerato en Asturias. Estas charlas, tituladas \u00abMis finanzas: \u00bfc\u00f3mo cuidarlas?\u00bb, pretenden ofrecer a los j\u00f3venes herramientas clave para gestionar su dinero de forma responsable.<\/div><\/li>\n<li><div class=\"wp-block-latest-posts__featured-image alignleft\"><a href=\"https:\/\/www.unioviedo.es\/fincorp\/index.php\/2025\/03\/14\/nuevas-aulas-de-extension-universitaria-de-fineduca360-en-tapia-de-casariego\/\" aria-label=\"Nuevas Aulas de Extensi\u00f3n Universitaria de FinEduca360 en Tapia de Casariego\"><img loading=\"lazy\" decoding=\"async\" width=\"300\" height=\"77\" src=\"https:\/\/www.unioviedo.es\/fincorp\/wp-content\/uploads\/2023\/11\/FinEduca360-300x77.png\" class=\"attachment-medium size-medium wp-post-image\" alt=\"\" style=\"max-width:150px;max-height:150px;\" srcset=\"https:\/\/www.unioviedo.es\/fincorp\/wp-content\/uploads\/2023\/11\/FinEduca360-300x77.png 300w, https:\/\/www.unioviedo.es\/fincorp\/wp-content\/uploads\/2023\/11\/FinEduca360-1024x264.png 1024w, https:\/\/www.unioviedo.es\/fincorp\/wp-content\/uploads\/2023\/11\/FinEduca360-768x198.png 768w, https:\/\/www.unioviedo.es\/fincorp\/wp-content\/uploads\/2023\/11\/FinEduca360.png 1420w\" sizes=\"auto, (max-width: 300px) 100vw, 300px\" \/><\/a><\/div><a class=\"wp-block-latest-posts__post-title\" href=\"https:\/\/www.unioviedo.es\/fincorp\/index.php\/2025\/03\/14\/nuevas-aulas-de-extension-universitaria-de-fineduca360-en-tapia-de-casariego\/\">Nuevas Aulas de Extensi\u00f3n Universitaria de FinEduca360 en Tapia de Casariego<\/a><div class=\"wp-block-latest-posts__post-excerpt\">Nuestro grupo de investigaci\u00f3n organiza dos nuevas Aulas de Extensi\u00f3n Universitaria dentro del proyecto FinEduca360: \u00abFinanzas y emprendimiento\u00bb y \u00abFinanzas personales y educaci\u00f3n financiera\u00bb. Estas iniciativas, de acceso gratuito, buscan acercar la cultura financiera a la poblaci\u00f3n asturiana y se enmarcan en el Plan de Educaci\u00f3n Financiera del Banco de Espa\u00f1a, la Comisi\u00f3n Nacional del Mercado de Valores y el Ministerio de Econom\u00eda, Comercio y Empresa.<\/div><\/li>\n<li><div class=\"wp-block-latest-posts__featured-image alignleft\"><a href=\"https:\/\/www.unioviedo.es\/fincorp\/index.php\/2025\/03\/05\/entrevista-a-eduardo-jose-menendez-alonso-en-onda-cero-cangas-del-narcea\/\" aria-label=\"Entrevista a Eduardo Jos\u00e9 Men\u00e9ndez Alonso en Onda Cero Cangas del Narcea\"><img loading=\"lazy\" decoding=\"async\" width=\"300\" height=\"232\" src=\"https:\/\/www.unioviedo.es\/fincorp\/wp-content\/uploads\/2025\/03\/Onda-Cero-logo-300x232.png\" class=\"attachment-medium size-medium wp-post-image\" alt=\"\" style=\"max-width:150px;max-height:150px;\" srcset=\"https:\/\/www.unioviedo.es\/fincorp\/wp-content\/uploads\/2025\/03\/Onda-Cero-logo-300x232.png 300w, https:\/\/www.unioviedo.es\/fincorp\/wp-content\/uploads\/2025\/03\/Onda-Cero-logo-1024x793.png 1024w, https:\/\/www.unioviedo.es\/fincorp\/wp-content\/uploads\/2025\/03\/Onda-Cero-logo-768x595.png 768w, https:\/\/www.unioviedo.es\/fincorp\/wp-content\/uploads\/2025\/03\/Onda-Cero-logo-1536x1189.png 1536w, https:\/\/www.unioviedo.es\/fincorp\/wp-content\/uploads\/2025\/03\/Onda-Cero-logo-2048x1586.png 2048w\" sizes=\"auto, (max-width: 300px) 100vw, 300px\" \/><\/a><\/div><a class=\"wp-block-latest-posts__post-title\" href=\"https:\/\/www.unioviedo.es\/fincorp\/index.php\/2025\/03\/05\/entrevista-a-eduardo-jose-menendez-alonso-en-onda-cero-cangas-del-narcea\/\">Entrevista a Eduardo Jos\u00e9 Men\u00e9ndez Alonso en Onda Cero Cangas del Narcea<\/a><div class=\"wp-block-latest-posts__post-excerpt\">Esta ma\u00f1ana, Eduardo Jos\u00e9 Men\u00e9ndez Alonso, miembro de nuestro grupo de investigaci\u00f3n, ha sido entrevistado en el programa\u00a0M\u00e1s de Uno Cangas del Narcea, de Onda Cero Cangas del Narcea, para hablar sobre las Aulas de Extensi\u00f3n Universitaria de educaci\u00f3n financiera que ofrecemos en esta localidad dentro del proyecto FinEduca360.<\/div><\/li>\n<li><div class=\"wp-block-latest-posts__featured-image alignleft\"><a href=\"https:\/\/www.unioviedo.es\/fincorp\/index.php\/2025\/03\/03\/inicio-de-la-segunda-edicion-de-fineduca360-jovenes-para-jovenes\/\" aria-label=\"Inicio de la segunda edici\u00f3n de \u00abFinEduca360: J\u00f3venes para J\u00f3venes\u00bb\"><img loading=\"lazy\" decoding=\"async\" width=\"300\" height=\"77\" src=\"https:\/\/www.unioviedo.es\/fincorp\/wp-content\/uploads\/2023\/11\/FinEduca360-300x77.png\" class=\"attachment-medium size-medium wp-post-image\" alt=\"\" style=\"max-width:150px;max-height:150px;\" srcset=\"https:\/\/www.unioviedo.es\/fincorp\/wp-content\/uploads\/2023\/11\/FinEduca360-300x77.png 300w, https:\/\/www.unioviedo.es\/fincorp\/wp-content\/uploads\/2023\/11\/FinEduca360-1024x264.png 1024w, https:\/\/www.unioviedo.es\/fincorp\/wp-content\/uploads\/2023\/11\/FinEduca360-768x198.png 768w, https:\/\/www.unioviedo.es\/fincorp\/wp-content\/uploads\/2023\/11\/FinEduca360.png 1420w\" sizes=\"auto, (max-width: 300px) 100vw, 300px\" \/><\/a><\/div><a class=\"wp-block-latest-posts__post-title\" href=\"https:\/\/www.unioviedo.es\/fincorp\/index.php\/2025\/03\/03\/inicio-de-la-segunda-edicion-de-fineduca360-jovenes-para-jovenes\/\">Inicio de la segunda edici\u00f3n de \u00abFinEduca360: J\u00f3venes para J\u00f3venes\u00bb<\/a><div class=\"wp-block-latest-posts__post-excerpt\">Tras los talleres formativos impartidos por profesionales de la Asociaci\u00f3n Espa\u00f1ola de Asesores y Planificadores Financieros (EFPA Espa\u00f1a), la Comisi\u00f3n Nacional del Mercado de Valores (CNMV) y nuestro grupo de investigaci\u00f3n, en febrero han tenido lugar las primeras charlas del proyecto \u00abFinEduca360: J\u00f3venes para J\u00f3venes\u00bb, que en su segunda edici\u00f3n contin\u00faa acercando la educaci\u00f3n financiera a los estudiantes de secundaria y bachillerato.<\/div><\/li>\n<li><div class=\"wp-block-latest-posts__featured-image alignleft\"><a href=\"https:\/\/www.unioviedo.es\/fincorp\/index.php\/2025\/02\/21\/comienza-la-asignatura-de-pumuo-los-50-financieros-en-mieres\/\" aria-label=\"Comienza la asignatura de PUMUO \u00abLos 50+ financieros\u00bb en Mieres\"><img loading=\"lazy\" decoding=\"async\" width=\"169\" height=\"223\" src=\"https:\/\/www.unioviedo.es\/fincorp\/wp-content\/uploads\/2024\/07\/PUMUO-LOGO-1.jpeg\" class=\"attachment-medium size-medium wp-post-image\" alt=\"\" style=\"max-width:150px;max-height:150px;\" \/><\/a><\/div><a class=\"wp-block-latest-posts__post-title\" href=\"https:\/\/www.unioviedo.es\/fincorp\/index.php\/2025\/02\/21\/comienza-la-asignatura-de-pumuo-los-50-financieros-en-mieres\/\">Comienza la asignatura de PUMUO \u00abLos 50+ financieros\u00bb en Mieres<\/a><div class=\"wp-block-latest-posts__post-excerpt\">Ayer, 20 de febrero de 2025, dio comienzo la asignatura \u00abLos 50+ financieros: finanzas personales y salud financiera en la madurez\u00bb, impartida dentro del Programa Universitario para Mayores de la Universidad de Oviedo (PUMUO) en la sede de Mieres. Este curso, organizado por nuestro grupo de investigaci\u00f3n, forma parte de nuestra iniciativa FinEduca360 y busca acercar conceptos clave de las finanzas personales a un p\u00fablico adulto, fomentando una mejor gesti\u00f3n del ahorro y la inversi\u00f3n.<\/div><\/li>\n<li><div class=\"wp-block-latest-posts__featured-image alignleft\"><a href=\"https:\/\/www.unioviedo.es\/fincorp\/index.php\/2025\/02\/21\/charla-y-taller-de-la-cnmv-sobre-finanzas-personales\/\" aria-label=\"Charla y taller de la CNMV sobre finanzas personales\"><img loading=\"lazy\" decoding=\"async\" width=\"300\" height=\"300\" src=\"https:\/\/www.unioviedo.es\/fincorp\/wp-content\/uploads\/2023\/03\/CNMV-300x300.jpeg\" class=\"attachment-medium size-medium wp-post-image\" alt=\"\" style=\"max-width:150px;max-height:150px;\" srcset=\"https:\/\/www.unioviedo.es\/fincorp\/wp-content\/uploads\/2023\/03\/CNMV-300x300.jpeg 300w, https:\/\/www.unioviedo.es\/fincorp\/wp-content\/uploads\/2023\/03\/CNMV-1024x1024.jpeg 1024w, https:\/\/www.unioviedo.es\/fincorp\/wp-content\/uploads\/2023\/03\/CNMV-150x150.jpeg 150w, https:\/\/www.unioviedo.es\/fincorp\/wp-content\/uploads\/2023\/03\/CNMV-768x768.jpeg 768w, https:\/\/www.unioviedo.es\/fincorp\/wp-content\/uploads\/2023\/03\/CNMV.jpeg 1181w\" sizes=\"auto, (max-width: 300px) 100vw, 300px\" \/><\/a><\/div><a class=\"wp-block-latest-posts__post-title\" href=\"https:\/\/www.unioviedo.es\/fincorp\/index.php\/2025\/02\/21\/charla-y-taller-de-la-cnmv-sobre-finanzas-personales\/\">Charla y taller de la CNMV sobre finanzas personales<\/a><div class=\"wp-block-latest-posts__post-excerpt\">Ayer, jueves 20 de febrero de 2025, nuestro grupo de investigaci\u00f3n organiz\u00f3, dentro de nuestra iniciativa FinEduca360, dos actividades en la Facultad de Econom\u00eda y Empresa. Mar\u00eda Eugenia Cadenas S\u00e1ez imparti\u00f3 la charla \u00abFinanzas digitales y persuasi\u00f3n\u00bb a las 12:30 en el Sal\u00f3n de Grados y, por la tarde, a las 16:30, el taller \u00abPrimeros pasos en la gesti\u00f3n de las finanzas personales\u00bb, en el Garaje de la Facultad.<\/div><\/li>\n<li><div class=\"wp-block-latest-posts__featured-image alignleft\"><a href=\"https:\/\/www.unioviedo.es\/fincorp\/index.php\/2025\/02\/14\/charla-finanzas-digitales-y-persuasion-con-maria-eugenia-cadenas-saez\/\" aria-label=\"Charla \u00abFinanzas digitales y persuasi\u00f3n\u00bb con Mar\u00eda Eugenia Cadenas S\u00e1ez\"><img loading=\"lazy\" decoding=\"async\" width=\"300\" height=\"300\" src=\"https:\/\/www.unioviedo.es\/fincorp\/wp-content\/uploads\/2023\/03\/CNMV-300x300.jpeg\" class=\"attachment-medium size-medium wp-post-image\" alt=\"\" style=\"max-width:150px;max-height:150px;\" srcset=\"https:\/\/www.unioviedo.es\/fincorp\/wp-content\/uploads\/2023\/03\/CNMV-300x300.jpeg 300w, https:\/\/www.unioviedo.es\/fincorp\/wp-content\/uploads\/2023\/03\/CNMV-1024x1024.jpeg 1024w, https:\/\/www.unioviedo.es\/fincorp\/wp-content\/uploads\/2023\/03\/CNMV-150x150.jpeg 150w, https:\/\/www.unioviedo.es\/fincorp\/wp-content\/uploads\/2023\/03\/CNMV-768x768.jpeg 768w, https:\/\/www.unioviedo.es\/fincorp\/wp-content\/uploads\/2023\/03\/CNMV.jpeg 1181w\" sizes=\"auto, (max-width: 300px) 100vw, 300px\" \/><\/a><\/div><a class=\"wp-block-latest-posts__post-title\" href=\"https:\/\/www.unioviedo.es\/fincorp\/index.php\/2025\/02\/14\/charla-finanzas-digitales-y-persuasion-con-maria-eugenia-cadenas-saez\/\">Charla \u00abFinanzas digitales y persuasi\u00f3n\u00bb con Mar\u00eda Eugenia Cadenas S\u00e1ez<\/a><div class=\"wp-block-latest-posts__post-excerpt\">Nuestro grupo organiza la charla \u00abFinanzas digitales y persuasi\u00f3n\u00bb, impartida por Mar\u00eda Eugenia Cadenas S\u00e1ez, que tendr\u00e1 lugar el jueves 20 de febrero de 2025 a las 12:30 horas en el Sal\u00f3n de Grados de la Facultad de Econom\u00eda y Empresa de la Universidad de Oviedo.<\/div><\/li>\n<\/ul>","protected":false},"excerpt":{"rendered":"","protected":false},"author":1,"featured_media":0,"parent":1977,"menu_order":2,"comment_status":"closed","ping_status":"closed","template":"","meta":{"neve_meta_sidebar":"","neve_meta_container":"","neve_meta_enable_content_width":"","neve_meta_content_width":0,"neve_meta_title_alignment":"","neve_meta_author_avatar":"","neve_post_elements_order":"","neve_meta_disable_header":"","neve_meta_disable_footer":"","neve_meta_disable_title":"","footnotes":""},"class_list":["post-2006","page","type-page","status-publish","hentry"],"_links":{"self":[{"href":"https:\/\/www.unioviedo.es\/fincorp\/index.php\/wp-json\/wp\/v2\/pages\/2006","targetHints":{"allow":["GET"]}}],"collection":[{"href":"https:\/\/www.unioviedo.es\/fincorp\/index.php\/wp-json\/wp\/v2\/pages"}],"about":[{"href":"https:\/\/www.unioviedo.es\/fincorp\/index.php\/wp-json\/wp\/v2\/types\/page"}],"author":[{"embeddable":true,"href":"https:\/\/www.unioviedo.es\/fincorp\/index.php\/wp-json\/wp\/v2\/users\/1"}],"replies":[{"embeddable":true,"href":"https:\/\/www.unioviedo.es\/fincorp\/index.php\/wp-json\/wp\/v2\/comments?post=2006"}],"version-history":[{"count":2,"href":"https:\/\/www.unioviedo.es\/fincorp\/index.php\/wp-json\/wp\/v2\/pages\/2006\/revisions"}],"predecessor-version":[{"id":2009,"href":"https:\/\/www.unioviedo.es\/fincorp\/index.php\/wp-json\/wp\/v2\/pages\/2006\/revisions\/2009"}],"up":[{"embeddable":true,"href":"https:\/\/www.unioviedo.es\/fincorp\/index.php\/wp-json\/wp\/v2\/pages\/1977"}],"wp:attachment":[{"href":"https:\/\/www.unioviedo.es\/fincorp\/index.php\/wp-json\/wp\/v2\/media?parent=2006"}],"curies":[{"name":"wp","href":"https:\/\/api.w.org\/{rel}","templated":true}]}}