{"id":2053,"date":"2023-09-25T08:15:18","date_gmt":"2023-09-25T08:15:18","guid":{"rendered":"https:\/\/www.unioviedo.es\/fincorp\/?page_id=2053"},"modified":"2023-09-25T08:52:11","modified_gmt":"2023-09-25T08:52:11","slug":"fineduca360-announcements","status":"publish","type":"page","link":"https:\/\/www.unioviedo.es\/fincorp\/index.php\/en\/fineduca360-en\/fineduca360-announcements\/","title":{"rendered":"FinEduca360: Announcements"},"content":{"rendered":"<ul class=\"wp-block-latest-posts__list wp-block-latest-posts\"><li><div class=\"wp-block-latest-posts__featured-image alignleft\"><a href=\"https:\/\/www.unioviedo.es\/fincorp\/index.php\/en\/2025\/10\/08\/third-edition-of-fineduca360-youth-for-youth\/\" aria-label=\"Third Edition of FinEduca360: Youth for Youth\"><img loading=\"lazy\" decoding=\"async\" width=\"300\" height=\"77\" src=\"https:\/\/www.unioviedo.es\/fincorp\/wp-content\/uploads\/2023\/11\/FinEduca360-300x77.png\" class=\"attachment-medium size-medium wp-post-image\" alt=\"\" style=\"max-width:150px;max-height:150px;\" srcset=\"https:\/\/www.unioviedo.es\/fincorp\/wp-content\/uploads\/2023\/11\/FinEduca360-300x77.png 300w, https:\/\/www.unioviedo.es\/fincorp\/wp-content\/uploads\/2023\/11\/FinEduca360-1024x264.png 1024w, https:\/\/www.unioviedo.es\/fincorp\/wp-content\/uploads\/2023\/11\/FinEduca360-768x198.png 768w, https:\/\/www.unioviedo.es\/fincorp\/wp-content\/uploads\/2023\/11\/FinEduca360.png 1420w\" sizes=\"auto, (max-width: 300px) 100vw, 300px\" \/><\/a><\/div><a class=\"wp-block-latest-posts__post-title\" href=\"https:\/\/www.unioviedo.es\/fincorp\/index.php\/en\/2025\/10\/08\/third-edition-of-fineduca360-youth-for-youth\/\">Third Edition of FinEduca360: Youth for Youth<\/a><div class=\"wp-block-latest-posts__post-excerpt\">The University of Oviedo, with the support of Caja Rural de Asturias, offers students from the Faculty of Economics and Business the opportunity to collaborate in an educational project aimed at bringing financial literacy closer to younger generations. As part of the project FinEduca360: Youth for Youth, students from the Faculty of Economics and Business will deliver a one-hour financial education talk in a secondary school in Asturias. These talks will take place throughout the 2025\/2026 academic year and will be aimed at students in compulsory secondary education and upper secondary education (ESO and Bachillerato).<\/div><\/li>\n<li><div class=\"wp-block-latest-posts__featured-image alignleft\"><a href=\"https:\/\/www.unioviedo.es\/fincorp\/index.php\/en\/2025\/09\/16\/the-fineduca360-university-extension-class-begins-in-nava\/\" aria-label=\"The FinEduca360 University Extension Class begins in Nava\"><img loading=\"lazy\" decoding=\"async\" width=\"300\" height=\"68\" src=\"https:\/\/www.unioviedo.es\/fincorp\/wp-content\/uploads\/2023\/07\/2023-07-24-Finanzas-Gobierno-Corporativo-ENG-color-01-1-300x68.jpg\" class=\"attachment-medium size-medium wp-post-image\" alt=\"\" style=\"max-width:150px;max-height:150px;\" srcset=\"https:\/\/www.unioviedo.es\/fincorp\/wp-content\/uploads\/2023\/07\/2023-07-24-Finanzas-Gobierno-Corporativo-ENG-color-01-1-300x68.jpg 300w, https:\/\/www.unioviedo.es\/fincorp\/wp-content\/uploads\/2023\/07\/2023-07-24-Finanzas-Gobierno-Corporativo-ENG-color-01-1-1024x231.jpg 1024w, https:\/\/www.unioviedo.es\/fincorp\/wp-content\/uploads\/2023\/07\/2023-07-24-Finanzas-Gobierno-Corporativo-ENG-color-01-1-768x173.jpg 768w, https:\/\/www.unioviedo.es\/fincorp\/wp-content\/uploads\/2023\/07\/2023-07-24-Finanzas-Gobierno-Corporativo-ENG-color-01-1-1536x346.jpg 1536w, https:\/\/www.unioviedo.es\/fincorp\/wp-content\/uploads\/2023\/07\/2023-07-24-Finanzas-Gobierno-Corporativo-ENG-color-01-1.jpg 1820w\" sizes=\"auto, (max-width: 300px) 100vw, 300px\" \/><\/a><\/div><a class=\"wp-block-latest-posts__post-title\" href=\"https:\/\/www.unioviedo.es\/fincorp\/index.php\/en\/2025\/09\/16\/the-fineduca360-university-extension-class-begins-in-nava\/\">The FinEduca360 University Extension Class begins in Nava<\/a><div class=\"wp-block-latest-posts__post-excerpt\">Last Monday, 15 September, the University Extension Class \u00abFinancial education and personal finance for everyday life\u00bb began in Nava, organized by our research group as part of the FinEduca360 project.<\/div><\/li>\n<li><div class=\"wp-block-latest-posts__featured-image alignleft\"><a href=\"https:\/\/www.unioviedo.es\/fincorp\/index.php\/en\/2025\/09\/16\/our-course-on-personal-finance-begins-at-pumuo-in-oviedo\/\" aria-label=\"Our course on personal finance begins at PUMUO in Oviedo\"><img loading=\"lazy\" decoding=\"async\" width=\"169\" height=\"223\" src=\"https:\/\/www.unioviedo.es\/fincorp\/wp-content\/uploads\/2024\/07\/PUMUO-LOGO-1.jpeg\" class=\"attachment-medium size-medium wp-post-image\" alt=\"\" style=\"max-width:150px;max-height:150px;\" \/><\/a><\/div><a class=\"wp-block-latest-posts__post-title\" href=\"https:\/\/www.unioviedo.es\/fincorp\/index.php\/en\/2025\/09\/16\/our-course-on-personal-finance-begins-at-pumuo-in-oviedo\/\">Our course on personal finance begins at PUMUO in Oviedo<\/a><div class=\"wp-block-latest-posts__post-excerpt\">Last Monday, 15 September, marked the beginning of the first semester of the University Programme for Older Adults of the University of Oviedo (PUMUO), held at its Oviedo campus. From our research group, we would like to thank all participants for the excellent reception of our course \u00abThe financial 50+: Personal finance and financial health at maturity\u00bb, which will be part of the programme\u2019s academic offer and has a total of 60 enrolled participants.<\/div><\/li>\n<li><div class=\"wp-block-latest-posts__featured-image alignleft\"><a href=\"https:\/\/www.unioviedo.es\/fincorp\/index.php\/en\/2025\/03\/21\/the-talks-of-the-second-edition-of-fineduca360-youth-for-youth-continue\/\" aria-label=\"The talks of the second edition of \u201cFinEduca360: Youth for Youth\u201d continue\"><img loading=\"lazy\" decoding=\"async\" width=\"300\" height=\"77\" src=\"https:\/\/www.unioviedo.es\/fincorp\/wp-content\/uploads\/2023\/11\/FinEduca360-300x77.png\" class=\"attachment-medium size-medium wp-post-image\" alt=\"\" style=\"max-width:150px;max-height:150px;\" srcset=\"https:\/\/www.unioviedo.es\/fincorp\/wp-content\/uploads\/2023\/11\/FinEduca360-300x77.png 300w, https:\/\/www.unioviedo.es\/fincorp\/wp-content\/uploads\/2023\/11\/FinEduca360-1024x264.png 1024w, https:\/\/www.unioviedo.es\/fincorp\/wp-content\/uploads\/2023\/11\/FinEduca360-768x198.png 768w, https:\/\/www.unioviedo.es\/fincorp\/wp-content\/uploads\/2023\/11\/FinEduca360.png 1420w\" sizes=\"auto, (max-width: 300px) 100vw, 300px\" \/><\/a><\/div><a class=\"wp-block-latest-posts__post-title\" href=\"https:\/\/www.unioviedo.es\/fincorp\/index.php\/en\/2025\/03\/21\/the-talks-of-the-second-edition-of-fineduca360-youth-for-youth-continue\/\">The talks of the second edition of \u201cFinEduca360: Youth for Youth\u201d continue<\/a><div class=\"wp-block-latest-posts__post-excerpt\">Coinciding with the Global Money Week, the \u00abFinEduca360: Youth for Youth\u00bb project continues its work of bringing financial education closer to ESO and Baccalaureate students in Asturias. These talks, titled \u00abMy finances: How to take care of them?\u00bb, aim to provide young people with key tools to manage their money responsibly.<\/div><\/li>\n<li><div class=\"wp-block-latest-posts__featured-image alignleft\"><a href=\"https:\/\/www.unioviedo.es\/fincorp\/index.php\/en\/2025\/03\/14\/new-fineduca360-university-extension-classes-in-tapia-de-casariego\/\" aria-label=\"New FinEduca360 University Extension Classes in Tapia de Casariego\"><img loading=\"lazy\" decoding=\"async\" width=\"300\" height=\"77\" src=\"https:\/\/www.unioviedo.es\/fincorp\/wp-content\/uploads\/2023\/11\/FinEduca360-300x77.png\" class=\"attachment-medium size-medium wp-post-image\" alt=\"\" style=\"max-width:150px;max-height:150px;\" srcset=\"https:\/\/www.unioviedo.es\/fincorp\/wp-content\/uploads\/2023\/11\/FinEduca360-300x77.png 300w, https:\/\/www.unioviedo.es\/fincorp\/wp-content\/uploads\/2023\/11\/FinEduca360-1024x264.png 1024w, https:\/\/www.unioviedo.es\/fincorp\/wp-content\/uploads\/2023\/11\/FinEduca360-768x198.png 768w, https:\/\/www.unioviedo.es\/fincorp\/wp-content\/uploads\/2023\/11\/FinEduca360.png 1420w\" sizes=\"auto, (max-width: 300px) 100vw, 300px\" \/><\/a><\/div><a class=\"wp-block-latest-posts__post-title\" href=\"https:\/\/www.unioviedo.es\/fincorp\/index.php\/en\/2025\/03\/14\/new-fineduca360-university-extension-classes-in-tapia-de-casariego\/\">New FinEduca360 University Extension Classes in Tapia de Casariego<\/a><div class=\"wp-block-latest-posts__post-excerpt\">Our research group is organizing two new University Extension Classes as part of the FinEduca360 project: \u00abFinance and entrepreneurship\u00bb and \u00abPersonal finance and financial education\u00bb. These free-access initiatives aim to bring financial literacy closer to the Asturian population and are part of the Financial Education Plan of the Bank of Spain, the National Securities Market Commission, and the Ministry of Economy, Trade, and Business.<\/div><\/li>\n<li><div class=\"wp-block-latest-posts__featured-image alignleft\"><a href=\"https:\/\/www.unioviedo.es\/fincorp\/index.php\/en\/2025\/03\/05\/interview-with-eduardo-jose-menendez-alonso-on-onda-cero-cangas-del-narcea\/\" aria-label=\"Interview with Eduardo Jos\u00e9 Men\u00e9ndez Alonso on Onda Cero Cangas del Narcea\"><img loading=\"lazy\" decoding=\"async\" width=\"300\" height=\"232\" src=\"https:\/\/www.unioviedo.es\/fincorp\/wp-content\/uploads\/2025\/03\/Onda-Cero-logo-300x232.png\" class=\"attachment-medium size-medium wp-post-image\" alt=\"\" style=\"max-width:150px;max-height:150px;\" srcset=\"https:\/\/www.unioviedo.es\/fincorp\/wp-content\/uploads\/2025\/03\/Onda-Cero-logo-300x232.png 300w, https:\/\/www.unioviedo.es\/fincorp\/wp-content\/uploads\/2025\/03\/Onda-Cero-logo-1024x793.png 1024w, https:\/\/www.unioviedo.es\/fincorp\/wp-content\/uploads\/2025\/03\/Onda-Cero-logo-768x595.png 768w, https:\/\/www.unioviedo.es\/fincorp\/wp-content\/uploads\/2025\/03\/Onda-Cero-logo-1536x1189.png 1536w, https:\/\/www.unioviedo.es\/fincorp\/wp-content\/uploads\/2025\/03\/Onda-Cero-logo-2048x1586.png 2048w\" sizes=\"auto, (max-width: 300px) 100vw, 300px\" \/><\/a><\/div><a class=\"wp-block-latest-posts__post-title\" href=\"https:\/\/www.unioviedo.es\/fincorp\/index.php\/en\/2025\/03\/05\/interview-with-eduardo-jose-menendez-alonso-on-onda-cero-cangas-del-narcea\/\">Interview with Eduardo Jos\u00e9 Men\u00e9ndez Alonso on Onda Cero Cangas del Narcea<\/a><div class=\"wp-block-latest-posts__post-excerpt\">This morning, Eduardo Jos\u00e9 Men\u00e9ndez Alonso, a member of our research group, was interviewed on the program M\u00e1s de Uno Cangas del Narcea on Onda Cero Cangas del Narcea to discuss the financial education University Extension Classes we are offering in the area as part of the FinEduca360 project.<\/div><\/li>\n<li><div class=\"wp-block-latest-posts__featured-image alignleft\"><a href=\"https:\/\/www.unioviedo.es\/fincorp\/index.php\/en\/2025\/03\/03\/launch-of-the-second-edition-of-fineduca360-youth-for-youth\/\" aria-label=\"Launch of the second edition of \u00abFinEduca360: Youth for Youth\u00bb\"><img loading=\"lazy\" decoding=\"async\" width=\"300\" height=\"77\" src=\"https:\/\/www.unioviedo.es\/fincorp\/wp-content\/uploads\/2023\/11\/FinEduca360-300x77.png\" class=\"attachment-medium size-medium wp-post-image\" alt=\"\" style=\"max-width:150px;max-height:150px;\" srcset=\"https:\/\/www.unioviedo.es\/fincorp\/wp-content\/uploads\/2023\/11\/FinEduca360-300x77.png 300w, https:\/\/www.unioviedo.es\/fincorp\/wp-content\/uploads\/2023\/11\/FinEduca360-1024x264.png 1024w, https:\/\/www.unioviedo.es\/fincorp\/wp-content\/uploads\/2023\/11\/FinEduca360-768x198.png 768w, https:\/\/www.unioviedo.es\/fincorp\/wp-content\/uploads\/2023\/11\/FinEduca360.png 1420w\" sizes=\"auto, (max-width: 300px) 100vw, 300px\" \/><\/a><\/div><a class=\"wp-block-latest-posts__post-title\" href=\"https:\/\/www.unioviedo.es\/fincorp\/index.php\/en\/2025\/03\/03\/launch-of-the-second-edition-of-fineduca360-youth-for-youth\/\">Launch of the second edition of \u00abFinEduca360: Youth for Youth\u00bb<\/a><div class=\"wp-block-latest-posts__post-excerpt\">Following the training workshops delivered by professionals from the Spanish Association of Financial Advisors and Planners (EFPA Espa\u00f1a), the National Securities Market Commission (CNMV), and our research group, the first talks of the \u00abFinEduca360: Youth for Youth\u00bb project took place in February. Now in its second edition, this initiative continues to bring financial education closer to ESO and Baccalaureate students.<\/div><\/li>\n<li><div class=\"wp-block-latest-posts__featured-image alignleft\"><a href=\"https:\/\/www.unioviedo.es\/fincorp\/index.php\/en\/2025\/02\/21\/the-pumuo-course-the-financial-50-begins-in-mieres\/\" aria-label=\"The PUMUO course \u00abThe financial 50+\u00bb begins in Mieres\"><img loading=\"lazy\" decoding=\"async\" width=\"169\" height=\"223\" src=\"https:\/\/www.unioviedo.es\/fincorp\/wp-content\/uploads\/2024\/07\/PUMUO-LOGO-1.jpeg\" class=\"attachment-medium size-medium wp-post-image\" alt=\"\" style=\"max-width:150px;max-height:150px;\" \/><\/a><\/div><a class=\"wp-block-latest-posts__post-title\" href=\"https:\/\/www.unioviedo.es\/fincorp\/index.php\/en\/2025\/02\/21\/the-pumuo-course-the-financial-50-begins-in-mieres\/\">The PUMUO course \u00abThe financial 50+\u00bb begins in Mieres<\/a><div class=\"wp-block-latest-posts__post-excerpt\">Yesterday, February 20, 2025, the course \u00abThe financial 50+: Personal finance and financial health at maturity\u00bb began, as part of the University Programme for Older Adults of the University of Oviedo (PUMUO) at the Mieres campus. This course, organized by our research group, is part of our FinEduca360 initiative and aims to bring key personal finance concepts to an adult audience, promoting better savings and investment management.<\/div><\/li>\n<li><div class=\"wp-block-latest-posts__featured-image alignleft\"><a href=\"https:\/\/www.unioviedo.es\/fincorp\/index.php\/en\/2025\/02\/21\/cnmv-talk-and-workshop-on-personal-finance\/\" aria-label=\"CNMV talk and workshop on personal finance\"><img loading=\"lazy\" decoding=\"async\" width=\"300\" height=\"300\" src=\"https:\/\/www.unioviedo.es\/fincorp\/wp-content\/uploads\/2023\/03\/CNMV-300x300.jpeg\" class=\"attachment-medium size-medium wp-post-image\" alt=\"\" style=\"max-width:150px;max-height:150px;\" srcset=\"https:\/\/www.unioviedo.es\/fincorp\/wp-content\/uploads\/2023\/03\/CNMV-300x300.jpeg 300w, https:\/\/www.unioviedo.es\/fincorp\/wp-content\/uploads\/2023\/03\/CNMV-1024x1024.jpeg 1024w, https:\/\/www.unioviedo.es\/fincorp\/wp-content\/uploads\/2023\/03\/CNMV-150x150.jpeg 150w, https:\/\/www.unioviedo.es\/fincorp\/wp-content\/uploads\/2023\/03\/CNMV-768x768.jpeg 768w, https:\/\/www.unioviedo.es\/fincorp\/wp-content\/uploads\/2023\/03\/CNMV.jpeg 1181w\" sizes=\"auto, (max-width: 300px) 100vw, 300px\" \/><\/a><\/div><a class=\"wp-block-latest-posts__post-title\" href=\"https:\/\/www.unioviedo.es\/fincorp\/index.php\/en\/2025\/02\/21\/cnmv-talk-and-workshop-on-personal-finance\/\">CNMV talk and workshop on personal finance<\/a><div class=\"wp-block-latest-posts__post-excerpt\">Yesterday, Thursday, February 20, 2025, our research group organized two activities within our FinEduca360 initiative at the Faculty of Economics and Business. Mar\u00eda Eugenia Cadenas S\u00e1ez delivered the talk \u00abDigital finance and persuasion\u00bb at 12:30 in the Lecture Hall, followed by the workshop \u201cFirst steps in managing personal finances\u201d at 16:30 in the Garage of the Faculty.<\/div><\/li>\n<li><div class=\"wp-block-latest-posts__featured-image alignleft\"><a href=\"https:\/\/www.unioviedo.es\/fincorp\/index.php\/en\/2025\/02\/14\/talk-digital-finance-and-persuasion-with-maria-eugenia-cadenas-saez\/\" aria-label=\"Talk \u00abDigital finance and persuasion\u00bb with Mar\u00eda Eugenia Cadenas S\u00e1ez\"><img loading=\"lazy\" decoding=\"async\" width=\"300\" height=\"300\" src=\"https:\/\/www.unioviedo.es\/fincorp\/wp-content\/uploads\/2023\/03\/CNMV-300x300.jpeg\" class=\"attachment-medium size-medium wp-post-image\" alt=\"\" style=\"max-width:150px;max-height:150px;\" srcset=\"https:\/\/www.unioviedo.es\/fincorp\/wp-content\/uploads\/2023\/03\/CNMV-300x300.jpeg 300w, https:\/\/www.unioviedo.es\/fincorp\/wp-content\/uploads\/2023\/03\/CNMV-1024x1024.jpeg 1024w, https:\/\/www.unioviedo.es\/fincorp\/wp-content\/uploads\/2023\/03\/CNMV-150x150.jpeg 150w, https:\/\/www.unioviedo.es\/fincorp\/wp-content\/uploads\/2023\/03\/CNMV-768x768.jpeg 768w, https:\/\/www.unioviedo.es\/fincorp\/wp-content\/uploads\/2023\/03\/CNMV.jpeg 1181w\" sizes=\"auto, (max-width: 300px) 100vw, 300px\" \/><\/a><\/div><a class=\"wp-block-latest-posts__post-title\" href=\"https:\/\/www.unioviedo.es\/fincorp\/index.php\/en\/2025\/02\/14\/talk-digital-finance-and-persuasion-with-maria-eugenia-cadenas-saez\/\">Talk \u00abDigital finance and persuasion\u00bb with Mar\u00eda Eugenia Cadenas S\u00e1ez<\/a><div class=\"wp-block-latest-posts__post-excerpt\">Our research group is organizing the talk \u00abDigital Finance and Persuasion\u00bb, delivered by Mar\u00eda Eugenia Cadenas S\u00e1ez, which will take place on Thursday, February 20, 2025, at 12:30 PM in the Lecture Hall of the Faculty of Economics and Business at the University of Oviedo.<\/div><\/li>\n<\/ul>","protected":false},"excerpt":{"rendered":"","protected":false},"author":1,"featured_media":0,"parent":2028,"menu_order":2,"comment_status":"closed","ping_status":"closed","template":"","meta":{"neve_meta_sidebar":"","neve_meta_container":"","neve_meta_enable_content_width":"","neve_meta_content_width":0,"neve_meta_title_alignment":"","neve_meta_author_avatar":"","neve_post_elements_order":"","neve_meta_disable_header":"","neve_meta_disable_footer":"","neve_meta_disable_title":"","footnotes":""},"class_list":["post-2053","page","type-page","status-publish","hentry"],"_links":{"self":[{"href":"https:\/\/www.unioviedo.es\/fincorp\/index.php\/wp-json\/wp\/v2\/pages\/2053","targetHints":{"allow":["GET"]}}],"collection":[{"href":"https:\/\/www.unioviedo.es\/fincorp\/index.php\/wp-json\/wp\/v2\/pages"}],"about":[{"href":"https:\/\/www.unioviedo.es\/fincorp\/index.php\/wp-json\/wp\/v2\/types\/page"}],"author":[{"embeddable":true,"href":"https:\/\/www.unioviedo.es\/fincorp\/index.php\/wp-json\/wp\/v2\/users\/1"}],"replies":[{"embeddable":true,"href":"https:\/\/www.unioviedo.es\/fincorp\/index.php\/wp-json\/wp\/v2\/comments?post=2053"}],"version-history":[{"count":2,"href":"https:\/\/www.unioviedo.es\/fincorp\/index.php\/wp-json\/wp\/v2\/pages\/2053\/revisions"}],"predecessor-version":[{"id":2056,"href":"https:\/\/www.unioviedo.es\/fincorp\/index.php\/wp-json\/wp\/v2\/pages\/2053\/revisions\/2056"}],"up":[{"embeddable":true,"href":"https:\/\/www.unioviedo.es\/fincorp\/index.php\/wp-json\/wp\/v2\/pages\/2028"}],"wp:attachment":[{"href":"https:\/\/www.unioviedo.es\/fincorp\/index.php\/wp-json\/wp\/v2\/media?parent=2053"}],"curies":[{"name":"wp","href":"https:\/\/api.w.org\/{rel}","templated":true}]}}