{"id":221,"date":"2023-02-16T09:11:09","date_gmt":"2023-02-16T09:11:09","guid":{"rendered":"https:\/\/www.unioviedo.es\/fincorp\/?page_id=221"},"modified":"2025-03-26T15:49:52","modified_gmt":"2025-03-26T15:49:52","slug":"contratos","status":"publish","type":"page","link":"https:\/\/www.unioviedo.es\/fincorp\/index.php\/transferencia\/contratos\/","title":{"rendered":"Contratos"},"content":{"rendered":"\n<ul class=\"wp-block-list\">\n<li><strong>Salud Financiera y Violencias Econ\u00f3micas: normativa y estado de la cuesti\u00f3n<\/strong>.<\/li>\n<\/ul>\n\n\n\n<div class=\"wp-block-group is-vertical is-layout-flex wp-container-core-group-is-layout-8cf370e7 wp-block-group-is-layout-flex\">\n<p>Entidad: Fundaci\u00f3n Nantik Lum [FUO-24-004].<\/p>\n\n\n\n<p>Duraci\u00f3n: enero-septiembre 2024 (9 meses).<\/p>\n\n\n\n<p>Investigadora principal: Silvia G\u00f3mez Ans\u00f3n.<\/p>\n\n\n\n<p>Investigadores: Silvia G\u00f3mez Ans\u00f3n, Javier Gonz\u00e1lez-Vega, Mar\u00eda Sacrist\u00e1n Navarro, Irma Mart\u00ednez Garc\u00eda y M\u00aa Paz Fern\u00e1ndez-Rivera Gonz\u00e1lez.<\/p>\n<\/div>\n\n\n\n<ul class=\"wp-block-list\">\n<li><strong>Educaci\u00f3n Financiera: planes y pol\u00edticas en la OCDE<\/strong>.<\/li>\n<\/ul>\n\n\n\n<div class=\"wp-block-group is-vertical is-layout-flex wp-container-core-group-is-layout-8cf370e7 wp-block-group-is-layout-flex\">\n<p>Entidad: Funcas [FUO-339-23].<\/p>\n\n\n\n<p>Duraci\u00f3n: noviembre 2023-julio 2025 (1 a\u00f1o 8 meses).<\/p>\n\n\n\n<p>Investigadora principal: Silvia G\u00f3mez Ans\u00f3n.<\/p>\n\n\n\n<p>Investigadoras: Silvia G\u00f3mez Ans\u00f3n e Irma Mart\u00ednez Garc\u00eda.<\/p>\n<\/div>\n\n\n\n<ul class=\"wp-block-list\">\n<li><strong>Educaci\u00f3n financiera: avances y desaf\u00edos<\/strong>.<\/li>\n<\/ul>\n\n\n\n<div class=\"wp-block-group is-vertical is-layout-flex wp-container-core-group-is-layout-8cf370e7 wp-block-group-is-layout-flex\">\n<p>Entidad: Bolsas y Mercados Espa\u00f1oles, Sociedad Holding de Mercados y Sistemas Financieros, S.A. [FUO-305-23].<\/p>\n\n\n\n<p>Duraci\u00f3n: septiembre 2023 \u2013 enero 2024 (4 meses).<\/p>\n\n\n\n<p>Investigadoras: Irma Mart\u00ednez Garc\u00eda y Silvia G\u00f3mez Ans\u00f3n.<\/p>\n<\/div>\n\n\n\n<ul class=\"wp-block-list\">\n<li><strong>Elaboraci\u00f3n de una Gu\u00eda simplificada de dise\u00f1o, ejecuci\u00f3n e incorporaci\u00f3n de la Agenda 2030 para entidades lucrativas y no lucrativas<\/strong>.<\/li>\n<\/ul>\n\n\n\n<div class=\"wp-block-group is-vertical is-layout-flex wp-container-core-group-is-layout-8cf370e7 wp-block-group-is-layout-flex\">\n<p>Entidad: Direcci\u00f3n General de Gobernanza P\u00fablica, Transparencia, Participaci\u00f3n Ciudadana y Agenda 2030, Consejer\u00eda de Presidencia, Gobierno del Principado de Asturias [FUO-167-23].<\/p>\n\n\n\n<p>Duraci\u00f3n: mayo 2023-noviembre 2023 (6 meses).<\/p>\n\n\n\n<p>Investigadora principal: Mar\u00eda del Rosario Alonso Ib\u00e1\u00f1ez.<\/p>\n\n\n\n<p>Investigadoras: Silvia G\u00f3mez Ans\u00f3n e Irma Mart\u00ednez Garc\u00eda.<\/p>\n<\/div>\n\n\n\n<ul class=\"wp-block-list\">\n<li><strong>ODS A\u00f1o 8: comparativa empresas cotizadas en el mercado continuo<\/strong>.<\/li>\n<\/ul>\n\n\n\n<div class=\"wp-block-group is-vertical is-layout-flex wp-container-core-group-is-layout-8cf370e7 wp-block-group-is-layout-flex\">\n<p>Entidad: Red Espa\u00f1ola del Pacto Mundial de Naciones Unidas [FUO-096-23].<\/p>\n\n\n\n<p>Duraci\u00f3n: marzo 2023-noviembre 2023 (8 meses).<\/p>\n\n\n\n<p>Investigadora principal: Irma Mart\u00ednez Garc\u00eda.<\/p>\n\n\n\n<p>Investigadoras: Silvia G\u00f3mez Ans\u00f3n e Irma Mart\u00ednez Garc\u00eda.<\/p>\n<\/div>\n\n\n\n<ul class=\"wp-block-list\">\n<li><strong>Educaci\u00f3n financiera en la educaci\u00f3n secundaria obligatoria: impacto de la normativa, los programas de educaci\u00f3n financiera y desigualdades territoriales<\/strong>.<\/li>\n<\/ul>\n\n\n\n<div class=\"wp-block-group is-vertical is-layout-flex wp-container-core-group-is-layout-8cf370e7 wp-block-group-is-layout-flex\">\n<p>Entidad: III Convocatoria de Ayudas a la Investigaci\u00f3n en Educaci\u00f3n Financiera, Funcas [FUO-071-22].<\/p>\n\n\n\n<p>Duraci\u00f3n: diciembre 2021-noviembre 2022 (1 a\u00f1o).<\/p>\n\n\n\n<p>Investigadora principal: Silvia G\u00f3mez Ans\u00f3n.<\/p>\n\n\n\n<p>Investigadoras: Silvia G\u00f3mez Ans\u00f3n e Irma Mart\u00ednez Garc\u00eda.<\/p>\n<\/div>\n","protected":false},"excerpt":{"rendered":"<p>Entidad: Fundaci\u00f3n Nantik Lum [FUO-24-004]. Duraci\u00f3n: enero-septiembre 2024 (9 meses). Investigadora principal: Silvia G\u00f3mez Ans\u00f3n. Investigadores: Silvia G\u00f3mez Ans\u00f3n, Javier Gonz\u00e1lez-Vega, Mar\u00eda Sacrist\u00e1n Navarro, Irma Mart\u00ednez Garc\u00eda y M\u00aa Paz Fern\u00e1ndez-Rivera Gonz\u00e1lez. Entidad: Funcas [FUO-339-23]. Duraci\u00f3n: noviembre 2023-julio 2025 (1 a\u00f1o 8 meses). Investigadora principal: Silvia G\u00f3mez Ans\u00f3n. Investigadoras: Silvia G\u00f3mez Ans\u00f3n e Irma Mart\u00ednez&hellip;&nbsp;<a href=\"https:\/\/www.unioviedo.es\/fincorp\/index.php\/transferencia\/contratos\/\" rel=\"bookmark\">Leer m\u00e1s &raquo;<span class=\"screen-reader-text\">Contratos<\/span><\/a><\/p>\n","protected":false},"author":1,"featured_media":0,"parent":220,"menu_order":2,"comment_status":"closed","ping_status":"closed","template":"","meta":{"neve_meta_sidebar":"","neve_meta_container":"default","neve_meta_enable_content_width":"","neve_meta_content_width":0,"neve_meta_title_alignment":"","neve_meta_author_avatar":"","neve_post_elements_order":"","neve_meta_disable_header":"","neve_meta_disable_footer":"","neve_meta_disable_title":"","footnotes":""},"class_list":["post-221","page","type-page","status-publish","hentry"],"_links":{"self":[{"href":"https:\/\/www.unioviedo.es\/fincorp\/index.php\/wp-json\/wp\/v2\/pages\/221","targetHints":{"allow":["GET"]}}],"collection":[{"href":"https:\/\/www.unioviedo.es\/fincorp\/index.php\/wp-json\/wp\/v2\/pages"}],"about":[{"href":"https:\/\/www.unioviedo.es\/fincorp\/index.php\/wp-json\/wp\/v2\/types\/page"}],"author":[{"embeddable":true,"href":"https:\/\/www.unioviedo.es\/fincorp\/index.php\/wp-json\/wp\/v2\/users\/1"}],"replies":[{"embeddable":true,"href":"https:\/\/www.unioviedo.es\/fincorp\/index.php\/wp-json\/wp\/v2\/comments?post=221"}],"version-history":[{"count":22,"href":"https:\/\/www.unioviedo.es\/fincorp\/index.php\/wp-json\/wp\/v2\/pages\/221\/revisions"}],"predecessor-version":[{"id":3329,"href":"https:\/\/www.unioviedo.es\/fincorp\/index.php\/wp-json\/wp\/v2\/pages\/221\/revisions\/3329"}],"up":[{"embeddable":true,"href":"https:\/\/www.unioviedo.es\/fincorp\/index.php\/wp-json\/wp\/v2\/pages\/220"}],"wp:attachment":[{"href":"https:\/\/www.unioviedo.es\/fincorp\/index.php\/wp-json\/wp\/v2\/media?parent=221"}],"curies":[{"name":"wp","href":"https:\/\/api.w.org\/{rel}","templated":true}]}}