{"id":225,"date":"2023-02-16T09:11:09","date_gmt":"2023-02-16T09:11:09","guid":{"rendered":"https:\/\/www.unioviedo.es\/fincorp\/?page_id=225"},"modified":"2024-09-23T11:42:55","modified_gmt":"2024-09-23T11:42:55","slug":"capitulos-de-libros","status":"publish","type":"page","link":"https:\/\/www.unioviedo.es\/fincorp\/index.php\/publicaciones\/capitulos-de-libros\/","title":{"rendered":"Cap\u00edtulos de libros"},"content":{"rendered":"\n<p>Desde 2014 se han publicado los siguientes cap\u00edtulos de libros:<\/p>\n\n\n\n<h2 class=\"wp-block-heading\">Cap\u00edtulos de libros en editoriales internacionales<\/h2>\n\n\n\n<ul class=\"wp-block-list\">\n<li>Basco, R. (2024). Embeddedness. En C. Howorth &amp; A. Discua Cruz (Eds.), <em>Elgar Encyclopedia of Family Business<\/em> (pp. 152-154). Edward Elgar Publishing. <a href=\"https:\/\/doi.org\/10.4337\/9781800888722.ch33\" target=\"_blank\" rel=\"noreferrer noopener\">https:\/\/doi.org\/10.4337\/9781800888722.ch33<\/a><\/li>\n\n\n\n<li>Basco, R. (2024). Informal Institutions. En C. Howorth &amp; A. Discua Cruz (Eds.), <em>Elgar Encyclopedia of Family Business<\/em> (pp. 261-263). Edward Elgar Publishing. <a href=\"https:\/\/doi.org\/10.4337\/9781800888722.ch62\" target=\"_blank\" rel=\"noreferrer noopener\">https:\/\/doi.org\/10.4337\/9781800888722.ch62<\/a><\/li>\n\n\n\n<li>Basco, R., Amato, S., G\u00f3mez-Ans\u00f3n, S., &amp; Calabr\u00f2, A. (2021). Urbanization economies, proximity dimensions and productivity. En R. Basco, R. Stough, &amp; L. Suwala, <em>Family Business and Regional Development<\/em> (1.\u00aa ed., pp. 65-82). Routledge. <a href=\"https:\/\/doi.org\/10.4324\/9780429058097-6\" target=\"_blank\" rel=\"noreferrer noopener\">https:\/\/doi.org\/10.4324\/9780429058097-6<\/a><\/li>\n\n\n\n<li>Basco, R., &amp; Suwala, L. (2020). Spatial familiness or bridge between family business and economic geography. En A. Calabr\u00f2, <em>A Research Agenda for Family Business<\/em>. Edward Elgar Publishing.<\/li>\n\n\n\n<li>Discua-Cruz, A., Basco, R., Parada, M. J., Malfense-Fierro, A., &amp; Alvarado-\u00c1lvarez, C. (2019). Resilience and Family Business Groups in Unstable Economies. En M. Rautiainen, P. Rosa, T. Pihkala, M. J. Parada, &amp; A. D. Cruz, <em>The Family Business Group Phenomenon: Emergence and Complexities<\/em> (pp. 315-352). Springer International Publishing.<\/li>\n\n\n\n<li>Parada, M. J., Akhter, N., Basco, R., Discua-Cruz, A., &amp; Fitz-Koch, S. (2019). Understanding the Dynamics of Business Group Development: A Transgenerational Perspective. En M. Rautiainen, P. Rosa, T. Pihkala, M. J. Parada, &amp; A. D. Cruz, <em>The Family Business Group Phenomenon: Emergence and Complexities<\/em> (pp. 201-222). Springer International Publishing.<\/li>\n\n\n\n<li>Basco, R. (2018). Family Business in Emerging Markets. En R. Grosse &amp; K. E. Meyer, <em>The Oxford Handbook of Management in Emerging Markets<\/em> (pp. 527-546). Oxford University Press.<\/li>\n\n\n\n<li>Discua-Cruz, A., &amp; Basco, R. (2018). A family perspective on Entrepreneurship. En N. Turcan &amp; R. Fraser, <em>A Handbook of Multidisciplinary Perspectives on Entrepreneurship<\/em> (pp. 147-175). Palgrave Macmillan.<\/li>\n\n\n\n<li>Rodr\u00edguez-Magdaleno, R. I., Mart\u00ednez-Garc\u00eda, I., &amp; G\u00f3mez-Ans\u00f3n, S. (2018). Financial crisis and consumers: Breaking down barriers to build up new ones? En S. de Vries, E. Ioriatti, P. Guarda, &amp; E. Pulice, <em>EU Citizens\u2019 Economic Rights in Action: Re-Thinking Legal and Factual Barriers in the Internal Market<\/em> (pp. 159-186). Edward Elgar Publishing. <a href=\"https:\/\/doi.org\/10.4337\/9781788113465.00018\" target=\"_blank\" rel=\"noreferrer noopener\">https:\/\/doi.org\/10.4337\/9781788113465.00018<\/a><\/li>\n\n\n\n<li>Basco, R. (2017). Epilogue: Multiple embeddedness contexts for entrepreneurship. En M. Ram\u00edrez-Pasillas, E. Brundin, &amp; M. Markowska, <em>Contextualizing Entrepreneurship in Developing and Emerging Economies<\/em> (pp. 329-336). Edward Elgar Publishing.<\/li>\n\n\n\n<li>Basco, R. (2017). Epilogue: The Multiple Embeddedness of Family Firms in the Arab World. En S. Basly, <em>Family Businesses in the Arab World: Governance, Strategy, and Financing<\/em> (pp. 247-256). Springer International Publishing.<\/li>\n\n\n\n<li>Cabeza, L., Medina, S., Sacrist\u00e1n, M., &amp; G\u00f3mez-Ans\u00f3n, S. (2016). Examining European Privatisation Processes and Firm Performance. En A. Hansen, <em>Privatization: Policies, Developments and Challenges<\/em> (Cap\u00edtulo 2). Nova Publishers.<\/li>\n\n\n\n<li>Sacrist\u00e1n, M., G\u00f3mez-Ans\u00f3n, S., &amp; Cabeza, L. (2014). Other large shareholders in family firms: Do they monitor? En P. Z. Poutziouris, K. X. Smyrnios, &amp; S. Goel, <em>Handbook of Research on Family Business<\/em> (2.\u00aa ed., Cap\u00edtulo 4). Edward Elgar Publishing.<\/li>\n<\/ul>\n\n\n\n<h2 class=\"wp-block-heading\">Cap\u00edtulos de libros en editoriales nacionales<\/h2>\n\n\n\n<ul class=\"wp-block-list\">\n<li>Cabeza Garc\u00eda, L., Del Br\u00edo-Gonz\u00e1lez, E. B., &amp; Oscanoa-Victorio, M. L. (2022). G\u00e9nero y teor\u00eda econ\u00f3mica: Or\u00edgenes y papel de la mujer en la investigaci\u00f3n econ\u00f3mica. En <em>Estudios de g\u00e9nero: Un an\u00e1lisis interdisciplinar<\/em> (pp. 91-103). Thomson Reuters Aranzadi. <a href=\"https:\/\/dialnet.unirioja.es\/servlet\/articulo?codigo=8565735\" target=\"_blank\" rel=\"noreferrer noopener\">https:\/\/dialnet.unirioja.es\/servlet\/articulo?codigo=8565735<\/a><\/li>\n<\/ul>\n","protected":false},"excerpt":{"rendered":"<p>Desde 2014 se han publicado los siguientes cap\u00edtulos de libros: Cap\u00edtulos de libros en editoriales internacionales Cap\u00edtulos de libros en editoriales nacionales<\/p>\n","protected":false},"author":1,"featured_media":0,"parent":113,"menu_order":2,"comment_status":"closed","ping_status":"closed","template":"","meta":{"neve_meta_sidebar":"","neve_meta_container":"","neve_meta_enable_content_width":"","neve_meta_content_width":0,"neve_meta_title_alignment":"","neve_meta_author_avatar":"","neve_post_elements_order":"","neve_meta_disable_header":"","neve_meta_disable_footer":"","neve_meta_disable_title":"","footnotes":""},"class_list":["post-225","page","type-page","status-publish","hentry"],"_links":{"self":[{"href":"https:\/\/www.unioviedo.es\/fincorp\/index.php\/wp-json\/wp\/v2\/pages\/225","targetHints":{"allow":["GET"]}}],"collection":[{"href":"https:\/\/www.unioviedo.es\/fincorp\/index.php\/wp-json\/wp\/v2\/pages"}],"about":[{"href":"https:\/\/www.unioviedo.es\/fincorp\/index.php\/wp-json\/wp\/v2\/types\/page"}],"author":[{"embeddable":true,"href":"https:\/\/www.unioviedo.es\/fincorp\/index.php\/wp-json\/wp\/v2\/users\/1"}],"replies":[{"embeddable":true,"href":"https:\/\/www.unioviedo.es\/fincorp\/index.php\/wp-json\/wp\/v2\/comments?post=225"}],"version-history":[{"count":21,"href":"https:\/\/www.unioviedo.es\/fincorp\/index.php\/wp-json\/wp\/v2\/pages\/225\/revisions"}],"predecessor-version":[{"id":2873,"href":"https:\/\/www.unioviedo.es\/fincorp\/index.php\/wp-json\/wp\/v2\/pages\/225\/revisions\/2873"}],"up":[{"embeddable":true,"href":"https:\/\/www.unioviedo.es\/fincorp\/index.php\/wp-json\/wp\/v2\/pages\/113"}],"wp:attachment":[{"href":"https:\/\/www.unioviedo.es\/fincorp\/index.php\/wp-json\/wp\/v2\/media?parent=225"}],"curies":[{"name":"wp","href":"https:\/\/api.w.org\/{rel}","templated":true}]}}