{"id":2541,"date":"2024-02-23T09:22:42","date_gmt":"2024-02-23T09:22:42","guid":{"rendered":"https:\/\/www.unioviedo.es\/fincorp\/?page_id=2541"},"modified":"2024-02-23T09:36:21","modified_gmt":"2024-02-23T09:36:21","slug":"maria-paz-fernandez-rivera-gonzalez-en","status":"publish","type":"page","link":"https:\/\/www.unioviedo.es\/fincorp\/index.php\/en\/team\/collaborators\/maria-paz-fernandez-rivera-gonzalez-en\/","title":{"rendered":"Mar\u00eda Paz Fern\u00e1ndez-Rivera Gonz\u00e1lez"},"content":{"rendered":"\n<div class=\"wp-block-media-text alignwide is-stacked-on-mobile is-vertically-aligned-center\" style=\"grid-template-columns:25% auto\"><figure class=\"wp-block-media-text__media\"><img loading=\"lazy\" decoding=\"async\" width=\"691\" height=\"791\" src=\"http:\/\/www.unioviedo.es\/fincorp\/wp-content\/uploads\/2024\/02\/Paz-Fernandez-Rivera.jpeg\" alt=\"\" class=\"wp-image-2538 size-full\" srcset=\"https:\/\/www.unioviedo.es\/fincorp\/wp-content\/uploads\/2024\/02\/Paz-Fernandez-Rivera.jpeg 691w, https:\/\/www.unioviedo.es\/fincorp\/wp-content\/uploads\/2024\/02\/Paz-Fernandez-Rivera-262x300.jpeg 262w\" sizes=\"auto, (max-width: 691px) 100vw, 691px\" \/><\/figure><div class=\"wp-block-media-text__content\">\n<p><strong>Category<\/strong>: Lecturer in Ecclesiastical Law, University of Oviedo<br><strong>Contact<\/strong>: <a href=\"mailto:fernandezgonpaz@uniovi.es\">fernandezgonpaz@uniovi.es<\/a><\/p>\n\n\n\n<div class=\"wp-block-group is-nowrap is-layout-flex wp-container-core-group-is-layout-9123dee2 wp-block-group-is-layout-flex\">\n<figure class=\"wp-block-image size-full is-resized\"><a href=\"https:\/\/es.linkedin.com\/in\/paz-fernandez-rivera-gonzalez-a9827486\" target=\"_blank\" rel=\"noreferrer noopener\"><img loading=\"lazy\" decoding=\"async\" width=\"120\" height=\"120\" src=\"http:\/\/www.unioviedo.es\/fincorp\/wp-content\/uploads\/2023\/02\/LinkedIn.png\" alt=\"\" class=\"wp-image-595\" style=\"width:30px;height:30px\"\/><\/a><\/figure>\n<\/div>\n<\/div><\/div>\n","protected":false},"excerpt":{"rendered":"","protected":false},"author":1,"featured_media":0,"parent":1062,"menu_order":3,"comment_status":"closed","ping_status":"closed","template":"","meta":{"neve_meta_sidebar":"","neve_meta_container":"","neve_meta_enable_content_width":"","neve_meta_content_width":0,"neve_meta_title_alignment":"","neve_meta_author_avatar":"","neve_post_elements_order":"","neve_meta_disable_header":"","neve_meta_disable_footer":"","neve_meta_disable_title":"","footnotes":""},"class_list":["post-2541","page","type-page","status-publish","hentry"],"_links":{"self":[{"href":"https:\/\/www.unioviedo.es\/fincorp\/index.php\/wp-json\/wp\/v2\/pages\/2541","targetHints":{"allow":["GET"]}}],"collection":[{"href":"https:\/\/www.unioviedo.es\/fincorp\/index.php\/wp-json\/wp\/v2\/pages"}],"about":[{"href":"https:\/\/www.unioviedo.es\/fincorp\/index.php\/wp-json\/wp\/v2\/types\/page"}],"author":[{"embeddable":true,"href":"https:\/\/www.unioviedo.es\/fincorp\/index.php\/wp-json\/wp\/v2\/users\/1"}],"replies":[{"embeddable":true,"href":"https:\/\/www.unioviedo.es\/fincorp\/index.php\/wp-json\/wp\/v2\/comments?post=2541"}],"version-history":[{"count":2,"href":"https:\/\/www.unioviedo.es\/fincorp\/index.php\/wp-json\/wp\/v2\/pages\/2541\/revisions"}],"predecessor-version":[{"id":2571,"href":"https:\/\/www.unioviedo.es\/fincorp\/index.php\/wp-json\/wp\/v2\/pages\/2541\/revisions\/2571"}],"up":[{"embeddable":true,"href":"https:\/\/www.unioviedo.es\/fincorp\/index.php\/wp-json\/wp\/v2\/pages\/1062"}],"wp:attachment":[{"href":"https:\/\/www.unioviedo.es\/fincorp\/index.php\/wp-json\/wp\/v2\/media?parent=2541"}],"curies":[{"name":"wp","href":"https:\/\/api.w.org\/{rel}","templated":true}]}}