{"id":2707,"date":"2024-06-07T07:24:52","date_gmt":"2024-06-07T07:24:52","guid":{"rendered":"https:\/\/www.unioviedo.es\/fincorp\/?page_id=2707"},"modified":"2025-11-28T11:24:04","modified_gmt":"2025-11-28T11:24:04","slug":"fineduca360-jovenes-para-jovenes","status":"publish","type":"page","link":"https:\/\/www.unioviedo.es\/fincorp\/index.php\/fineduca360\/fineduca360-jovenes-para-jovenes\/","title":{"rendered":"FinEduca360: J\u00f3venes para J\u00f3venes"},"content":{"rendered":"\n<p><strong>\u00abFinEduca360: J\u00f3venes para J\u00f3venes\u00bb<\/strong> es un proyecto de innovaci\u00f3n educativa y divulgaci\u00f3n en educaci\u00f3n financiera impulsado por el <strong>Grupo de Investigaci\u00f3n Finanzas y Gobierno Corporativo<\/strong> de la Universidad de Oviedo. Su objetivo es formar a estudiantes universitarios para que desarrollen talleres y charlas sobre finanzas personales en centros educativos de Asturias, promoviendo la educaci\u00f3n financiera mediante una metodolog\u00eda cercana, colaborativa y orientada al impacto social.<\/p>\n\n\n\n<p>El proyecto se articula en dos fases. <strong>En primer lugar, el alumnado universitario recibe formaci\u00f3n en educaci\u00f3n financiera<\/strong>, a trav\u00e9s de sesiones impartidas por profesionales, instituciones y profesorado. <strong>Posteriormente, los estudiantes imparten charlas en centros de Educaci\u00f3n Secundaria, Bachillerato y Formaci\u00f3n Profesional<\/strong>, transfiriendo los conocimientos adquiridos y contribuyendo a la sensibilizaci\u00f3n sobre la importancia de la planificaci\u00f3n financiera personal.<\/p>\n\n\n\n<p>\u00abFinEduca360: J\u00f3venes para J\u00f3venes\u00bb comenz\u00f3 en el curso 2023-2024 como un proyecto financiado por el <strong>Instituto de Investigaci\u00f3n e Innovaci\u00f3n Educativa (INIE)<\/strong> del Vicerrectorado de Pol\u00edticas del Profesorado de la Universidad de Oviedo. Desde entonces, el programa ha crecido en n\u00famero de participantes, centros educativos y alcance social.<\/p>\n\n\n\n<p>Hasta la fecha se han desarrollado <strong>dos ediciones completas<\/strong> del proyecto:<\/p>\n\n\n\n<ul class=\"wp-block-list\">\n<li><strong><a href=\"https:\/\/www.unioviedo.es\/fincorp\/index.php\/fineduca360\/fineduca360-jovenes-para-jovenes\/fineduca360-jovenes-para-jovenes-1a-edicion-curso-2023-2024\/\" data-type=\"link\" data-id=\"https:\/\/www.unioviedo.es\/fincorp\/index.php\/fineduca360\/fineduca360-jovenes-para-jovenes\/fineduca360-jovenes-para-jovenes-1a-edicion-curso-2023-2024\/\">1\u00aa edici\u00f3n (curso 2023-2024)<\/a><\/strong>: <strong>14 estudiantes participantes<\/strong>, <strong>10 charlas en 9 centros educativos<\/strong>, alcanzando a <strong>161 estudiantes<\/strong> de Educaci\u00f3n Secundaria, Bachillerato y Formaci\u00f3n Profesional.<\/li>\n\n\n\n<li><strong><a href=\"https:\/\/www.unioviedo.es\/fincorp\/index.php\/fineduca360\/fineduca360-jovenes-para-jovenes\/fineduca360-jovenes-para-jovenes-2a-edicion-curso-2024-2025\/\" data-type=\"link\" data-id=\"https:\/\/www.unioviedo.es\/fincorp\/index.php\/fineduca360\/fineduca360-jovenes-para-jovenes\/fineduca360-jovenes-para-jovenes-2a-edicion-curso-2024-2025\/\">2\u00aa edici\u00f3n (curso 2024-2025)<\/a><\/strong>: <strong>19 estudiantes participantes<\/strong>, <strong>29 charlas en 22 centros educativos<\/strong>, alcanzando a <strong>680 estudiantes<\/strong> de Educaci\u00f3n Secundaria, Bachillerato y Formaci\u00f3n Profesional.<\/li>\n<\/ul>\n\n\n\n<p>Durante este tiempo, el proyecto ha llevado la educaci\u00f3n financiera a aulas de toda Asturias, permitiendo que los propios estudiantes universitarios regresen a sus centros de origen o visiten otros centros educativos del territorio, convirti\u00e9ndose en agentes activos de divulgaci\u00f3n financiera.<\/p>\n\n\n\n<p>En el curso <strong>2025-2026<\/strong> se desarrolla la <strong>3\u00aa edici\u00f3n del programa<\/strong>, que cuenta adem\u00e1s con el apoyo de <strong>Caja Rural de Asturias<\/strong>, consolid\u00e1ndose como una iniciativa de referencia en educaci\u00f3n financiera y transferencia del conocimiento universitario al entorno social.<\/p>\n\n\n\n<figure class=\"wp-block-image size-full is-resized\"><a href=\"https:\/\/www.cajaruraldeasturias.com\/es\" target=\"_blank\" rel=\" noreferrer noopener\"><img loading=\"lazy\" decoding=\"async\" width=\"2555\" height=\"701\" src=\"http:\/\/www.unioviedo.es\/fincorp\/wp-content\/uploads\/2025\/10\/CajaRural-Logo.png\" alt=\"\" class=\"wp-image-3657\" style=\"width:500px\" srcset=\"https:\/\/www.unioviedo.es\/fincorp\/wp-content\/uploads\/2025\/10\/CajaRural-Logo.png 2555w, https:\/\/www.unioviedo.es\/fincorp\/wp-content\/uploads\/2025\/10\/CajaRural-Logo-300x82.png 300w\" sizes=\"auto, (max-width: 2555px) 100vw, 2555px\" \/><\/a><\/figure>\n","protected":false},"excerpt":{"rendered":"<p>\u00abFinEduca360: J\u00f3venes para J\u00f3venes\u00bb es un proyecto de innovaci\u00f3n educativa y divulgaci\u00f3n en educaci\u00f3n financiera impulsado por el Grupo de Investigaci\u00f3n Finanzas y Gobierno Corporativo de la Universidad de Oviedo. Su objetivo es formar a estudiantes universitarios para que desarrollen talleres y charlas sobre finanzas personales en centros educativos de Asturias, promoviendo la educaci\u00f3n financiera&hellip;&nbsp;<a href=\"https:\/\/www.unioviedo.es\/fincorp\/index.php\/fineduca360\/fineduca360-jovenes-para-jovenes\/\" rel=\"bookmark\">Leer m\u00e1s &raquo;<span class=\"screen-reader-text\">FinEduca360: J\u00f3venes para J\u00f3venes<\/span><\/a><\/p>\n","protected":false},"author":1,"featured_media":0,"parent":1977,"menu_order":2,"comment_status":"closed","ping_status":"closed","template":"","meta":{"neve_meta_sidebar":"","neve_meta_container":"","neve_meta_enable_content_width":"","neve_meta_content_width":0,"neve_meta_title_alignment":"","neve_meta_author_avatar":"","neve_post_elements_order":"","neve_meta_disable_header":"","neve_meta_disable_footer":"","neve_meta_disable_title":"","footnotes":""},"class_list":["post-2707","page","type-page","status-publish","hentry"],"_links":{"self":[{"href":"https:\/\/www.unioviedo.es\/fincorp\/index.php\/wp-json\/wp\/v2\/pages\/2707","targetHints":{"allow":["GET"]}}],"collection":[{"href":"https:\/\/www.unioviedo.es\/fincorp\/index.php\/wp-json\/wp\/v2\/pages"}],"about":[{"href":"https:\/\/www.unioviedo.es\/fincorp\/index.php\/wp-json\/wp\/v2\/types\/page"}],"author":[{"embeddable":true,"href":"https:\/\/www.unioviedo.es\/fincorp\/index.php\/wp-json\/wp\/v2\/users\/1"}],"replies":[{"embeddable":true,"href":"https:\/\/www.unioviedo.es\/fincorp\/index.php\/wp-json\/wp\/v2\/comments?post=2707"}],"version-history":[{"count":12,"href":"https:\/\/www.unioviedo.es\/fincorp\/index.php\/wp-json\/wp\/v2\/pages\/2707\/revisions"}],"predecessor-version":[{"id":3766,"href":"https:\/\/www.unioviedo.es\/fincorp\/index.php\/wp-json\/wp\/v2\/pages\/2707\/revisions\/3766"}],"up":[{"embeddable":true,"href":"https:\/\/www.unioviedo.es\/fincorp\/index.php\/wp-json\/wp\/v2\/pages\/1977"}],"wp:attachment":[{"href":"https:\/\/www.unioviedo.es\/fincorp\/index.php\/wp-json\/wp\/v2\/media?parent=2707"}],"curies":[{"name":"wp","href":"https:\/\/api.w.org\/{rel}","templated":true}]}}