{"id":2956,"date":"2024-09-23T13:52:12","date_gmt":"2024-09-23T13:52:12","guid":{"rendered":"https:\/\/www.unioviedo.es\/fincorp\/?page_id=2956"},"modified":"2025-06-20T10:39:52","modified_gmt":"2025-06-20T10:39:52","slug":"docencia-a-lo-largo-de-la-vida","status":"publish","type":"page","link":"https:\/\/www.unioviedo.es\/fincorp\/index.php\/docencia\/docencia-a-lo-largo-de-la-vida\/","title":{"rendered":"Docencia a lo largo de la vida"},"content":{"rendered":"\n<h2 class=\"wp-block-heading\">Programa Universitario para Mayores de la Universidad de Oviedo (PUMUO)<\/h2>\n\n\n\n<ul class=\"wp-block-list\">\n<li><strong>\u00abLos 50+ financieros: finanzas personales y salud financiera en la madurez\u00bb<\/strong>, Mieres, 2\u00ba semestre, curso 2024-2025.<\/li>\n\n\n\n<li><strong>\u00abLos 50+ financieros: finanzas personales y salud financiera en la madurez\u00bb<\/strong>, Gij\u00f3n, 1<sup>er<\/sup> semestre, curso 2024-2025.<\/li>\n\n\n\n<li><strong>\u00abDiversidad, equidad e inclusi\u00f3n: perspectivas jur\u00eddica y econ\u00f3mica\u00bb<\/strong>, Oviedo, 1<sup>er<\/sup> semestre, curso 2024-2025.<\/li>\n\n\n\n<li><strong>\u00abLGTBIQ+: una perspectiva actual, legal y econ\u00f3mica\u00bb<\/strong>, Oviedo, 2\u00ba semestre, curso 2023-2024.<\/li>\n\n\n\n<li><strong>\u00abLa Agenda 2030 de las Naciones Unidas: una aproximaci\u00f3n para identificar y comprender los Objetivos de Desarrollo Sostenible (ODS)\u00bb<\/strong>, Mieres, 2\u00ba semestre, curso 2023-2024.<\/li>\n<\/ul>\n\n\n\n<h2 class=\"wp-block-heading\">Aulas de Extensi\u00f3n Universitaria<\/h2>\n\n\n\n<ul class=\"wp-block-list\">\n<li><strong>\u00abAsturias sostenible: una mirada local a la Agenda 2030\u00bb<\/strong>, Riosa, 2\u00ba semestre, curso 2024-2025.<\/li>\n\n\n\n<li><strong>\u00ab<strong>Fineduca 360: Finanzas personales y educaci\u00f3n financiera<\/strong>\u00bb<\/strong>, Navia, 2\u00ba semestre, curso 2024-2025.<\/li>\n\n\n\n<li><strong><strong>\u00abFineduca 360:Finanzas y emprendimiento\u00bb<\/strong><\/strong>, Navia, 2\u00ba semestre, curso 2024-2025.<\/li>\n\n\n\n<li><strong>\u00abFineduca 360: Los mi\u00e9rcoles de mayo educamos en Econom\u00eda con la Universidad de Oviedo\u00bb<\/strong>, Coa\u00f1a, 2\u00ba semestre, curso 2024-2025.<\/li>\n\n\n\n<li><strong>\u00abFineduca 360: Finanzas personales y educaci\u00f3n financiera\u00bb<\/strong>, Cangas del Narcea, 1<sup>er <\/sup>semestre, curso 2024-2025.<\/li>\n\n\n\n<li><strong>\u00abFineduca 360:Finanzas y emprendimiento\u00bb<\/strong>, Cangas del Narcea, 1<sup>er <\/sup>semestre, curso 2024-2025.<\/li>\n\n\n\n<li><strong>\u00abLa Agenda 2030 de las Naciones Unidas: una aproximaci\u00f3n multidisciplinar para identificar y comprender los Objetivos de Desarrollo Sostenible (ODS)\u00bb<\/strong>, Nava, 1<sup>er<\/sup> semestre, curso 2024-2025.<\/li>\n\n\n\n<li><strong>\u00abLa Agenda 2030 de las Naciones Unidas: una aproximaci\u00f3n multidisciplinar para identificar y comprender los Objetivos de Desarrollo Sostenible (ODS)\u00bb<\/strong>, Villaviciosa, 1<sup>er<\/sup> semestre, curso 2023-2024.<\/li>\n<\/ul>\n\n\n\n<p><\/p>\n\n\n\n<p><\/p>\n","protected":false},"excerpt":{"rendered":"<p>Programa Universitario para Mayores de la Universidad de Oviedo (PUMUO) Aulas de Extensi\u00f3n Universitaria<\/p>\n","protected":false},"author":1,"featured_media":0,"parent":106,"menu_order":2,"comment_status":"closed","ping_status":"closed","template":"","meta":{"neve_meta_sidebar":"","neve_meta_container":"","neve_meta_enable_content_width":"","neve_meta_content_width":0,"neve_meta_title_alignment":"","neve_meta_author_avatar":"","neve_post_elements_order":"","neve_meta_disable_header":"","neve_meta_disable_footer":"","neve_meta_disable_title":"","footnotes":""},"class_list":["post-2956","page","type-page","status-publish","hentry"],"_links":{"self":[{"href":"https:\/\/www.unioviedo.es\/fincorp\/index.php\/wp-json\/wp\/v2\/pages\/2956","targetHints":{"allow":["GET"]}}],"collection":[{"href":"https:\/\/www.unioviedo.es\/fincorp\/index.php\/wp-json\/wp\/v2\/pages"}],"about":[{"href":"https:\/\/www.unioviedo.es\/fincorp\/index.php\/wp-json\/wp\/v2\/types\/page"}],"author":[{"embeddable":true,"href":"https:\/\/www.unioviedo.es\/fincorp\/index.php\/wp-json\/wp\/v2\/users\/1"}],"replies":[{"embeddable":true,"href":"https:\/\/www.unioviedo.es\/fincorp\/index.php\/wp-json\/wp\/v2\/comments?post=2956"}],"version-history":[{"count":2,"href":"https:\/\/www.unioviedo.es\/fincorp\/index.php\/wp-json\/wp\/v2\/pages\/2956\/revisions"}],"predecessor-version":[{"id":3623,"href":"https:\/\/www.unioviedo.es\/fincorp\/index.php\/wp-json\/wp\/v2\/pages\/2956\/revisions\/3623"}],"up":[{"embeddable":true,"href":"https:\/\/www.unioviedo.es\/fincorp\/index.php\/wp-json\/wp\/v2\/pages\/106"}],"wp:attachment":[{"href":"https:\/\/www.unioviedo.es\/fincorp\/index.php\/wp-json\/wp\/v2\/media?parent=2956"}],"curies":[{"name":"wp","href":"https:\/\/api.w.org\/{rel}","templated":true}]}}