{"id":3346,"date":"2025-05-20T20:19:57","date_gmt":"2025-05-20T20:19:57","guid":{"rendered":"https:\/\/www.unioviedo.es\/fincorp\/?page_id=3346"},"modified":"2025-05-20T20:30:41","modified_gmt":"2025-05-20T20:30:41","slug":"divgenemp","status":"publish","type":"page","link":"https:\/\/www.unioviedo.es\/fincorp\/index.php\/divgenemp\/","title":{"rendered":"DIVGENEMP"},"content":{"rendered":"\n<p>El proyecto \u00abDiversidad de g\u00e9nero en el gobierno corporativo: determinantes institucionales, normativa e implicaciones en las estrategias y comportamiento empresarial\u00bb est\u00e1 financiado por el Ministerio de Ciencia e Innovaci\u00f3n [MCINN-23-PID2022-140023NA-I00], con una duraci\u00f3n de cuatro a\u00f1os (septiembre 2023 \u2013 agosto 2027). Actualmente se encuentra en desarrollo por parte del equipo investigador liderado por Irma Mart\u00ednez Garc\u00eda.<\/p>\n\n\n\n<ul class=\"wp-block-list has-medium-font-size\">\n<li><a href=\"https:\/\/www.unioviedo.es\/fincorp\/index.php\/divgenemp\/divgenemp-equipo\/\" data-type=\"link\" data-id=\"https:\/\/www.unioviedo.es\/fincorp\/index.php\/divgenemp\/divgenemp-equipo\/\">Equipo<\/a><\/li>\n\n\n\n<li><a href=\"https:\/\/www.unioviedo.es\/fincorp\/index.php\/divgenemp\/divgenemp-publicaciones\/\">Publicaciones<\/a><\/li>\n\n\n\n<li><a href=\"https:\/\/www.unioviedo.es\/fincorp\/index.php\/divgenemp\/divgenemp-otras-actividades\/\">Otras actividades<\/a><\/li>\n\n\n\n<li><a href=\"https:\/\/www.unioviedo.es\/fincorp\/index.php\/divgenemp\/divgenemp-colaboraciones\/\">Colaboraciones<\/a><\/li>\n\n\n\n<li><a href=\"https:\/\/www.unioviedo.es\/fincorp\/index.php\/divgenemp\/divgenemp-anuncios\/\">Anuncios<\/a><\/li>\n<\/ul>\n","protected":false},"excerpt":{"rendered":"<p>El proyecto \u00abDiversidad de g\u00e9nero en el gobierno corporativo: determinantes institucionales, normativa e implicaciones en las estrategias y comportamiento empresarial\u00bb est\u00e1 financiado por el Ministerio de Ciencia e Innovaci\u00f3n [MCINN-23-PID2022-140023NA-I00], con una duraci\u00f3n de cuatro a\u00f1os (septiembre 2023 \u2013 agosto 2027). Actualmente se encuentra en desarrollo por parte del equipo investigador liderado por Irma Mart\u00ednez&hellip;&nbsp;<a href=\"https:\/\/www.unioviedo.es\/fincorp\/index.php\/divgenemp\/\" rel=\"bookmark\">Leer m\u00e1s &raquo;<span class=\"screen-reader-text\">DIVGENEMP<\/span><\/a><\/p>\n","protected":false},"author":1,"featured_media":0,"parent":0,"menu_order":0,"comment_status":"closed","ping_status":"closed","template":"","meta":{"neve_meta_sidebar":"","neve_meta_container":"","neve_meta_enable_content_width":"","neve_meta_content_width":0,"neve_meta_title_alignment":"","neve_meta_author_avatar":"","neve_post_elements_order":"","neve_meta_disable_header":"","neve_meta_disable_footer":"","neve_meta_disable_title":"","footnotes":""},"class_list":["post-3346","page","type-page","status-publish","hentry"],"_links":{"self":[{"href":"https:\/\/www.unioviedo.es\/fincorp\/index.php\/wp-json\/wp\/v2\/pages\/3346","targetHints":{"allow":["GET"]}}],"collection":[{"href":"https:\/\/www.unioviedo.es\/fincorp\/index.php\/wp-json\/wp\/v2\/pages"}],"about":[{"href":"https:\/\/www.unioviedo.es\/fincorp\/index.php\/wp-json\/wp\/v2\/types\/page"}],"author":[{"embeddable":true,"href":"https:\/\/www.unioviedo.es\/fincorp\/index.php\/wp-json\/wp\/v2\/users\/1"}],"replies":[{"embeddable":true,"href":"https:\/\/www.unioviedo.es\/fincorp\/index.php\/wp-json\/wp\/v2\/comments?post=3346"}],"version-history":[{"count":2,"href":"https:\/\/www.unioviedo.es\/fincorp\/index.php\/wp-json\/wp\/v2\/pages\/3346\/revisions"}],"predecessor-version":[{"id":3378,"href":"https:\/\/www.unioviedo.es\/fincorp\/index.php\/wp-json\/wp\/v2\/pages\/3346\/revisions\/3378"}],"wp:attachment":[{"href":"https:\/\/www.unioviedo.es\/fincorp\/index.php\/wp-json\/wp\/v2\/media?parent=3346"}],"curies":[{"name":"wp","href":"https:\/\/api.w.org\/{rel}","templated":true}]}}