{"id":3351,"date":"2025-05-20T20:23:32","date_gmt":"2025-05-20T20:23:32","guid":{"rendered":"https:\/\/www.unioviedo.es\/fincorp\/?page_id=3351"},"modified":"2026-01-23T08:28:41","modified_gmt":"2026-01-23T08:28:41","slug":"divgenemp-equipo","status":"publish","type":"page","link":"https:\/\/www.unioviedo.es\/fincorp\/index.php\/divgenemp\/divgenemp-equipo\/","title":{"rendered":"DIVGENEMP: Equipo"},"content":{"rendered":"\n<h2 class=\"wp-block-heading\">Equipo investigador<\/h2>\n\n\n\n<ul class=\"wp-block-list has-medium-font-size\">\n<li><a href=\"https:\/\/www.unioviedo.es\/fincorp\/index.php\/equipo\/investigadores\/irma-martinez-garcia\/\">Irma Mart\u00ednez Garc\u00eda<\/a><\/li>\n<\/ul>\n\n\n\n<div class=\"wp-block-media-text alignwide is-stacked-on-mobile is-vertically-aligned-center\" style=\"grid-template-columns:15% auto\"><figure class=\"wp-block-media-text__media\"><img loading=\"lazy\" decoding=\"async\" width=\"372\" height=\"574\" src=\"http:\/\/www.unioviedo.es\/fincorp\/wp-content\/uploads\/2025\/06\/Irma.png\" alt=\"\" class=\"wp-image-3435 size-full\" srcset=\"https:\/\/www.unioviedo.es\/fincorp\/wp-content\/uploads\/2025\/06\/Irma.png 372w, https:\/\/www.unioviedo.es\/fincorp\/wp-content\/uploads\/2025\/06\/Irma-194x300.png 194w\" sizes=\"auto, (max-width: 372px) 100vw, 372px\" \/><\/figure><div class=\"wp-block-media-text__content\">\n<p><strong>Categor\u00eda<\/strong>: Profesora Ayudante Doctora de Econom\u00eda Financiera y Contabilidad, Universidad de Oviedo (Investigadora Principal)<br><strong>Contacto<\/strong>: <a href=\"mailto:martinezirma@uniovi.es\" target=\"_blank\" rel=\"noreferrer noopener\">martinezirma@uniovi.es<\/a><\/p>\n\n\n\n<div class=\"wp-block-group is-nowrap is-layout-flex wp-container-core-group-is-layout-9123dee2 wp-block-group-is-layout-flex\">\n<figure class=\"wp-block-image size-full is-resized\"><a href=\"https:\/\/orcid.org\/0000-0002-5449-5956\" target=\"_blank\" rel=\"noreferrer noopener\"><img loading=\"lazy\" decoding=\"async\" width=\"120\" height=\"120\" src=\"http:\/\/www.unioviedo.es\/fincorp\/wp-content\/uploads\/2023\/02\/ORCID.png\" alt=\"\" class=\"wp-image-588\" style=\"width:30px;height:30px\"\/><\/a><\/figure>\n\n\n\n<figure class=\"wp-block-image size-full is-resized\"><a href=\"https:\/\/scholar.google.es\/citations?user=Zy3j6PcAAAAJ&amp;hl=en\" target=\"_blank\" rel=\"noreferrer noopener\"><img loading=\"lazy\" decoding=\"async\" width=\"795\" height=\"795\" src=\"https:\/\/www.unioviedo.es\/fincorp\/wp-content\/uploads\/2023\/02\/Google-Scholar-2.png\" alt=\"\" class=\"wp-image-597\" style=\"width:30px;height:30px\" srcset=\"https:\/\/www.unioviedo.es\/fincorp\/wp-content\/uploads\/2023\/02\/Google-Scholar-2.png 795w, https:\/\/www.unioviedo.es\/fincorp\/wp-content\/uploads\/2023\/02\/Google-Scholar-2-300x300.png 300w, https:\/\/www.unioviedo.es\/fincorp\/wp-content\/uploads\/2023\/02\/Google-Scholar-2-150x150.png 150w, https:\/\/www.unioviedo.es\/fincorp\/wp-content\/uploads\/2023\/02\/Google-Scholar-2-768x768.png 768w\" sizes=\"auto, (max-width: 795px) 100vw, 795px\" \/><\/a><\/figure>\n\n\n\n<figure class=\"wp-block-image size-full is-resized\"><a href=\"https:\/\/www.researchgate.net\/profile\/Irma-Martinez-Garcia\" target=\"_blank\" rel=\"noreferrer noopener\"><img loading=\"lazy\" decoding=\"async\" width=\"120\" height=\"120\" src=\"https:\/\/www.unioviedo.es\/fincorp\/wp-content\/uploads\/2023\/02\/ResearchGate.png\" alt=\"\" class=\"wp-image-594\" style=\"width:30px;height:30px\"\/><\/a><\/figure>\n\n\n\n<figure class=\"wp-block-image size-full is-resized\"><a href=\"https:\/\/es.linkedin.com\/in\/irma-mart%C3%ADnez-garc%C3%ADa-65524668\" target=\"_blank\" rel=\"noreferrer noopener\"><img loading=\"lazy\" decoding=\"async\" width=\"120\" height=\"120\" src=\"http:\/\/www.unioviedo.es\/fincorp\/wp-content\/uploads\/2023\/02\/LinkedIn.png\" alt=\"\" class=\"wp-image-595\" style=\"width:30px;height:30px\"\/><\/a><\/figure>\n<\/div>\n<\/div><\/div>\n\n\n\n<ul class=\"wp-block-list has-medium-font-size\">\n<li><a href=\"https:\/\/www.unioviedo.es\/fincorp\/index.php\/equipo\/investigadores\/silvia-gomez-anson\/\">Silvia G\u00f3mez Ans\u00f3n<\/a><\/li>\n<\/ul>\n\n\n\n<div class=\"wp-block-media-text alignwide is-stacked-on-mobile is-vertically-aligned-center\" style=\"grid-template-columns:15% auto\"><figure class=\"wp-block-media-text__media\"><img loading=\"lazy\" decoding=\"async\" width=\"176\" height=\"179\" src=\"http:\/\/www.unioviedo.es\/fincorp\/wp-content\/uploads\/2025\/05\/FotoWeb-SGA.jpg\" alt=\"\" class=\"wp-image-3338 size-full\"\/><\/figure><div class=\"wp-block-media-text__content\">\n<p><strong>Categor\u00eda<\/strong>: Catedr\u00e1tica de Econom\u00eda Financiera y Contabilidad, Universidad de Oviedo<br><strong>Contacto<\/strong>: <a rel=\"noreferrer noopener\" href=\"mailto:sgomez@uniovi.es\" target=\"_blank\">sgomez@uniovi.es<\/a><\/p>\n\n\n\n<div class=\"wp-block-group is-nowrap is-layout-flex wp-container-core-group-is-layout-9123dee2 wp-block-group-is-layout-flex\">\n<figure class=\"wp-block-image size-full is-resized is-style-default\"><a href=\"https:\/\/orcid.org\/0000-0002-9630-4935\" target=\"_blank\" rel=\"noreferrer noopener\"><img loading=\"lazy\" decoding=\"async\" width=\"120\" height=\"120\" src=\"http:\/\/www.unioviedo.es\/fincorp\/wp-content\/uploads\/2023\/02\/ORCID.png\" alt=\"\" class=\"wp-image-588\" style=\"width:30px;height:30px\"\/><\/a><\/figure>\n\n\n\n<figure class=\"wp-block-image size-full is-resized\"><a href=\"https:\/\/scholar.google.es\/citations?user=hKQt8k8AAAAJ&amp;hl=es\" target=\"_blank\" rel=\"noreferrer noopener\"><img loading=\"lazy\" decoding=\"async\" width=\"795\" height=\"795\" src=\"https:\/\/www.unioviedo.es\/fincorp\/wp-content\/uploads\/2023\/02\/Google-Scholar-2.png\" alt=\"\" class=\"wp-image-597\" style=\"width:30px;height:30px\" srcset=\"https:\/\/www.unioviedo.es\/fincorp\/wp-content\/uploads\/2023\/02\/Google-Scholar-2.png 795w, https:\/\/www.unioviedo.es\/fincorp\/wp-content\/uploads\/2023\/02\/Google-Scholar-2-300x300.png 300w, https:\/\/www.unioviedo.es\/fincorp\/wp-content\/uploads\/2023\/02\/Google-Scholar-2-150x150.png 150w, https:\/\/www.unioviedo.es\/fincorp\/wp-content\/uploads\/2023\/02\/Google-Scholar-2-768x768.png 768w\" sizes=\"auto, (max-width: 795px) 100vw, 795px\" \/><\/a><\/figure>\n\n\n\n<figure class=\"wp-block-image size-full is-resized\"><a href=\"https:\/\/www.researchgate.net\/profile\/Silvia-Gomez-Anson\" target=\"_blank\" rel=\"noreferrer noopener\"><img loading=\"lazy\" decoding=\"async\" width=\"120\" height=\"120\" src=\"https:\/\/www.unioviedo.es\/fincorp\/wp-content\/uploads\/2023\/02\/ResearchGate.png\" alt=\"\" class=\"wp-image-594\" style=\"width:30px;height:30px\"\/><\/a><\/figure>\n\n\n\n<figure class=\"wp-block-image size-full is-resized\"><a href=\"https:\/\/es.linkedin.com\/in\/silvia-g%C3%B3mez-ans%C3%B3n-50584b14\" target=\"_blank\" rel=\"noreferrer noopener\"><img loading=\"lazy\" decoding=\"async\" width=\"120\" height=\"120\" src=\"http:\/\/www.unioviedo.es\/fincorp\/wp-content\/uploads\/2023\/02\/LinkedIn.png\" alt=\"\" class=\"wp-image-595\" style=\"width:30px;height:30px\"\/><\/a><\/figure>\n<\/div>\n<\/div><\/div>\n\n\n\n<ul class=\"wp-block-list has-medium-font-size\">\n<li><a href=\"https:\/\/www.unioviedo.es\/fincorp\/index.php\/equipo\/investigadores\/maria-sacristan-navarro\/\">Mar\u00eda Sacrist\u00e1n Navarro<\/a><\/li>\n<\/ul>\n\n\n\n<div class=\"wp-block-media-text alignwide is-stacked-on-mobile\" style=\"grid-template-columns:15% auto\"><figure class=\"wp-block-media-text__media\"><img loading=\"lazy\" decoding=\"async\" width=\"148\" height=\"143\" src=\"http:\/\/www.unioviedo.es\/fincorp\/wp-content\/uploads\/2023\/11\/thumbnail_foto-maria.png\" alt=\"\" class=\"wp-image-2389 size-full\"\/><\/figure><div class=\"wp-block-media-text__content\">\n<p><strong>Categor\u00eda<\/strong>: Catedr\u00e1tica de Organizaci\u00f3n de Empresas, Universidad Rey Juan Carlos<br><strong>Contacto<\/strong>: <a rel=\"noreferrer noopener\" href=\"mailto:maria.sacristan@urjc.es\" target=\"_blank\">maria.sacristan@urjc.es<\/a><\/p>\n\n\n\n<div class=\"wp-block-group is-nowrap is-layout-flex wp-container-core-group-is-layout-9123dee2 wp-block-group-is-layout-flex\">\n<figure class=\"wp-block-image size-full is-resized\"><a href=\"https:\/\/orcid.org\/0000-0002-9903-7991\" target=\"_blank\" rel=\"noreferrer noopener\"><img loading=\"lazy\" decoding=\"async\" width=\"120\" height=\"120\" src=\"http:\/\/www.unioviedo.es\/fincorp\/wp-content\/uploads\/2023\/02\/ORCID.png\" alt=\"\" class=\"wp-image-588\" style=\"width:30px;height:30px\"\/><\/a><\/figure>\n\n\n\n<figure class=\"wp-block-image size-full is-resized\"><a href=\"https:\/\/scholar.google.es\/citations?user=ZRLWZ9UAAAAJ&amp;hl=es\" target=\"_blank\" rel=\"noreferrer noopener\"><img loading=\"lazy\" decoding=\"async\" width=\"795\" height=\"795\" src=\"https:\/\/www.unioviedo.es\/fincorp\/wp-content\/uploads\/2023\/02\/Google-Scholar-2.png\" alt=\"\" class=\"wp-image-597\" style=\"width:30px;height:30px\" srcset=\"https:\/\/www.unioviedo.es\/fincorp\/wp-content\/uploads\/2023\/02\/Google-Scholar-2.png 795w, https:\/\/www.unioviedo.es\/fincorp\/wp-content\/uploads\/2023\/02\/Google-Scholar-2-300x300.png 300w, https:\/\/www.unioviedo.es\/fincorp\/wp-content\/uploads\/2023\/02\/Google-Scholar-2-150x150.png 150w, https:\/\/www.unioviedo.es\/fincorp\/wp-content\/uploads\/2023\/02\/Google-Scholar-2-768x768.png 768w\" sizes=\"auto, (max-width: 795px) 100vw, 795px\" \/><\/a><\/figure>\n\n\n\n<figure class=\"wp-block-image size-full is-resized\"><a href=\"https:\/\/www.researchgate.net\/profile\/Maria-Sacristan-Navarro\" target=\"_blank\" rel=\"noreferrer noopener\"><img loading=\"lazy\" decoding=\"async\" width=\"120\" height=\"120\" src=\"https:\/\/www.unioviedo.es\/fincorp\/wp-content\/uploads\/2023\/02\/ResearchGate.png\" alt=\"\" class=\"wp-image-594\" style=\"width:30px;height:30px\"\/><\/a><\/figure>\n\n\n\n<figure class=\"wp-block-image size-full is-resized\"><a href=\"https:\/\/es.linkedin.com\/in\/mar%C3%ADa-sacrist%C3%A1n-navarro-984ab525\" target=\"_blank\" rel=\"noreferrer noopener\"><img loading=\"lazy\" decoding=\"async\" width=\"120\" height=\"120\" src=\"http:\/\/www.unioviedo.es\/fincorp\/wp-content\/uploads\/2023\/02\/LinkedIn.png\" alt=\"\" class=\"wp-image-595\" style=\"width:30px;height:30px\"\/><\/a><\/figure>\n<\/div>\n<\/div><\/div>\n\n\n\n<ul class=\"wp-block-list has-medium-font-size\">\n<li><a href=\"https:\/\/www.unioviedo.es\/fincorp\/index.php\/equipo\/colaboradores\/fermin-lopez-rodriguez\/\">Ferm\u00edn L\u00f3pez Rodr\u00edguez<\/a><\/li>\n<\/ul>\n\n\n\n<div class=\"wp-block-media-text alignwide is-stacked-on-mobile is-vertically-aligned-center\" style=\"grid-template-columns:15% auto\"><figure class=\"wp-block-media-text__media\"><img loading=\"lazy\" decoding=\"async\" width=\"459\" height=\"507\" src=\"https:\/\/www.unioviedo.es\/fincorp\/wp-content\/uploads\/2023\/02\/Fermin-Lopez-Rodriguez.jpg\" alt=\"\" class=\"wp-image-521 size-full\" srcset=\"https:\/\/www.unioviedo.es\/fincorp\/wp-content\/uploads\/2023\/02\/Fermin-Lopez-Rodriguez.jpg 459w, https:\/\/www.unioviedo.es\/fincorp\/wp-content\/uploads\/2023\/02\/Fermin-Lopez-Rodriguez-272x300.jpg 272w\" sizes=\"auto, (max-width: 459px) 100vw, 459px\" \/><\/figure><div class=\"wp-block-media-text__content\">\n<p><strong>Categor\u00eda<\/strong>: Profesor Ayudante Doctor de Sociolog\u00eda, Universidad de M\u00e1laga<br><strong>Contacto<\/strong>: <a href=\"mailto:lopezfermin@uma.es\" target=\"_blank\" rel=\"noreferrer noopener\">lopezfermin@uma.es<\/a><\/p>\n\n\n\n<div class=\"wp-block-group is-nowrap is-layout-flex wp-container-core-group-is-layout-9123dee2 wp-block-group-is-layout-flex\">\n<figure class=\"wp-block-image size-full is-resized\"><a href=\"https:\/\/orcid.org\/0000-0003-4120-5566\" target=\"_blank\" rel=\"noreferrer noopener\"><img loading=\"lazy\" decoding=\"async\" width=\"120\" height=\"120\" src=\"http:\/\/www.unioviedo.es\/fincorp\/wp-content\/uploads\/2023\/02\/ORCID.png\" alt=\"\" class=\"wp-image-588\" style=\"width:30px;height:30px\"\/><\/a><\/figure>\n\n\n\n<figure class=\"wp-block-image size-full is-resized\"><a href=\"https:\/\/www.researchgate.net\/profile\/Fermin-Lopez\" target=\"_blank\" rel=\"noreferrer noopener\"><img loading=\"lazy\" decoding=\"async\" width=\"120\" height=\"120\" src=\"https:\/\/www.unioviedo.es\/fincorp\/wp-content\/uploads\/2023\/02\/ResearchGate.png\" alt=\"\" class=\"wp-image-594\" style=\"width:30px;height:30px\"\/><\/a><\/figure>\n<\/div>\n<\/div><\/div>\n\n\n\n<div style=\"height:40px\" aria-hidden=\"true\" class=\"wp-block-spacer\"><\/div>\n\n\n\n<h2 class=\"wp-block-heading\">Equipo de trabajo<\/h2>\n\n\n\n<ul class=\"wp-block-list has-medium-font-size\">\n<li><a href=\"https:\/\/www.unioviedo.es\/fincorp\/index.php\/equipo\/investigadores\/rodrigo-basco\/\">Rodrigo Basco<\/a><\/li>\n<\/ul>\n\n\n\n<div class=\"wp-block-media-text alignwide is-stacked-on-mobile is-vertically-aligned-center\" style=\"grid-template-columns:15% auto\"><figure class=\"wp-block-media-text__media\"><img loading=\"lazy\" decoding=\"async\" width=\"400\" height=\"400\" src=\"https:\/\/www.unioviedo.es\/fincorp\/wp-content\/uploads\/2023\/02\/Rodrigo-Basco.jpg\" alt=\"\" class=\"wp-image-478 size-full\" srcset=\"https:\/\/www.unioviedo.es\/fincorp\/wp-content\/uploads\/2023\/02\/Rodrigo-Basco.jpg 400w, https:\/\/www.unioviedo.es\/fincorp\/wp-content\/uploads\/2023\/02\/Rodrigo-Basco-300x300.jpg 300w, https:\/\/www.unioviedo.es\/fincorp\/wp-content\/uploads\/2023\/02\/Rodrigo-Basco-150x150.jpg 150w\" sizes=\"auto, (max-width: 400px) 100vw, 400px\" \/><\/figure><div class=\"wp-block-media-text__content\">\n<p><strong>Categor\u00eda<\/strong>: Professor of Management, American University of Sharjah (EAU)<br><strong>Contacto<\/strong>: <a rel=\"noreferrer noopener\" href=\"mailto:rbasco@aus.edu\" target=\"_blank\">rbasco@aus.edu<\/a><\/p>\n\n\n\n<div class=\"wp-block-group is-nowrap is-layout-flex wp-container-core-group-is-layout-9123dee2 wp-block-group-is-layout-flex\">\n<figure class=\"wp-block-image size-full is-resized\"><a href=\"https:\/\/orcid.org\/0000-0002-0168-2272\" target=\"_blank\" rel=\"noreferrer noopener\"><img loading=\"lazy\" decoding=\"async\" width=\"120\" height=\"120\" src=\"http:\/\/www.unioviedo.es\/fincorp\/wp-content\/uploads\/2023\/02\/ORCID.png\" alt=\"\" class=\"wp-image-588\" style=\"width:30px;height:30px\"\/><\/a><\/figure>\n\n\n\n<figure class=\"wp-block-image size-full is-resized\"><a href=\"https:\/\/scholar.google.es\/citations?user=Zlz_Wp4AAAAJ&amp;hl=es\" target=\"_blank\" rel=\"noreferrer noopener\"><img loading=\"lazy\" decoding=\"async\" width=\"795\" height=\"795\" src=\"https:\/\/www.unioviedo.es\/fincorp\/wp-content\/uploads\/2023\/02\/Google-Scholar-2.png\" alt=\"\" class=\"wp-image-597\" style=\"width:30px;height:30px\" srcset=\"https:\/\/www.unioviedo.es\/fincorp\/wp-content\/uploads\/2023\/02\/Google-Scholar-2.png 795w, https:\/\/www.unioviedo.es\/fincorp\/wp-content\/uploads\/2023\/02\/Google-Scholar-2-300x300.png 300w, https:\/\/www.unioviedo.es\/fincorp\/wp-content\/uploads\/2023\/02\/Google-Scholar-2-150x150.png 150w, https:\/\/www.unioviedo.es\/fincorp\/wp-content\/uploads\/2023\/02\/Google-Scholar-2-768x768.png 768w\" sizes=\"auto, (max-width: 795px) 100vw, 795px\" \/><\/a><\/figure>\n\n\n\n<figure class=\"wp-block-image size-full is-resized\"><a href=\"https:\/\/www.researchgate.net\/profile\/Rodrigo-Basco\" target=\"_blank\" rel=\"noreferrer noopener\"><img loading=\"lazy\" decoding=\"async\" width=\"120\" height=\"120\" src=\"https:\/\/www.unioviedo.es\/fincorp\/wp-content\/uploads\/2023\/02\/ResearchGate.png\" alt=\"\" class=\"wp-image-594\" style=\"width:30px;height:30px\"\/><\/a><\/figure>\n\n\n\n<figure class=\"wp-block-image size-full is-resized\"><a href=\"https:\/\/www.linkedin.com\/in\/rodrigo-basco-9100265b\/\" target=\"_blank\" rel=\"noreferrer noopener\"><img loading=\"lazy\" decoding=\"async\" width=\"120\" height=\"120\" src=\"http:\/\/www.unioviedo.es\/fincorp\/wp-content\/uploads\/2023\/02\/LinkedIn.png\" alt=\"\" class=\"wp-image-595\" style=\"width:30px;height:30px\"\/><\/a><\/figure>\n<\/div>\n<\/div><\/div>\n\n\n\n<ul class=\"wp-block-list has-medium-font-size\">\n<li><a href=\"https:\/\/www.unioviedo.es\/fincorp\/index.php\/equipo\/colaboradores\/siri-terjesen\/\">Siri Terjesen<\/a><\/li>\n<\/ul>\n\n\n\n<div class=\"wp-block-media-text alignwide is-stacked-on-mobile is-vertically-aligned-center\" style=\"grid-template-columns:15% auto\"><figure class=\"wp-block-media-text__media\"><img loading=\"lazy\" decoding=\"async\" width=\"171\" height=\"257\" src=\"https:\/\/www.unioviedo.es\/fincorp\/wp-content\/uploads\/2023\/02\/Siri-Terjesen.jpg\" alt=\"\" class=\"wp-image-504 size-full\"\/><\/figure><div class=\"wp-block-media-text__content\">\n<p><strong>Categor\u00eda<\/strong>: Professor of Management, Florida Atlantic University (EEUU)<br><strong>Contacto<\/strong>: <a href=\"mailto:sterjesen@fau.edu\">sterjesen@fau.edu<\/a><\/p>\n\n\n\n<div class=\"wp-block-group is-nowrap is-layout-flex wp-container-core-group-is-layout-9123dee2 wp-block-group-is-layout-flex\">\n<figure class=\"wp-block-image size-full is-resized\"><a href=\"https:\/\/orcid.org\/0000-0002-2070-1942\" target=\"_blank\" rel=\"noreferrer noopener\"><img loading=\"lazy\" decoding=\"async\" width=\"120\" height=\"120\" src=\"http:\/\/www.unioviedo.es\/fincorp\/wp-content\/uploads\/2023\/02\/ORCID.png\" alt=\"\" class=\"wp-image-588\" style=\"width:30px;height:30px\"\/><\/a><\/figure>\n\n\n\n<figure class=\"wp-block-image size-full is-resized\"><a href=\"https:\/\/scholar.google.com\/citations?user=loPMxzAAAAAJ&amp;hl=es\" target=\"_blank\" rel=\"noreferrer noopener\"><img loading=\"lazy\" decoding=\"async\" width=\"795\" height=\"795\" src=\"https:\/\/www.unioviedo.es\/fincorp\/wp-content\/uploads\/2023\/02\/Google-Scholar-2.png\" alt=\"\" class=\"wp-image-597\" style=\"width:30px;height:30px\" srcset=\"https:\/\/www.unioviedo.es\/fincorp\/wp-content\/uploads\/2023\/02\/Google-Scholar-2.png 795w, https:\/\/www.unioviedo.es\/fincorp\/wp-content\/uploads\/2023\/02\/Google-Scholar-2-300x300.png 300w, https:\/\/www.unioviedo.es\/fincorp\/wp-content\/uploads\/2023\/02\/Google-Scholar-2-150x150.png 150w, https:\/\/www.unioviedo.es\/fincorp\/wp-content\/uploads\/2023\/02\/Google-Scholar-2-768x768.png 768w\" sizes=\"auto, (max-width: 795px) 100vw, 795px\" \/><\/a><\/figure>\n\n\n\n<figure class=\"wp-block-image size-full is-resized\"><a href=\"https:\/\/www.researchgate.net\/profile\/Siri-Terjesen\" target=\"_blank\" rel=\"noreferrer noopener\"><img loading=\"lazy\" decoding=\"async\" width=\"120\" height=\"120\" src=\"https:\/\/www.unioviedo.es\/fincorp\/wp-content\/uploads\/2023\/02\/ResearchGate.png\" alt=\"\" class=\"wp-image-594\" style=\"width:30px;height:30px\"\/><\/a><\/figure>\n\n\n\n<figure class=\"wp-block-image size-full is-resized\"><a href=\"https:\/\/www.linkedin.com\/in\/siri-terjesen\" target=\"_blank\" rel=\"noreferrer noopener\"><img loading=\"lazy\" decoding=\"async\" width=\"120\" height=\"120\" src=\"http:\/\/www.unioviedo.es\/fincorp\/wp-content\/uploads\/2023\/02\/LinkedIn.png\" alt=\"\" class=\"wp-image-595\" style=\"width:30px;height:30px\"\/><\/a><\/figure>\n<\/div>\n<\/div><\/div>\n\n\n\n<ul class=\"wp-block-list has-medium-font-size\">\n<li><a href=\"https:\/\/www.unioviedo.es\/fincorp\/index.php\/equipo\/colaboradores\/narjess-boubakri\/\">Narjess Boubakri<\/a><\/li>\n<\/ul>\n\n\n\n<div class=\"wp-block-media-text alignwide is-stacked-on-mobile is-vertically-aligned-center\" style=\"grid-template-columns:15% auto\"><figure class=\"wp-block-media-text__media\"><img loading=\"lazy\" decoding=\"async\" width=\"174\" height=\"217\" src=\"https:\/\/www.unioviedo.es\/fincorp\/wp-content\/uploads\/2023\/02\/Narjess-Boubakri.jpg\" alt=\"\" class=\"wp-image-512 size-full\"\/><\/figure><div class=\"wp-block-media-text__content\">\n<p><strong>Categor\u00eda<\/strong>: Professor of Finance, American University of Sharjah (EAU)<br><strong>Contacto<\/strong>: <a rel=\"noreferrer noopener\" href=\"mailto:nboubakri@aus.edu\" target=\"_blank\">nboubakri@aus.edu<\/a><\/p>\n\n\n\n<div class=\"wp-block-group is-nowrap is-layout-flex wp-container-core-group-is-layout-9123dee2 wp-block-group-is-layout-flex\">\n<figure class=\"wp-block-image size-full is-resized\"><a href=\"https:\/\/orcid.org\/0000-0002-8954-5271\" target=\"_blank\" rel=\"noreferrer noopener\"><img loading=\"lazy\" decoding=\"async\" width=\"120\" height=\"120\" src=\"http:\/\/www.unioviedo.es\/fincorp\/wp-content\/uploads\/2023\/02\/ORCID.png\" alt=\"\" class=\"wp-image-588\" style=\"width:30px;height:30px\"\/><\/a><\/figure>\n\n\n\n<figure class=\"wp-block-image size-full is-resized\"><a href=\"https:\/\/scholar.google.com\/citations?hl=es&amp;user=MEIY6wUAAAAJ\" target=\"_blank\" rel=\"noreferrer noopener\"><img loading=\"lazy\" decoding=\"async\" width=\"795\" height=\"795\" src=\"https:\/\/www.unioviedo.es\/fincorp\/wp-content\/uploads\/2023\/02\/Google-Scholar-2.png\" alt=\"\" class=\"wp-image-597\" style=\"width:30px;height:30px\" srcset=\"https:\/\/www.unioviedo.es\/fincorp\/wp-content\/uploads\/2023\/02\/Google-Scholar-2.png 795w, https:\/\/www.unioviedo.es\/fincorp\/wp-content\/uploads\/2023\/02\/Google-Scholar-2-300x300.png 300w, https:\/\/www.unioviedo.es\/fincorp\/wp-content\/uploads\/2023\/02\/Google-Scholar-2-150x150.png 150w, https:\/\/www.unioviedo.es\/fincorp\/wp-content\/uploads\/2023\/02\/Google-Scholar-2-768x768.png 768w\" sizes=\"auto, (max-width: 795px) 100vw, 795px\" \/><\/a><\/figure>\n\n\n\n<figure class=\"wp-block-image size-full is-resized\"><a href=\"https:\/\/www.researchgate.net\/profile\/Narjess-Boubakri\/7\" target=\"_blank\" rel=\"noreferrer noopener\"><img loading=\"lazy\" decoding=\"async\" width=\"120\" height=\"120\" src=\"https:\/\/www.unioviedo.es\/fincorp\/wp-content\/uploads\/2023\/02\/ResearchGate.png\" alt=\"\" class=\"wp-image-594\" style=\"width:30px;height:30px\"\/><\/a><\/figure>\n\n\n\n<figure class=\"wp-block-image size-full is-resized\"><a href=\"https:\/\/ae.linkedin.com\/in\/narjess-boubakri-44095185\" target=\"_blank\" rel=\"noreferrer noopener\"><img loading=\"lazy\" decoding=\"async\" width=\"120\" height=\"120\" src=\"http:\/\/www.unioviedo.es\/fincorp\/wp-content\/uploads\/2023\/02\/LinkedIn.png\" alt=\"\" class=\"wp-image-595\" style=\"width:30px;height:30px\"\/><\/a><\/figure>\n<\/div>\n<\/div><\/div>\n\n\n\n<ul class=\"wp-block-list has-medium-font-size\">\n<li><a href=\"https:\/\/www.unioviedo.es\/fincorp\/index.php\/equipo\/investigadores\/ignacio-tascon-amo\/\">Ignacio Tasc\u00f3n Amo<\/a><\/li>\n<\/ul>\n\n\n\n<div class=\"wp-block-media-text alignwide is-stacked-on-mobile\" style=\"grid-template-columns:15% auto\"><figure class=\"wp-block-media-text__media\"><img loading=\"lazy\" decoding=\"async\" width=\"400\" height=\"400\" src=\"http:\/\/www.unioviedo.es\/fincorp\/wp-content\/uploads\/2023\/03\/Ignacio-Tascon-Amo.jpeg\" alt=\"\" class=\"wp-image-830 size-full\" srcset=\"https:\/\/www.unioviedo.es\/fincorp\/wp-content\/uploads\/2023\/03\/Ignacio-Tascon-Amo.jpeg 400w, https:\/\/www.unioviedo.es\/fincorp\/wp-content\/uploads\/2023\/03\/Ignacio-Tascon-Amo-300x300.jpeg 300w, https:\/\/www.unioviedo.es\/fincorp\/wp-content\/uploads\/2023\/03\/Ignacio-Tascon-Amo-150x150.jpeg 150w\" sizes=\"auto, (max-width: 400px) 100vw, 400px\" \/><\/figure><div class=\"wp-block-media-text__content\">\n<p><strong>Categor\u00eda<\/strong>: Personal Contratado Predoctoral en Econom\u00eda Financiera, Universidad de Oviedo<br><strong>Contacto<\/strong>: <a href=\"mailto:tasconignacio@uniovi.es\">tasconignacio@uniovi.es<\/a><\/p>\n\n\n\n<div class=\"wp-block-group is-nowrap is-layout-flex wp-container-core-group-is-layout-9123dee2 wp-block-group-is-layout-flex\">\n<figure class=\"wp-block-image size-full is-resized\"><a href=\"https:\/\/orcid.org\/0009-0005-5149-0163\" target=\"_blank\" rel=\"noreferrer noopener\"><img loading=\"lazy\" decoding=\"async\" width=\"120\" height=\"120\" src=\"http:\/\/www.unioviedo.es\/fincorp\/wp-content\/uploads\/2023\/02\/ORCID.png\" alt=\"\" class=\"wp-image-588\" style=\"width:30px;height:30px\"\/><\/a><\/figure>\n\n\n\n<figure class=\"wp-block-image size-full is-resized\"><a href=\"https:\/\/www.researchgate.net\/profile\/Ignacio-Tascon-Amo\" target=\"_blank\" rel=\"noreferrer noopener\"><img loading=\"lazy\" decoding=\"async\" width=\"120\" height=\"120\" src=\"https:\/\/www.unioviedo.es\/fincorp\/wp-content\/uploads\/2023\/02\/ResearchGate.png\" alt=\"\" class=\"wp-image-594\" style=\"width:30px;height:30px\"\/><\/a><\/figure>\n\n\n\n<figure class=\"wp-block-image size-full is-resized\"><a href=\"linkedin.com\/in\/ignatascon\" target=\"_blank\" rel=\"noreferrer noopener\"><img loading=\"lazy\" decoding=\"async\" width=\"120\" height=\"120\" src=\"http:\/\/www.unioviedo.es\/fincorp\/wp-content\/uploads\/2023\/02\/LinkedIn.png\" alt=\"\" class=\"wp-image-595\" style=\"width:30px;height:30px\"\/><\/a><\/figure>\n<\/div>\n<\/div><\/div>\n","protected":false},"excerpt":{"rendered":"<p>Equipo investigador Equipo de trabajo<\/p>\n","protected":false},"author":1,"featured_media":0,"parent":3346,"menu_order":0,"comment_status":"closed","ping_status":"closed","template":"","meta":{"neve_meta_sidebar":"","neve_meta_container":"","neve_meta_enable_content_width":"","neve_meta_content_width":0,"neve_meta_title_alignment":"","neve_meta_author_avatar":"","neve_post_elements_order":"","neve_meta_disable_header":"","neve_meta_disable_footer":"","neve_meta_disable_title":"","footnotes":""},"class_list":["post-3351","page","type-page","status-publish","hentry"],"_links":{"self":[{"href":"https:\/\/www.unioviedo.es\/fincorp\/index.php\/wp-json\/wp\/v2\/pages\/3351","targetHints":{"allow":["GET"]}}],"collection":[{"href":"https:\/\/www.unioviedo.es\/fincorp\/index.php\/wp-json\/wp\/v2\/pages"}],"about":[{"href":"https:\/\/www.unioviedo.es\/fincorp\/index.php\/wp-json\/wp\/v2\/types\/page"}],"author":[{"embeddable":true,"href":"https:\/\/www.unioviedo.es\/fincorp\/index.php\/wp-json\/wp\/v2\/users\/1"}],"replies":[{"embeddable":true,"href":"https:\/\/www.unioviedo.es\/fincorp\/index.php\/wp-json\/wp\/v2\/comments?post=3351"}],"version-history":[{"count":9,"href":"https:\/\/www.unioviedo.es\/fincorp\/index.php\/wp-json\/wp\/v2\/pages\/3351\/revisions"}],"predecessor-version":[{"id":3781,"href":"https:\/\/www.unioviedo.es\/fincorp\/index.php\/wp-json\/wp\/v2\/pages\/3351\/revisions\/3781"}],"up":[{"embeddable":true,"href":"https:\/\/www.unioviedo.es\/fincorp\/index.php\/wp-json\/wp\/v2\/pages\/3346"}],"wp:attachment":[{"href":"https:\/\/www.unioviedo.es\/fincorp\/index.php\/wp-json\/wp\/v2\/media?parent=3351"}],"curies":[{"name":"wp","href":"https:\/\/api.w.org\/{rel}","templated":true}]}}