{"id":413,"date":"2023-02-22T09:08:46","date_gmt":"2023-02-22T09:08:46","guid":{"rendered":"https:\/\/www.unioviedo.es\/fincorp\/?page_id=413"},"modified":"2023-03-15T09:35:40","modified_gmt":"2023-03-15T09:35:40","slug":"irma-martinez-garcia","status":"publish","type":"page","link":"https:\/\/www.unioviedo.es\/fincorp\/index.php\/equipo\/investigadores\/irma-martinez-garcia\/","title":{"rendered":"Irma Mart\u00ednez Garc\u00eda"},"content":{"rendered":"\n<div class=\"wp-block-media-text alignwide is-stacked-on-mobile is-vertically-aligned-center\" style=\"grid-template-columns:25% auto\"><figure class=\"wp-block-media-text__media\"><img loading=\"lazy\" decoding=\"async\" width=\"214\" height=\"393\" src=\"https:\/\/www.unioviedo.es\/fincorp\/wp-content\/uploads\/2023\/02\/Irma-Martinez-Garcia.jpg\" alt=\"\" class=\"wp-image-456 size-full\" srcset=\"https:\/\/www.unioviedo.es\/fincorp\/wp-content\/uploads\/2023\/02\/Irma-Martinez-Garcia.jpg 214w, https:\/\/www.unioviedo.es\/fincorp\/wp-content\/uploads\/2023\/02\/Irma-Martinez-Garcia-163x300.jpg 163w\" sizes=\"auto, (max-width: 214px) 100vw, 214px\" \/><\/figure><div class=\"wp-block-media-text__content\">\n<p><strong>Categor\u00eda<\/strong>: Profesora Ayudante Doctora de Econom\u00eda Financiera y Contabilidad, Universidad de Oviedo<br><strong>Contacto<\/strong>: <a rel=\"noreferrer noopener\" href=\"mailto:martinezirma@uniovi.es\" target=\"_blank\">martinezirma@uniovi.es<\/a><\/p>\n\n\n\n<div class=\"wp-block-group is-nowrap is-layout-flex wp-container-core-group-is-layout-9123dee2 wp-block-group-is-layout-flex\">\n<figure class=\"wp-block-image size-full is-resized\"><a href=\"https:\/\/orcid.org\/0000-0002-5449-5956\" target=\"_blank\" rel=\"noreferrer noopener\"><img loading=\"lazy\" decoding=\"async\" src=\"http:\/\/www.unioviedo.es\/fincorp\/wp-content\/uploads\/2023\/02\/ORCID.png\" alt=\"\" class=\"wp-image-588\" width=\"30\" height=\"30\"\/><\/a><\/figure>\n\n\n\n<figure class=\"wp-block-image size-full is-resized\"><a href=\"https:\/\/scholar.google.es\/citations?user=Zy3j6PcAAAAJ&amp;hl=en\" target=\"_blank\" rel=\"noreferrer noopener\"><img loading=\"lazy\" decoding=\"async\" src=\"https:\/\/www.unioviedo.es\/fincorp\/wp-content\/uploads\/2023\/02\/Google-Scholar-2.png\" alt=\"\" class=\"wp-image-597\" width=\"30\" height=\"30\" srcset=\"https:\/\/www.unioviedo.es\/fincorp\/wp-content\/uploads\/2023\/02\/Google-Scholar-2.png 795w, https:\/\/www.unioviedo.es\/fincorp\/wp-content\/uploads\/2023\/02\/Google-Scholar-2-300x300.png 300w, https:\/\/www.unioviedo.es\/fincorp\/wp-content\/uploads\/2023\/02\/Google-Scholar-2-150x150.png 150w, https:\/\/www.unioviedo.es\/fincorp\/wp-content\/uploads\/2023\/02\/Google-Scholar-2-768x768.png 768w\" sizes=\"auto, (max-width: 30px) 100vw, 30px\" \/><\/a><\/figure>\n\n\n\n<figure class=\"wp-block-image size-full is-resized\"><a href=\"https:\/\/www.researchgate.net\/profile\/Irma-Martinez-Garcia\" target=\"_blank\" rel=\"noreferrer noopener\"><img loading=\"lazy\" decoding=\"async\" src=\"https:\/\/www.unioviedo.es\/fincorp\/wp-content\/uploads\/2023\/02\/ResearchGate.png\" alt=\"\" class=\"wp-image-594\" width=\"30\" height=\"30\"\/><\/a><\/figure>\n\n\n\n<figure class=\"wp-block-image size-full is-resized\"><a href=\"https:\/\/es.linkedin.com\/in\/irma-mart%C3%ADnez-garc%C3%ADa-65524668\" target=\"_blank\" rel=\"noreferrer noopener\"><img loading=\"lazy\" decoding=\"async\" src=\"http:\/\/www.unioviedo.es\/fincorp\/wp-content\/uploads\/2023\/02\/LinkedIn.png\" alt=\"\" class=\"wp-image-595\" width=\"30\" height=\"30\"\/><\/a><\/figure>\n<\/div>\n<\/div><\/div>\n\n\n\n<div style=\"height:35px\" aria-hidden=\"true\" class=\"wp-block-spacer\"><\/div>\n\n\n\n<h2 class=\"wp-block-heading\">\u00c1reas de inter\u00e9s<\/h2>\n\n\n\n<ul class=\"wp-block-list\">\n<li>Finanzas corporativas<\/li>\n\n\n\n<li>Gobierno corporativo<\/li>\n\n\n\n<li>Educaci\u00f3n financiera<\/li>\n\n\n\n<li>Empresa familiar<\/li>\n\n\n\n<li>G\u00e9nero y gobierno corporativo<\/li>\n\n\n\n<li>Sostenibilidad<\/li>\n<\/ul>\n\n\n\n<h2 class=\"wp-block-heading\">Biograf\u00eda<\/h2>\n\n\n\n<div class=\"wp-block-group is-vertical is-layout-flex wp-container-core-group-is-layout-8cf370e7 wp-block-group-is-layout-flex\">\n<p>Profesora Ayudante Doctora en el Departamento de Administraci\u00f3n de Empresas (\u00c1rea de Econom\u00eda Financiera y Contabilidad) de la Universidad de Oviedo.<\/p>\n\n\n\n<p>Licenciada en Econom\u00eda por la Universidad de Oviedo (2012), M\u00e1ster en Econom\u00eda por las Universidades de Cantabria, Oviedo y Pa\u00eds Vasco (2014) y Doctora en Econom\u00eda y Empresa con menci\u00f3n internacional por la Universidad de Oviedo (2019).<\/p>\n\n\n\n<p>En el \u00faltimo curso de Licenciatura obtuvo una beca de colaboraci\u00f3n para estudiantes universitarios del Ministerio de Educaci\u00f3n, Cultura y Deporte, tras licenciarse un contrato ligado a un proyecto de investigaci\u00f3n del 7\u00ba Programa Marco de la Comisi\u00f3n Europea y en 2015 un contrato de Formaci\u00f3n del Profesorado Universitario del Ministerio de Educaci\u00f3n, Cultura y Deporte. Entre 2019 y 2021 desarroll\u00f3 su actividad investigadora en el Departamento de Estudios y Estad\u00edsticas de la Comisi\u00f3n Nacional del Mercado de Valores (CNMV). Desde septiembre de 2021 es Profesora Ayudante Doctora en el Departamento de Administraci\u00f3n de Empresas en la Universidad de Oviedo.<\/p>\n\n\n\n<p>Ha realizado estancias de investigaci\u00f3n en diferentes universidades extranjeras (Europa Universit\u00e4t Viadrina, Alemania, American University of Sharjah, EAU, y American University, EEUU) y ha participado en varios proyectos y contratos de investigaci\u00f3n a nivel internacional, nacional y auton\u00f3mico.<\/p>\n\n\n\n<p>Ha presentado regularmente los resultados de su investigaci\u00f3n en congresos nacionales e internacionales, habiendo recibido el Premio a la Investigadora Novel en el XXX Congreso de la Asociaci\u00f3n Cient\u00edfica de Direcci\u00f3n y Econom\u00eda de la Empresa (ACEDE). Sus trabajos han sido publicados en revistas cient\u00edficas de prestigio. Asimismo, ha publicado un cap\u00edtulo de libro en una editorial internacional de reconocido prestigio, art\u00edculos en la serie de documentos de trabajo de CNMV y en el bolet\u00edn de la CNMV. Su actividad investigadora tambi\u00e9n incluye la evaluaci\u00f3n de art\u00edculos para revistas y congresos nacionales e internacionales, habiendo recibido un premio por esta actividad en el congreso internacional de la European Academy of Management (2018).<\/p>\n\n\n\n<p>En lo relativo a la actividad docente, imparte docencia en el \u00e1rea de Econom\u00eda Financiera y Contabilidad en la Universidad de Oviedo. Ha realizado estancias docentes en universidades extranjeras (Hochschule Emden\/Leer, Alemania) y es coordinadora Erasmus. Por otro lado, participa en proyectos de innovaci\u00f3n docente y ha publicado y presentando comunicaciones a congresos en la tem\u00e1tica.<\/p>\n<\/div>\n","protected":false},"excerpt":{"rendered":"<p>\u00c1reas de inter\u00e9s Biograf\u00eda Profesora Ayudante Doctora en el Departamento de Administraci\u00f3n de Empresas (\u00c1rea de Econom\u00eda Financiera y Contabilidad) de la Universidad de Oviedo. Licenciada en Econom\u00eda por la Universidad de Oviedo (2012), M\u00e1ster en Econom\u00eda por las Universidades de Cantabria, Oviedo y Pa\u00eds Vasco (2014) y Doctora en Econom\u00eda y Empresa con menci\u00f3n&hellip;&nbsp;<a href=\"https:\/\/www.unioviedo.es\/fincorp\/index.php\/equipo\/investigadores\/irma-martinez-garcia\/\" rel=\"bookmark\">Leer m\u00e1s &raquo;<span class=\"screen-reader-text\">Irma Mart\u00ednez Garc\u00eda<\/span><\/a><\/p>\n","protected":false},"author":1,"featured_media":0,"parent":101,"menu_order":3,"comment_status":"closed","ping_status":"closed","template":"","meta":{"neve_meta_sidebar":"","neve_meta_container":"","neve_meta_enable_content_width":"","neve_meta_content_width":0,"neve_meta_title_alignment":"","neve_meta_author_avatar":"","neve_post_elements_order":"","neve_meta_disable_header":"","neve_meta_disable_footer":"","neve_meta_disable_title":"","footnotes":""},"class_list":["post-413","page","type-page","status-publish","hentry"],"_links":{"self":[{"href":"https:\/\/www.unioviedo.es\/fincorp\/index.php\/wp-json\/wp\/v2\/pages\/413","targetHints":{"allow":["GET"]}}],"collection":[{"href":"https:\/\/www.unioviedo.es\/fincorp\/index.php\/wp-json\/wp\/v2\/pages"}],"about":[{"href":"https:\/\/www.unioviedo.es\/fincorp\/index.php\/wp-json\/wp\/v2\/types\/page"}],"author":[{"embeddable":true,"href":"https:\/\/www.unioviedo.es\/fincorp\/index.php\/wp-json\/wp\/v2\/users\/1"}],"replies":[{"embeddable":true,"href":"https:\/\/www.unioviedo.es\/fincorp\/index.php\/wp-json\/wp\/v2\/comments?post=413"}],"version-history":[{"count":27,"href":"https:\/\/www.unioviedo.es\/fincorp\/index.php\/wp-json\/wp\/v2\/pages\/413\/revisions"}],"predecessor-version":[{"id":1401,"href":"https:\/\/www.unioviedo.es\/fincorp\/index.php\/wp-json\/wp\/v2\/pages\/413\/revisions\/1401"}],"up":[{"embeddable":true,"href":"https:\/\/www.unioviedo.es\/fincorp\/index.php\/wp-json\/wp\/v2\/pages\/101"}],"wp:attachment":[{"href":"https:\/\/www.unioviedo.es\/fincorp\/index.php\/wp-json\/wp\/v2\/media?parent=413"}],"curies":[{"name":"wp","href":"https:\/\/api.w.org\/{rel}","templated":true}]}}