{"id":460,"date":"2023-02-22T10:17:08","date_gmt":"2023-02-22T10:17:08","guid":{"rendered":"https:\/\/www.unioviedo.es\/fincorp\/?page_id=460"},"modified":"2023-03-15T09:05:03","modified_gmt":"2023-03-15T09:05:03","slug":"eduardo-jose-menendez-alonso","status":"publish","type":"page","link":"https:\/\/www.unioviedo.es\/fincorp\/index.php\/equipo\/investigadores\/eduardo-jose-menendez-alonso\/","title":{"rendered":"Eduardo Jos\u00e9 Men\u00e9ndez Alonso"},"content":{"rendered":"\n<div class=\"wp-block-media-text alignwide is-stacked-on-mobile is-vertically-aligned-center\" style=\"grid-template-columns:25% auto\"><figure class=\"wp-block-media-text__media\"><img loading=\"lazy\" decoding=\"async\" width=\"318\" height=\"439\" src=\"https:\/\/www.unioviedo.es\/fincorp\/wp-content\/uploads\/2023\/02\/Eduardo-Jose-Menendez-Alonso.jpg\" alt=\"\" class=\"wp-image-464 size-full\" srcset=\"https:\/\/www.unioviedo.es\/fincorp\/wp-content\/uploads\/2023\/02\/Eduardo-Jose-Menendez-Alonso.jpg 318w, https:\/\/www.unioviedo.es\/fincorp\/wp-content\/uploads\/2023\/02\/Eduardo-Jose-Menendez-Alonso-217x300.jpg 217w\" sizes=\"auto, (max-width: 318px) 100vw, 318px\" \/><\/figure><div class=\"wp-block-media-text__content\">\n<p><strong>Categor\u00eda<\/strong>: Profesor Titular de Econom\u00eda Financiera y Contabilidad, Universidad de Oviedo<br><strong>Contacto<\/strong>: <a rel=\"noreferrer noopener\" href=\"mailto:emenende@uniovi.es\" target=\"_blank\">emenende@uniovi.es<\/a><\/p>\n\n\n\n<div class=\"wp-block-group is-nowrap is-layout-flex wp-container-core-group-is-layout-9123dee2 wp-block-group-is-layout-flex\">\n<figure class=\"wp-block-image size-full is-resized\"><a href=\"https:\/\/www.researchgate.net\/scientific-contributions\/Eduardo-Jose-Menendez-Alonso-2036537132\" target=\"_blank\" rel=\"noreferrer noopener\"><img loading=\"lazy\" decoding=\"async\" src=\"https:\/\/www.unioviedo.es\/fincorp\/wp-content\/uploads\/2023\/02\/ResearchGate.png\" alt=\"\" class=\"wp-image-594\" width=\"30\" height=\"30\"\/><\/a><\/figure>\n\n\n\n<figure class=\"wp-block-image size-full is-resized\"><a href=\"https:\/\/es.linkedin.com\/in\/eduardojos%C3%A9men%C3%A9ndezalonso\" target=\"_blank\" rel=\"noreferrer noopener\"><img loading=\"lazy\" decoding=\"async\" src=\"http:\/\/www.unioviedo.es\/fincorp\/wp-content\/uploads\/2023\/02\/LinkedIn.png\" alt=\"\" class=\"wp-image-595\" width=\"30\" height=\"30\"\/><\/a><\/figure>\n<\/div>\n<\/div><\/div>\n\n\n\n<div style=\"height:35px\" aria-hidden=\"true\" class=\"wp-block-spacer\"><\/div>\n\n\n\n<h2 class=\"wp-block-heading\">\u00c1reas de inter\u00e9s<\/h2>\n\n\n\n<ul class=\"wp-block-list\">\n<li>Mercados financieros: financiaci\u00f3n empresarial, estructura de capital, mercados de renta fija, pol\u00edtica de refinanciaci\u00f3n, finanzas sostenibles y financiaci\u00f3n de energ\u00edas renovables.<\/li>\n\n\n\n<li>Sistema bancario: regulaci\u00f3n, contabilidad bancaria y an\u00e1lisis econ\u00f3mico-financiero.<\/li>\n<\/ul>\n\n\n\n<h2 class=\"wp-block-heading\">Biograf\u00eda<\/h2>\n\n\n\n<div class=\"wp-block-group is-vertical is-layout-flex wp-container-core-group-is-layout-8cf370e7 wp-block-group-is-layout-flex\">\n<p>Profesor del \u00c1rea de Econom\u00eda Financiera y Contabilidad de la Universidad de Oviedo desde hace m\u00e1s de 28 a\u00f1os. Profesor Colaborador en diversos programas de post-grado. Amplia experiencia docente en el \u00e1rea de Post-grado en diversos programas formativos.<\/p>\n\n\n\n<p>En estos \u00faltimos a\u00f1os ha publicado 8 libros sobre los Mercados Financieros y la Contabilidad Financiera Bancaria, adem\u00e1s de diversos art\u00edculos en revistas nacionales e internacionales relacionadas con la Econom\u00eda y las Finanzas Empresariales, as\u00ed como una amplia participaci\u00f3n activa en Congresos Nacionales e Internacionales.<\/p>\n\n\n\n<p>Su actividad profesional ha sido reconocida con 13 premios en el \u00e1mbito de las Finanzas y la Contabilidad: Premio Extraordinario de Doctorado en Direcci\u00f3n de Empresas (2000); 8 Acc\u00e9sit al Premio de Art\u00edculos Cortos AECA para Art\u00edculos sobre Contabilidad y Administraci\u00f3n de Empresas (2000; 2001; 2003; 2004; 2008; 2012; 2016; 2021), 3 Art\u00edculos Finalistas al Premio AECA (2002; 2012; 2020), as\u00ed como el Premio Jos\u00e9 Sanch\u00eds Alcover (1999), otorgado por la Asociaci\u00f3n Cient\u00edfica de Econom\u00eda y Direcci\u00f3n de Empresas (ACEDE).<\/p>\n<\/div>\n","protected":false},"excerpt":{"rendered":"<p>\u00c1reas de inter\u00e9s Biograf\u00eda Profesor del \u00c1rea de Econom\u00eda Financiera y Contabilidad de la Universidad de Oviedo desde hace m\u00e1s de 28 a\u00f1os. Profesor Colaborador en diversos programas de post-grado. Amplia experiencia docente en el \u00e1rea de Post-grado en diversos programas formativos. En estos \u00faltimos a\u00f1os ha publicado 8 libros sobre los Mercados Financieros y&hellip;&nbsp;<a href=\"https:\/\/www.unioviedo.es\/fincorp\/index.php\/equipo\/investigadores\/eduardo-jose-menendez-alonso\/\" rel=\"bookmark\">Leer m\u00e1s &raquo;<span class=\"screen-reader-text\">Eduardo Jos\u00e9 Men\u00e9ndez Alonso<\/span><\/a><\/p>\n","protected":false},"author":1,"featured_media":0,"parent":101,"menu_order":3,"comment_status":"closed","ping_status":"closed","template":"","meta":{"neve_meta_sidebar":"","neve_meta_container":"","neve_meta_enable_content_width":"","neve_meta_content_width":0,"neve_meta_title_alignment":"","neve_meta_author_avatar":"","neve_post_elements_order":"","neve_meta_disable_header":"","neve_meta_disable_footer":"","neve_meta_disable_title":"","footnotes":""},"class_list":["post-460","page","type-page","status-publish","hentry"],"_links":{"self":[{"href":"https:\/\/www.unioviedo.es\/fincorp\/index.php\/wp-json\/wp\/v2\/pages\/460","targetHints":{"allow":["GET"]}}],"collection":[{"href":"https:\/\/www.unioviedo.es\/fincorp\/index.php\/wp-json\/wp\/v2\/pages"}],"about":[{"href":"https:\/\/www.unioviedo.es\/fincorp\/index.php\/wp-json\/wp\/v2\/types\/page"}],"author":[{"embeddable":true,"href":"https:\/\/www.unioviedo.es\/fincorp\/index.php\/wp-json\/wp\/v2\/users\/1"}],"replies":[{"embeddable":true,"href":"https:\/\/www.unioviedo.es\/fincorp\/index.php\/wp-json\/wp\/v2\/comments?post=460"}],"version-history":[{"count":13,"href":"https:\/\/www.unioviedo.es\/fincorp\/index.php\/wp-json\/wp\/v2\/pages\/460\/revisions"}],"predecessor-version":[{"id":1374,"href":"https:\/\/www.unioviedo.es\/fincorp\/index.php\/wp-json\/wp\/v2\/pages\/460\/revisions\/1374"}],"up":[{"embeddable":true,"href":"https:\/\/www.unioviedo.es\/fincorp\/index.php\/wp-json\/wp\/v2\/pages\/101"}],"wp:attachment":[{"href":"https:\/\/www.unioviedo.es\/fincorp\/index.php\/wp-json\/wp\/v2\/media?parent=460"}],"curies":[{"name":"wp","href":"https:\/\/api.w.org\/{rel}","templated":true}]}}