{"id":477,"date":"2023-02-23T08:22:56","date_gmt":"2023-02-23T08:22:56","guid":{"rendered":"https:\/\/www.unioviedo.es\/fincorp\/?page_id=477"},"modified":"2023-03-15T09:11:05","modified_gmt":"2023-03-15T09:11:05","slug":"rodrigo-basco","status":"publish","type":"page","link":"https:\/\/www.unioviedo.es\/fincorp\/index.php\/equipo\/investigadores\/rodrigo-basco\/","title":{"rendered":"Rodrigo Basco"},"content":{"rendered":"\n<div class=\"wp-block-media-text alignwide is-stacked-on-mobile is-vertically-aligned-center\" style=\"grid-template-columns:25% auto\"><figure class=\"wp-block-media-text__media\"><img loading=\"lazy\" decoding=\"async\" width=\"400\" height=\"400\" src=\"https:\/\/www.unioviedo.es\/fincorp\/wp-content\/uploads\/2023\/02\/Rodrigo-Basco.jpg\" alt=\"\" class=\"wp-image-478 size-full\" srcset=\"https:\/\/www.unioviedo.es\/fincorp\/wp-content\/uploads\/2023\/02\/Rodrigo-Basco.jpg 400w, https:\/\/www.unioviedo.es\/fincorp\/wp-content\/uploads\/2023\/02\/Rodrigo-Basco-300x300.jpg 300w, https:\/\/www.unioviedo.es\/fincorp\/wp-content\/uploads\/2023\/02\/Rodrigo-Basco-150x150.jpg 150w\" sizes=\"auto, (max-width: 400px) 100vw, 400px\" \/><\/figure><div class=\"wp-block-media-text__content\">\n<p><strong>Categor\u00eda<\/strong>: Professor of Management, American University of Sharjah (EAU)<br><strong>Contacto<\/strong>: <a rel=\"noreferrer noopener\" href=\"mailto:rbasco@aus.edu\" target=\"_blank\">rbasco@aus.edu<\/a><\/p>\n\n\n\n<div class=\"wp-block-group is-nowrap is-layout-flex wp-container-core-group-is-layout-9123dee2 wp-block-group-is-layout-flex\">\n<figure class=\"wp-block-image size-full is-resized\"><a href=\"https:\/\/orcid.org\/0000-0002-0168-2272\" target=\"_blank\" rel=\"noreferrer noopener\"><img loading=\"lazy\" decoding=\"async\" src=\"http:\/\/www.unioviedo.es\/fincorp\/wp-content\/uploads\/2023\/02\/ORCID.png\" alt=\"\" class=\"wp-image-588\" width=\"30\" height=\"30\"\/><\/a><\/figure>\n\n\n\n<figure class=\"wp-block-image size-full is-resized\"><a href=\"https:\/\/scholar.google.es\/citations?user=Zlz_Wp4AAAAJ&amp;hl=es\" target=\"_blank\" rel=\"noreferrer noopener\"><img loading=\"lazy\" decoding=\"async\" src=\"https:\/\/www.unioviedo.es\/fincorp\/wp-content\/uploads\/2023\/02\/Google-Scholar-2.png\" alt=\"\" class=\"wp-image-597\" width=\"30\" height=\"30\" srcset=\"https:\/\/www.unioviedo.es\/fincorp\/wp-content\/uploads\/2023\/02\/Google-Scholar-2.png 795w, https:\/\/www.unioviedo.es\/fincorp\/wp-content\/uploads\/2023\/02\/Google-Scholar-2-300x300.png 300w, https:\/\/www.unioviedo.es\/fincorp\/wp-content\/uploads\/2023\/02\/Google-Scholar-2-150x150.png 150w, https:\/\/www.unioviedo.es\/fincorp\/wp-content\/uploads\/2023\/02\/Google-Scholar-2-768x768.png 768w\" sizes=\"auto, (max-width: 30px) 100vw, 30px\" \/><\/a><\/figure>\n\n\n\n<figure class=\"wp-block-image size-full is-resized\"><a href=\"https:\/\/www.researchgate.net\/profile\/Rodrigo-Basco\" target=\"_blank\" rel=\"noreferrer noopener\"><img loading=\"lazy\" decoding=\"async\" src=\"https:\/\/www.unioviedo.es\/fincorp\/wp-content\/uploads\/2023\/02\/ResearchGate.png\" alt=\"\" class=\"wp-image-594\" width=\"30\" height=\"30\"\/><\/a><\/figure>\n\n\n\n<figure class=\"wp-block-image size-full is-resized\"><a href=\"https:\/\/www.linkedin.com\/in\/rodrigo-basco-9100265b\/\" target=\"_blank\" rel=\"noreferrer noopener\"><img loading=\"lazy\" decoding=\"async\" src=\"http:\/\/www.unioviedo.es\/fincorp\/wp-content\/uploads\/2023\/02\/LinkedIn.png\" alt=\"\" class=\"wp-image-595\" width=\"30\" height=\"30\"\/><\/a><\/figure>\n<\/div>\n<\/div><\/div>\n\n\n\n<div style=\"height:35px\" aria-hidden=\"true\" class=\"wp-block-spacer\"><\/div>\n\n\n\n<h2 class=\"wp-block-heading\">\u00c1reas de inter\u00e9s<\/h2>\n\n\n\n<ul class=\"wp-block-list\">\n<li>Emprendimiento y desarrollo regional<\/li>\n\n\n\n<li>Empresa familiar<\/li>\n<\/ul>\n\n\n\n<h2 class=\"wp-block-heading\">Biograf\u00eda<\/h2>\n\n\n\n<div class=\"wp-block-group is-vertical is-layout-flex wp-container-core-group-is-layout-8cf370e7 wp-block-group-is-layout-flex\">\n<p>Professor of Management en la American University of Sharjah, EAU, y director de la C\u00e1tedra Sheikh Saoud bin Khalid bin Khalid Al-Qassimi en Empresa Familiar.<\/p>\n\n\n\n<p>Licenciado en Ciencias Empresariales por la Universidad Nacional de Tucum\u00e1n, Argentina, M\u00e1ster en Administraci\u00f3n de Empresas por la Universidad Antonio de Nebrija y Doctor en Ciencias Empresariales por la Universidad Complutense de Madrid.<\/p>\n\n\n\n<p>Es autor de publicaciones cient\u00edficas en forma de art\u00edculos, libros y cap\u00edtulos de libro.&nbsp;Su investigaci\u00f3n ha sido publicada en revistas acad\u00e9micas internacionales, incluyendo Journal of Family Business Strategy, European Planning Studies, Family Business Review, European Management Journal, Journal of Management &amp; Organization, Journal of Business research, Business Strategy and the Environment, Harvard Business Review e International Small Business Journal, entre otros.&nbsp;Es miembro del consejo editorial de varias revistas de prestigio incluidas en el JCR.&nbsp;Tambi\u00e9n es profesor invitado en IMT School for Advanced Studies Lucca (Italia). Previamente fue investigador postdoctoral en el Instituto Witten para Empresas Familiares de la Universidad de Witten\/Herdecke en Alemania, fue investigador visitante en la Universidad de Edimburgo (Escocia) y en CeFEO en la Universidad de Jonkoping, as\u00ed como profesor invitado en la Universidad de Valladolid (Espa\u00f1a).<\/p>\n<\/div>\n","protected":false},"excerpt":{"rendered":"<p>\u00c1reas de inter\u00e9s Biograf\u00eda Professor of Management en la American University of Sharjah, EAU, y director de la C\u00e1tedra Sheikh Saoud bin Khalid bin Khalid Al-Qassimi en Empresa Familiar. Licenciado en Ciencias Empresariales por la Universidad Nacional de Tucum\u00e1n, Argentina, M\u00e1ster en Administraci\u00f3n de Empresas por la Universidad Antonio de Nebrija y Doctor en Ciencias&hellip;&nbsp;<a href=\"https:\/\/www.unioviedo.es\/fincorp\/index.php\/equipo\/investigadores\/rodrigo-basco\/\" rel=\"bookmark\">Leer m\u00e1s &raquo;<span class=\"screen-reader-text\">Rodrigo Basco<\/span><\/a><\/p>\n","protected":false},"author":1,"featured_media":0,"parent":101,"menu_order":3,"comment_status":"closed","ping_status":"closed","template":"","meta":{"neve_meta_sidebar":"","neve_meta_container":"","neve_meta_enable_content_width":"","neve_meta_content_width":0,"neve_meta_title_alignment":"","neve_meta_author_avatar":"","neve_post_elements_order":"","neve_meta_disable_header":"","neve_meta_disable_footer":"","neve_meta_disable_title":"","footnotes":""},"class_list":["post-477","page","type-page","status-publish","hentry"],"_links":{"self":[{"href":"https:\/\/www.unioviedo.es\/fincorp\/index.php\/wp-json\/wp\/v2\/pages\/477","targetHints":{"allow":["GET"]}}],"collection":[{"href":"https:\/\/www.unioviedo.es\/fincorp\/index.php\/wp-json\/wp\/v2\/pages"}],"about":[{"href":"https:\/\/www.unioviedo.es\/fincorp\/index.php\/wp-json\/wp\/v2\/types\/page"}],"author":[{"embeddable":true,"href":"https:\/\/www.unioviedo.es\/fincorp\/index.php\/wp-json\/wp\/v2\/users\/1"}],"replies":[{"embeddable":true,"href":"https:\/\/www.unioviedo.es\/fincorp\/index.php\/wp-json\/wp\/v2\/comments?post=477"}],"version-history":[{"count":10,"href":"https:\/\/www.unioviedo.es\/fincorp\/index.php\/wp-json\/wp\/v2\/pages\/477\/revisions"}],"predecessor-version":[{"id":1378,"href":"https:\/\/www.unioviedo.es\/fincorp\/index.php\/wp-json\/wp\/v2\/pages\/477\/revisions\/1378"}],"up":[{"embeddable":true,"href":"https:\/\/www.unioviedo.es\/fincorp\/index.php\/wp-json\/wp\/v2\/pages\/101"}],"wp:attachment":[{"href":"https:\/\/www.unioviedo.es\/fincorp\/index.php\/wp-json\/wp\/v2\/media?parent=477"}],"curies":[{"name":"wp","href":"https:\/\/api.w.org\/{rel}","templated":true}]}}