{"id":493,"date":"2023-02-23T08:40:15","date_gmt":"2023-02-23T08:40:15","guid":{"rendered":"https:\/\/www.unioviedo.es\/fincorp\/?page_id=493"},"modified":"2023-11-16T10:45:43","modified_gmt":"2023-11-16T10:45:43","slug":"maria-sacristan-navarro","status":"publish","type":"page","link":"https:\/\/www.unioviedo.es\/fincorp\/index.php\/equipo\/investigadores\/maria-sacristan-navarro\/","title":{"rendered":"Mar\u00eda Sacrist\u00e1n Navarro"},"content":{"rendered":"\n<div class=\"wp-block-media-text alignwide is-stacked-on-mobile\" style=\"grid-template-columns:25% auto\"><figure class=\"wp-block-media-text__media\"><img loading=\"lazy\" decoding=\"async\" width=\"148\" height=\"143\" src=\"http:\/\/www.unioviedo.es\/fincorp\/wp-content\/uploads\/2023\/11\/thumbnail_foto-maria.png\" alt=\"\" class=\"wp-image-2389 size-full\"\/><\/figure><div class=\"wp-block-media-text__content\">\n<p><strong>Categor\u00eda<\/strong>: Catedr\u00e1tica de Organizaci\u00f3n de Empresas, Universidad Rey Juan Carlos<br><strong>Contacto<\/strong>: <a rel=\"noreferrer noopener\" href=\"mailto:maria.sacristan@urjc.es\" target=\"_blank\">maria.sacristan@urjc.es<\/a><\/p>\n\n\n\n<div class=\"wp-block-group is-nowrap is-layout-flex wp-container-core-group-is-layout-9123dee2 wp-block-group-is-layout-flex\">\n<figure class=\"wp-block-image size-full is-resized\"><a href=\"https:\/\/orcid.org\/0000-0002-9903-7991\" target=\"_blank\" rel=\"noreferrer noopener\"><img loading=\"lazy\" decoding=\"async\" width=\"120\" height=\"120\" src=\"http:\/\/www.unioviedo.es\/fincorp\/wp-content\/uploads\/2023\/02\/ORCID.png\" alt=\"\" class=\"wp-image-588\" style=\"width:30px;height:30px\"\/><\/a><\/figure>\n\n\n\n<figure class=\"wp-block-image size-full is-resized\"><a href=\"https:\/\/scholar.google.es\/citations?user=ZRLWZ9UAAAAJ&amp;hl=es\" target=\"_blank\" rel=\"noreferrer noopener\"><img loading=\"lazy\" decoding=\"async\" width=\"795\" height=\"795\" src=\"https:\/\/www.unioviedo.es\/fincorp\/wp-content\/uploads\/2023\/02\/Google-Scholar-2.png\" alt=\"\" class=\"wp-image-597\" style=\"width:30px;height:30px\" srcset=\"https:\/\/www.unioviedo.es\/fincorp\/wp-content\/uploads\/2023\/02\/Google-Scholar-2.png 795w, https:\/\/www.unioviedo.es\/fincorp\/wp-content\/uploads\/2023\/02\/Google-Scholar-2-300x300.png 300w, https:\/\/www.unioviedo.es\/fincorp\/wp-content\/uploads\/2023\/02\/Google-Scholar-2-150x150.png 150w, https:\/\/www.unioviedo.es\/fincorp\/wp-content\/uploads\/2023\/02\/Google-Scholar-2-768x768.png 768w\" sizes=\"auto, (max-width: 795px) 100vw, 795px\" \/><\/a><\/figure>\n\n\n\n<figure class=\"wp-block-image size-full is-resized\"><a href=\"https:\/\/www.researchgate.net\/profile\/Maria-Sacristan-Navarro\" target=\"_blank\" rel=\"noreferrer noopener\"><img loading=\"lazy\" decoding=\"async\" width=\"120\" height=\"120\" src=\"https:\/\/www.unioviedo.es\/fincorp\/wp-content\/uploads\/2023\/02\/ResearchGate.png\" alt=\"\" class=\"wp-image-594\" style=\"width:30px;height:30px\"\/><\/a><\/figure>\n\n\n\n<figure class=\"wp-block-image size-full is-resized\"><a href=\"https:\/\/es.linkedin.com\/in\/mar%C3%ADa-sacrist%C3%A1n-navarro-984ab525\" target=\"_blank\" rel=\"noreferrer noopener\"><img loading=\"lazy\" decoding=\"async\" width=\"120\" height=\"120\" src=\"http:\/\/www.unioviedo.es\/fincorp\/wp-content\/uploads\/2023\/02\/LinkedIn.png\" alt=\"\" class=\"wp-image-595\" style=\"width:30px;height:30px\"\/><\/a><\/figure>\n<\/div>\n<\/div><\/div>\n\n\n\n<div style=\"height:35px\" aria-hidden=\"true\" class=\"wp-block-spacer\"><\/div>\n\n\n\n<h2 class=\"wp-block-heading\">\u00c1reas de inter\u00e9s<\/h2>\n\n\n\n<ul class=\"wp-block-list\">\n<li>Gobierno corporativo<\/li>\n\n\n\n<li>Acuerdos de cooperaci\u00f3n<\/li>\n\n\n\n<li>Estrategia empresarial<\/li>\n<\/ul>\n\n\n\n<h2 class=\"wp-block-heading\">Biograf\u00eda<\/h2>\n\n\n\n<div class=\"wp-block-group is-vertical is-layout-flex wp-container-core-group-is-layout-8cf370e7 wp-block-group-is-layout-flex\">\n<p>Profesora Titular de Universidad de Organizaci\u00f3n de Empresas en la Universidad Rey Juan Carlos.<\/p>\n\n\n\n<p>Licenciada en Ciencias Econ\u00f3micas y Empresariales y Doctora por la Universidad Complutense de Madrid. Es autora de publicaciones cient\u00edficas en forma de art\u00edculos y cap\u00edtulos de libro y tiene 3 sexenios de actividad investigadora evaluados positivamente (2001-2007; 2008-2013 y 2015-2021).<\/p>\n\n\n\n<p>Su investigaci\u00f3n ha sido reconocida con diversos premios: el Premio Alden G. Lank\/FBCG Award a la mejor comunicaci\u00f3n presentada por un nivel sobresaliente de calidad acad\u00e9mica y de investigaci\u00f3n y un alto grado de aplicabilidad pr\u00e1ctica al trabajo \u201cUltimate owners of the Spanish listed firms: The role of families\u201d, Family Business Network, Copenhague, 2004 y el Premio a la mejor Comunicaci\u00f3n de la Secci\u00f3n De Empresa Familiar con la ponencia \u201cDispporportional family board power\u201d, XXVVII Congreso ACEDE. Su actividad investigadora incluye la evaluaci\u00f3n de trabajos de investigaci\u00f3n en congresos y revistas cient\u00edficas nacionales e internacionales y est\u00e1 en el Consejo Editorial de la revista Journal of Family Business Strategy (Q2 del JCR).<\/p>\n\n\n\n<p>En lo relativo a la gesti\u00f3n, es Coordinadora del Programa de Doctorado en Ciencias Sociales y Jur\u00eddicas de la URJC, as\u00ed como coordinadora Erasmus desde el 2015. Adem\u00e1s, evaluadora para la Direcci\u00f3n de evaluaci\u00f3n y acreditaci\u00f3n de la agencia andaluza del conocimiento (DEVA-AAC).<\/p>\n<\/div>\n","protected":false},"excerpt":{"rendered":"<p>\u00c1reas de inter\u00e9s Biograf\u00eda Profesora Titular de Universidad de Organizaci\u00f3n de Empresas en la Universidad Rey Juan Carlos. Licenciada en Ciencias Econ\u00f3micas y Empresariales y Doctora por la Universidad Complutense de Madrid. Es autora de publicaciones cient\u00edficas en forma de art\u00edculos y cap\u00edtulos de libro y tiene 3 sexenios de actividad investigadora evaluados positivamente (2001-2007;&hellip;&nbsp;<a href=\"https:\/\/www.unioviedo.es\/fincorp\/index.php\/equipo\/investigadores\/maria-sacristan-navarro\/\" rel=\"bookmark\">Leer m\u00e1s &raquo;<span class=\"screen-reader-text\">Mar\u00eda Sacrist\u00e1n Navarro<\/span><\/a><\/p>\n","protected":false},"author":1,"featured_media":0,"parent":101,"menu_order":3,"comment_status":"closed","ping_status":"closed","template":"","meta":{"neve_meta_sidebar":"","neve_meta_container":"","neve_meta_enable_content_width":"","neve_meta_content_width":0,"neve_meta_title_alignment":"","neve_meta_author_avatar":"","neve_post_elements_order":"","neve_meta_disable_header":"","neve_meta_disable_footer":"","neve_meta_disable_title":"","footnotes":""},"class_list":["post-493","page","type-page","status-publish","hentry"],"_links":{"self":[{"href":"https:\/\/www.unioviedo.es\/fincorp\/index.php\/wp-json\/wp\/v2\/pages\/493","targetHints":{"allow":["GET"]}}],"collection":[{"href":"https:\/\/www.unioviedo.es\/fincorp\/index.php\/wp-json\/wp\/v2\/pages"}],"about":[{"href":"https:\/\/www.unioviedo.es\/fincorp\/index.php\/wp-json\/wp\/v2\/types\/page"}],"author":[{"embeddable":true,"href":"https:\/\/www.unioviedo.es\/fincorp\/index.php\/wp-json\/wp\/v2\/users\/1"}],"replies":[{"embeddable":true,"href":"https:\/\/www.unioviedo.es\/fincorp\/index.php\/wp-json\/wp\/v2\/comments?post=493"}],"version-history":[{"count":13,"href":"https:\/\/www.unioviedo.es\/fincorp\/index.php\/wp-json\/wp\/v2\/pages\/493\/revisions"}],"predecessor-version":[{"id":2397,"href":"https:\/\/www.unioviedo.es\/fincorp\/index.php\/wp-json\/wp\/v2\/pages\/493\/revisions\/2397"}],"up":[{"embeddable":true,"href":"https:\/\/www.unioviedo.es\/fincorp\/index.php\/wp-json\/wp\/v2\/pages\/101"}],"wp:attachment":[{"href":"https:\/\/www.unioviedo.es\/fincorp\/index.php\/wp-json\/wp\/v2\/media?parent=493"}],"curies":[{"name":"wp","href":"https:\/\/api.w.org\/{rel}","templated":true}]}}