{"id":829,"date":"2023-03-03T08:34:01","date_gmt":"2023-03-03T08:34:01","guid":{"rendered":"http:\/\/www.unioviedo.es\/fincorp\/?page_id=829"},"modified":"2024-11-04T16:44:13","modified_gmt":"2024-11-04T16:44:13","slug":"ignacio-tascon-amo","status":"publish","type":"page","link":"https:\/\/www.unioviedo.es\/fincorp\/index.php\/equipo\/investigadores\/ignacio-tascon-amo\/","title":{"rendered":"Ignacio Tasc\u00f3n Amo"},"content":{"rendered":"\n<div class=\"wp-block-media-text alignwide is-stacked-on-mobile\" style=\"grid-template-columns:25% auto\"><figure class=\"wp-block-media-text__media\"><img loading=\"lazy\" decoding=\"async\" width=\"400\" height=\"400\" src=\"http:\/\/www.unioviedo.es\/fincorp\/wp-content\/uploads\/2023\/03\/Ignacio-Tascon-Amo.jpeg\" alt=\"\" class=\"wp-image-830 size-full\" srcset=\"https:\/\/www.unioviedo.es\/fincorp\/wp-content\/uploads\/2023\/03\/Ignacio-Tascon-Amo.jpeg 400w, https:\/\/www.unioviedo.es\/fincorp\/wp-content\/uploads\/2023\/03\/Ignacio-Tascon-Amo-300x300.jpeg 300w, https:\/\/www.unioviedo.es\/fincorp\/wp-content\/uploads\/2023\/03\/Ignacio-Tascon-Amo-150x150.jpeg 150w\" sizes=\"auto, (max-width: 400px) 100vw, 400px\" \/><\/figure><div class=\"wp-block-media-text__content\">\n<p><strong>Categor\u00eda<\/strong>: Personal Contratado Predoctoral en Econom\u00eda Financiera, Universidad de Oviedo<br><strong>Contacto<\/strong>: <a href=\"mailto:tasconignacio@uniovi.es\">tasconignacio@uniovi.es<\/a><\/p>\n\n\n\n<div class=\"wp-block-group is-nowrap is-layout-flex wp-container-core-group-is-layout-9123dee2 wp-block-group-is-layout-flex\">\n<figure class=\"wp-block-image size-full is-resized\"><a href=\"https:\/\/orcid.org\/0009-0005-5149-0163\" target=\"_blank\" rel=\"noreferrer noopener\"><img loading=\"lazy\" decoding=\"async\" width=\"120\" height=\"120\" src=\"http:\/\/www.unioviedo.es\/fincorp\/wp-content\/uploads\/2023\/02\/ORCID.png\" alt=\"\" class=\"wp-image-588\" style=\"width:30px;height:30px\"\/><\/a><\/figure>\n\n\n\n<figure class=\"wp-block-image size-full is-resized\"><a href=\"https:\/\/www.researchgate.net\/profile\/Ignacio-Tascon-Amo\" target=\"_blank\" rel=\"noreferrer noopener\"><img loading=\"lazy\" decoding=\"async\" width=\"120\" height=\"120\" src=\"https:\/\/www.unioviedo.es\/fincorp\/wp-content\/uploads\/2023\/02\/ResearchGate.png\" alt=\"\" class=\"wp-image-594\" style=\"width:30px;height:30px\"\/><\/a><\/figure>\n\n\n\n<figure class=\"wp-block-image size-full is-resized\"><a href=\"linkedin.com\/in\/ignatascon\" target=\"_blank\" rel=\"noreferrer noopener\"><img loading=\"lazy\" decoding=\"async\" width=\"120\" height=\"120\" src=\"http:\/\/www.unioviedo.es\/fincorp\/wp-content\/uploads\/2023\/02\/LinkedIn.png\" alt=\"\" class=\"wp-image-595\" style=\"width:30px;height:30px\"\/><\/a><\/figure>\n<\/div>\n<\/div><\/div>\n\n\n\n<div style=\"height:35px\" aria-hidden=\"true\" class=\"wp-block-spacer\"><\/div>\n\n\n\n<h2 class=\"wp-block-heading\">Biograf\u00eda<\/h2>\n\n\n\n<div class=\"wp-block-group is-vertical is-layout-flex wp-container-core-group-is-layout-8cf370e7 wp-block-group-is-layout-flex\">\n<p>Personal Contratado Predoctoral en Econom\u00eda Financiera, Universidad de Oviedo.<\/p>\n\n\n\n<p>Graduado en Biolog\u00eda (2020) y en Administraci\u00f3n y Direcci\u00f3n de Empresas (2023, Premio Fin de Grado) por la Universidad de Oviedo y M\u00e1ster en Econom\u00eda: Instrumentos del An\u00e1lisis Econ\u00f3mico (2024) por las Universidades del Pa\u00eds Vasco, Cantabria y Oviedo. Actualmente, est\u00e1 realizando su doctorado en el Programa Oficial de Doctorado en Econom\u00eda y Empresa de la Universidad de Oviedo.<\/p>\n\n\n\n<p>Cuenta con un contrato predoctoral y participa activamente en labores de docencia e investigaci\u00f3n en el Grupo de Investigaci\u00f3n en Finanzas y Gobierno Corporativo.<\/p>\n\n\n\n<p>Participa en iniciativas de educaci\u00f3n financiera bajo el proyecto FinEduca360, con actividades como \u00abJ\u00f3venes para J\u00f3venes\u00bb y la Semana de la Ciencia.<\/p>\n<\/div>\n","protected":false},"excerpt":{"rendered":"<p>Biograf\u00eda Personal Contratado Predoctoral en Econom\u00eda Financiera, Universidad de Oviedo. Graduado en Biolog\u00eda (2020) y en Administraci\u00f3n y Direcci\u00f3n de Empresas (2023, Premio Fin de Grado) por la Universidad de Oviedo y M\u00e1ster en Econom\u00eda: Instrumentos del An\u00e1lisis Econ\u00f3mico (2024) por las Universidades del Pa\u00eds Vasco, Cantabria y Oviedo. Actualmente, est\u00e1 realizando su doctorado en&hellip;&nbsp;<a href=\"https:\/\/www.unioviedo.es\/fincorp\/index.php\/equipo\/investigadores\/ignacio-tascon-amo\/\" rel=\"bookmark\">Leer m\u00e1s &raquo;<span class=\"screen-reader-text\">Ignacio Tasc\u00f3n Amo<\/span><\/a><\/p>\n","protected":false},"author":1,"featured_media":0,"parent":101,"menu_order":3,"comment_status":"closed","ping_status":"closed","template":"","meta":{"neve_meta_sidebar":"","neve_meta_container":"default","neve_meta_enable_content_width":"","neve_meta_content_width":0,"neve_meta_title_alignment":"","neve_meta_author_avatar":"","neve_post_elements_order":"","neve_meta_disable_header":"","neve_meta_disable_footer":"","neve_meta_disable_title":"","footnotes":""},"class_list":["post-829","page","type-page","status-publish","hentry"],"_links":{"self":[{"href":"https:\/\/www.unioviedo.es\/fincorp\/index.php\/wp-json\/wp\/v2\/pages\/829","targetHints":{"allow":["GET"]}}],"collection":[{"href":"https:\/\/www.unioviedo.es\/fincorp\/index.php\/wp-json\/wp\/v2\/pages"}],"about":[{"href":"https:\/\/www.unioviedo.es\/fincorp\/index.php\/wp-json\/wp\/v2\/types\/page"}],"author":[{"embeddable":true,"href":"https:\/\/www.unioviedo.es\/fincorp\/index.php\/wp-json\/wp\/v2\/users\/1"}],"replies":[{"embeddable":true,"href":"https:\/\/www.unioviedo.es\/fincorp\/index.php\/wp-json\/wp\/v2\/comments?post=829"}],"version-history":[{"count":6,"href":"https:\/\/www.unioviedo.es\/fincorp\/index.php\/wp-json\/wp\/v2\/pages\/829\/revisions"}],"predecessor-version":[{"id":3097,"href":"https:\/\/www.unioviedo.es\/fincorp\/index.php\/wp-json\/wp\/v2\/pages\/829\/revisions\/3097"}],"up":[{"embeddable":true,"href":"https:\/\/www.unioviedo.es\/fincorp\/index.php\/wp-json\/wp\/v2\/pages\/101"}],"wp:attachment":[{"href":"https:\/\/www.unioviedo.es\/fincorp\/index.php\/wp-json\/wp\/v2\/media?parent=829"}],"curies":[{"name":"wp","href":"https:\/\/api.w.org\/{rel}","templated":true}]}}