{"id":955,"date":"2023-03-08T08:14:47","date_gmt":"2023-03-08T08:14:47","guid":{"rendered":"http:\/\/www.unioviedo.es\/fincorp\/?page_id=955"},"modified":"2023-10-05T10:33:55","modified_gmt":"2023-10-05T10:33:55","slug":"inicio","status":"publish","type":"page","link":"https:\/\/www.unioviedo.es\/fincorp\/","title":{"rendered":"Inicio"},"content":{"rendered":"<ul class=\"wp-block-latest-posts__list wp-block-latest-posts\"><li><div class=\"wp-block-latest-posts__featured-image alignleft\"><a href=\"https:\/\/www.unioviedo.es\/fincorp\/index.php\/en\/2025\/11\/28\/participation-in-the-25th-week-of-science-and-innovation-of-the-university-of-oviedo\/\" aria-label=\"Participation in the 25th Week of Science and Innovation of the University of Oviedo\"><img loading=\"lazy\" decoding=\"async\" width=\"193\" height=\"300\" src=\"https:\/\/www.unioviedo.es\/fincorp\/wp-content\/uploads\/2026\/01\/semciencia2025-193x300.jpg\" class=\"attachment-medium size-medium wp-post-image\" alt=\"\" style=\"max-width:150px;max-height:150px;\" srcset=\"https:\/\/www.unioviedo.es\/fincorp\/wp-content\/uploads\/2026\/01\/semciencia2025-193x300.jpg 193w, https:\/\/www.unioviedo.es\/fincorp\/wp-content\/uploads\/2026\/01\/semciencia2025.jpg 337w\" sizes=\"auto, (max-width: 193px) 100vw, 193px\" \/><\/a><\/div><a class=\"wp-block-latest-posts__post-title\" href=\"https:\/\/www.unioviedo.es\/fincorp\/index.php\/en\/2025\/11\/28\/participation-in-the-25th-week-of-science-and-innovation-of-the-university-of-oviedo\/\">Participation in the 25th Week of Science and Innovation of the University of Oviedo<\/a><div class=\"wp-block-latest-posts__post-excerpt\">In November 2025, members of our research group take part in the 25th Week of Science and Innovation of the University of Oviedo, carried out within the framework of the FECYT funding programme for the promotion of scientific, technological and innovation culture (Spanish Ministry of Science and Innovation).<\/div><\/li>\n<li><div class=\"wp-block-latest-posts__featured-image alignleft\"><a href=\"https:\/\/www.unioviedo.es\/fincorp\/index.php\/2025\/11\/28\/participacion-en-la-xxv-semana-de-la-ciencia-y-la-innovacion-de-la-universidad-de-oviedo\/\" aria-label=\"Participaci\u00f3n en la XXV Semana de la Ciencia y la Innovaci\u00f3n de la Universidad de Oviedo\"><img loading=\"lazy\" decoding=\"async\" width=\"193\" height=\"300\" src=\"https:\/\/www.unioviedo.es\/fincorp\/wp-content\/uploads\/2026\/01\/semciencia2025-193x300.jpg\" class=\"attachment-medium size-medium wp-post-image\" alt=\"\" style=\"max-width:150px;max-height:150px;\" srcset=\"https:\/\/www.unioviedo.es\/fincorp\/wp-content\/uploads\/2026\/01\/semciencia2025-193x300.jpg 193w, https:\/\/www.unioviedo.es\/fincorp\/wp-content\/uploads\/2026\/01\/semciencia2025.jpg 337w\" sizes=\"auto, (max-width: 193px) 100vw, 193px\" \/><\/a><\/div><a class=\"wp-block-latest-posts__post-title\" href=\"https:\/\/www.unioviedo.es\/fincorp\/index.php\/2025\/11\/28\/participacion-en-la-xxv-semana-de-la-ciencia-y-la-innovacion-de-la-universidad-de-oviedo\/\">Participaci\u00f3n en la XXV Semana de la Ciencia y la Innovaci\u00f3n de la Universidad de Oviedo<\/a><div class=\"wp-block-latest-posts__post-excerpt\">En noviembre de 2025, miembros de nuestro grupo de investigaci\u00f3n participan en la XXV Semana de la Ciencia y la Innovaci\u00f3n de la Universidad de Oviedo, englobada en el programa de ayudas para el fomento de la cultura cient\u00edfica, tecnol\u00f3gica y de la innovaci\u00f3n de la FECYT (Ministerio de Ciencia e Innovaci\u00f3n).<\/div><\/li>\n<li><div class=\"wp-block-latest-posts__featured-image alignleft\"><a href=\"https:\/\/www.unioviedo.es\/fincorp\/index.php\/en\/2025\/11\/11\/ii-conference-on-economic-violence-and-financial-health-challenges-solutions-and-legal-advances\/\" aria-label=\"II Conference on Economic Violence and Financial Health: Challenges, Solutions and Legal Advances\"><img loading=\"lazy\" decoding=\"async\" width=\"300\" height=\"279\" src=\"https:\/\/www.unioviedo.es\/fincorp\/wp-content\/uploads\/2024\/03\/Logos-Nantik-Lum-y-Grupo-300x279.png\" class=\"attachment-medium size-medium wp-post-image\" alt=\"\" style=\"max-width:150px;max-height:150px;\" srcset=\"https:\/\/www.unioviedo.es\/fincorp\/wp-content\/uploads\/2024\/03\/Logos-Nantik-Lum-y-Grupo-300x279.png 300w, https:\/\/www.unioviedo.es\/fincorp\/wp-content\/uploads\/2024\/03\/Logos-Nantik-Lum-y-Grupo-1024x951.png 1024w, https:\/\/www.unioviedo.es\/fincorp\/wp-content\/uploads\/2024\/03\/Logos-Nantik-Lum-y-Grupo-768x713.png 768w, https:\/\/www.unioviedo.es\/fincorp\/wp-content\/uploads\/2024\/03\/Logos-Nantik-Lum-y-Grupo.png 1342w\" sizes=\"auto, (max-width: 300px) 100vw, 300px\" \/><\/a><\/div><a class=\"wp-block-latest-posts__post-title\" href=\"https:\/\/www.unioviedo.es\/fincorp\/index.php\/en\/2025\/11\/11\/ii-conference-on-economic-violence-and-financial-health-challenges-solutions-and-legal-advances\/\">II Conference on Economic Violence and Financial Health: Challenges, Solutions and Legal Advances<\/a><div class=\"wp-block-latest-posts__post-excerpt\">Next Tuesday, November 18th, 2025, the II Conference \u00abEconomic Violence and Financial Health: Challenges, Solutions and Legal Advances\u00bb will take place at the Main Hall (Aula Magna) of the University of Oviedo. The event is organized by the Finance and Corporate Governance Research Group and the Nantik Lum Foundation, with the support of the Vice-Rectorate for Strategic Planning and Campus Coordination, the Ministry of Social Rights, Consumer Affairs and the 2030 Agenda, and the Ministry of Science, Innovation and Universities (Project: PID2022-140023NA-I00).<\/div><\/li>\n<li><div class=\"wp-block-latest-posts__featured-image alignleft\"><a href=\"https:\/\/www.unioviedo.es\/fincorp\/index.php\/2025\/11\/11\/ii-jornada-violencia-economica-y-salud-financiera-desafios-soluciones-y-avances-legales\/\" aria-label=\"II Jornada Violencia Econ\u00f3mica y Salud Financiera: desaf\u00edos, soluciones y avances legales\"><img loading=\"lazy\" decoding=\"async\" width=\"300\" height=\"279\" src=\"https:\/\/www.unioviedo.es\/fincorp\/wp-content\/uploads\/2024\/03\/Logos-Nantik-Lum-y-Grupo-300x279.png\" class=\"attachment-medium size-medium wp-post-image\" alt=\"\" style=\"max-width:150px;max-height:150px;\" srcset=\"https:\/\/www.unioviedo.es\/fincorp\/wp-content\/uploads\/2024\/03\/Logos-Nantik-Lum-y-Grupo-300x279.png 300w, https:\/\/www.unioviedo.es\/fincorp\/wp-content\/uploads\/2024\/03\/Logos-Nantik-Lum-y-Grupo-1024x951.png 1024w, https:\/\/www.unioviedo.es\/fincorp\/wp-content\/uploads\/2024\/03\/Logos-Nantik-Lum-y-Grupo-768x713.png 768w, https:\/\/www.unioviedo.es\/fincorp\/wp-content\/uploads\/2024\/03\/Logos-Nantik-Lum-y-Grupo.png 1342w\" sizes=\"auto, (max-width: 300px) 100vw, 300px\" \/><\/a><\/div><a class=\"wp-block-latest-posts__post-title\" href=\"https:\/\/www.unioviedo.es\/fincorp\/index.php\/2025\/11\/11\/ii-jornada-violencia-economica-y-salud-financiera-desafios-soluciones-y-avances-legales\/\">II Jornada Violencia Econ\u00f3mica y Salud Financiera: desaf\u00edos, soluciones y avances legales<\/a><div class=\"wp-block-latest-posts__post-excerpt\">El pr\u00f3ximo martes, 18 de noviembre de 2025, se celebrar\u00e1 en el Aula Magna de la Universidad de Oviedo la II Jornada \u00abViolencia Econ\u00f3mica y Salud Financiera: desaf\u00edos, soluciones y avances legales\u00bb, organizada por el Grupo de Investigaci\u00f3n Finanzas y Gobierno Corporativo y la Fundaci\u00f3n Nantik Lum, con el apoyo del Vicerrectorado de Planificaci\u00f3n Estrat\u00e9gica y Coordinaci\u00f3n de Campus, el Ministerio de Derechos Sociales, Consumo y Agenda 2030 y el Ministerio de Ciencia, Innovaci\u00f3n y Universidades (Proyecto: PID2022-140023NA-I00).<\/div><\/li>\n<li><div class=\"wp-block-latest-posts__featured-image alignleft\"><a href=\"https:\/\/www.unioviedo.es\/fincorp\/index.php\/en\/2025\/10\/20\/start-of-the-sin-genero-de-dudas-university-extension-programme\/\" aria-label=\"Start of the \u00abSin G\u00e9nero de Dudas\u00bb University Extension Programme\"><img loading=\"lazy\" decoding=\"async\" width=\"213\" height=\"300\" src=\"https:\/\/www.unioviedo.es\/fincorp\/wp-content\/uploads\/2026\/01\/aulagen-213x300.png\" class=\"attachment-medium size-medium wp-post-image\" alt=\"\" style=\"max-width:150px;max-height:150px;\" srcset=\"https:\/\/www.unioviedo.es\/fincorp\/wp-content\/uploads\/2026\/01\/aulagen-213x300.png 213w, https:\/\/www.unioviedo.es\/fincorp\/wp-content\/uploads\/2026\/01\/aulagen.png 555w\" sizes=\"auto, (max-width: 213px) 100vw, 213px\" \/><\/a><\/div><a class=\"wp-block-latest-posts__post-title\" href=\"https:\/\/www.unioviedo.es\/fincorp\/index.php\/en\/2025\/10\/20\/start-of-the-sin-genero-de-dudas-university-extension-programme\/\">Start of the \u00abSin G\u00e9nero de Dudas\u00bb University Extension Programme<\/a><div class=\"wp-block-latest-posts__post-excerpt\">In October 2025, the University Extension Programme \u00abSin G\u00e9nero de Dudas: cuestiones de g\u00e9nero con perspectiva econ\u00f3mica y jur\u00eddica\u00bb began for the 2025-2026 academic year in Riosa (Principality of Asturias). The programme is jointly directed by Irma Mart\u00ednez Garc\u00eda, a member of our research group, and Beatriz V\u00e1zquez Rodr\u00edguez.<\/div><\/li>\n<\/ul>\n\n\n<figure class=\"wp-block-image size-large is-resized\"><img loading=\"lazy\" decoding=\"async\" src=\"http:\/\/www.unioviedo.es\/fincorp\/wp-content\/uploads\/2023\/03\/Facultad-de-Economia-y-Empresa-Universidad-de-Oviedo-2-1024x683.jpg\" alt=\"\" class=\"wp-image-960\" style=\"width:600px;height:401px\" width=\"600\" height=\"401\" srcset=\"https:\/\/www.unioviedo.es\/fincorp\/wp-content\/uploads\/2023\/03\/Facultad-de-Economia-y-Empresa-Universidad-de-Oviedo-2-1024x683.jpg 1024w, https:\/\/www.unioviedo.es\/fincorp\/wp-content\/uploads\/2023\/03\/Facultad-de-Economia-y-Empresa-Universidad-de-Oviedo-2-300x200.jpg 300w, https:\/\/www.unioviedo.es\/fincorp\/wp-content\/uploads\/2023\/03\/Facultad-de-Economia-y-Empresa-Universidad-de-Oviedo-2-768x512.jpg 768w, https:\/\/www.unioviedo.es\/fincorp\/wp-content\/uploads\/2023\/03\/Facultad-de-Economia-y-Empresa-Universidad-de-Oviedo-2-1536x1025.jpg 1536w, https:\/\/www.unioviedo.es\/fincorp\/wp-content\/uploads\/2023\/03\/Facultad-de-Economia-y-Empresa-Universidad-de-Oviedo-2-2048x1367.jpg 2048w, https:\/\/www.unioviedo.es\/fincorp\/wp-content\/uploads\/2023\/03\/Facultad-de-Economia-y-Empresa-Universidad-de-Oviedo-2-930x620.jpg 930w\" sizes=\"auto, (max-width: 600px) 100vw, 600px\" \/><\/figure>\n","protected":false},"excerpt":{"rendered":"","protected":false},"author":1,"featured_media":0,"parent":0,"menu_order":0,"comment_status":"closed","ping_status":"closed","template":"","meta":{"neve_meta_sidebar":"","neve_meta_container":"","neve_meta_enable_content_width":"","neve_meta_content_width":0,"neve_meta_title_alignment":"","neve_meta_author_avatar":"","neve_post_elements_order":"","neve_meta_disable_header":"off","neve_meta_disable_footer":"","neve_meta_disable_title":"off","footnotes":""},"class_list":["post-955","page","type-page","status-publish","hentry"],"_links":{"self":[{"href":"https:\/\/www.unioviedo.es\/fincorp\/index.php\/wp-json\/wp\/v2\/pages\/955","targetHints":{"allow":["GET"]}}],"collection":[{"href":"https:\/\/www.unioviedo.es\/fincorp\/index.php\/wp-json\/wp\/v2\/pages"}],"about":[{"href":"https:\/\/www.unioviedo.es\/fincorp\/index.php\/wp-json\/wp\/v2\/types\/page"}],"author":[{"embeddable":true,"href":"https:\/\/www.unioviedo.es\/fincorp\/index.php\/wp-json\/wp\/v2\/users\/1"}],"replies":[{"embeddable":true,"href":"https:\/\/www.unioviedo.es\/fincorp\/index.php\/wp-json\/wp\/v2\/comments?post=955"}],"version-history":[{"count":66,"href":"https:\/\/www.unioviedo.es\/fincorp\/index.php\/wp-json\/wp\/v2\/pages\/955\/revisions"}],"predecessor-version":[{"id":2181,"href":"https:\/\/www.unioviedo.es\/fincorp\/index.php\/wp-json\/wp\/v2\/pages\/955\/revisions\/2181"}],"wp:attachment":[{"href":"https:\/\/www.unioviedo.es\/fincorp\/index.php\/wp-json\/wp\/v2\/media?parent=955"}],"curies":[{"name":"wp","href":"https:\/\/api.w.org\/{rel}","templated":true}]}}