{"id":982,"date":"2023-03-08T10:47:41","date_gmt":"2023-03-08T10:47:41","guid":{"rendered":"https:\/\/www.unioviedo.es\/fincorp\/?page_id=982"},"modified":"2024-04-01T07:11:34","modified_gmt":"2024-04-01T07:11:34","slug":"proyectos-de-innovacion-docente","status":"publish","type":"page","link":"https:\/\/www.unioviedo.es\/fincorp\/index.php\/docencia\/proyectos-de-innovacion-docente\/","title":{"rendered":"Proyectos de innovaci\u00f3n docente"},"content":{"rendered":"\n<ul class=\"wp-block-list\">\n<li><strong>\u00abFinEduca360: J\u00f3venes para J\u00f3venes\u00bb<\/strong>, Instituto de Investigaci\u00f3n e Innovaci\u00f3n Educativa,\u00a0Vicerrectorado de Pol\u00edticas del Profesorado de la Universidad de Oviedo.\u00a0Profesoras responsables: S. G\u00f3mez Ans\u00f3n e I. Mart\u00ednez Garc\u00eda. Cursos 2023-2024 y 2024-2025.<\/li>\n\n\n\n<li><strong>\u00abLa Cl\u00ednica Jur\u00eddica, una forma de aprendizaje-servicio para cumplir los objetivos de desarrollo sostenible en la Facultad de Derecho\u00bb<\/strong>, Instituto de Investigaci\u00f3n e Innovaci\u00f3n Educativa, Vicerrectorado de Pol\u00edticas del Profesorado de la Universidad de Oviedo. Profesora responsable: M. P. Fern\u00e1ndez-Rivera Gonz\u00e1lez. Curso 2022-2023.<\/li>\n\n\n\n<li><strong>\u00abComunidad Canguro: paisajes acad\u00e9micos y representaciones del aprendizaje\u00bb<\/strong>, Instituto de Investigaci\u00f3n e Innovaci\u00f3n Educativa, Vicerrectorado de Pol\u00edticas del Profesorado de la Universidad de Oviedo. Profesor responsable: G. LLamedo Pandiella. Curso 2022-2023.<\/li>\n<\/ul>\n","protected":false},"excerpt":{"rendered":"","protected":false},"author":1,"featured_media":0,"parent":106,"menu_order":2,"comment_status":"closed","ping_status":"closed","template":"","meta":{"neve_meta_sidebar":"","neve_meta_container":"","neve_meta_enable_content_width":"","neve_meta_content_width":0,"neve_meta_title_alignment":"","neve_meta_author_avatar":"","neve_post_elements_order":"","neve_meta_disable_header":"","neve_meta_disable_footer":"","neve_meta_disable_title":"","footnotes":""},"class_list":["post-982","page","type-page","status-publish","hentry"],"_links":{"self":[{"href":"https:\/\/www.unioviedo.es\/fincorp\/index.php\/wp-json\/wp\/v2\/pages\/982","targetHints":{"allow":["GET"]}}],"collection":[{"href":"https:\/\/www.unioviedo.es\/fincorp\/index.php\/wp-json\/wp\/v2\/pages"}],"about":[{"href":"https:\/\/www.unioviedo.es\/fincorp\/index.php\/wp-json\/wp\/v2\/types\/page"}],"author":[{"embeddable":true,"href":"https:\/\/www.unioviedo.es\/fincorp\/index.php\/wp-json\/wp\/v2\/users\/1"}],"replies":[{"embeddable":true,"href":"https:\/\/www.unioviedo.es\/fincorp\/index.php\/wp-json\/wp\/v2\/comments?post=982"}],"version-history":[{"count":5,"href":"https:\/\/www.unioviedo.es\/fincorp\/index.php\/wp-json\/wp\/v2\/pages\/982\/revisions"}],"predecessor-version":[{"id":2665,"href":"https:\/\/www.unioviedo.es\/fincorp\/index.php\/wp-json\/wp\/v2\/pages\/982\/revisions\/2665"}],"up":[{"embeddable":true,"href":"https:\/\/www.unioviedo.es\/fincorp\/index.php\/wp-json\/wp\/v2\/pages\/106"}],"wp:attachment":[{"href":"https:\/\/www.unioviedo.es\/fincorp\/index.php\/wp-json\/wp\/v2\/media?parent=982"}],"curies":[{"name":"wp","href":"https:\/\/api.w.org\/{rel}","templated":true}]}}