{"id":2963,"date":"2026-04-09T09:44:08","date_gmt":"2026-04-09T09:44:08","guid":{"rendered":"https:\/\/www.unioviedo.es\/foro_empleo\/?page_id=2963"},"modified":"2026-04-10T16:46:25","modified_gmt":"2026-04-10T16:46:25","slug":"galeria-23-foro-de-empleo","status":"publish","type":"page","link":"https:\/\/www.unioviedo.es\/foro_empleo\/index.php\/galeria-23-foro-de-empleo\/","title":{"rendered":"Galer\u00eda 23 Foro de Empleo"},"content":{"rendered":"<p>[et_pb_section fb_built=\u00bb1&#8243; admin_label=\u00bbSection\u00bb module_id=\u00bbConferencias\u00bb _builder_version=\u00bb4.18.0&#8243; _module_preset=\u00bbdefault\u00bb custom_margin=\u00bb0px||0px||true|false\u00bb custom_padding=\u00bb0px||0px||true|false\u00bb da_popup_slug=\u00bbConferencias\u00bb da_disable_devices=\u00bboff|off|off\u00bb global_colors_info=\u00bb{}\u00bb da_is_popup=\u00bboff\u00bb da_exit_intent=\u00bboff\u00bb da_has_close=\u00bbon\u00bb da_alt_close=\u00bboff\u00bb da_dark_close=\u00bboff\u00bb da_not_modal=\u00bbon\u00bb da_is_singular=\u00bboff\u00bb da_with_loader=\u00bboff\u00bb da_has_shadow=\u00bbon\u00bb][et_pb_row _builder_version=\u00bb4.27.4&#8243; _module_preset=\u00bbdefault\u00bb global_colors_info=\u00bb{}\u00bb][et_pb_column type=\u00bb4_4&#8243; _builder_version=\u00bb4.27.4&#8243; _module_preset=\u00bbdefault\u00bb global_colors_info=\u00bb{}\u00bb][et_pb_divider show_divider=\u00bboff\u00bb _builder_version=\u00bb4.27.4&#8243; _module_preset=\u00bbdefault\u00bb global_colors_info=\u00bb{}\u00bb][\/et_pb_divider][\/et_pb_column][\/et_pb_row][et_pb_row column_structure=\u00bb3_4,1_4&#8243; admin_label=\u00bbconnect with users Row\u00bb _builder_version=\u00bb4.16&#8243; custom_margin=\u00bb0px|auto|0px|auto|true|false\u00bb custom_padding=\u00bb0|0px|15px|0px|false|false\u00bb use_custom_width=\u00bbon\u00bb custom_width_px=\u00bb1440px\u00bb locked=\u00bboff\u00bb global_colors_info=\u00bb{}\u00bb][et_pb_column type=\u00bb3_4&#8243; _builder_version=\u00bb4.16&#8243; custom_padding=\u00bb||||false|false\u00bb custom_padding_tablet=\u00bb30%|15%|20%|12%\u00bb custom_padding_phone=\u00bb60%|10%|30%|\u00bb custom_padding_last_edited=\u00bboff|desktop\u00bb global_colors_info=\u00bb{}\u00bb padding_phone=\u00bb60%|10%|30%|\u00bb padding_tablet=\u00bb30%|15%|20%|12%\u00bb padding_last_edited=\u00bboff|desktop\u00bb custom_padding__hover=\u00bb|||\u00bb][et_pb_text _builder_version=\u00bb4.27.4&#8243; text_font=\u00bbRoboto||||||||\u00bb text_font_size=\u00bb16px\u00bb text_line_height=\u00bb1.8em\u00bb header_font=\u00bbMontserrat|800|||||||\u00bb header_text_align=\u00bbleft\u00bb header_text_color=\u00bb#07867f\u00bb header_font_size=\u00bb55px\u00bb header_line_height=\u00bb1.2em\u00bb header_2_font=\u00bbRoboto|300|||||||\u00bb header_2_text_align=\u00bbleft\u00bb header_2_text_color=\u00bb#000000&#8243; header_2_font_size=\u00bb20px\u00bb header_2_letter_spacing=\u00bb4px\u00bb header_3_font=\u00bbMontserrat|300||on|||||\u00bb header_3_text_align=\u00bbleft\u00bb header_3_text_color=\u00bbgcid-1f1bf5fb-a99d-4acc-8d9e-ddac074c158c\u00bb header_3_font_size=\u00bb20px\u00bb header_3_letter_spacing=\u00bb4px\u00bb background_layout=\u00bbdark\u00bb module_alignment=\u00bbcenter\u00bb text_font_size_last_edited=\u00bboff|desktop\u00bb header_font_size_tablet=\u00bb40px\u00bb header_font_size_phone=\u00bb32px\u00bb header_font_size_last_edited=\u00bbon|phone\u00bb header_3_font_size_tablet=\u00bb16px\u00bb header_3_font_size_phone=\u00bb14px\u00bb header_3_font_size_last_edited=\u00bbon|phone\u00bb header_3_letter_spacing_tablet=\u00bb5px\u00bb header_3_letter_spacing_phone=\u00bb\u00bb header_3_letter_spacing_last_edited=\u00bbon|tablet\u00bb global_colors_info=\u00bb{%22gcid-1f1bf5fb-a99d-4acc-8d9e-ddac074c158c%22:%91%22header_3_text_color%22%93}\u00bb]<\/p>\n<h1>Galer\u00eda de Im\u00e1genes<\/h1>\n<h3>23 Foro de Empleo de la Universidad de Oviedo<\/h3>\n<p>[\/et_pb_text][\/et_pb_column][et_pb_column type=\u00bb1_4&#8243; _builder_version=\u00bb4.16&#8243; custom_padding=\u00bb||||false|false\u00bb custom_padding_tablet=\u00bb30%|15%|20%|12%\u00bb custom_padding_phone=\u00bb60%|10%|30%|\u00bb custom_padding_last_edited=\u00bboff|desktop\u00bb global_colors_info=\u00bb{}\u00bb padding_phone=\u00bb60%|10%|30%|\u00bb padding_tablet=\u00bb30%|15%|20%|12%\u00bb padding_last_edited=\u00bboff|desktop\u00bb custom_padding__hover=\u00bb|||\u00bb][\/et_pb_column][\/et_pb_row][et_pb_row use_custom_gutter=\u00bbon\u00bb gutter_width=\u00bb1&#8243; _builder_version=\u00bb4.24.1&#8243; _module_preset=\u00bbdefault\u00bb border_color_top=\u00bb#B3B3B3&#8243; border_style_top=\u00bbdotted\u00bb global_colors_info=\u00bb{}\u00bb][et_pb_column type=\u00bb4_4&#8243; _builder_version=\u00bb4.18.0&#8243; _module_preset=\u00bbdefault\u00bb global_colors_info=\u00bb{}\u00bb][et_pb_text _builder_version=\u00bb4.27.4&#8243; _module_preset=\u00bbdefault\u00bb text_font=\u00bb|600||on|||||\u00bb text_font_size=\u00bb35px\u00bb text_line_height=\u00bb2.8em\u00bb global_colors_info=\u00bb{}\u00bb]<\/p>\n<p><strong>Acto Oficial de Inauguraci\u00f3n<\/strong><\/p>\n<p>[\/et_pb_text][et_pb_gallery gallery_ids=\u00bb3410,3411,3412,3413,3414,3415,3416,3417,3418,3419,3420,3421,3422,3423,3424,3425,3426,3427,3428,3429,3430,3431,3432,3433,3434,3435,3436,3437,3439,3440,3441,3442,3443,3444,3445,3446,3447,3448,3449,3450,3451,3452,3453,3454,3455,3456,3457&#8243; posts_number=\u00bb100&#8243; show_title_and_caption=\u00bboff\u00bb show_pagination=\u00bboff\u00bb zoom_icon_color=\u00bb#FFFFFF\u00bb hover_overlay_color=\u00bbRGBA(255,255,255,0)\u00bb hover_icon=\u00bb&#x50;||divi||400&#8243; _builder_version=\u00bb4.27.4&#8243; _module_preset=\u00bbdefault\u00bb title_font=\u00bb|600||on|||||\u00bb title_font_size=\u00bb11px\u00bb caption_font_size=\u00bb13px\u00bb hover_enabled=\u00bb0&#8243; global_colors_info=\u00bb{}\u00bb sticky_enabled=\u00bb0&#8243;][\/et_pb_gallery][\/et_pb_column][\/et_pb_row][et_pb_row use_custom_gutter=\u00bbon\u00bb gutter_width=\u00bb1&#8243; _builder_version=\u00bb4.18.0&#8243; _module_preset=\u00bbdefault\u00bb border_width_top=\u00bb2px\u00bb border_color_top=\u00bb#B3B3B3&#8243; border_style_top=\u00bbdotted\u00bb global_colors_info=\u00bb{}\u00bb][et_pb_column type=\u00bb4_4&#8243; _builder_version=\u00bb4.18.0&#8243; _module_preset=\u00bbdefault\u00bb global_colors_info=\u00bb{}\u00bb][et_pb_text _builder_version=\u00bb4.27.4&#8243; _module_preset=\u00bbdefault\u00bb text_font=\u00bb|600||on|||||\u00bb text_font_size=\u00bb35px\u00bb text_line_height=\u00bb2.8em\u00bb global_colors_info=\u00bb{}\u00bb]<\/p>\n<p><strong>Visita autoridades<\/strong><\/p>\n<p>[\/et_pb_text][et_pb_gallery gallery_ids=\u00bb3371,3372,3373,3374,3375,3376,3377,3378,3379,3380,3381,3382,3383,3384,3385,3386,3387,3388,3389,3390,3391,3392,3393,3394,3395,3396,3397&#8243; posts_number=\u00bb100&#8243; show_title_and_caption=\u00bboff\u00bb show_pagination=\u00bboff\u00bb zoom_icon_color=\u00bb#FFFFFF\u00bb hover_overlay_color=\u00bbRGBA(255,255,255,0)\u00bb hover_icon=\u00bb&#x50;||divi||400&#8243; _builder_version=\u00bb4.27.4&#8243; _module_preset=\u00bbdefault\u00bb title_font=\u00bb|600||on|||||\u00bb title_font_size=\u00bb11px\u00bb caption_font_size=\u00bb13px\u00bb global_colors_info=\u00bb{}\u00bb][\/et_pb_gallery][\/et_pb_column][\/et_pb_row][et_pb_row use_custom_gutter=\u00bbon\u00bb gutter_width=\u00bb1&#8243; _builder_version=\u00bb4.18.0&#8243; _module_preset=\u00bbdefault\u00bb border_width_top=\u00bb2px\u00bb border_color_top=\u00bb#B3B3B3&#8243; border_style_top=\u00bbdotted\u00bb global_colors_info=\u00bb{}\u00bb][et_pb_column type=\u00bb4_4&#8243; _builder_version=\u00bb4.18.0&#8243; _module_preset=\u00bbdefault\u00bb global_colors_info=\u00bb{}\u00bb][et_pb_text _builder_version=\u00bb4.27.4&#8243; _module_preset=\u00bbdefault\u00bb text_font=\u00bb|600||on|||||\u00bb text_font_size=\u00bb35px\u00bb text_line_height=\u00bb2.8em\u00bb global_colors_info=\u00bb{}\u00bb]<\/p>\n<p><strong>Sala de Conferencias<\/strong><\/p>\n<p>[\/et_pb_text][et_pb_gallery gallery_ids=\u00bb3175,3176,3177,3178,3179,3180,3181,3182,3183,3184,3185,3186,3187,3188,3189,3190&#8243; posts_number=\u00bb100&#8243; show_title_and_caption=\u00bboff\u00bb show_pagination=\u00bboff\u00bb zoom_icon_color=\u00bb#FFFFFF\u00bb hover_overlay_color=\u00bbRGBA(255,255,255,0)\u00bb hover_icon=\u00bb&#x50;||divi||400&#8243; _builder_version=\u00bb4.27.4&#8243; _module_preset=\u00bbdefault\u00bb title_font=\u00bb|600||on|||||\u00bb title_font_size=\u00bb11px\u00bb caption_font_size=\u00bb13px\u00bb global_colors_info=\u00bb{}\u00bb][\/et_pb_gallery][\/et_pb_column][\/et_pb_row][\/et_pb_section][et_pb_section fb_built=\u00bb1&#8243; admin_label=\u00bbSection\u00bb module_id=\u00bbMesasredondas\u00bb _builder_version=\u00bb4.18.0&#8243; _module_preset=\u00bbdefault\u00bb custom_margin=\u00bb0px||0px||true|false\u00bb custom_padding=\u00bb0px||0px||true|false\u00bb da_popup_slug=\u00bbMesasredondas\u00bb da_disable_devices=\u00bboff|off|off\u00bb global_colors_info=\u00bb{}\u00bb da_is_popup=\u00bboff\u00bb da_exit_intent=\u00bboff\u00bb da_has_close=\u00bbon\u00bb da_alt_close=\u00bboff\u00bb da_dark_close=\u00bboff\u00bb da_not_modal=\u00bbon\u00bb da_is_singular=\u00bboff\u00bb da_with_loader=\u00bboff\u00bb da_has_shadow=\u00bbon\u00bb][et_pb_row use_custom_gutter=\u00bbon\u00bb gutter_width=\u00bb1&#8243; _builder_version=\u00bb4.18.0&#8243; _module_preset=\u00bbdefault\u00bb border_width_top=\u00bb2px\u00bb border_color_top=\u00bb#B3B3B3&#8243; border_style_top=\u00bbdotted\u00bb global_colors_info=\u00bb{}\u00bb][et_pb_column type=\u00bb4_4&#8243; _builder_version=\u00bb4.18.0&#8243; _module_preset=\u00bbdefault\u00bb global_colors_info=\u00bb{}\u00bb][et_pb_text _builder_version=\u00bb4.27.4&#8243; _module_preset=\u00bbdefault\u00bb text_font=\u00bb|600||on|||||\u00bb text_font_size=\u00bb35px\u00bb text_line_height=\u00bb2.8em\u00bb global_colors_info=\u00bb{}\u00bb]<\/p>\n<p><strong>Un caf\u00e9 con..<\/strong><\/p>\n<p>[\/et_pb_text][et_pb_gallery gallery_ids=\u00bb3165,3173,3172,3171,3169,3170,3168,3167,3166&#8243; posts_number=\u00bb100&#8243; show_title_and_caption=\u00bboff\u00bb show_pagination=\u00bboff\u00bb zoom_icon_color=\u00bb#FFFFFF\u00bb hover_overlay_color=\u00bbRGBA(255,255,255,0)\u00bb hover_icon=\u00bb&#x50;||divi||400&#8243; _builder_version=\u00bb4.27.4&#8243; _module_preset=\u00bbdefault\u00bb title_font=\u00bb|600||on|||||\u00bb title_font_size=\u00bb11px\u00bb caption_font_size=\u00bb13px\u00bb global_colors_info=\u00bb{}\u00bb][\/et_pb_gallery][\/et_pb_column][\/et_pb_row][\/et_pb_section][et_pb_section fb_built=\u00bb1&#8243; admin_label=\u00bbSection\u00bb module_id=\u00bbGenerales\u00bb _builder_version=\u00bb4.24.1&#8243; _module_preset=\u00bbdefault\u00bb custom_margin=\u00bb0px||0px||true|false\u00bb custom_padding=\u00bb0px||0px||true|false\u00bb da_popup_slug=\u00bbGenerales\u00bb da_disable_devices=\u00bboff|off|off\u00bb global_colors_info=\u00bb{}\u00bb da_is_popup=\u00bboff\u00bb da_exit_intent=\u00bboff\u00bb da_has_close=\u00bbon\u00bb da_alt_close=\u00bboff\u00bb da_dark_close=\u00bboff\u00bb da_not_modal=\u00bbon\u00bb da_is_singular=\u00bboff\u00bb da_with_loader=\u00bboff\u00bb da_has_shadow=\u00bbon\u00bb][et_pb_row use_custom_gutter=\u00bbon\u00bb gutter_width=\u00bb1&#8243; _builder_version=\u00bb4.18.0&#8243; _module_preset=\u00bbdefault\u00bb border_width_top=\u00bb2px\u00bb border_color_top=\u00bb#B3B3B3&#8243; border_style_top=\u00bbdotted\u00bb global_colors_info=\u00bb{}\u00bb][et_pb_column type=\u00bb4_4&#8243; _builder_version=\u00bb4.18.0&#8243; _module_preset=\u00bbdefault\u00bb global_colors_info=\u00bb{}\u00bb][et_pb_text _builder_version=\u00bb4.27.4&#8243; _module_preset=\u00bbdefault\u00bb text_font=\u00bb|600||on|||||\u00bb text_font_size=\u00bb35px\u00bb text_line_height=\u00bb2.8em\u00bb global_colors_info=\u00bb{}\u00bb]<\/p>\n<p><strong>Generales<\/strong><\/p>\n<p>[\/et_pb_text][et_pb_gallery gallery_ids=\u00bb3232,3257,3259,3207,3208,3209,3210,3211,3212,3213,3214,3215,3216,3217,3218,3219,3220,3221,3222,3223,3224,3225,3226,3227,3228,3229,3230,3231,3258&#8243; posts_number=\u00bb100&#8243; show_title_and_caption=\u00bboff\u00bb show_pagination=\u00bboff\u00bb zoom_icon_color=\u00bb#FFFFFF\u00bb hover_overlay_color=\u00bbRGBA(255,255,255,0)\u00bb hover_icon=\u00bb&#x50;||divi||400&#8243; _builder_version=\u00bb4.27.4&#8243; _module_preset=\u00bbdefault\u00bb title_font=\u00bb|600||on|||||\u00bb title_font_size=\u00bb11px\u00bb caption_font_size=\u00bb13px\u00bb border_color_top_image=\u00bb#FFFFFF\u00bb global_colors_info=\u00bb{}\u00bb][\/et_pb_gallery][\/et_pb_column][\/et_pb_row][\/et_pb_section][et_pb_section fb_built=\u00bb1&#8243; admin_label=\u00bbSection\u00bb module_id=\u00bbSaladetalleres\u00bb _builder_version=\u00bb4.27.4&#8243; _module_preset=\u00bbdefault\u00bb custom_margin=\u00bb0px||0px||true|false\u00bb custom_padding=\u00bb0px||0px||true|false\u00bb da_popup_slug=\u00bbSaladetalleres\u00bb da_disable_devices=\u00bboff|off|off\u00bb global_colors_info=\u00bb{}\u00bb da_is_popup=\u00bboff\u00bb da_exit_intent=\u00bboff\u00bb da_has_close=\u00bbon\u00bb da_alt_close=\u00bboff\u00bb da_dark_close=\u00bboff\u00bb da_not_modal=\u00bbon\u00bb da_is_singular=\u00bboff\u00bb da_with_loader=\u00bboff\u00bb da_has_shadow=\u00bbon\u00bb][et_pb_row use_custom_gutter=\u00bbon\u00bb gutter_width=\u00bb1&#8243; _builder_version=\u00bb4.18.0&#8243; _module_preset=\u00bbdefault\u00bb border_width_top=\u00bb2px\u00bb border_color_top=\u00bb#B3B3B3&#8243; border_style_top=\u00bbdotted\u00bb global_colors_info=\u00bb{}\u00bb][et_pb_column type=\u00bb4_4&#8243; _builder_version=\u00bb4.18.0&#8243; _module_preset=\u00bbdefault\u00bb global_colors_info=\u00bb{}\u00bb][et_pb_text _builder_version=\u00bb4.27.4&#8243; _module_preset=\u00bbdefault\u00bb text_font=\u00bb|600||on|||||\u00bb text_font_size=\u00bb35px\u00bb text_line_height=\u00bb2.8em\u00bb global_colors_info=\u00bb{}\u00bb]<\/p>\n<p><strong>Talleres<\/strong><\/p>\n<p>[\/et_pb_text][et_pb_gallery gallery_ids=\u00bb3191,3192,3193,3195,3197,3198,3199,3201,3202,3203,3204,3205,3206&#8243; posts_number=\u00bb100&#8243; show_title_and_caption=\u00bboff\u00bb show_pagination=\u00bboff\u00bb zoom_icon_color=\u00bb#FFFFFF\u00bb hover_overlay_color=\u00bbRGBA(255,255,255,0)\u00bb hover_icon=\u00bb&#x50;||divi||400&#8243; _builder_version=\u00bb4.27.4&#8243; _module_preset=\u00bbdefault\u00bb title_font=\u00bb|600||on|||||\u00bb title_font_size=\u00bb11px\u00bb caption_font_size=\u00bb13px\u00bb border_color_top_image=\u00bb#FFFFFF\u00bb global_colors_info=\u00bb{}\u00bb][\/et_pb_gallery][\/et_pb_column][\/et_pb_row][\/et_pb_section][et_pb_section fb_built=\u00bb1&#8243; admin_label=\u00bbSection\u00bb module_id=\u00bbStands\u00bb _builder_version=\u00bb4.18.0&#8243; _module_preset=\u00bbdefault\u00bb custom_margin=\u00bb0px||0px||true|false\u00bb custom_padding=\u00bb0px||0px||true|false\u00bb da_popup_slug=\u00bbStands\u00bb da_disable_devices=\u00bboff|off|off\u00bb global_colors_info=\u00bb{}\u00bb da_is_popup=\u00bboff\u00bb da_exit_intent=\u00bboff\u00bb da_has_close=\u00bbon\u00bb da_alt_close=\u00bboff\u00bb da_dark_close=\u00bboff\u00bb da_not_modal=\u00bbon\u00bb da_is_singular=\u00bboff\u00bb da_with_loader=\u00bboff\u00bb da_has_shadow=\u00bbon\u00bb][et_pb_row use_custom_gutter=\u00bbon\u00bb gutter_width=\u00bb1&#8243; _builder_version=\u00bb4.18.0&#8243; _module_preset=\u00bbdefault\u00bb border_width_top=\u00bb2px\u00bb border_color_top=\u00bb#B3B3B3&#8243; border_style_top=\u00bbdotted\u00bb global_colors_info=\u00bb{}\u00bb][et_pb_column type=\u00bb4_4&#8243; _builder_version=\u00bb4.18.0&#8243; _module_preset=\u00bbdefault\u00bb global_colors_info=\u00bb{}\u00bb][et_pb_text _builder_version=\u00bb4.27.4&#8243; _module_preset=\u00bbdefault\u00bb text_font=\u00bb|600||on|||||\u00bb text_font_size=\u00bb35px\u00bb text_line_height=\u00bb2.8em\u00bb global_colors_info=\u00bb{}\u00bb]<\/p>\n<p><strong>Stands<\/strong><\/p>\n<p>[\/et_pb_text][et_pb_gallery gallery_ids=\u00bb3019,3130,3128,3129,3124,3127,3126,3125,3122,3123,3121,3120,3118,3119,3116,3117,3114,3115,3112,3113,3111,3110,3109,3108,3107,3105,3106,3104,3103,3099,3102,3101,3100,3098,3097,3096,3093,3094,3095,3092,3091,3090,3089,3087,3088,3085,3086,3084,3082,3083,3081,3080,3079,3078,3076,3077,3074,3075,3072,3073,3070,3071,3068,3069,3064,3065,3066,3067,3063,3062,3061,3058,3057,3060,3059,3056,3055,3050,3051,3052,3053,3049,3048,3046,3047,3045,3044,3043,3042,3039,3041,3040,3038,3037,3036,3035,3032,3033,3034,3030,3031,3029,3028,3027,3024,3025,3026,3023,3022,3020,3021,3018&#8243; posts_number=\u00bb100&#8243; show_title_and_caption=\u00bboff\u00bb show_pagination=\u00bboff\u00bb zoom_icon_color=\u00bb#FFFFFF\u00bb hover_overlay_color=\u00bbRGBA(255,255,255,0)\u00bb hover_icon=\u00bb&#x50;||divi||400&#8243; _builder_version=\u00bb4.27.4&#8243; _module_preset=\u00bbdefault\u00bb title_font=\u00bb|600||on|||||\u00bb title_font_size=\u00bb11px\u00bb caption_font_size=\u00bb13px\u00bb border_color_top_image=\u00bb#FFFFFF\u00bb global_colors_info=\u00bb{}\u00bb][\/et_pb_gallery][\/et_pb_column][\/et_pb_row][\/et_pb_section]<\/p>\n","protected":false},"excerpt":{"rendered":"<p>Galer\u00eda de Im\u00e1genes 23 Foro de Empleo de la Universidad de OviedoActo Oficial de Inauguraci\u00f3nVisita autoridadesSala de ConferenciasUn caf\u00e9 con..GeneralesTalleresStands<\/p>\n","protected":false},"author":1,"featured_media":0,"parent":0,"menu_order":0,"comment_status":"closed","ping_status":"closed","template":"","meta":{"_et_pb_use_builder":"on","_et_pb_old_content":"","_et_gb_content_width":"","footnotes":""},"class_list":["post-2963","page","type-page","status-publish","hentry"],"yoast_head":"<!-- This site is optimized with the Yoast SEO plugin v24.5 - https:\/\/yoast.com\/wordpress\/plugins\/seo\/ -->\n<title>Galer\u00eda 23 Foro de Empleo - Foro de Empleo<\/title>\n<meta name=\"robots\" content=\"index, follow, max-snippet:-1, max-image-preview:large, max-video-preview:-1\" \/>\n<link rel=\"canonical\" href=\"https:\/\/www.unioviedo.es\/foro_empleo\/index.php\/galeria-23-foro-de-empleo\/\" \/>\n<meta property=\"og:locale\" content=\"es_ES\" \/>\n<meta property=\"og:type\" content=\"article\" \/>\n<meta property=\"og:title\" content=\"Galer\u00eda 23 Foro de Empleo - Foro de Empleo\" \/>\n<meta property=\"og:description\" content=\"Galer\u00eda de Im\u00e1genes 23 Foro de Empleo de la Universidad de OviedoActo Oficial de Inauguraci\u00f3nVisita autoridadesSala de ConferenciasUn caf\u00e9 con..GeneralesTalleresStands\" \/>\n<meta property=\"og:url\" content=\"https:\/\/www.unioviedo.es\/foro_empleo\/index.php\/galeria-23-foro-de-empleo\/\" \/>\n<meta property=\"og:site_name\" content=\"Foro de Empleo\" \/>\n<meta property=\"article:modified_time\" content=\"2026-04-10T16:46:25+00:00\" \/>\n<meta property=\"og:image\" content=\"https:\/\/www.unioviedo.es\/foro_empleo\/wp-content\/uploads\/2026\/03\/imagen-general.jpg\" \/>\n\t<meta property=\"og:image:width\" content=\"1200\" \/>\n\t<meta property=\"og:image:height\" content=\"675\" \/>\n\t<meta property=\"og:image:type\" content=\"image\/jpeg\" \/>\n<meta name=\"twitter:card\" content=\"summary_large_image\" \/>\n<meta name=\"twitter:label1\" content=\"Tiempo de lectura\" \/>\n\t<meta name=\"twitter:data1\" content=\"66 minutos\" \/>\n<script type=\"application\/ld+json\" class=\"yoast-schema-graph\">{\"@context\":\"https:\/\/schema.org\",\"@graph\":[{\"@type\":\"WebPage\",\"@id\":\"https:\/\/www.unioviedo.es\/foro_empleo\/index.php\/galeria-23-foro-de-empleo\/\",\"url\":\"https:\/\/www.unioviedo.es\/foro_empleo\/index.php\/galeria-23-foro-de-empleo\/\",\"name\":\"Galer\u00eda 23 Foro de Empleo - Foro de Empleo\",\"isPartOf\":{\"@id\":\"https:\/\/www.unioviedo.es\/foro_empleo\/#website\"},\"datePublished\":\"2026-04-09T09:44:08+00:00\",\"dateModified\":\"2026-04-10T16:46:25+00:00\",\"breadcrumb\":{\"@id\":\"https:\/\/www.unioviedo.es\/foro_empleo\/index.php\/galeria-23-foro-de-empleo\/#breadcrumb\"},\"inLanguage\":\"es\",\"potentialAction\":[{\"@type\":\"ReadAction\",\"target\":[\"https:\/\/www.unioviedo.es\/foro_empleo\/index.php\/galeria-23-foro-de-empleo\/\"]}]},{\"@type\":\"BreadcrumbList\",\"@id\":\"https:\/\/www.unioviedo.es\/foro_empleo\/index.php\/galeria-23-foro-de-empleo\/#breadcrumb\",\"itemListElement\":[{\"@type\":\"ListItem\",\"position\":1,\"name\":\"Portada\",\"item\":\"https:\/\/www.unioviedo.es\/foro_empleo\/\"},{\"@type\":\"ListItem\",\"position\":2,\"name\":\"Galer\u00eda 23 Foro de Empleo\"}]},{\"@type\":\"WebSite\",\"@id\":\"https:\/\/www.unioviedo.es\/foro_empleo\/#website\",\"url\":\"https:\/\/www.unioviedo.es\/foro_empleo\/\",\"name\":\"Foro de Empleo\",\"description\":\"Foro de Empleo de la Universidad de Oviedo. Hacia un empleo verde, digital e inclusivo\",\"publisher\":{\"@id\":\"https:\/\/www.unioviedo.es\/foro_empleo\/#organization\"},\"potentialAction\":[{\"@type\":\"SearchAction\",\"target\":{\"@type\":\"EntryPoint\",\"urlTemplate\":\"https:\/\/www.unioviedo.es\/foro_empleo\/?s={search_term_string}\"},\"query-input\":{\"@type\":\"PropertyValueSpecification\",\"valueRequired\":true,\"valueName\":\"search_term_string\"}}],\"inLanguage\":\"es\"},{\"@type\":\"Organization\",\"@id\":\"https:\/\/www.unioviedo.es\/foro_empleo\/#organization\",\"name\":\"Foro de Empleo\",\"url\":\"https:\/\/www.unioviedo.es\/foro_empleo\/\",\"logo\":{\"@type\":\"ImageObject\",\"inLanguage\":\"es\",\"@id\":\"https:\/\/www.unioviedo.es\/foro_empleo\/#\/schema\/logo\/image\/\",\"url\":\"https:\/\/www.unioviedo.es\/foro_empleo\/wp-content\/uploads\/2022\/08\/20-logo-foro-1.png\",\"contentUrl\":\"https:\/\/www.unioviedo.es\/foro_empleo\/wp-content\/uploads\/2022\/08\/20-logo-foro-1.png\",\"width\":807,\"height\":588,\"caption\":\"Foro de Empleo\"},\"image\":{\"@id\":\"https:\/\/www.unioviedo.es\/foro_empleo\/#\/schema\/logo\/image\/\"}}]}<\/script>\n<!-- \/ Yoast SEO plugin. -->","yoast_head_json":{"title":"Galer\u00eda 23 Foro de Empleo - Foro de Empleo","robots":{"index":"index","follow":"follow","max-snippet":"max-snippet:-1","max-image-preview":"max-image-preview:large","max-video-preview":"max-video-preview:-1"},"canonical":"https:\/\/www.unioviedo.es\/foro_empleo\/index.php\/galeria-23-foro-de-empleo\/","og_locale":"es_ES","og_type":"article","og_title":"Galer\u00eda 23 Foro de Empleo - Foro de Empleo","og_description":"Galer\u00eda de Im\u00e1genes 23 Foro de Empleo de la Universidad de OviedoActo Oficial de Inauguraci\u00f3nVisita autoridadesSala de ConferenciasUn caf\u00e9 con..GeneralesTalleresStands","og_url":"https:\/\/www.unioviedo.es\/foro_empleo\/index.php\/galeria-23-foro-de-empleo\/","og_site_name":"Foro de Empleo","article_modified_time":"2026-04-10T16:46:25+00:00","og_image":[{"width":1200,"height":675,"url":"https:\/\/www.unioviedo.es\/foro_empleo\/wp-content\/uploads\/2026\/03\/imagen-general.jpg","type":"image\/jpeg"}],"twitter_card":"summary_large_image","twitter_misc":{"Tiempo de lectura":"66 minutos"},"schema":{"@context":"https:\/\/schema.org","@graph":[{"@type":"WebPage","@id":"https:\/\/www.unioviedo.es\/foro_empleo\/index.php\/galeria-23-foro-de-empleo\/","url":"https:\/\/www.unioviedo.es\/foro_empleo\/index.php\/galeria-23-foro-de-empleo\/","name":"Galer\u00eda 23 Foro de Empleo - Foro de Empleo","isPartOf":{"@id":"https:\/\/www.unioviedo.es\/foro_empleo\/#website"},"datePublished":"2026-04-09T09:44:08+00:00","dateModified":"2026-04-10T16:46:25+00:00","breadcrumb":{"@id":"https:\/\/www.unioviedo.es\/foro_empleo\/index.php\/galeria-23-foro-de-empleo\/#breadcrumb"},"inLanguage":"es","potentialAction":[{"@type":"ReadAction","target":["https:\/\/www.unioviedo.es\/foro_empleo\/index.php\/galeria-23-foro-de-empleo\/"]}]},{"@type":"BreadcrumbList","@id":"https:\/\/www.unioviedo.es\/foro_empleo\/index.php\/galeria-23-foro-de-empleo\/#breadcrumb","itemListElement":[{"@type":"ListItem","position":1,"name":"Portada","item":"https:\/\/www.unioviedo.es\/foro_empleo\/"},{"@type":"ListItem","position":2,"name":"Galer\u00eda 23 Foro de Empleo"}]},{"@type":"WebSite","@id":"https:\/\/www.unioviedo.es\/foro_empleo\/#website","url":"https:\/\/www.unioviedo.es\/foro_empleo\/","name":"Foro de Empleo","description":"Foro de Empleo de la Universidad de Oviedo. Hacia un empleo verde, digital e inclusivo","publisher":{"@id":"https:\/\/www.unioviedo.es\/foro_empleo\/#organization"},"potentialAction":[{"@type":"SearchAction","target":{"@type":"EntryPoint","urlTemplate":"https:\/\/www.unioviedo.es\/foro_empleo\/?s={search_term_string}"},"query-input":{"@type":"PropertyValueSpecification","valueRequired":true,"valueName":"search_term_string"}}],"inLanguage":"es"},{"@type":"Organization","@id":"https:\/\/www.unioviedo.es\/foro_empleo\/#organization","name":"Foro de Empleo","url":"https:\/\/www.unioviedo.es\/foro_empleo\/","logo":{"@type":"ImageObject","inLanguage":"es","@id":"https:\/\/www.unioviedo.es\/foro_empleo\/#\/schema\/logo\/image\/","url":"https:\/\/www.unioviedo.es\/foro_empleo\/wp-content\/uploads\/2022\/08\/20-logo-foro-1.png","contentUrl":"https:\/\/www.unioviedo.es\/foro_empleo\/wp-content\/uploads\/2022\/08\/20-logo-foro-1.png","width":807,"height":588,"caption":"Foro de Empleo"},"image":{"@id":"https:\/\/www.unioviedo.es\/foro_empleo\/#\/schema\/logo\/image\/"}}]}},"jetpack_sharing_enabled":true,"_links":{"self":[{"href":"https:\/\/www.unioviedo.es\/foro_empleo\/index.php\/wp-json\/wp\/v2\/pages\/2963","targetHints":{"allow":["GET"]}}],"collection":[{"href":"https:\/\/www.unioviedo.es\/foro_empleo\/index.php\/wp-json\/wp\/v2\/pages"}],"about":[{"href":"https:\/\/www.unioviedo.es\/foro_empleo\/index.php\/wp-json\/wp\/v2\/types\/page"}],"author":[{"embeddable":true,"href":"https:\/\/www.unioviedo.es\/foro_empleo\/index.php\/wp-json\/wp\/v2\/users\/1"}],"replies":[{"embeddable":true,"href":"https:\/\/www.unioviedo.es\/foro_empleo\/index.php\/wp-json\/wp\/v2\/comments?post=2963"}],"version-history":[{"count":15,"href":"https:\/\/www.unioviedo.es\/foro_empleo\/index.php\/wp-json\/wp\/v2\/pages\/2963\/revisions"}],"predecessor-version":[{"id":3461,"href":"https:\/\/www.unioviedo.es\/foro_empleo\/index.php\/wp-json\/wp\/v2\/pages\/2963\/revisions\/3461"}],"wp:attachment":[{"href":"https:\/\/www.unioviedo.es\/foro_empleo\/index.php\/wp-json\/wp\/v2\/media?parent=2963"}],"curies":[{"name":"wp","href":"https:\/\/api.w.org\/{rel}","templated":true}]}}