{"id":8212,"date":"2025-07-12T11:06:34","date_gmt":"2025-07-12T11:06:34","guid":{"rendered":"https:\/\/www.unioviedo.es\/fvoluntariado\/?page_id=8212"},"modified":"2025-09-18T15:10:14","modified_gmt":"2025-09-18T15:10:14","slug":"ubicaciones-feria","status":"publish","type":"page","link":"https:\/\/www.unioviedo.es\/fvoluntariado\/index.php\/ubicaciones-feria\/","title":{"rendered":"Ubicaciones de la Feria"},"content":{"rendered":"\t\t<div data-elementor-type=\"wp-page\" data-elementor-id=\"8212\" class=\"elementor elementor-8212\">\n\t\t\t\t\t\t<section class=\"elementor-section elementor-top-section elementor-element elementor-element-32ec1aee elementor-section-boxed elementor-section-height-default elementor-section-height-default\" data-id=\"32ec1aee\" data-element_type=\"section\" data-e-type=\"section\" data-settings=\"{&quot;background_background&quot;:&quot;classic&quot;}\">\n\t\t\t\t\t\t<div class=\"elementor-container elementor-column-gap-no\">\n\t\t\t\t\t<div class=\"elementor-column elementor-col-100 elementor-top-column elementor-element elementor-element-5596fb20\" data-id=\"5596fb20\" data-element_type=\"column\" data-e-type=\"column\">\n\t\t\t<div class=\"elementor-widget-wrap elementor-element-populated\">\n\t\t\t\t\t\t<div class=\"elementor-element elementor-element-2f7455f elementor-widget elementor-widget-html\" data-id=\"2f7455f\" data-element_type=\"widget\" data-e-type=\"widget\" data-widget_type=\"html.default\">\n\t\t\t\t<div class=\"elementor-widget-container\">\n\t\t\t\t\t<link \r\n  rel=\"stylesheet\" \r\n  href=\"https:\/\/cdnjs.cloudflare.com\/ajax\/libs\/font-awesome\/6.4.0\/css\/all.min.css\" \r\n  integrity=\"sha512-\u2026tu-hash\u2026\" \r\n  crossorigin=\"anonymous\" \r\n  referrerpolicy=\"no-referrer\" \r\n\/>\r\n\r\n<section id=\"vol-info\">\r\n  <style>\r\n    :root{\r\n      --teal:#008578;\r\n      --teal-700:#007768;\r\n      --blue:#3399CC;\r\n      --blue-700:#267aa8;\r\n      --ink:#0b2a2f;\r\n      --muted:#5c7780;\r\n      --radius:12px;\r\n      --shadow:0 10px 30px rgba(0,0,0,.12);\r\n    }\r\n    #vol-info{background:transparent;padding:2rem;font-family:system-ui,-apple-system,Segoe UI,Roboto,Ubuntu,Cantarell,'Helvetica Neue',Arial,sans-serif;color:var(--ink)}\r\n    .info-header{display:grid;grid-template-columns:1fr 1fr;gap:1.25rem;margin-bottom:2rem}\r\n    .titles{display:flex;flex-direction:column;justify-content:center}\r\n    .subtitle{font-size:1.5rem;color:#005f7a;margin:0 0 .4rem}\r\n    .title{font-size:2.5rem;color:var(--teal);margin:0;font-weight:800;letter-spacing:.2px}\r\n\r\n    .icon-box{\r\n      display:flex;align-items:flex-start;gap:1rem;background:linear-gradient(0deg,#fafafa,#fff);\r\n      border:1.5px solid var(--blue);border-radius:var(--radius);padding:1rem 1.1rem;box-shadow:var(--shadow)\r\n    }\r\n    .icon-box .icon{font-size:2rem;color:var(--blue)}\r\n    .icon-box h3{margin:0;color:#006d8f;font-size:1.4rem;font-weight:800}\r\n    .icon-box p{margin:.35rem 0 0;line-height:1.5;color:var(--muted)}\r\n    .mini-cta{margin:.6rem 0 0}\r\n    .link-cta{\r\n      background:none;border:none;padding:0;cursor:pointer;color:var(--teal);\r\n      text-decoration:underline;font-weight:700;display:inline-flex;align-items:center;gap:.45rem\r\n    }\r\n    .link-cta .pulse{animation:pulse 1.4s infinite}\r\n    @keyframes pulse{0%{transform:scale(1);opacity:.9}50%{transform:scale(1.1);opacity:1}100%{transform:scale(1);opacity:.9}}\r\n    .link-cta:focus-visible,.card-button:focus-visible,.close:focus-visible{outline:3px solid var(--blue);outline-offset:3px;border-radius:8px}\r\n\r\n    .cards{display:grid;grid-template-columns:repeat(auto-fit,minmax(220px,1fr));gap:1rem}\r\n    .card{\r\n      background:#fff;border:1.5px solid var(--blue);border-radius:var(--radius);text-align:center;\r\n      padding:1.1rem;cursor:pointer;transition:transform .18s,box-shadow .18s,border-color .18s;box-shadow:var(--shadow)\r\n    }\r\n    .card:hover{transform:translateY(-4px);box-shadow:0 14px 32px rgba(0,0,0,.16)}\r\n    .icon-location{font-size:2rem;color:var(--teal);margin-bottom:.6rem}\r\n    .card-title{margin:0 0 .8rem;color:#005f7a;font-size:1.4rem;font-weight:800}\r\n    .card-button{\r\n      display:inline-block;padding:.4rem .8rem;font-size:.8rem;background:var(--blue);color:#fff;border-radius:8px;\r\n      text-decoration:none;transition:background .2s\r\n    }\r\n    .card-button:hover{background:var(--blue-700)}\r\n\r\n    .modal-overlay{\r\n      position:fixed;inset:0;background:rgba(3,14,20,.45);backdrop-filter:saturate(120%) blur(3px);\r\n      display:none;align-items:center;justify-content:center;z-index:9999\r\n    }\r\n    .modal-overlay[data-open=\"true\"]{display:flex}\r\n    .modal{\r\n      width:min(980px,94vw);max-height:88vh;overflow:auto;background:#fff;border-radius:16px;\r\n      box-shadow:0 22px 60px rgba(0,0,0,.28);padding:1.1rem 1.1rem 1.1rem;position:relative;border:2px solid var(--teal);\r\n      animation:modalIn .18s ease-out\r\n    }\r\n    @keyframes modalIn{from{transform:translateY(6px);opacity:0}to{transform:translateY(0);opacity:1}}\r\n    .modal h3{margin:.1rem 0 .75rem;color:#0c4350;font-size:1.6rem;font-weight:900}\r\n    .modal p{margin:0 0 .9rem;line-height:1.58}\r\n    .modal a{color:var(--teal);font-weight:700;text-decoration:underline}\r\n    .close{position:absolute;top:.6rem;right:.6rem;background:#f2f5f6;border:none;border-radius:50%;width:38px;height:38px;display:grid;place-items:center;cursor:pointer}\r\n    .close:hover{background:#e7eef0}\r\n\r\n    .modal-body{display:grid;grid-template-columns:1.2fr .9fr;gap:1rem;align-items:start}\r\n    .btn-row{display:flex;flex-wrap:wrap;gap:.5rem;margin-top:.5rem}\r\n    .btn{\r\n      display:inline-flex;align-items:center;gap:.45rem;border-radius:10px;padding:.55rem .85rem;font-weight:800;\r\n      text-decoration:none;border:1.5px solid var(--teal);transition:background .18s,color .18s,transform .18s\r\n    }\r\n    .btn.solid{background:var(--teal);color:#fff}\r\n    .btn.solid:hover{background:var(--teal-700);transform:translateY(-1px)}\r\n    .btn.outline{background:#fff;color:var(--teal)}\r\n    .btn.outline:hover{background:#eaf7f5}\r\n\r\n    .poster{\r\n      border:1px solid #e3eef0;border-radius:14px;padding:.5rem;background:#fbfeff;box-shadow:0 6px 18px rgba(0,0,0,.06)\r\n    }\r\n    .poster a{display:block}\r\n    .poster img{width:100%;height:auto;border-radius:10px;display:block}\r\n\r\n    @media(max-width:900px){.modal-body{grid-template-columns:1fr}}\r\n    @media(max-width:600px){\r\n      .info-header{grid-template-columns:1fr;text-align:center}\r\n      .titles{align-items:center}\r\n    }\r\n    @media (prefers-reduced-motion: reduce){\r\n      .link-cta .pulse{animation:none}\r\n      .card,.link-cta{transition:none}\r\n    }\r\n  <\/style>\r\n\r\n  <div class=\"info-header\">\r\n    <div class=\"titles\">\r\n      <h2 class=\"subtitle\">Pr\u00f3xima Feria del Voluntariado<\/h2>\r\n      <h2 class=\"title\">Fecha y lugares<\/h2>\r\n    <\/div>\r\n    <div>\r\n      <div class=\"icon-box\">\r\n        <span class=\"icon\"><i class=\"fas fa-gift\"><\/i><\/span>\r\n        <div>\r\n          <h3>Premios \u00b7 Sorteo<\/h3>\r\n          <p>Obt\u00e9n tu pasaporte del voluntariado en Oviedo o Gij\u00f3n y participa en nuestro sorteo.<\/p>\r\n          <p class=\"mini-cta\">\r\n            <button class=\"link-cta\" id=\"open-folleto\" aria-haspopup=\"dialog\" aria-controls=\"folleto-modal\" aria-expanded=\"false\">\r\n              <i class=\"fa-regular fa-hand-pointer pulse\" aria-hidden=\"true\"><\/i>\r\n              Haz clic para descargar el folleto (Oviedo\/Gij\u00f3n) y completar la encuesta\r\n            <\/button>\r\n          <\/p>\r\n        <\/div>\r\n      <\/div>\r\n    <\/div>\r\n  <\/div>\r\n\r\n  <div class=\"cards\">\r\n    <div class=\"card\" onclick=\"window.location='https:\/\/www.unioviedo.es\/fvoluntariado\/index.php\/oviedo\/'\">\r\n      <div class=\"icon-location\"><i class=\"fas fa-map-marker-alt\"><\/i><\/div>\r\n      <h3 class=\"card-title\">Oviedo<\/h3>\r\n      <a class=\"card-button\" href=\"https:\/\/www.unioviedo.es\/fvoluntariado\/index.php\/oviedo\/\">M\u00e1s informaci\u00f3n<\/a>\r\n    <\/div>\r\n    <div class=\"card\" onclick=\"window.location='https:\/\/www.unioviedo.es\/fvoluntariado\/index.php\/gijon\/'\">\r\n      <div class=\"icon-location\"><i class=\"fas fa-map-marker-alt\"><\/i><\/div>\r\n      <h3 class=\"card-title\">Gij\u00f3n<\/h3>\r\n      <a class=\"card-button\" href=\"https:\/\/www.unioviedo.es\/fvoluntariado\/index.php\/gijon\/\">M\u00e1s informaci\u00f3n<\/a>\r\n    <\/div>\r\n  <\/div>\r\n\r\n  <!-- Modal Folletos + Encuesta con cartel -->\r\n  <div class=\"modal-overlay\" id=\"folleto-overlay\" data-open=\"false\" aria-hidden=\"true\">\r\n    <div class=\"modal\" id=\"folleto-modal\" role=\"dialog\" aria-modal=\"true\" aria-labelledby=\"folleto-title\">\r\n      <button class=\"close\" id=\"close-folleto\" aria-label=\"Cerrar ventana\">\r\n        <i class=\"fa-solid fa-xmark\"><\/i>\r\n      <\/button>\r\n      <h3 id=\"folleto-title\">Folleto y encuesta<\/h3>\r\n\r\n      <div class=\"modal-body\">\r\n        <div class=\"copy\">\r\n          <p>\r\n            Desc\u00e1rgate el folleto para participar en la yincana solidaria de Oviedo y\/o de Gij\u00f3n y conseguir premios; \r\n            adem\u00e1s te animamos a realizar una encuesta online que nos ayudar\u00e1 a conocer la visi\u00f3n sobre el voluntariado \r\n            que tiene el alumnado de la Uniovi. Se puede descargar el <strong>folleto de Oviedo<\/strong> en \r\n            <a href=\"https:\/\/www.unioviedo.es\/fvoluntariado\/wp-content\/uploads\/2025\/09\/OVD_SM.pdf\" target=\"_blank\" rel=\"noopener\">este enlace<\/a> \r\n            y el de <strong>Gij\u00f3n<\/strong> en \r\n            <a href=\"https:\/\/www.unioviedo.es\/fvoluntariado\/wp-content\/uploads\/2025\/09\/GIJON_SM.pdf\" target=\"_blank\" rel=\"noopener\">este otro enlace<\/a>.\r\n          <\/p>\r\n\r\n          <div class=\"btn-row\" role=\"group\" aria-label=\"Descargas directas\">\r\n            <a class=\"btn solid\" href=\"https:\/\/www.unioviedo.es\/fvoluntariado\/wp-content\/uploads\/2025\/09\/OVD_SM.pdf\" target=\"_blank\" rel=\"noopener\">\r\n              <i class=\"fa-solid fa-download\"><\/i> Folleto Oviedo (PDF)\r\n            <\/a>\r\n            <a class=\"btn outline\" href=\"https:\/\/www.unioviedo.es\/fvoluntariado\/wp-content\/uploads\/2025\/09\/GIJON_SM.pdf\" target=\"_blank\" rel=\"noopener\">\r\n              <i class=\"fa-solid fa-download\"><\/i> Folleto Gij\u00f3n (PDF)\r\n            <\/a>\r\n          <\/div>\r\n        <\/div>\r\n\r\n        <div class=\"poster\">\r\n          <a href=\"https:\/\/www.unioviedo.es\/fvoluntariado\/wp-content\/uploads\/2025\/09\/Cartel-nuevo_Mesa-de-experiencias_Semanas-de-voluntariado-UniVersidad-de-oviedo.avif\" target=\"_blank\" rel=\"noopener\" title=\"Abrir cartel en nueva pesta\u00f1a\">\r\n            <img decoding=\"async\" src=\"https:\/\/www.unioviedo.es\/fvoluntariado\/wp-content\/uploads\/2025\/09\/Cartel-nuevo_Mesa-de-experiencias_Semanas-de-voluntariado-UniVersidad-de-oviedo.avif\" alt=\"Cartel de las Semanas de Voluntariado de la Universidad de Oviedo\">\r\n          <\/a>\r\n        <\/div>\r\n      <\/div>\r\n    <\/div>\r\n  <\/div>\r\n\r\n  <script>\r\n    (function () {\r\n      const openBtn = document.getElementById('open-folleto');\r\n      const overlay = document.getElementById('folleto-overlay');\r\n      const closeBtn = document.getElementById('close-folleto');\r\n\r\n      function openModal(){\r\n        overlay.setAttribute('data-open','true');\r\n        overlay.setAttribute('aria-hidden','false');\r\n        openBtn.setAttribute('aria-expanded','true');\r\n        closeBtn.focus();\r\n        document.body.style.overflow='hidden';\r\n      }\r\n      function closeModal(){\r\n        overlay.setAttribute('data-open','false');\r\n        overlay.setAttribute('aria-hidden','true');\r\n        openBtn.setAttribute('aria-expanded','false');\r\n        openBtn.focus();\r\n        document.body.style.overflow='';\r\n      }\r\n\r\n      openBtn.addEventListener('click', openModal);\r\n      closeBtn.addEventListener('click', closeModal);\r\n      overlay.addEventListener('click', (e)=>{ if(e.target===overlay) closeModal(); });\r\n      document.addEventListener('keydown', (e)=>{ if(overlay.getAttribute('data-open')==='true' && e.key==='Escape') closeModal(); });\r\n    })();\r\n  <\/script>\r\n<\/section>\r\n\t\t\t\t<\/div>\n\t\t\t\t<\/div>\n\t\t\t\t\t<\/div>\n\t\t<\/div>\n\t\t\t\t\t<\/div>\n\t\t<\/section>\n\t\t\t\t<\/div>\n\t\t","protected":false},"excerpt":{"rendered":"<p>Pr\u00f3xima Feria del Voluntariado Fecha y lugares Premios \u00b7 Sorteo Obt\u00e9n tu pasaporte del voluntariado en Oviedo o Gij\u00f3n y participa en nuestro sorteo. Haz clic para descargar el folleto (Oviedo\/Gij\u00f3n) y completar la encuesta Oviedo M\u00e1s informaci\u00f3n Gij\u00f3n M\u00e1s informaci\u00f3n Folleto y encuesta Desc\u00e1rgate el folleto para participar en la yincana solidaria de Oviedo&hellip;&nbsp;<a href=\"https:\/\/www.unioviedo.es\/fvoluntariado\/index.php\/ubicaciones-feria\/\" rel=\"bookmark\">Leer m\u00e1s &raquo;<span class=\"screen-reader-text\">Ubicaciones de la Feria<\/span><\/a><\/p>\n","protected":false},"author":1,"featured_media":0,"parent":0,"menu_order":0,"comment_status":"closed","ping_status":"closed","template":"","meta":{"neve_meta_sidebar":"","neve_meta_container":"","neve_meta_enable_content_width":"off","neve_meta_content_width":100,"neve_meta_title_alignment":"","neve_meta_author_avatar":"","neve_post_elements_order":"","neve_meta_disable_header":"","neve_meta_disable_footer":"","neve_meta_disable_title":"on","footnotes":""},"class_list":["post-8212","page","type-page","status-publish","hentry"],"_links":{"self":[{"href":"https:\/\/www.unioviedo.es\/fvoluntariado\/index.php\/wp-json\/wp\/v2\/pages\/8212","targetHints":{"allow":["GET"]}}],"collection":[{"href":"https:\/\/www.unioviedo.es\/fvoluntariado\/index.php\/wp-json\/wp\/v2\/pages"}],"about":[{"href":"https:\/\/www.unioviedo.es\/fvoluntariado\/index.php\/wp-json\/wp\/v2\/types\/page"}],"author":[{"embeddable":true,"href":"https:\/\/www.unioviedo.es\/fvoluntariado\/index.php\/wp-json\/wp\/v2\/users\/1"}],"replies":[{"embeddable":true,"href":"https:\/\/www.unioviedo.es\/fvoluntariado\/index.php\/wp-json\/wp\/v2\/comments?post=8212"}],"version-history":[{"count":16,"href":"https:\/\/www.unioviedo.es\/fvoluntariado\/index.php\/wp-json\/wp\/v2\/pages\/8212\/revisions"}],"predecessor-version":[{"id":8579,"href":"https:\/\/www.unioviedo.es\/fvoluntariado\/index.php\/wp-json\/wp\/v2\/pages\/8212\/revisions\/8579"}],"wp:attachment":[{"href":"https:\/\/www.unioviedo.es\/fvoluntariado\/index.php\/wp-json\/wp\/v2\/media?parent=8212"}],"curies":[{"name":"wp","href":"https:\/\/api.w.org\/{rel}","templated":true}]}}