{"id":2273,"date":"2022-03-25T09:03:42","date_gmt":"2022-03-25T08:03:42","guid":{"rendered":"https:\/\/www.unioviedo.es\/gelp\/?page_id=2273"},"modified":"2023-11-20T11:09:46","modified_gmt":"2023-11-20T10:09:46","slug":"publications-2022","status":"publish","type":"page","link":"https:\/\/www.unioviedo.es\/gelp\/publications\/publications-2022\/","title":{"rendered":"Publications 2022"},"content":{"rendered":"<section class=\"kc-elm kc-css-881299 kc_row\"><div class=\"kc-row-container  kc-container\"><div class=\"kc-wrap-columns\"><div class=\"kc-elm kc-css-142542 kc_col-sm-12 kc_column kc_col-sm-12\"><div class=\"kc-col-container\"><div class=\"kc-elm kc-css-669973 kc_text_block\"><\/p>\n<pre><em>*Click on DOIs to see articles in the publisher pages. <\/em><\/pre>\n<p>\n<\/div><div class=\"kc-elm kc-css-643012 kc_text_block\"><\/p>\n<p><b>Nebulization assisted molecular LIBS for sensitive and fast fluorine determination in aqueous solutions<\/b><\/p>\n<table>\n<tbody>\n<tr>\n<th>Author<\/th>\n<td>M\u00e9ndez-L\u00f3pez, C.; Fern\u00e1ndez-Men\u00e9ndez, L.J.; Gonz\u00e1lez-Gago, C.; Pisonero, J.; Bordel, N.<\/td>\n<\/tr>\n<tr>\n<th>Source<\/th>\n<td><b><i>Journal of Analytical Atomic Spectrometry <\/i><\/b><i>2022 Advance Article\u00a0<\/i><\/td>\n<\/tr>\n<tr>\n<th>DOI<\/th>\n<td><a href=\"http:\/\/doi.org\/10.1039\/D2JA00319H\">10.1039\/D2JA00319H<\/a><\/td>\n<\/tr>\n<\/tbody>\n<\/table>\n<p>\n<\/div><div class=\"kc-elm kc-css-361598 kc_text_block\"><\/p>\n<p>\n<b>Comparison of Mg\/Ca concentration series from <em>Patella depressa<\/em> limpet shells using CF-LIBS and LA-ICP-MS<\/b><\/p>\n<table>\n<tbody>\n<tr>\n<th>Author<\/th>\n<td>Martinez-Minchero, M.; Cobo, A.; M\u00e9ndez-Vicente, A.; Pisonero, J.; Bordel, N.; Guti\u00e9rrez-Zugasti, I.; Roberts, P.; Arrizabalaga, \u00c1.; Valdiande, J.; Mirapeix, J.; L\u00f3pez-Higuera, J.M.; Garc\u00eda-Esc\u00e1rzaga, A.<\/td>\n<\/tr>\n<tr>\n<th>Source<\/th>\n<td><b><i>Talanta,<\/i><\/b> 251 (2023) 123757<\/td>\n<\/tr>\n<tr>\n<th>DOI<\/th>\n<td><a href=\"http:\/\/10.1016\/j.talanta.2022.123757\">10.1016\/j.talanta.2022.123757<\/a><\/td>\n<\/tr>\n<\/tbody>\n<\/table>\n<p>\n<\/div><div class=\"kc-elm kc-css-733848 kc_text_block\"><\/p>\n<p>\n<strong>Unravelling the spatial-temporal population structure of <em>Trachurus picturatus<\/em> across the North-East Atlantic using otolith fingerprinting<\/strong><\/p>\n<table>\n<tbody>\n<tr>\n<th>Author<\/th>\n<td>Moreira, C.; Froufe, E.; Vaz-Pires, P.; Triay-Portella, R.; M\u00e9ndez-Vicente, A.; Pisonero, J.; Correia, A.T.<\/td>\n<\/tr>\n<tr>\n<th>Source<\/th>\n<td><b><i>Estuarine, Coastal and Shelf Science,<\/i><\/b> 272 (2022) 107860<\/td>\n<\/tr>\n<tr>\n<th>DOI<\/th>\n<td><a href=\"http:\/\/dx.doi.org\/10.1016\/j.ecss.2022.107860\">10.1016\/j.ecss.2022.107860<\/a><\/td>\n<\/tr>\n<\/tbody>\n<\/table>\n<p>\n<\/div><div class=\"kc-elm kc-css-813241 kc_text_block\"><\/p>\n<p>\n<b>Stable exploding wire plasma at times larger than electrical current presence<\/b><\/p>\n<table>\n<tbody>\n<tr>\n<th>Author<\/th>\n<td>Rodr\u00edguez-Prieto, G.; Fern\u00e1ndez-Men\u00e9ndez, L.J.; Bilbao, L.; Bordel, N.<\/td>\n<\/tr>\n<tr>\n<th>Source<\/th>\n<td><b><i>Physica Scripta,<\/i><\/b> 97 (2022) 085603<\/td>\n<\/tr>\n<tr>\n<th>DOI<\/th>\n<td><a href=\"http:\/\/dx.doi.org\/10.1088\/1402-4896\/ac7fc4\">10.1088\/1402-4896\/ac7fc4<\/a><\/td>\n<\/tr>\n<\/tbody>\n<\/table>\n<p>\n<\/div><div class=\"kc-elm kc-css-671830 kc_text_block\"><\/p>\n<p>\n<strong><span class=\"title-text\">Contribution of the Nursery Areas to the Major Fishing Grounds of the Brazilian Sardine (<em>Sardinella Brasiliensis<\/em>) in Southeastern Brazilian Bight through Otolith Fingerprinting<\/span><\/strong><\/p>\n<table>\n<tbody>\n<tr>\n<th>Author<\/th>\n<td>Schroeder, R.; Schwingel, P.R.; Schwarz, R.; Alexandre Daros, F.; Pontes Franco, T.; Travenisk Hoff, N.; M\u00e9ndez-Vicente, A.; Pisonero, J.; Martins Vaz-dos-Santos, A.; Correia, A.T.<\/td>\n<\/tr>\n<tr>\n<th>Source<\/th>\n<td><b><i>Biol. Life Sci. Forum,<\/i><\/b> 13 (2022) 113<\/td>\n<\/tr>\n<tr>\n<th>DOI<\/th>\n<td><a href=\"http:\/\/dx.doi.org\/10.3390\/blsf2022013113\">10.3390\/blsf2022013113<\/a><\/td>\n<\/tr>\n<\/tbody>\n<\/table>\n<p>\n<\/div><div class=\"kc-elm kc-css-329044 kc_text_block\"><\/p>\n<p>\n<strong><span class=\"title-text\">Critical evaluation of SCGD-OES analytical performance in the presence of NaCl<\/span><\/strong><\/p>\n<table>\n<tbody>\n<tr>\n<th>Author<\/th>\n<td>Zhang, Y., Orejas Iba\u00f1ez, J., Fandino, J., Blanco, D., Pisonero, J., Bordel, N.<\/td>\n<\/tr>\n<tr>\n<th>Source<\/th>\n<td><b><i>J. Anal. At. Spectrom.,<\/i><\/b> 37 (2022) 1150-1160<\/td>\n<\/tr>\n<tr>\n<th>DOI<\/th>\n<td><a href=\"http:\/\/dx.doi.org\/10.1039\/D1JA00439E\">10.1039\/D1JA00439E<\/a><\/td>\n<\/tr>\n<\/tbody>\n<\/table>\n<p>\n<\/div><div class=\"kc-elm kc-css-606707 kc_text_block\"><\/p>\n<p>\n<strong><span class=\"title-text\">Halides formation dynamics in nanosecond and femtosecond laser induced breakdown spectroscopy<\/span><\/strong><\/p>\n<table>\n<tbody>\n<tr>\n<th>Author<\/th>\n<td>Bordel, N., Fern\u00e1ndez-Men\u00e9ndez, L.J., M\u00e9ndez-L\u00f3pez, C., Gonz\u00e1lez-Gago, C., Pisonero, J.<\/td>\n<\/tr>\n<tr>\n<th>Source<\/th>\n<td><b><i>Plasma Physics and Controlled Fusion<\/i><\/b> 64 (2022) 054010<\/td>\n<\/tr>\n<tr>\n<th>DOI<\/th>\n<td><a href=\"http:\/\/dx.doi.org\/10.1088\/1361-6587\/ac5c11\">10.1088\/1361-6587\/ac5c11<\/a><\/td>\n<\/tr>\n<\/tbody>\n<\/table>\n<p>\n<\/div><div class=\"kc-elm kc-css-545126 kc_text_block\"><\/p>\n<p>\n<strong><span class=\"title-text\">A critical evaluation of the chlorine quantification method based on molecular emission detection in LIBS<\/span><\/strong><\/p>\n<table>\n<tbody>\n<tr>\n<th>Author<\/th>\n<td>Fern\u00e1ndez-Men\u00e9ndez, L.J., M\u00e9ndez-L\u00f3pez, C., Abad, C., Fandi\u00f1o, J., Gonz\u00e1lez-Gago, C., Pisonero, J., Bordel, N.<\/td>\n<\/tr>\n<tr>\n<th>Source<\/th>\n<td><b><i>Spectrochimica Acta Part B: Atomic Spectroscopy<\/i><\/b> 190(12) (2022) 106390<\/td>\n<\/tr>\n<tr>\n<th>DOI<\/th>\n<td><a href=\"http:\/\/dx.doi.org\/10.1016\/j.sab.2022.106390\">10.1016\/j.sab.2022.106390<\/a><\/td>\n<\/tr>\n<\/tbody>\n<\/table>\n<p>\n<\/div><div class=\"kc-elm kc-css-981565 kc_text_block\"><\/p>\n<p>\n<strong><span class=\"title-text\">Simultaneous determination of lithology and major elements in rocks using laser-induced breakdown spectroscopy (LIBS) coupled with a deep convolutional neural network<\/span><\/strong><\/p>\n<table>\n<tbody>\n<tr>\n<th>Author<\/th>\n<td>Chen, S., Pei, H., Pisonero, J., Yang, S., Fan, Q., Wang, X., Duan, Y.<\/td>\n<\/tr>\n<tr>\n<th>Source<\/th>\n<td><b><i>Journal of Analytical Atomic Spectrometry<\/i><\/b> 37 (2022) 508-516<\/td>\n<\/tr>\n<tr>\n<th>DOI<\/th>\n<td><a class=\"nova-legacy-e-link nova-legacy-e-link--color-inherit nova-legacy-e-link--theme-decorated\" href=\"http:\/\/dx.doi.org\/10.1039\/D1JA00406A\" target=\"_blank\" rel=\"noopener noreferrer\">10.1039\/D1JA00406A<\/a><\/td>\n<\/tr>\n<\/tbody>\n<\/table>\n<p>\n<\/div>\n<div class=\"kc-elm kc-css-513764 kc-pro-button kc-button-10\">\n\t<a href=\"https:\/\/www.unioviedo.es\/gelp\/publications\/\">\n\t\t<span class=\"creative_title\">Back to Publications<\/span> <span class=\"creative_icon creative_icon_right\"> <i class=\"sl-book-open\"><\/i> <\/span>\t<\/a>\n<\/div>\n<\/div><\/div><\/div><\/div><\/section>\n","protected":false},"excerpt":{"rendered":"","protected":false},"author":3,"featured_media":0,"parent":232,"menu_order":1,"comment_status":"closed","ping_status":"closed","template":"","meta":{"footnotes":""},"class_list":["post-2273","page","type-page","status-publish","hentry"],"_links":{"self":[{"href":"https:\/\/www.unioviedo.es\/gelp\/wp-json\/wp\/v2\/pages\/2273","targetHints":{"allow":["GET"]}}],"collection":[{"href":"https:\/\/www.unioviedo.es\/gelp\/wp-json\/wp\/v2\/pages"}],"about":[{"href":"https:\/\/www.unioviedo.es\/gelp\/wp-json\/wp\/v2\/types\/page"}],"author":[{"embeddable":true,"href":"https:\/\/www.unioviedo.es\/gelp\/wp-json\/wp\/v2\/users\/3"}],"replies":[{"embeddable":true,"href":"https:\/\/www.unioviedo.es\/gelp\/wp-json\/wp\/v2\/comments?post=2273"}],"version-history":[{"count":9,"href":"https:\/\/www.unioviedo.es\/gelp\/wp-json\/wp\/v2\/pages\/2273\/revisions"}],"predecessor-version":[{"id":2509,"href":"https:\/\/www.unioviedo.es\/gelp\/wp-json\/wp\/v2\/pages\/2273\/revisions\/2509"}],"up":[{"embeddable":true,"href":"https:\/\/www.unioviedo.es\/gelp\/wp-json\/wp\/v2\/pages\/232"}],"wp:attachment":[{"href":"https:\/\/www.unioviedo.es\/gelp\/wp-json\/wp\/v2\/media?parent=2273"}],"curies":[{"name":"wp","href":"https:\/\/api.w.org\/{rel}","templated":true}]}}