{"id":2529,"date":"2024-02-22T16:04:46","date_gmt":"2024-02-22T15:04:46","guid":{"rendered":"https:\/\/www.unioviedo.es\/gelp\/?page_id=2529"},"modified":"2024-05-29T16:32:37","modified_gmt":"2024-05-29T14:32:37","slug":"publications-2024","status":"publish","type":"page","link":"https:\/\/www.unioviedo.es\/gelp\/publications\/publications-2024\/","title":{"rendered":"Publications 2024"},"content":{"rendered":"<section class=\"kc-elm kc-css-533350 kc_row\"><div class=\"kc-row-container  kc-container\"><div class=\"kc-wrap-columns\"><div class=\"kc-elm kc-css-414463 kc_col-sm-12 kc_column kc_col-sm-12\"><div class=\"kc-col-container\"><div class=\"kc-elm kc-css-439645 kc_text_block\"><\/p>\n<pre><em>*Click on DOIs to see articles in the publisher pages. <\/em><\/pre>\n<p>\n<\/div><div class=\"kc-elm kc-css-186811 kc_text_block\"><\/p>\n<p><strong>Spatially resolved spectroscopical characterization of one- and two-component structured femtosecond laser induced plasmas<\/strong><\/p>\n<table>\n<tbody>\n<tr>\n<th>Author<\/th>\n<td>M\u00e9ndez-L\u00f3pez, C.; Gonz\u00e1lez-Gago, C.; Pisonero, J.; Bordel, N.;\u00a0<\/td>\n<\/tr>\n<tr>\n<th>Source<\/th>\n<td><b><i>Spectrochim. Acta Part B <\/i><\/b><i>216 <\/i>(2024) 106949<\/td>\n<\/tr>\n<tr>\n<th>DOI<\/th>\n<td><a href=\"https:\/\/doi.org\/10.1016\/j.sab.2024.106949\">10.1016\/j.sab.2024.106949<\/a><\/td>\n<\/tr>\n<\/tbody>\n<\/table>\n<p>\n<\/div><div class=\"kc-elm kc-css-153820 kc_text_block\"><\/p>\n<p><strong>Evaluation of Ultraviolet-Femtosecond-Laser Ablation-ICP-TOFMS for fast, sensitive and high-spatially resolved multi-elemental mapping of laser-deposited Hastelloy coated carbon steel<\/strong><\/p>\n<table>\n<tbody>\n<tr>\n<th>Author<\/th>\n<td>Soto-Gancedo, C.; M\u00e9ndez-Vicente, A.; Garc\u00eda-Blanco, I.; Garc\u00eda-Cabezas, J.; Orejas, J.; Bordel, N.; Pisonero, J.<\/td>\n<\/tr>\n<tr>\n<th>Source<\/th>\n<td><b><i>Applied Surface Science <\/i><\/b>(2024)\u00a0<\/td>\n<\/tr>\n<tr>\n<th>DOI<\/th>\n<td><a href=\"https:\/\/doi.org\/10.1016\/j.apsusc.2024.160306\">10.1016\/j.apsusc.2024.160306<\/a><\/td>\n<\/tr>\n<\/tbody>\n<\/table>\n<p>\n<\/div><div class=\"kc-elm kc-css-267664 kc_text_block\"><\/p>\n<p><strong>Concomitant ion matrix effects in SCGD-OES enhanced with formic acid<\/strong><\/p>\n<table>\n<tbody>\n<tr>\n<th>Author<\/th>\n<td>Zhang, Y.; Orejas, J.; Pisonero, J.; Bordel, N.<\/td>\n<\/tr>\n<tr>\n<th>Source<\/th>\n<td><b><i>Journal of Analytical Atomic Spectroscopy <\/i><\/b>(2024)\u00a0<\/td>\n<\/tr>\n<tr>\n<th>DOI<\/th>\n<td><a href=\"https:\/\/doi.org\/10.1039\/D3JA00372H\">10.1039\/D3JA00372H<\/a><\/td>\n<\/tr>\n<\/tbody>\n<\/table>\n<p>\n<\/div><div class=\"kc-elm kc-css-459586 kc_text_block\"><\/p>\n<p><strong>Fast and high spatially resolved multielemental mapping of otoliths using IR&#038;UV-femtosecond laser ablation-ICP-TOFMS<\/strong><\/p>\n<table>\n<tbody>\n<tr>\n<th>Author<\/th>\n<td>Pisonero, J.; Avigliano, E.; Soto-Gancedo, C.; M\u00e9ndez-Vicente, A.; M\u00e9ndez-L\u00f3pez, C.; Orejas, J.; Bordel, N.<\/td>\n<\/tr>\n<tr>\n<th>Source<\/th>\n<td><b><i>Journal of Analytical Atomic Spectroscopy<\/i><\/b> 39 (2024) 601-609<\/td>\n<\/tr>\n<tr>\n<th>DOI<\/th>\n<td><a href=\"https:\/\/doi.org\/10.1039\/D3JA00380A\">10.1039\/D3JA00380A<\/a><\/td>\n<\/tr>\n<\/tbody>\n<\/table>\n<p>\n<\/div>\n<div class=\"kc-elm kc-css-245135 kc-pro-button kc-button-10\">\n\t<a href=\"https:\/\/www.unioviedo.es\/gelp\/publications\/\">\n\t\t<span class=\"creative_title\">Back to Publications<\/span> <span class=\"creative_icon creative_icon_right\"> <i class=\"sl-book-open\"><\/i> <\/span>\t<\/a>\n<\/div>\n<\/div><\/div><\/div><\/div><\/section>\n","protected":false},"excerpt":{"rendered":"","protected":false},"author":1,"featured_media":0,"parent":232,"menu_order":1,"comment_status":"closed","ping_status":"closed","template":"","meta":{"footnotes":""},"class_list":["post-2529","page","type-page","status-publish","hentry"],"_links":{"self":[{"href":"https:\/\/www.unioviedo.es\/gelp\/wp-json\/wp\/v2\/pages\/2529","targetHints":{"allow":["GET"]}}],"collection":[{"href":"https:\/\/www.unioviedo.es\/gelp\/wp-json\/wp\/v2\/pages"}],"about":[{"href":"https:\/\/www.unioviedo.es\/gelp\/wp-json\/wp\/v2\/types\/page"}],"author":[{"embeddable":true,"href":"https:\/\/www.unioviedo.es\/gelp\/wp-json\/wp\/v2\/users\/1"}],"replies":[{"embeddable":true,"href":"https:\/\/www.unioviedo.es\/gelp\/wp-json\/wp\/v2\/comments?post=2529"}],"version-history":[{"count":4,"href":"https:\/\/www.unioviedo.es\/gelp\/wp-json\/wp\/v2\/pages\/2529\/revisions"}],"predecessor-version":[{"id":2549,"href":"https:\/\/www.unioviedo.es\/gelp\/wp-json\/wp\/v2\/pages\/2529\/revisions\/2549"}],"up":[{"embeddable":true,"href":"https:\/\/www.unioviedo.es\/gelp\/wp-json\/wp\/v2\/pages\/232"}],"wp:attachment":[{"href":"https:\/\/www.unioviedo.es\/gelp\/wp-json\/wp\/v2\/media?parent=2529"}],"curies":[{"name":"wp","href":"https:\/\/api.w.org\/{rel}","templated":true}]}}