{"id":572,"date":"2018-08-16T11:26:48","date_gmt":"2018-08-16T09:26:48","guid":{"rendered":"http:\/\/pruebagelp.com.mialias.net\/?page_id=572"},"modified":"2019-03-22T11:15:00","modified_gmt":"2019-03-22T10:15:00","slug":"publicacions-1995","status":"publish","type":"page","link":"https:\/\/www.unioviedo.es\/gelp\/publications\/publicacions-1995\/","title":{"rendered":"Publications 1995"},"content":{"rendered":"<section class=\"kc-elm kc-css-158017 kc_row\"><div class=\"kc-row-container  kc-container\"><div class=\"kc-wrap-columns\"><div class=\"kc-elm kc-css-604056 kc_col-sm-12 kc_column kc_col-sm-12\"><div class=\"kc-col-container\"><div class=\"kc-elm kc-css-441034 kc_text_block\"><\/p>\n<p><strong>Effect of plasma pressure on the determination of mercury by microwave-induced plasma-atomic emission-spectrometry<\/strong><\/p>\n<table>\n<tbody>\n<tr>\n<th>Author<\/th>\n<td>Costa Fern\u00e1ndez, JM; Pereiro Garc\u00eda, R; Sanz Medel, A; Bordel Garc\u00eda, N<\/td>\n<\/tr>\n<tr>\n<th>Source<\/th>\n<td>Journal of analytical atomic spectrometry, 10 (9): 649-653 SEP 1995<\/td>\n<\/tr>\n<tr>\n<th>Conference Title<\/th>\n<td>1995 European Winter Conference on Plasma Spectrochemistry<\/td>\n<\/tr>\n<tr>\n<th>Conference Date<\/th>\n<td>Jan 08-13, 1995<\/td>\n<\/tr>\n<tr>\n<th>Conference Location<\/th>\n<td>Cambridge, England<\/td>\n<\/tr>\n<tr>\n<th>ISSN<\/th>\n<td>0267-9477<\/td>\n<\/tr>\n<\/tbody>\n<\/table>\n<p><strong>Preliminary-study of the role of discharge conditions on the in-depth analysis of conducting thin-films by radiofrequency glow-discharge optical-emission spectrometry<\/strong><\/p>\n<table>\n<tbody>\n<tr>\n<th>Author<\/th>\n<td>Bordel Garc\u00eda, N; Pereiro garc\u00eda, R; Fern\u00e1ndez Garc\u00eda, M; Sanz Medel, A; Harville, TR; Marcus, RK<\/td>\n<\/tr>\n<tr>\n<th>Source<\/th>\n<td>Journal of analytical atomic spectrometry, 10 (9): 671-676 Sep 1995<\/td>\n<\/tr>\n<tr>\n<th>Conference Title<\/th>\n<td>1995 European Winter Conference on Plasma Spectrochemistry<\/td>\n<\/tr>\n<tr>\n<th>Conference Date<\/th>\n<td>Jan 08-13, 1995<\/td>\n<\/tr>\n<tr>\n<th>Conference Location<\/th>\n<td>Cambridge, England<\/td>\n<\/tr>\n<tr>\n<th>ISSN<\/th>\n<td>0267-9477<\/td>\n<\/tr>\n<\/tbody>\n<\/table>\n<p><strong>Continuous hydride generation low-pressure microwave-induced plasma-atomic emission-spectrometry for the determination of arsenic, antimony and selenium<\/strong><\/p>\n<table>\n<tbody>\n<tr>\n<th>Author<\/th>\n<td>Lunzer, F; Pereiro Garc\u00eda, R; Bordel Garc\u00eda, N; Sanz Medel, A<\/td>\n<\/tr>\n<tr>\n<th>Source<\/th>\n<td>Journal of analytical atomic spectrometry, 10 (4): 311-315 Apr 1995<\/td>\n<\/tr>\n<tr>\n<th>ISSN<\/th>\n<td>0267-9477<\/td>\n<\/tr>\n<\/tbody>\n<\/table>\n<p>\n<\/div>\n<div class=\"kc-elm kc-css-377807 kc-pro-button kc-button-10\">\n\t<a href=\"https:\/\/www.unioviedo.es\/gelp\/publications\/\">\n\t\t<span class=\"creative_title\">Back to Publications<\/span> <span class=\"creative_icon creative_icon_right\"> <i class=\"sl-book-open\"><\/i> <\/span>\t<\/a>\n<\/div>\n<\/div><\/div><\/div><\/div><\/section>\n","protected":false},"excerpt":{"rendered":"","protected":false},"author":1,"featured_media":0,"parent":232,"menu_order":22,"comment_status":"closed","ping_status":"closed","template":"","meta":{"footnotes":""},"class_list":["post-572","page","type-page","status-publish","hentry"],"_links":{"self":[{"href":"https:\/\/www.unioviedo.es\/gelp\/wp-json\/wp\/v2\/pages\/572","targetHints":{"allow":["GET"]}}],"collection":[{"href":"https:\/\/www.unioviedo.es\/gelp\/wp-json\/wp\/v2\/pages"}],"about":[{"href":"https:\/\/www.unioviedo.es\/gelp\/wp-json\/wp\/v2\/types\/page"}],"author":[{"embeddable":true,"href":"https:\/\/www.unioviedo.es\/gelp\/wp-json\/wp\/v2\/users\/1"}],"replies":[{"embeddable":true,"href":"https:\/\/www.unioviedo.es\/gelp\/wp-json\/wp\/v2\/comments?post=572"}],"version-history":[{"count":6,"href":"https:\/\/www.unioviedo.es\/gelp\/wp-json\/wp\/v2\/pages\/572\/revisions"}],"predecessor-version":[{"id":1532,"href":"https:\/\/www.unioviedo.es\/gelp\/wp-json\/wp\/v2\/pages\/572\/revisions\/1532"}],"up":[{"embeddable":true,"href":"https:\/\/www.unioviedo.es\/gelp\/wp-json\/wp\/v2\/pages\/232"}],"wp:attachment":[{"href":"https:\/\/www.unioviedo.es\/gelp\/wp-json\/wp\/v2\/media?parent=572"}],"curies":[{"name":"wp","href":"https:\/\/api.w.org\/{rel}","templated":true}]}}