{"id":593,"date":"2018-08-16T11:41:20","date_gmt":"2018-08-16T09:41:20","guid":{"rendered":"http:\/\/pruebagelp.com.mialias.net\/?page_id=593"},"modified":"2019-03-22T11:11:00","modified_gmt":"2019-03-22T10:11:00","slug":"publications-2005","status":"publish","type":"page","link":"https:\/\/www.unioviedo.es\/gelp\/publications\/publications-2005\/","title":{"rendered":"Publications 2005"},"content":{"rendered":"<section class=\"kc-elm kc-css-842669 kc_row\"><div class=\"kc-row-container  kc-container\"><div class=\"kc-wrap-columns\"><div class=\"kc-elm kc-css-679617 kc_col-sm-12 kc_column kc_col-sm-12\"><div class=\"kc-col-container\"><div class=\"kc-elm kc-css-597428 kc_text_block\"><\/p>\n<p><strong>H-2\/Ar direct current glow discharge mass spectrometry at constant voltage and pressure<\/strong><\/p>\n<table>\n<tbody>\n<tr>\n<th>Author<\/th>\n<td>Menendez, A; Pereiro, R; Bordel, N; Sanz-Medel, A<\/td>\n<\/tr>\n<tr>\n<th>Source<\/th>\n<td>Spectrochimica Acta Part B-Atomic Spectroscopy, 60 (6): 824-833 JUL 15 2005<\/td>\n<\/tr>\n<tr>\n<th>ISSN<\/th>\n<td>0584-8547<\/td>\n<\/tr>\n<tr>\n<th>DOI<\/th>\n<td>10.1016\/j.sab.2005.06.001<\/td>\n<\/tr>\n<\/tbody>\n<\/table>\n<p><strong>The effect of thin conductive layers on glass on the performance of radiofrequency glow discharge optical emission spectrometry<\/strong><\/p>\n<table>\n<tbody>\n<tr>\n<th>Author<\/th>\n<td>Fernandez, B; Bordel, N; Pereiro, R; Sanz-Medel, A<\/td>\n<\/tr>\n<tr>\n<th>Source<\/th>\n<td>Journal of Analytical Atomic Spectrometry, 20 (5): 462-466 2005<\/td>\n<\/tr>\n<tr>\n<th>ISSN<\/th>\n<td>0267-9477<\/td>\n<\/tr>\n<tr>\n<th>DOI<\/th>\n<td>10.1039\/b501369k<\/td>\n<\/tr>\n<\/tbody>\n<\/table>\n<p><strong>Radiofrequency glow discharge-optical emission spectrometry for the analysis of metallurgical-grade silicon<\/strong><\/p>\n<table>\n<tbody>\n<tr>\n<th>Author<\/th>\n<td>Menendez, A; Bordel, N; Pereiro, R; Sanz-Medel, A<\/td>\n<\/tr>\n<tr>\n<th>Source<\/th>\n<td>Journal of Analytical Atomic Spectrometry, 20 (3): 233-235 2005<\/td>\n<\/tr>\n<tr>\n<th>ISSN<\/th>\n<td>0267-9477<\/td>\n<\/tr>\n<tr>\n<th>DOI<\/th>\n<td>10.1039\/b416166a<\/td>\n<\/tr>\n<\/tbody>\n<\/table>\n<p><strong>Depth profiling with modified dc-Grimm and rf-Grimm-type glow discharges operated with high gas flow rates and coupled to a high-resolution mass spectrometer<\/strong><\/p>\n<table>\n<tbody>\n<tr>\n<th>Author<\/th>\n<td>Pisonero, J; Feldmann, I; Bordel, N; Sanz-Medel, A; Jakubowski, N<\/td>\n<\/tr>\n<tr>\n<th>Source<\/th>\n<td>Analytical and Bioanalytical Chemistry, 382 (8): 1965-1974 AUG 2005<\/td>\n<\/tr>\n<tr>\n<th>ISSN<\/th>\n<td>1618-2642<\/td>\n<\/tr>\n<tr>\n<th>DOI<\/th>\n<td>10.1007\/s00216-005-3357-3<\/td>\n<\/tr>\n<\/tbody>\n<\/table>\n<p><strong>Magnetic behaviour of arrays of Ni nanowires by electrodeposition into self-aligned Titania nanotubes<\/strong><\/p>\n<table>\n<tbody>\n<tr>\n<th>Author<\/th>\n<td>V. M. Prida, M. Hern\u00e1ndez-V\u00e9lez, M. Cervera, K. Pirota, R. Sanz, D. Navas, A. Asenjo, P. Aranda, E. Ruiz-Hitcky, F. Batall\u00e1n, M. V\u00e1zquez, B. Hernando, A. Men\u00e9ndez, N. Bordel, R. Pereiro<\/td>\n<\/tr>\n<tr>\n<th>Source<\/th>\n<td>Journal of Magnetism and Magnetic Materials, 294, e69-e72<\/td>\n<\/tr>\n<\/tbody>\n<\/table>\n<p>\n<\/div>\n<div class=\"kc-elm kc-css-605923 kc-pro-button kc-button-10\">\n\t<a href=\"https:\/\/www.unioviedo.es\/gelp\/publications\/\">\n\t\t<span class=\"creative_title\">Back to Publications<\/span> <span class=\"creative_icon creative_icon_right\"> <i class=\"sl-book-open\"><\/i> <\/span>\t<\/a>\n<\/div>\n<\/div><\/div><\/div><\/div><\/section>\n","protected":false},"excerpt":{"rendered":"","protected":false},"author":1,"featured_media":0,"parent":232,"menu_order":13,"comment_status":"closed","ping_status":"closed","template":"","meta":{"footnotes":""},"class_list":["post-593","page","type-page","status-publish","hentry"],"_links":{"self":[{"href":"https:\/\/www.unioviedo.es\/gelp\/wp-json\/wp\/v2\/pages\/593","targetHints":{"allow":["GET"]}}],"collection":[{"href":"https:\/\/www.unioviedo.es\/gelp\/wp-json\/wp\/v2\/pages"}],"about":[{"href":"https:\/\/www.unioviedo.es\/gelp\/wp-json\/wp\/v2\/types\/page"}],"author":[{"embeddable":true,"href":"https:\/\/www.unioviedo.es\/gelp\/wp-json\/wp\/v2\/users\/1"}],"replies":[{"embeddable":true,"href":"https:\/\/www.unioviedo.es\/gelp\/wp-json\/wp\/v2\/comments?post=593"}],"version-history":[{"count":8,"href":"https:\/\/www.unioviedo.es\/gelp\/wp-json\/wp\/v2\/pages\/593\/revisions"}],"predecessor-version":[{"id":1522,"href":"https:\/\/www.unioviedo.es\/gelp\/wp-json\/wp\/v2\/pages\/593\/revisions\/1522"}],"up":[{"embeddable":true,"href":"https:\/\/www.unioviedo.es\/gelp\/wp-json\/wp\/v2\/pages\/232"}],"wp:attachment":[{"href":"https:\/\/www.unioviedo.es\/gelp\/wp-json\/wp\/v2\/media?parent=593"}],"curies":[{"name":"wp","href":"https:\/\/api.w.org\/{rel}","templated":true}]}}