{"id":610,"date":"2018-08-16T11:46:58","date_gmt":"2018-08-16T09:46:58","guid":{"rendered":"http:\/\/pruebagelp.com.mialias.net\/?page_id=610"},"modified":"2020-07-16T00:33:18","modified_gmt":"2020-07-15T22:33:18","slug":"publications-2013","status":"publish","type":"page","link":"https:\/\/www.unioviedo.es\/gelp\/publications\/publications-2013\/","title":{"rendered":"Publications 2013"},"content":{"rendered":"<section class=\"kc-elm kc-css-73997 kc_row\"><div class=\"kc-row-container  kc-container\"><div class=\"kc-wrap-columns\"><div class=\"kc-elm kc-css-132860 kc_col-sm-12 kc_column kc_col-sm-12\"><div class=\"kc-col-container\"><div class=\"kc-elm kc-css-677906 kc_text_block\"><\/p>\n<p><strong>Challenging identifications of polymer coatings by radiofrequency pulsed glow discharge-time of flight mass spectrometry<\/strong><\/p>\n<table>\n<tbody>\n<tr>\n<th>Author<\/th>\n<td>Gonz\u00e1lez De Vega, C., Fern\u00e1ndez, B., Bordel, N., Pereiro, R., Sanz-Medel, A.<\/td>\n<\/tr>\n<tr>\n<th>Source<\/th>\n<td><em><strong>Journal of Analytical Atomic Spectrometry<\/strong><\/em>, 2013, <strong>28<\/strong>, 1054-1060<\/td>\n<\/tr>\n<tr>\n<th>DOI<\/th>\n<td><span style=\"color: #0000ff;\"><a class=\"text--small\" style=\"color: #0000ff;\" title=\"Link to landing page via DOI\" href=\"https:\/\/doi.org\/10.1039\/C3JA50075F\">10.1039\/C3JA50075F<\/a><\/span><\/td>\n<\/tr>\n<\/tbody>\n<\/table>\n<p><strong>Desarrollo de diagn\u00f3sticos para plasmas: catalizador de nueva f\u00edsica<\/strong><\/p>\n<table>\n<tbody>\n<tr>\n<th>Author<\/th>\n<td>McCarthy, K.J., Sola, A., Anabitarte, E., Bordel, N., Cotrino, J., G\u00f3mez-Aleixandre, C., Gordillo V\u00e1zquez, F.J., Mar, S., Mart\u00ednez, R., Rodr\u00edguez Prieto, G., Tanarro, I., Trujillo Bueno, J.<\/td>\n<\/tr>\n<tr>\n<th>Source<\/th>\n<td><em><strong>Revista Espa\u00f1ola de F\u00edsica<\/strong><\/em>, 27 (2013) 25-36<\/td>\n<\/tr>\n<tr>\n<th>ISSN<\/th>\n<td><span style=\"color: #0000ff;\"><a style=\"color: #0000ff;\" href=\"http:\/\/revistadefisica.es\/index.php\/ref\/article\/view\/1880\">0213-862X<\/a><\/span><\/td>\n<\/tr>\n<\/tbody>\n<\/table>\n<p><strong>Radiofrequency pulsed glow discharge-ToFMS depth profiling of a CdTe Solar Device: a comparative study versus ToF-SIMS<\/strong><\/p>\n<table>\n<tbody>\n<tr>\n<th>Author:<\/th>\n<td>Gonzalez-Gago, C., Pisonero, J., Tibbetts, N., Sanz-Medel, A., Bordel, N., Smentkowski, V.S.<\/td>\n<\/tr>\n<tr>\n<th>Source:<\/th>\n<td><strong><em>Journal of Vacuum Science and Technology A<\/em><\/strong>,<strong> 31<\/strong> 06F106 (2013)<\/td>\n<\/tr>\n<tr>\n<th>DOI<\/th>\n<td><span style=\"color: #0000ff;\"><a style=\"color: #0000ff;\" href=\"http:\/\/dx.doi.org\/10.1116\/1.4824164\">10.1116\/1.4824164<\/a><\/span><\/td>\n<\/tr>\n<\/tbody>\n<\/table>\n<p><strong>Elemental Imaging Themed Issue (Editorial)<\/strong><\/p>\n<table>\n<tbody>\n<tr>\n<th>Author<\/th>\n<td>Pisonero, J., Bordel, N., Smentkowski, V.S.<\/td>\n<\/tr>\n<tr>\n<th>Source<\/th>\n<td><em><strong>Journal of Analytical Atomic Spectrometry<\/strong><\/em>, 2013, <strong>28<\/strong>, 970-972<\/td>\n<\/tr>\n<tr>\n<th>DOI<\/th>\n<td><span style=\"color: #0000ff;\"><a style=\"color: #0000ff;\" href=\"http:\/\/doi.org\/10.1039\/c3ja90034g\">10.1039\/c3ja90034g<\/a><\/span><\/td>\n<\/tr>\n<\/tbody>\n<\/table>\n<p><strong>B content and Si\/C ratios from cultured diatoms (<em>Thalassiosira pseudonana<\/em> and <em>Thalassiosira<\/em><br \/><em>weissflogii<\/em>): relationship to seawater pH and diatom carbon acquisition<\/strong><\/p>\n<table>\n<tbody>\n<tr>\n<th>Author<\/th>\n<td>Mar\u00eda Mej\u00eda, L., Isensee, K., M\u00e9ndez-Vicente, A., Pisonero, J., Shimizu, N., Gonz\u00e1lez, C., Monteleone, B.,<br \/>Stoll, H.<\/td>\n<\/tr>\n<tr>\n<th>Source<\/th>\n<td><em><strong>Geochimica et Cosmochimica Acta<\/strong><\/em>, 123 (2013) 322-337<\/td>\n<\/tr>\n<tr>\n<th>DOI<\/th>\n<td><a href=\"https:\/\/doi.org\/10.1016\/j.gca.2013.06.011\"><span style=\"color: #0000ff;\">10.1016\/j.gca.2013.06.011<\/span><\/a><\/td>\n<\/tr>\n<\/tbody>\n<\/table>\n<p><strong>Atomic spectrometry update: review of advances in atomic spectrometry and related techniques<\/strong><\/p>\n<table>\n<tbody>\n<tr>\n<th>Author<\/th>\n<td>Evans, E.H., Horstwood, M., Pisonero, J., Smith, C.M.M.<\/td>\n<\/tr>\n<tr>\n<th>Source<\/th>\n<td><em><strong>Journal of Analytical Atomic Spectrometry<\/strong><\/em>, 2013, <strong>28<\/strong>, 779-800.<\/td>\n<\/tr>\n<tr>\n<th>DOI<\/th>\n<td><span style=\"color: #0000ff;\"><a style=\"color: #0000ff;\" href=\"https:\/\/doi.org\/10.1039\/c3ja90029k\">10.1039\/c3ja90029k<\/a><\/span><\/td>\n<\/tr>\n<\/tbody>\n<\/table>\n<p><strong>Critical evaluation of the potential of radiofrequency pulsed glow discharge-time-of-flight mass spectrometry for depth profile analysis of innovative materials<\/strong><\/p>\n<table>\n<tbody>\n<tr>\n<th>Author<\/th>\n<td>Pisonero, J., Bordel, N., Gonzalez de Vega, C., Fern\u00e1ndez, B., Pereiro, R., Sanz-Medel, A.<\/td>\n<\/tr>\n<tr>\n<th>Source<\/th>\n<td><em><strong>Analytical and Bioanalytical Chemistry<\/strong><\/em>, <strong>405,<\/strong> 5655-5662 (2013)<\/td>\n<\/tr>\n<tr>\n<th>DOI<\/th>\n<td><span style=\"color: #0000ff;\"><a style=\"color: #0000ff;\" href=\"https:\/\/doi.org\/10.1007\/s00216-013-6914-1\">10.1007\/s00216-013-6914-1<\/a><\/span><\/td>\n<\/tr>\n<\/tbody>\n<\/table>\n<p><strong>Further insights into prepeak emission in pulsed radiofrequency glow discharge<\/strong><\/p>\n<table>\n<tbody>\n<tr>\n<th>Author<\/th>\n<td>Valledor, R., Vega, P., Pisonero, J., Nelis, T., Bordel, N.<\/td>\n<\/tr>\n<tr>\n<th>Source<\/th>\n<td><em><strong>Spectrochimica Acta Part B<\/strong><\/em>, 85 (2013) 45-54<\/td>\n<\/tr>\n<tr>\n<th>DOI<\/th>\n<td><span style=\"color: #0000ff;\"><a class=\"doi\" style=\"color: #0000ff;\" title=\"Persistent link using digital object identifier\" href=\"https:\/\/doi.org\/10.1016\/j.sab.2013.04.002\" target=\"_blank\" rel=\"noreferrer noopener\" aria-label=\"Persistent link using digital object identifier\">10.1016\/j.sab.2013.04.002<\/a><\/span><\/td>\n<\/tr>\n<\/tbody>\n<\/table>\n<p>\n<\/div>\n<div class=\"kc-elm kc-css-681528 kc-pro-button kc-button-10\">\n\t<a href=\"https:\/\/www.unioviedo.es\/gelp\/publications\/\">\n\t\t<span class=\"creative_title\">Back to Publications<\/span> <span class=\"creative_icon creative_icon_right\"> <i class=\"sl-book-open\"><\/i> <\/span>\t<\/a>\n<\/div>\n<\/div><\/div><\/div><\/div><\/section>\n","protected":false},"excerpt":{"rendered":"","protected":false},"author":1,"featured_media":0,"parent":232,"menu_order":5,"comment_status":"closed","ping_status":"closed","template":"","meta":{"footnotes":""},"class_list":["post-610","page","type-page","status-publish","hentry"],"_links":{"self":[{"href":"https:\/\/www.unioviedo.es\/gelp\/wp-json\/wp\/v2\/pages\/610","targetHints":{"allow":["GET"]}}],"collection":[{"href":"https:\/\/www.unioviedo.es\/gelp\/wp-json\/wp\/v2\/pages"}],"about":[{"href":"https:\/\/www.unioviedo.es\/gelp\/wp-json\/wp\/v2\/types\/page"}],"author":[{"embeddable":true,"href":"https:\/\/www.unioviedo.es\/gelp\/wp-json\/wp\/v2\/users\/1"}],"replies":[{"embeddable":true,"href":"https:\/\/www.unioviedo.es\/gelp\/wp-json\/wp\/v2\/comments?post=610"}],"version-history":[{"count":14,"href":"https:\/\/www.unioviedo.es\/gelp\/wp-json\/wp\/v2\/pages\/610\/revisions"}],"predecessor-version":[{"id":2093,"href":"https:\/\/www.unioviedo.es\/gelp\/wp-json\/wp\/v2\/pages\/610\/revisions\/2093"}],"up":[{"embeddable":true,"href":"https:\/\/www.unioviedo.es\/gelp\/wp-json\/wp\/v2\/pages\/232"}],"wp:attachment":[{"href":"https:\/\/www.unioviedo.es\/gelp\/wp-json\/wp\/v2\/media?parent=610"}],"curies":[{"name":"wp","href":"https:\/\/api.w.org\/{rel}","templated":true}]}}