{"id":616,"date":"2018-08-16T11:51:18","date_gmt":"2018-08-16T09:51:18","guid":{"rendered":"http:\/\/pruebagelp.com.mialias.net\/?page_id=616"},"modified":"2020-07-15T13:38:57","modified_gmt":"2020-07-15T11:38:57","slug":"publications-2015","status":"publish","type":"page","link":"https:\/\/www.unioviedo.es\/gelp\/publications\/publications-2015\/","title":{"rendered":"Publications 2015"},"content":{"rendered":"<section class=\"kc-elm kc-css-558414 kc_row\"><div class=\"kc-row-container  kc-container\"><div class=\"kc-wrap-columns\"><div class=\"kc-elm kc-css-769565 kc_col-sm-12 kc_column kc_col-sm-12\"><div class=\"kc-col-container\"><div class=\"kc-elm kc-css-364318 kc_text_block\"><\/p>\n<p>\n<strong>Book Chapter: \u00abGlow Discharge Mass Spectrometry\u00bb<\/strong><\/p>\n<table>\n<tbody>\n<tr>\n<th>Author<\/th>\n<td>Venzago, C., Pisonero, J.<\/td>\n<\/tr>\n<tr>\n<th>Source<\/th>\n<td>&#8216;Ch. 13: Glow Discharge Mass Spectrometry&#8217;, in Prohaska, J. Irrgeher, A. Zitek and N. Jakubowski (ed.)<em><strong> Sector Field Mass Spectrometry for Elemental and Isotopic Analysis<\/strong>,<\/em> Series of New Developments in Mass Spectrometry, 2015, pp. 319-380<\/td>\n<\/tr>\n<tr>\n<th>DOI<\/th>\n<td><span style=\"color: #0000ff;\"><a style=\"color: #0000ff;\" href=\"https:\/\/doi.org\/10.1039\/9781849735407\">10.1039\/9781849735407<\/a><\/span><\/td>\n<\/tr>\n<tr>\n<th>ISBN<\/th>\n<td>978-1-84973-392-2<\/td>\n<\/tr>\n<\/tbody>\n<\/table>\n<p><strong>Analytical potential of a laser ablation-glow discharge-optical emission spectrometry system for the analysis of conducting and insulating materials<\/strong><\/p>\n<table>\n<tbody>\n<tr>\n<th>Author<\/th>\n<td>Gonz\u00e1lez de Vega, C., \u00c1lvarez Llamas, C., Bordel, N., Pereiro, R., Sanz-Medel, A.<\/td>\n<\/tr>\n<tr>\n<th>Source<\/th>\n<td><em><strong>Analytica Chimica Acta <\/strong><\/em>877 (2015) 33-40<\/td>\n<\/tr>\n<tr>\n<th>DOI<\/th>\n<td><span style=\"color: #0000ff;\"><a class=\"doi\" style=\"color: #0000ff;\" title=\"Persistent link using digital object identifier\" href=\"https:\/\/doi.org\/10.1016\/j.aca.2015.04.034\" target=\"_blank\" rel=\"noreferrer noopener\" aria-label=\"Persistent link using digital object identifier\">10.1016\/j.aca.2015.04.034<\/a><\/span><\/td>\n<\/tr>\n<\/tbody>\n<\/table>\n<p><strong>Holocene flood frequency reconstruction from speleothems innorthern Spain<\/strong><\/p>\n<table>\n<tbody>\n<tr>\n<th>Author<\/th>\n<td>Gonz\u00e1lez-Lemos, S., M\u00fcller, W., Pisonero, J., Cheng, H., Edwards, R.L., Stoll, H.M.<\/td>\n<\/tr>\n<tr>\n<th>Source<\/th>\n<td><em><strong>Quaternary Science Reviews<\/strong><\/em>\u00a0127 (2015) 129-140<\/td>\n<\/tr>\n<tr>\n<th>DOI<\/th>\n<td><span style=\"color: #0000ff;\"><a style=\"color: #0000ff;\" href=\"http:\/\/10.1016\/j.quasicirev.2015.06.002\">10.1016\/j.quasicirev.2015.06.002<\/a><\/span><\/td>\n<\/tr>\n<\/tbody>\n<\/table>\n<p><strong>Atomic spectrometry update: Review of advances in atomic spectrometry and related techniques<\/strong><\/p>\n<table>\n<tbody>\n<tr>\n<th>Author<\/th>\n<td>Evans, E.H., Pisonero, J., Smith, C.M.M., Taylor, R.N.<\/td>\n<\/tr>\n<tr>\n<th>Source<\/th>\n<td><em><strong>Journal of Analytical Atomic Spectrometry<\/strong><\/em>, 2015, <strong>30<\/strong>, 1017-1037<\/td>\n<\/tr>\n<tr>\n<th>DOI<\/th>\n<td><span style=\"color: #0000ff;\"><a class=\"text--small\" style=\"color: #0000ff;\" title=\"Link to landing page via DOI\" href=\"https:\/\/doi.org\/10.1039\/C5JA90017D\">10.1039\/C5JA90017D<\/a><\/span><\/td>\n<\/tr>\n<\/tbody>\n<\/table>\n<p><strong>Pulsed radiofrequency glow discharge time of flight mass spectrometry for coated glass analysis<\/strong><\/p>\n<table>\n<tbody>\n<tr>\n<th>Author<\/th>\n<td>Bouza, M., Pereiro, R., Bordel, N., Sanz-Medel, A., Fern\u00e1ndez, B.<\/td>\n<\/tr>\n<tr>\n<th>Source<\/th>\n<td><em><strong>Journal of Analytical Atomic Spectrometry<\/strong><\/em>, 2015, <strong>30<\/strong>, 1108-1116<\/td>\n<\/tr>\n<tr>\n<th>DOI<\/th>\n<td><span style=\"color: #0000ff;\"><a class=\"text--small\" style=\"color: #0000ff;\" title=\"Link to landing page via DOI\" href=\"https:\/\/doi.org\/10.1039\/C4JA00474D\">10.1039\/C4JA00474D<\/a><\/span><\/td>\n<\/tr>\n<\/tbody>\n<\/table>\n<p><strong>Capabilities and limitations of LA-ICP-MS for depth resolved analysis of CdTe photovoltaic devices<\/strong><\/p>\n<table>\n<tbody>\n<tr>\n<th>Author<\/th>\n<td>Gutierrez-Gonz\u00e1lez, A., Gonz\u00e1lez-Gago, C., Pisonero, J., Tibbetts, N., Men\u00e9ndez, A., V\u00e9lez, M., Bordel, N.<\/td>\n<\/tr>\n<tr>\n<th>Source<\/th>\n<td><em><strong>Journal of Analytical Atomic Spectrometry<\/strong><\/em>, 2015, <strong>30<\/strong>, 191-197<\/td>\n<\/tr>\n<tr>\n<th>DOI<\/th>\n<td><span style=\"color: #0000ff;\"><a style=\"color: #0000ff;\" href=\"http:\/\/xlink.rsc.org\/?doi=C4JA00196F\" target=\"_blank\" rel=\"noopener\">10.1039\/c4ja00196f<\/a><\/span><\/td>\n<\/tr>\n<\/tbody>\n<\/table>\n<p><strong>Analytical potential of a laser ablation-glow discharge-optical emission spectrometry system for the analysis of conducting and insulating materials<\/strong><\/p>\n<table>\n<tbody>\n<tr>\n<th>Author<\/th>\n<td>Gonz\u00e1lez de Vega, C., \u00c1lvarez Llamas, C., Bordel, N., Pereiro, R., Sanz-Medel, A<\/td>\n<\/tr>\n<tr>\n<th>Source<\/th>\n<td><em><strong>Analytica Chimica Acta<\/strong><\/em>\u00a0877 (2015) 33-40<\/td>\n<\/tr>\n<tr>\n<th>DOI<\/th>\n<td><span style=\"color: #0000ff;\"><a class=\"doi\" style=\"color: #0000ff;\" title=\"Persistent link using digital object identifier\" href=\"https:\/\/doi.org\/10.1016\/j.aca.2015.04.034\" target=\"_blank\" rel=\"noreferrer noopener\" aria-label=\"Persistent link using digital object identifier\">10.1016\/j.aca.2015.04.034<\/a><\/span><\/td>\n<\/tr>\n<\/tbody>\n<\/table>\n<p>\n<\/div>\n<div class=\"kc-elm kc-css-511320 kc-pro-button kc-button-10\">\n\t<a href=\"https:\/\/www.unioviedo.es\/gelp\/publications\/\">\n\t\t<span class=\"creative_title\">Back to Publications<\/span> <span class=\"creative_icon creative_icon_right\"> <i class=\"sl-book-open\"><\/i> <\/span>\t<\/a>\n<\/div>\n<\/div><\/div><\/div><\/div><\/section>\n","protected":false},"excerpt":{"rendered":"","protected":false},"author":1,"featured_media":0,"parent":232,"menu_order":3,"comment_status":"closed","ping_status":"closed","template":"","meta":{"footnotes":""},"class_list":["post-616","page","type-page","status-publish","hentry"],"_links":{"self":[{"href":"https:\/\/www.unioviedo.es\/gelp\/wp-json\/wp\/v2\/pages\/616","targetHints":{"allow":["GET"]}}],"collection":[{"href":"https:\/\/www.unioviedo.es\/gelp\/wp-json\/wp\/v2\/pages"}],"about":[{"href":"https:\/\/www.unioviedo.es\/gelp\/wp-json\/wp\/v2\/types\/page"}],"author":[{"embeddable":true,"href":"https:\/\/www.unioviedo.es\/gelp\/wp-json\/wp\/v2\/users\/1"}],"replies":[{"embeddable":true,"href":"https:\/\/www.unioviedo.es\/gelp\/wp-json\/wp\/v2\/comments?post=616"}],"version-history":[{"count":10,"href":"https:\/\/www.unioviedo.es\/gelp\/wp-json\/wp\/v2\/pages\/616\/revisions"}],"predecessor-version":[{"id":1970,"href":"https:\/\/www.unioviedo.es\/gelp\/wp-json\/wp\/v2\/pages\/616\/revisions\/1970"}],"up":[{"embeddable":true,"href":"https:\/\/www.unioviedo.es\/gelp\/wp-json\/wp\/v2\/pages\/232"}],"wp:attachment":[{"href":"https:\/\/www.unioviedo.es\/gelp\/wp-json\/wp\/v2\/media?parent=616"}],"curies":[{"name":"wp","href":"https:\/\/api.w.org\/{rel}","templated":true}]}}