{"id":622,"date":"2018-08-16T11:53:06","date_gmt":"2018-08-16T09:53:06","guid":{"rendered":"http:\/\/pruebagelp.com.mialias.net\/?page_id=622"},"modified":"2020-07-15T13:10:15","modified_gmt":"2020-07-15T11:10:15","slug":"publications-2017","status":"publish","type":"page","link":"https:\/\/www.unioviedo.es\/gelp\/publications\/publications-2017\/","title":{"rendered":"Publications 2017"},"content":{"rendered":"<section class=\"kc-elm kc-css-837119 kc_row\"><div class=\"kc-row-container  kc-container\"><div class=\"kc-wrap-columns\"><div class=\"kc-elm kc-css-415115 kc_col-sm-12 kc_column kc_col-sm-12\"><div class=\"kc-col-container\"><div class=\"kc-elm kc-css-738896 kc_text_block\"><\/p>\n<p><strong>A novel approach for quantitative LIBS fluorine analysis using CaF emission in calcium-free samples<\/strong><\/p>\n<table>\n<tbody>\n<tr>\n<th>Author<\/th>\n<td>Alvarez-Llamas, C., Pisonero, J., Bordel, N.<\/td>\n<\/tr>\n<tr>\n<th>Source<\/th>\n<td><em><strong>Journal of Analytical Atomic Spectrometry<\/strong><\/em> 2017 <strong>32<\/strong> 162-166<\/td>\n<\/tr>\n<tr>\n<th>DOI<\/th>\n<td><span style=\"color: #0000ff;\"><a style=\"color: #0000ff;\" href=\"https:\/\/doi.org\/10.1039\/C6JA00386A\">10.1039\/C6JA00386A<\/a><\/span><\/td>\n<\/tr>\n<\/tbody>\n<\/table>\n<p><strong>Evaluation of the temporal profiles and the analytical features of a laser ablation &#8211; Pulsed glow discharge coupling for optical emission spectrometry<\/strong><\/p>\n<table>\n<tbody>\n<tr>\n<th>Author<\/th>\n<td>Gonz\u00e1lez De Vega, C.,\u00a0 Bordel, N.,\u00a0 Pereiro, R.,\u00a0 Sanz-Medel, A.<\/td>\n<\/tr>\n<tr>\n<th>Source<\/th>\n<td><em><strong>Spectrochimica Acta Part B<\/strong><\/em> 121 (2016) 47-54<\/td>\n<\/tr>\n<tr>\n<th>DOI<\/th>\n<td><span style=\"color: #0000ff;\"><a style=\"color: #0000ff;\" href=\"https:\/\/doi.org\/10.1016\/j.sab.2016.05.007\">10.1016\/j.sab.2016.05.007<\/a><\/span><\/td>\n<\/tr>\n<\/tbody>\n<\/table>\n<p><strong>Quantitative bioimaging of Ca, Fe, Cu and Zn in breast cancer tissues by LA-ICP-MS<\/strong><\/p>\n<table>\n<tbody>\n<tr>\n<th>Author<\/th>\n<td>Gonz\u00e1lez De Vega, R., Fern\u00e1ndez-S\u00e1nchez, M.L., Pisonero, J., Eir\u00f3, N., Vizoso, F.J., Sanz-Medel, A.<\/td>\n<\/tr>\n<tr>\n<th>Source<\/th>\n<td><em><strong>Journal of Analytical Atomic Spectrometry <\/strong><\/em>2017 <strong>32<\/strong> 671-677<\/td>\n<\/tr>\n<tr>\n<th>DOI<\/th>\n<td><span style=\"color: #0000ff;\"><a style=\"color: #0000ff;\" href=\"https:\/\/doi.org\/10.1039\/C6JA00390G\">10.1039\/C6JA00390G<\/a><\/span><\/td>\n<\/tr>\n<\/tbody>\n<\/table>\n<p><strong>Migration and brackish environment use of Prochilodus lineatus (Characiformes: Prochilodontidae) inferred by Sr:Ca ratio transects of otolith<\/strong><\/p>\n<table>\n<tbody>\n<tr>\n<th>Author<\/th>\n<td>Avigliano, E., Pisonero, J., Dom\u00e1nico, A., S\u00e1nchez, S., Volpedo, A.V.<\/td>\n<\/tr>\n<tr>\n<th>Source<\/th>\n<td><em><strong>Neotropical Ichthyology<\/strong> <strong>Open Access<\/strong><\/em> Vol. 15 Issue 3 (2017) e170055<\/td>\n<\/tr>\n<tr>\n<th>DOI<\/th>\n<td><span style=\"color: #0000ff;\"><a style=\"color: #0000ff;\" href=\"https:\/\/doi.org\/10.1590\/1982-0224-20170055\">10.1590\/1982-0224-20170055 <\/a><\/span><\/td>\n<\/tr>\n<\/tbody>\n<\/table>\n<p><strong>An exploratory study of the potential of LIBS for visualizing gunshot residue patterns<\/strong><\/p>\n<table>\n<tbody>\n<tr>\n<th>Author<\/th>\n<td>L\u00f3pez-L\u00f3pez, M., Alvarez-Llamas, C., Pisonero, J., Garc\u00eda-Ruiz, C., Bordel, N.<\/td>\n<\/tr>\n<tr>\n<th>Source<\/th>\n<td><em><strong>Forensic Science International<\/strong><\/em> 273 (2017) 124-131<\/td>\n<\/tr>\n<tr>\n<th>DOI<\/th>\n<td><span style=\"color: #0000ff;\"><a style=\"color: #0000ff;\" href=\"https:\/\/doi.org\/10.1016\/j.forsciint.2017.02.012\">10.1016\/j.forsciint.2017.02.012<\/a><\/span><\/td>\n<\/tr>\n<\/tbody>\n<\/table>\n<p><strong>Atomic spectrometry update: Review of advances in atomic spectrometry and related techniques<\/strong><\/p>\n<table>\n<tbody>\n<tr>\n<th>Author<\/th>\n<td>Evans, E.H., Pisonero, J., Smith, C.M.M., Taylor, R.N.<\/td>\n<\/tr>\n<tr>\n<th>Source<\/th>\n<td><em><strong>Journal of Analytical Atomic Spectrometry<\/strong><\/em> 2017 <strong>32<\/strong>\u00a0869-889<\/td>\n<\/tr>\n<tr>\n<th>DOI<\/th>\n<td><span style=\"color: #0000ff;\"><a style=\"color: #0000ff;\" href=\"https:\/\/doi.org\/10.1039\/D0JA90015J\">10.1039\/D0JA90015J<\/a><\/span><\/td>\n<\/tr>\n<\/tbody>\n<\/table>\n<p><strong>Welcome to the fifth special issue dedicated to young analytical scientists in: JAAS !<\/strong><\/p>\n<table>\n<tbody>\n<tr>\n<th>Author<\/th>\n<td>Pisonero, J.<\/td>\n<\/tr>\n<tr>\n<th>Source<\/th>\n<td><em><strong>Journal of Analytical Atomic Spectrometry<\/strong><\/em> 2017 <strong>32<\/strong> 1620-1622<\/td>\n<\/tr>\n<tr>\n<th>DOI<\/th>\n<td><span style=\"color: #0000ff;\"><a style=\"color: #0000ff;\" href=\"https:\/\/doi.org\/10.1039\/C7JA90040F\">10.1039\/C7JA90040F<\/a><\/span><\/td>\n<\/tr>\n<\/tbody>\n<\/table>\n<p>\n<\/div>\n<div class=\"kc-elm kc-css-569376 kc-pro-button kc-button-10\">\n\t<a href=\"https:\/\/www.unioviedo.es\/gelp\/publications\/\">\n\t\t<span class=\"creative_title\">Back to Publications<\/span> <span class=\"creative_icon creative_icon_right\"> <i class=\"sl-book-open\"><\/i> <\/span>\t<\/a>\n<\/div>\n<\/div><\/div><\/div><\/div><\/section>\n","protected":false},"excerpt":{"rendered":"","protected":false},"author":1,"featured_media":0,"parent":232,"menu_order":1,"comment_status":"closed","ping_status":"closed","template":"","meta":{"footnotes":""},"class_list":["post-622","page","type-page","status-publish","hentry"],"_links":{"self":[{"href":"https:\/\/www.unioviedo.es\/gelp\/wp-json\/wp\/v2\/pages\/622","targetHints":{"allow":["GET"]}}],"collection":[{"href":"https:\/\/www.unioviedo.es\/gelp\/wp-json\/wp\/v2\/pages"}],"about":[{"href":"https:\/\/www.unioviedo.es\/gelp\/wp-json\/wp\/v2\/types\/page"}],"author":[{"embeddable":true,"href":"https:\/\/www.unioviedo.es\/gelp\/wp-json\/wp\/v2\/users\/1"}],"replies":[{"embeddable":true,"href":"https:\/\/www.unioviedo.es\/gelp\/wp-json\/wp\/v2\/comments?post=622"}],"version-history":[{"count":22,"href":"https:\/\/www.unioviedo.es\/gelp\/wp-json\/wp\/v2\/pages\/622\/revisions"}],"predecessor-version":[{"id":1963,"href":"https:\/\/www.unioviedo.es\/gelp\/wp-json\/wp\/v2\/pages\/622\/revisions\/1963"}],"up":[{"embeddable":true,"href":"https:\/\/www.unioviedo.es\/gelp\/wp-json\/wp\/v2\/pages\/232"}],"wp:attachment":[{"href":"https:\/\/www.unioviedo.es\/gelp\/wp-json\/wp\/v2\/media?parent=622"}],"curies":[{"name":"wp","href":"https:\/\/api.w.org\/{rel}","templated":true}]}}