{"id":107,"date":"2014-05-30T19:47:41","date_gmt":"2014-05-30T19:47:41","guid":{"rendered":"http:\/\/www.unioviedo.es\/grupoetic\/?page_id=107"},"modified":"2014-05-31T12:25:42","modified_gmt":"2014-05-31T12:25:42","slug":"partners","status":"publish","type":"page","link":"https:\/\/www.unioviedo.es\/grupoetic\/partners\/","title":{"rendered":"PARTNERS"},"content":{"rendered":"<p><img loading=\"lazy\" decoding=\"async\" class=\"aligncenter wp-image-42\" src=\"http:\/\/www.unioviedo.es\/grupoetic\/wp-content\/uploads\/2014\/05\/equipo_bg-300x178.png\" alt=\"equipo_bg-300x178\" width=\"435\" height=\"258\" \/><\/p>\n<p>Las siguientes universidades, instituciones educativas, empresas y entidades europeas forman parte del <strong>Proyecto ECO<\/strong>:<\/p>\n<p><a title=\"UNED - Universidad Nacional de Educaci\u00f3n a Distancia\" href=\"http:\/\/www.uned.es\"><img loading=\"lazy\" decoding=\"async\" class=\"size-full wp-image-132 aligncenter\" src=\"http:\/\/www.unioviedo.es\/grupoetic\/wp-content\/uploads\/2014\/05\/uned.png\" alt=\"uned\" width=\"300\" height=\"100\" \/><\/a><\/p>\n<p><a title=\"Universidad de Oviedo\" href=\"http:\/\/www.uniovi.es\"><img loading=\"lazy\" decoding=\"async\" class=\"aligncenter  wp-image-176\" src=\"http:\/\/www.unioviedo.es\/grupoetic\/wp-content\/uploads\/2014\/05\/logo-uniovi.png\" alt=\"Universidad de Oviedo\" width=\"184\" height=\"130\" srcset=\"https:\/\/www.unioviedo.es\/grupoetic\/wp-content\/uploads\/2014\/05\/logo-uniovi.png 433w, https:\/\/www.unioviedo.es\/grupoetic\/wp-content\/uploads\/2014\/05\/logo-uniovi-300x211.png 300w\" sizes=\"(max-width: 184px) 100vw, 184px\" \/><\/a><a href=\"http:\/\/www.unioviedo.es\/grupoetic\/wp-content\/uploads\/2014\/05\/logo-uniovi-e1401538664446.jpg\"><br \/>\n<\/a><\/p>\n<p><a title=\"Universit\u00e9 Sorbonne Nouvelle\" href=\"http:\/\/www.univ-paris3.fr\/\"><img loading=\"lazy\" decoding=\"async\" class=\"aligncenter\" src=\"http:\/\/www.unioviedo.es\/grupoetic\/wp-content\/uploads\/2014\/05\/partners2.png\" alt=\"partners2\" width=\"300\" height=\"100\" \/><\/a><\/p>\n<p><a title=\"Open Universiteit\" href=\"http:\/\/www.ou.nl\/\"><img loading=\"lazy\" decoding=\"async\" class=\"aligncenter\" src=\"http:\/\/www.unioviedo.es\/grupoetic\/wp-content\/uploads\/2014\/05\/open.png\" alt=\"open\" width=\"300\" height=\"100\" \/><\/a><br \/>\n<a title=\"Universidad de Valladolid\" href=\"http:\/\/www.uva.es\/\"><img loading=\"lazy\" decoding=\"async\" class=\"aligncenter\" src=\"http:\/\/www.unioviedo.es\/grupoetic\/wp-content\/uploads\/2014\/05\/valladolid.png\" alt=\"valladolid\" width=\"300\" height=\"100\" \/><\/a><\/p>\n<p><a title=\"Universidade Aberta \" href=\"http:\/\/www.uab.pt\"><img loading=\"lazy\" decoding=\"async\" class=\"aligncenter\" src=\"http:\/\/www.unioviedo.es\/grupoetic\/wp-content\/uploads\/2014\/05\/aberta.png\" alt=\"aberta\" width=\"300\" height=\"100\" \/><\/a><\/p>\n<p><a title=\"Universidad de Cantabria\" href=\"http:\/\/www.unican.es\"><img loading=\"lazy\" decoding=\"async\" class=\"aligncenter\" src=\"http:\/\/www.unioviedo.es\/grupoetic\/wp-content\/uploads\/2014\/05\/cantabria.png\" alt=\"cantabria\" width=\"300\" height=\"100\" \/><\/a><\/p>\n<p>&nbsp;<\/p>\n<p><a title=\"Universidad de Zaragoza\" href=\"http:\/\/www.unizar.es\/\"><img loading=\"lazy\" decoding=\"async\" class=\"size-full wp-image-134 aligncenter\" src=\"http:\/\/www.unioviedo.es\/grupoetic\/wp-content\/uploads\/2014\/05\/universidadzaragoza.png\" alt=\"universidadzaragoza\" width=\"300\" height=\"100\" \/><\/a><\/p>\n<p><a title=\"Politecnico di Milano\" href=\"http:\/\/www.polimi.it\/\"><img loading=\"lazy\" decoding=\"async\" class=\"aligncenter\" src=\"http:\/\/www.unioviedo.es\/grupoetic\/wp-content\/uploads\/2014\/05\/dimilano.png\" alt=\"dimilano\" width=\"300\" height=\"100\" \/><\/a><\/p>\n<p><a title=\"Universidad Loyola Andaluc\u00eda\" href=\"http:\/\/www.uloyola.es\/\"><img loading=\"lazy\" decoding=\"async\" class=\"aligncenter\" src=\"http:\/\/www.unioviedo.es\/grupoetic\/wp-content\/uploads\/2014\/05\/loyola.png\" alt=\"loyola\" width=\"300\" height=\"100\" \/><\/a><\/p>\n<p><a title=\"European  Association of Distance Teaching  Universities \" href=\"http:\/\/www.eadtu.nl\/\"><img loading=\"lazy\" decoding=\"async\" class=\" wp-image-119 aligncenter\" src=\"http:\/\/www.unioviedo.es\/grupoetic\/wp-content\/uploads\/2014\/05\/eadtu.png\" alt=\"eadtu\" width=\"237\" height=\"79\" \/><\/a><\/p>\n<p>&nbsp;<\/p>\n<p><a title=\"University of Manchester\" href=\"http:\/\/www.manchester.ac.uk\/\"><img loading=\"lazy\" decoding=\"async\" class=\"aligncenter\" src=\"http:\/\/www.unioviedo.es\/grupoetic\/wp-content\/uploads\/2014\/05\/manchesterlogo.jpg\" alt=\"manchesterlogo\" width=\"231\" height=\"98\" \/><\/a><\/p>\n<p><a title=\"Instituto Superior de Ci\u00eancias da Informa\u00e7\u00e3o e da Administra\u00e7\u00e3o (ISCIA)\" href=\"http:\/\/www.iscia.edu.pt\/\"><img loading=\"lazy\" decoding=\"async\" class=\"aligncenter\" src=\"http:\/\/www.unioviedo.es\/grupoetic\/wp-content\/uploads\/2014\/05\/iscia.png\" alt=\"iscia\" width=\"300\" height=\"100\" \/><\/a><\/p>\n<p><a title=\"Telef\u00f3nica\" href=\"http:\/\/www.fundacion.telefonica.com\/es\/educacion_innovacion\/index.htm\"><img loading=\"lazy\" decoding=\"async\" class=\"size-full wp-image-131 aligncenter\" src=\"http:\/\/www.unioviedo.es\/grupoetic\/wp-content\/uploads\/2014\/05\/telefonica.png\" alt=\"telefonica\" width=\"300\" height=\"100\" \/><\/a><\/p>\n<p><a title=\"Reimer IT Solutions\" href=\"http:\/\/www.reimeritsolutions.nl\/\"><img loading=\"lazy\" decoding=\"async\" class=\"aligncenter\" src=\"http:\/\/www.unioviedo.es\/grupoetic\/wp-content\/uploads\/2014\/05\/ritlogo.png\" alt=\"ritlogo\" width=\"300\" height=\"100\" \/><\/a><\/p>\n<p><a title=\"Riverthia\" href=\"http:\/\/riverthia.com\/\"><img loading=\"lazy\" decoding=\"async\" class=\"aligncenter\" src=\"http:\/\/www.unioviedo.es\/grupoetic\/wp-content\/uploads\/2014\/05\/riverthia.png\" alt=\"riverthia\" width=\"300\" height=\"100\" \/><\/a><\/p>\n<p><a title=\"Editrain\" href=\"http:\/\/www.editrain.com\"><img loading=\"lazy\" decoding=\"async\" class=\"aligncenter\" src=\"http:\/\/www.unioviedo.es\/grupoetic\/wp-content\/uploads\/2014\/05\/editrain.png\" alt=\"editrain\" width=\"300\" height=\"100\" \/><\/a><\/p>\n<p><a title=\"Humance\" href=\"http:\/\/humance.de\/\"><img loading=\"lazy\" decoding=\"async\" class=\"aligncenter\" src=\"http:\/\/www.unioviedo.es\/grupoetic\/wp-content\/uploads\/2014\/05\/humance.png\" alt=\"humance\" width=\"300\" height=\"100\" \/><\/a><\/p>\n<p><a title=\"S\u00fcnne Eichler\" href=\"http:\/\/www.eichler-beratung.de\/eichler-beratung\/\"><img loading=\"lazy\" decoding=\"async\" class=\"size-full wp-image-129 aligncenter\" src=\"http:\/\/www.unioviedo.es\/grupoetic\/wp-content\/uploads\/2014\/05\/sunneeicher.png\" alt=\"sunneeicher\" width=\"300\" height=\"100\" \/><\/a><\/p>\n<p>&nbsp;<\/p>\n<p><a title=\"Tabarca Consulting\" href=\"http:\/\/www.tabarcaconsulting.com\/\"><img loading=\"lazy\" decoding=\"async\" class=\"size-full wp-image-130 aligncenter\" src=\"http:\/\/www.unioviedo.es\/grupoetic\/wp-content\/uploads\/2014\/05\/tabarca.png\" alt=\"tabarca\" width=\"300\" height=\"100\" \/><\/a><br \/>\n<a title=\"Universidad Manuela Beltr\u00e1n\" href=\"http:\/\/portal.umb.edu.co\/\"><img loading=\"lazy\" decoding=\"async\" class=\"aligncenter\" src=\"http:\/\/www.unioviedo.es\/grupoetic\/wp-content\/uploads\/2014\/05\/Escudo_UMB.png\" alt=\"Escudo_UMB\" width=\"300\" height=\"100\" \/><\/a><\/p>\n<p><a title=\"Universidad Nacional de Quilmes\" href=\"http:\/\/www.unq.edu.ar\/\"><img loading=\"lazy\" decoding=\"async\" class=\"size-full wp-image-133 aligncenter\" src=\"http:\/\/www.unioviedo.es\/grupoetic\/wp-content\/uploads\/2014\/05\/universidad_nacionalde_quilmes.png\" alt=\"universidad_nacionalde_quilmes\" width=\"300\" height=\"100\" \/><\/a><\/p>\n<p>&nbsp;<\/p>\n<p style=\"text-align: center;\"><a title=\"Competitiviness and Innovation Framework Program - EU\" href=\"http:\/\/ec.europa.eu\/cip\/index_en.htm\"><img loading=\"lazy\" decoding=\"async\" src=\"http:\/\/www.unioviedo.es\/grupoetic\/wp-content\/uploads\/2014\/05\/Logo_cip_ECO-2-e1395828571466.png\" alt=\"Logo_cip_ECO-2-e1395828571466\" width=\"121\" height=\"91\" \/><\/a>\u00a0 \u00a0 \u00a0 \u00a0 \u00a0 \u00a0 \u00a0 \u00a0<a title=\"Comisi\u00f3n Europea\" href=\"http:\/\/ec.europa.eu\/\"><img loading=\"lazy\" decoding=\"async\" src=\"http:\/\/www.unioviedo.es\/grupoetic\/wp-content\/uploads\/2014\/05\/European_Commission_ECO-1-e1395306793829.jpeg\" alt=\"European_Commission_ECO-1-e1395306793829\" width=\"77\" height=\"91\" \/><\/a><\/p>\n<p><!--more--><\/p>\n","protected":false},"excerpt":{"rendered":"<p>Las siguientes universidades, instituciones educativas, empresas y entidades europeas forman parte del Proyecto ECO: &nbsp; &nbsp; &nbsp; &nbsp; \u00a0 \u00a0 \u00a0 \u00a0 \u00a0 \u00a0 \u00a0 \u00a0<\/p>\n","protected":false},"author":2,"featured_media":0,"parent":0,"menu_order":0,"comment_status":"closed","ping_status":"open","template":"","meta":{"footnotes":""},"_links":{"self":[{"href":"https:\/\/www.unioviedo.es\/grupoetic\/wp-json\/wp\/v2\/pages\/107"}],"collection":[{"href":"https:\/\/www.unioviedo.es\/grupoetic\/wp-json\/wp\/v2\/pages"}],"about":[{"href":"https:\/\/www.unioviedo.es\/grupoetic\/wp-json\/wp\/v2\/types\/page"}],"author":[{"embeddable":true,"href":"https:\/\/www.unioviedo.es\/grupoetic\/wp-json\/wp\/v2\/users\/2"}],"replies":[{"embeddable":true,"href":"https:\/\/www.unioviedo.es\/grupoetic\/wp-json\/wp\/v2\/comments?post=107"}],"version-history":[{"count":29,"href":"https:\/\/www.unioviedo.es\/grupoetic\/wp-json\/wp\/v2\/pages\/107\/revisions"}],"predecessor-version":[{"id":177,"href":"https:\/\/www.unioviedo.es\/grupoetic\/wp-json\/wp\/v2\/pages\/107\/revisions\/177"}],"wp:attachment":[{"href":"https:\/\/www.unioviedo.es\/grupoetic\/wp-json\/wp\/v2\/media?parent=107"}],"curies":[{"name":"wp","href":"https:\/\/api.w.org\/{rel}","templated":true}]}}