{"id":1191,"date":"2024-09-30T10:02:06","date_gmt":"2024-09-30T10:02:06","guid":{"rendered":"https:\/\/www.unioviedo.es\/grupoetic\/?page_id=1191"},"modified":"2025-02-04T13:07:32","modified_gmt":"2025-02-04T13:07:32","slug":"resultados","status":"publish","type":"page","link":"https:\/\/www.unioviedo.es\/grupoetic\/resultados\/","title":{"rendered":"Resultados I+D+i ConCiudadan\u00edaGlobal"},"content":{"rendered":"<p><img loading=\"lazy\" decoding=\"async\" class=\"size-full wp-image-1371 aligncenter\" src=\"http:\/\/www.unioviedo.es\/grupoetic\/wp-content\/uploads\/2024\/10\/Banner-Resultados-IETIC-EVEA1.png\" alt=\"\" width=\"1000\" height=\"250\" srcset=\"https:\/\/www.unioviedo.es\/grupoetic\/wp-content\/uploads\/2024\/10\/Banner-Resultados-IETIC-EVEA1.png 1000w, https:\/\/www.unioviedo.es\/grupoetic\/wp-content\/uploads\/2024\/10\/Banner-Resultados-IETIC-EVEA1-300x75.png 300w, https:\/\/www.unioviedo.es\/grupoetic\/wp-content\/uploads\/2024\/10\/Banner-Resultados-IETIC-EVEA1-768x192.png 768w\" sizes=\"(max-width: 1000px) 100vw, 1000px\" \/><\/p>\n<p>&nbsp;<\/p>\n<p>Proyecto La construcci\u00f3n de la ciudadan\u00eda global con personas j\u00f3venes: investigando pr\u00e1cticas transformadoras con metodolog\u00edas participativas e inclusivas. <a href=\"http:\/\/La construcci\u00f3n de la ciudadan\u00eda global con personas j\u00f3venes: investigando pr\u00e1cticas transformadoras con metodolog\u00edas participativas e inclusivas\">Enlace a la gu\u00eda del proyecto<\/a><\/p>\n<p>Organizaci\u00f3n de las Jornadas Internacionales 100 A\u00f1os de Paulo Freire. Educaci\u00f3n Transformadora para la ciudadan\u00eda Global\u201d. Formato online y presencial con m\u00e1s de 100 personas inscritas. Oviedo. 26 de abril de 2022. | <a href=\"https:\/\/acortar.link\/rOkFwt\">Enlace a noticia<\/a><\/p>\n<p>Braga, G. (2022). Gu\u00eda de las T\u00e9cnicas\u00a0 para el estudio de casos en el proyecto La construcci\u00f3n de la ciudadan\u00eda global con personas j\u00f3venes <b><span data-contrast=\"auto\">| <\/span><\/b><a href=\"https:\/\/view.genially.com\/6315cdca82e0ba0011c019ed\/interactive-content-tecnicas-para-los-estudios-de-caso\">Enlace a la gu\u00eda<\/a><\/p>\n<p>Fueyo, A. (coord.), Braga, G., Hevia, I., Men\u00e9ndez, D. y Grupo de Investigaci\u00f3n IETIC-EVEA (2023). <em>La construcci\u00f3n de la ciudadan\u00eda global con personas j\u00f3venes: investigando pr\u00e1cticas transformadoras con metodolog\u00edas participativas e inclusivas. Informe preliminar Fase 1. | <\/em><a href=\"http:\/\/www.unioviedo.es\/grupoetic\/wp-content\/uploads\/2024\/01\/Informe-preliminar-Fase-1-con-licencia.pdf\">Enlace al documento<\/a> | <a href=\"https:\/\/www.unioviedo.es\/grupoetic\/practicas-que-construyen-ciudadania-global-con-jovenes-informe-preliminar-de-la-investigacion\/\">Enlace a noticia<\/a><\/p>\n<p>Fueyo, A. (coord.) Braga, G., Hevia, I., Men\u00e9ndez, D. y Grupo de Investigaci\u00f3n IETIC-EVEA (2023). Informe sobre experiencias de Educaci\u00f3n para la Ciudadan\u00eda Global en Asturias. Resultados Jornada de mapeo. | <a href=\"https:\/\/unioviedo-my.sharepoint.com\/:b:\/g\/personal\/mafueyo_uniovi_es\/EYLxqy-MVlJNi1KjUXxCA34B6d0SYCkGUYre5o-VPu6a0g?e=B9FeH4\">Enlace al documento<\/a> | <a href=\"https:\/\/www.unioviedo.es\/grupoetic\/960-2\/\">Enlace a noticia<\/a><\/p>\n<p>Fueyo, A. (coord.), Men\u00e9ndez, D., Rodr\u00edguez-Mart\u00edn, A., Iglesias, T., Urbano, A., Verdeja, M., de la Fuente, S., Vald\u00e9s, C., Casta\u00f1eda, J. y \u00c1lvarez-Arregui, E. (2023). <em> La construcci\u00f3n de la ciudadan\u00eda global con personas j\u00f3venes: investigando pr\u00e1cticas transformadoras con metodolog\u00edas participativas e inclusivas. Informe An\u00e1lisis Documental Fase 1.<\/em> | <a href=\"https:\/\/www.unioviedo.es\/grupoetic\/wp-content\/uploads\/2024\/01\/Informe-analisis-documental-con-licencia.pdf\">Enlace al documento<\/a> | <a href=\"https:\/\/www.unioviedo.es\/grupoetic\/informe-sobre-analisis-documental-epcg\/\">Enlace a noticia<\/a><\/p>\n<p><span data-ccp-props=\"{&quot;201341983&quot;:0,&quot;335559739&quot;:160,&quot;335559740&quot;:279}\">\u00a0Fueyo, A. (coord.), Braga, G., Hevia, I., Vald\u00e9s, C., de la Fuente, S. y Rodr\u00edguez, P. C. (2023). <\/span><em>Proceso participativo para la elaboraci\u00f3n de la Estrategia Asturiana de Educaci\u00f3n para el Desarrollo Humano y Sensibilizaci\u00f3n. Informe de resultados. <\/em>Agencia Asturiana de Cooperaci\u00f3n al Desarrollo. Consejer\u00eda de Presidencia. | <a href=\"https:\/\/www.unioviedo.es\/grupoetic\/wp-content\/uploads\/2024\/01\/Proceso-participativo-EPD-1.pdf\">Enlace al documento<\/a> | <a href=\"https:\/\/www.unioviedo.es\/grupoetic\/proceso-participativoproceso-participativo-para-la-elaboracion-de-la-estrategia-asturiana-de-educacion-para-el-desarrollo-humano-y-la-ciudadania-global\/\">Enlace a noticia<\/a><\/p>\n<p>Seminario de Investigaci\u00f3n Creando redes para la Transformaci\u00f3n Social desde el enfoque de la Educaci\u00f3n para la Ciudadan\u00eda Global. 2023. |<a href=\"https:\/\/globaleducation.unican.es\/seminario-de-investigacion\/\"> M\u00e1s informaci\u00f3n<\/a><\/p>\n<p>Braga, G. (coord.) Grupo de Investigaci\u00f3n IETIC-EVEA (2023). Participaci\u00f3n en la Noche Europea de los Investigadores y las Investigadoras. Universidad de Oviedo. | <a href=\"https:\/\/www.unioviedo.es\/grupoetic\/1019-2\/\">Enlace a noticia<\/a><\/p>\n<p>Braga, G. (coord.) Grupo de Investigaci\u00f3n IETIC-EVEA (2024). Participaci\u00f3n en la Noche Europea de los Investigadores y las Investigadoras. Universidad de Oviedo. | <a href=\"https:\/\/www.unioviedo.es\/grupoetic\/ietic-evea-en-la-noche-europea-de-investigadores-e-investigadoras-2024\/\">Enlace a noticia<\/a><\/p>\n<p>Webinario <em>Participar para construir ciudadan\u00eda global. Presentaci\u00f3n de resultados<\/em>. 7 de febrero de 2024 | <a href=\"https:\/\/www.unioviedo.es\/grupoetic\/seminario-online-participar-para-construir-la-ciudadania-global\/\">Enlace a noticia<\/a> | <a href=\"https:\/\/www.youtube.com\/watch?v=PulZ4JFWHtg\">Enlace a v\u00eddeo de presentaci\u00f3n<\/a><\/p>\n<p>Conferencia invitada\u00a0 <em>Justicia social y migraciones. Educar para la Ciudadan\u00eda Global, una respuesta urgente a la crisis ecosocial del s.XXI<\/em> en el encuentro Migraci\u00f3n y construcci\u00f3n de paz del MPDL y el Ayuntamiento de San Mart\u00edn del Rey Aurelio. 30 de enero de 2024. | <a href=\"https:\/\/www.unioviedo.es\/grupoetic\/participacion-en-el-encuentro-migracion-y-construccion-de-paz-de-mpdl\/\">Enlace a noticia<\/a><\/p>\n<p>Conferencia invitada <em>La educaci\u00f3n de las ni\u00f1as en el mundo.<\/em> Amnist\u00eda internacional y Facultad de formaci\u00f3n del profesorado. 8 de marzo de 2024. | <a href=\"https:\/\/fpe.uniovi.es\/noticias\/-\/asset_publisher\/0002\/content\/conversacion;jsessionid=7708B7667931E86E40AE99E47B3AF796?redirect=%2Fnoticias%3Fp_p_id%3D101_INSTANCE_0002%26p_p_lifecycle%3D0%26p_p_state%3Dnormal%26p_p_mode%3Dview%26p_p_col_id%3Dcolumn-1%26p_p_col_count%3D2%26_101_INSTANCE_0002_c1nntag%3Dnoticia%252C%26p_r_p_564233524_tag%3D%26_101_INSTANCE_0002_delta%3D9%26_101_INSTANCE_0002_keywords%3D%26_101_INSTANCE_0002_advancedSearch%3Dfalse%26_101_INSTANCE_0002_andOperator%3Dtrue%26cur%3D5\">M\u00e1s informaci\u00f3n<\/a><\/p>\n<p><span data-contrast=\"auto\">Global Quest \u00bfQu\u00e9 pintamos en el planeta? Compilatorio de materiales gamificados.<\/span><span data-ccp-props=\"{}\"> | <a href=\"http:\/\/www.unioviedo.es\/grupoetic\/wp-content\/uploads\/2024\/10\/Compilatorio-Global-Quest-_licensedCCNDNC.pdf\">Enlace al documento<\/a><br \/>\n<\/span><\/p>\n<p><span data-contrast=\"auto\">Materiales, manual y gu\u00eda de uso de\u00a0 la herramienta gamificada de recogida datos \u201c<\/span><i><span data-contrast=\"auto\">Global Quest \u00bfQu\u00e9 pintamos en el planeta?\u201d. | <\/span><\/i><span style=\"color: #33cccc;\"><em>En proceso<\/em><\/span><\/p>\n<p><span data-ccp-props=\"{}\">\u00a0<\/span><\/p>\n<h2><strong>Premios<\/strong><\/h2>\n<p><span data-contrast=\"auto\">Premio Amparo Pedregal del Instituto Asturiano de la Mujer (06-02-2023) | <a href=\"https:\/\/www.unioviedo.es\/grupoetic\/premio-del-instituto-de-la-mujer-a-un-trabajo-de-investigacion-sobre\/\">Enlace a noticia<\/a><\/span><span data-ccp-props=\"{&quot;201341983&quot;:0,&quot;335559739&quot;:160,&quot;335559740&quot;:279}\"><br \/>\n<\/span><\/p>\n<p><span data-contrast=\"auto\">Premio Beatriz Monasterio de la Asociaci\u00f3n Libre de Abogadas y Abogados (ALA) (24-11-2023) <\/span><span data-ccp-props=\"{&quot;201341983&quot;:0,&quot;335559739&quot;:160,&quot;335559740&quot;:279}\">| <a href=\"https:\/\/www.lawyerpress.com\/2023\/11\/28\/patricia-borge-fernandez-recibira-hoy-el-premio-beatriz-monasterio-de-ala\/\">Enlace a noticia<\/a><\/span><\/p>\n","protected":false},"excerpt":{"rendered":"<p>&nbsp; Proyecto La construcci\u00f3n de la ciudadan\u00eda global con personas j\u00f3venes: investigando pr\u00e1cticas transformadoras con metodolog\u00edas participativas e inclusivas. Enlace a la gu\u00eda del proyecto Organizaci\u00f3n de las Jornadas Internacionales 100 A\u00f1os de Paulo Freire. Educaci\u00f3n Transformadora para la ciudadan\u00eda Global\u201d. Formato online y presencial con m\u00e1s de 100 personas inscritas. Oviedo. 26 de abril de 2022. | Enlace a noticia Braga, G. (2022). Gu\u00eda de las T\u00e9cnicas\u00a0 para el estudio de casos en el proyecto La construcci\u00f3n de la ciudadan\u00eda global con personas j\u00f3venes | Enlace a la gu\u00eda Fueyo, A. (coord.), Braga, G., Hevia, I., Men\u00e9ndez, D. y Grupo de Investigaci\u00f3n IETIC-EVEA (2023). La construcci\u00f3n de la ciudadan\u00eda global con personas j\u00f3venes: investigando pr\u00e1cticas transformadoras con metodolog\u00edas participativas e inclusivas. Informe preliminar Fase 1. | Enlace al documento | Enlace a noticia Fueyo, A. (coord.) Braga, G., Hevia, I., Men\u00e9ndez, D. y Grupo de Investigaci\u00f3n IETIC-EVEA (2023). Informe sobre experiencias de Educaci\u00f3n para la Ciudadan\u00eda Global en Asturias. Resultados Jornada de mapeo. | Enlace al documento | Enlace a noticia Fueyo, A. (coord.), Men\u00e9ndez, D., Rodr\u00edguez-Mart\u00edn, A., Iglesias, T., Urbano, A., Verdeja, M., de la Fuente, S., Vald\u00e9s, C., Casta\u00f1eda, J. y \u00c1lvarez-Arregui, E. (2023). La construcci\u00f3n de [&hellip;]<\/p>\n","protected":false},"author":8,"featured_media":0,"parent":0,"menu_order":0,"comment_status":"closed","ping_status":"closed","template":"","meta":{"footnotes":""},"_links":{"self":[{"href":"https:\/\/www.unioviedo.es\/grupoetic\/wp-json\/wp\/v2\/pages\/1191"}],"collection":[{"href":"https:\/\/www.unioviedo.es\/grupoetic\/wp-json\/wp\/v2\/pages"}],"about":[{"href":"https:\/\/www.unioviedo.es\/grupoetic\/wp-json\/wp\/v2\/types\/page"}],"author":[{"embeddable":true,"href":"https:\/\/www.unioviedo.es\/grupoetic\/wp-json\/wp\/v2\/users\/8"}],"replies":[{"embeddable":true,"href":"https:\/\/www.unioviedo.es\/grupoetic\/wp-json\/wp\/v2\/comments?post=1191"}],"version-history":[{"count":24,"href":"https:\/\/www.unioviedo.es\/grupoetic\/wp-json\/wp\/v2\/pages\/1191\/revisions"}],"predecessor-version":[{"id":1546,"href":"https:\/\/www.unioviedo.es\/grupoetic\/wp-json\/wp\/v2\/pages\/1191\/revisions\/1546"}],"wp:attachment":[{"href":"https:\/\/www.unioviedo.es\/grupoetic\/wp-json\/wp\/v2\/media?parent=1191"}],"curies":[{"name":"wp","href":"https:\/\/api.w.org\/{rel}","templated":true}]}}