{"id":1235,"date":"2024-09-26T08:28:45","date_gmt":"2024-09-26T08:28:45","guid":{"rendered":"https:\/\/www.unioviedo.es\/grupoetic\/?page_id=1235"},"modified":"2025-03-25T11:29:44","modified_gmt":"2025-03-25T11:29:44","slug":"global-quest","status":"publish","type":"page","link":"https:\/\/www.unioviedo.es\/grupoetic\/global-quest\/","title":{"rendered":"GLOBAL QUEST"},"content":{"rendered":"<p><img loading=\"lazy\" decoding=\"async\" class=\"aligncenter wp-image-1574 size-full\" src=\"http:\/\/www.unioviedo.es\/grupoetic\/wp-content\/uploads\/2025\/02\/Banner-principal-Global-Quest.png\" alt=\"\" width=\"1000\" height=\"250\" srcset=\"https:\/\/www.unioviedo.es\/grupoetic\/wp-content\/uploads\/2025\/02\/Banner-principal-Global-Quest.png 1000w, https:\/\/www.unioviedo.es\/grupoetic\/wp-content\/uploads\/2025\/02\/Banner-principal-Global-Quest-300x75.png 300w, https:\/\/www.unioviedo.es\/grupoetic\/wp-content\/uploads\/2025\/02\/Banner-principal-Global-Quest-768x192.png 768w\" sizes=\"(max-width: 1000px) 100vw, 1000px\" \/><\/p>\n<p>&nbsp;<\/p>\n<p><em>Global Quest es un juego exploratorio y participativo dise\u00f1ado por el equipo de investigaci\u00f3n IETIC-EVEA de la Universidad de Oviedo, fruto del proyecto <a href=\"https:\/\/www.unioviedo.es\/grupoetic\/id-conciudadaniaglobal\/\">Construcci\u00f3n de la Ciudadan\u00eda Global con Personas J\u00f3venes<\/a> (PID2020-114478RB-C22 MCIN\/AEI\/10.13039\/501100011033). Es un juego planteado para de 6 a 16 personas, en edades de 12 a 18 a\u00f1os. Tiene su origen en una propuesta de adolescentes de los grupos de participaci\u00f3n infantil y juvenil de la Asociaci\u00f3n Los Glayus y, desde entonces, ha pasado por diversas pruebas piloto, versiones y experimentaciones. Hemos llegado a este juego gracias a un proceso de codise\u00f1o en espacios donde se construye ciudadan\u00eda global en Asturias, colaborando con adolescentes y profesionales de varias asociaciones y centros educativos (Fundaci\u00f3n Mar de Niebla, Asociaci\u00f3n Los Glayus, IES Rosario Acu\u00f1a, IES Fern\u00e1ndez Vall\u00edn\u2026) y en otros espacios de participaci\u00f3n ciudadana como la Noche Europea de los Investigadores y las Investigadoras de la Universidad de Oviedo (dos ediciones) o en el MediaLab realizado con j\u00f3venes ConCiudadan\u00edaGlobal en Langreo (Asturias).<br \/>\n<\/em><\/p>\n<p>&nbsp;<\/p>\n<h2 style=\"text-align: center;\"><span style=\"color: #008080;\"><em>\u00bfOs anim\u00e1is a salvar el planeta?<\/em><\/span><\/h2>\n<p><a href=\"http:\/\/www.unioviedo.es\/grupoetic\/wp-content\/uploads\/2025\/02\/Global-Quest-2025-Manual.pdf\" target=\"_blank\" rel=\"noopener\"><img loading=\"lazy\" decoding=\"async\" class=\"aligncenter wp-image-1569 size-full\" src=\"http:\/\/www.unioviedo.es\/grupoetic\/wp-content\/uploads\/2025\/02\/BOTON-GLOBAL-QUEST-MANUAL-e1738767615727.jpg\" alt=\"\" width=\"1000\" height=\"218\" srcset=\"https:\/\/www.unioviedo.es\/grupoetic\/wp-content\/uploads\/2025\/02\/BOTON-GLOBAL-QUEST-MANUAL-e1738767615727.jpg 1000w, https:\/\/www.unioviedo.es\/grupoetic\/wp-content\/uploads\/2025\/02\/BOTON-GLOBAL-QUEST-MANUAL-e1738767615727-300x65.jpg 300w, https:\/\/www.unioviedo.es\/grupoetic\/wp-content\/uploads\/2025\/02\/BOTON-GLOBAL-QUEST-MANUAL-e1738767615727-768x167.jpg 768w\" sizes=\"(max-width: 1000px) 100vw, 1000px\" \/><\/a><\/p>\n<p>&nbsp;<\/p>\n<p><a href=\"http:\/\/www.unioviedo.es\/grupoetic\/wp-content\/uploads\/2025\/02\/Global-Quest-2025-Guia-Didactica.pdf\" target=\"_blank\" rel=\"noopener\"><img loading=\"lazy\" decoding=\"async\" class=\"aligncenter wp-image-1568 size-full\" src=\"http:\/\/www.unioviedo.es\/grupoetic\/wp-content\/uploads\/2025\/02\/BOTON-GLOBAL-QUEST-GUIA-DIDACTICA-e1738767664975.png\" alt=\"\" width=\"1000\" height=\"220\" srcset=\"https:\/\/www.unioviedo.es\/grupoetic\/wp-content\/uploads\/2025\/02\/BOTON-GLOBAL-QUEST-GUIA-DIDACTICA-e1738767664975.png 1000w, https:\/\/www.unioviedo.es\/grupoetic\/wp-content\/uploads\/2025\/02\/BOTON-GLOBAL-QUEST-GUIA-DIDACTICA-e1738767664975-300x66.png 300w, https:\/\/www.unioviedo.es\/grupoetic\/wp-content\/uploads\/2025\/02\/BOTON-GLOBAL-QUEST-GUIA-DIDACTICA-e1738767664975-768x169.png 768w\" sizes=\"(max-width: 1000px) 100vw, 1000px\" \/><\/a><\/p>\n<p>&nbsp;<\/p>\n<p>&nbsp;<\/p>\n<p><a href=\"http:\/\/www.unioviedo.es\/grupoetic\/wp-content\/uploads\/2025\/02\/Global-Quest-2025-Tablero-para-proyectar-o-imprimir.pdf\" target=\"_blank\" rel=\"noopener\"><img loading=\"lazy\" decoding=\"async\" class=\"aligncenter wp-image-1570 size-full\" src=\"http:\/\/www.unioviedo.es\/grupoetic\/wp-content\/uploads\/2025\/02\/BOTON-GLOBAL-QUEST-TABLERO-e1738767688546.jpg\" alt=\"\" width=\"1000\" height=\"218\" srcset=\"https:\/\/www.unioviedo.es\/grupoetic\/wp-content\/uploads\/2025\/02\/BOTON-GLOBAL-QUEST-TABLERO-e1738767688546.jpg 1000w, https:\/\/www.unioviedo.es\/grupoetic\/wp-content\/uploads\/2025\/02\/BOTON-GLOBAL-QUEST-TABLERO-e1738767688546-300x65.jpg 300w, https:\/\/www.unioviedo.es\/grupoetic\/wp-content\/uploads\/2025\/02\/BOTON-GLOBAL-QUEST-TABLERO-e1738767688546-768x167.jpg 768w\" sizes=\"(max-width: 1000px) 100vw, 1000px\" \/><\/a><\/p>\n<p>&nbsp;<\/p>\n<p><img loading=\"lazy\" decoding=\"async\" class=\"size-full wp-image-1432 aligncenter\" src=\"http:\/\/www.unioviedo.es\/grupoetic\/wp-content\/uploads\/2024\/12\/Banner-Banco-de-Recursos-Global-Quest-alternativo.png\" alt=\"\" width=\"1000\" height=\"250\" srcset=\"https:\/\/www.unioviedo.es\/grupoetic\/wp-content\/uploads\/2024\/12\/Banner-Banco-de-Recursos-Global-Quest-alternativo.png 1000w, https:\/\/www.unioviedo.es\/grupoetic\/wp-content\/uploads\/2024\/12\/Banner-Banco-de-Recursos-Global-Quest-alternativo-300x75.png 300w, https:\/\/www.unioviedo.es\/grupoetic\/wp-content\/uploads\/2024\/12\/Banner-Banco-de-Recursos-Global-Quest-alternativo-768x192.png 768w\" sizes=\"(max-width: 1000px) 100vw, 1000px\" \/><\/p>\n<h2>Materiales oficiales Global Quest (2025)<\/h2>\n<p><em>Aqu\u00ed dispon\u00e9is de todos los materiales necesarios para jugar a Global Quest, seg\u00fan se indica en el manual oficial. Por favor, si alg\u00fan enlace dejara de funcionar, os rogamos que os pong\u00e1is en contacto con el equipo para que lo solventemos lo antes posible.<\/em><\/p>\n<p><a href=\"http:\/\/www.unioviedo.es\/grupoetic\/wp-content\/uploads\/2025\/02\/Global-Quest-2025-Tarjetas-instrucciones-Islas.pdf\" target=\"_blank\" rel=\"noopener\">Global Quest 2025 &#8211; Tarjetas instrucciones Islas<\/a> | Tarjetas con las instrucciones de cada prueba para las Islas<\/p>\n<p><a href=\"http:\/\/www.unioviedo.es\/grupoetic\/wp-content\/uploads\/2025\/02\/Global-Quest-2025-Materiales-1F-Comunidades-vs-Multinacionales.pdf\" target=\"_blank\" rel=\"noopener\">Global Quest 2025 &#8211; Materiales &#8211; 1F Comunidades vs Multinacionales<\/a> | Tarjetas identificadoras para las Multinacionales<\/p>\n<p><a href=\"http:\/\/www.unioviedo.es\/grupoetic\/wp-content\/uploads\/2025\/02\/Global-Quest-2025-Materiales-2F-Estatuas-que-cobran-vida.pdf\" target=\"_blank\" rel=\"noopener\">Global Quest 2025 &#8211; Materiales &#8211; 2F Estatuas que cobran vida<\/a> | Escenas y situaciones a representar en la prueba Estatuas que cobran vida<\/p>\n<p><a href=\"http:\/\/www.unioviedo.es\/grupoetic\/wp-content\/uploads\/2025\/02\/Global-Quest-2025-Materiales-3F-Adivina-la-especie-en-peligro-de-extincion.pdf\" target=\"_blank\" rel=\"noopener\">Global Quest 2025 &#8211; Materiales &#8211; 3F Adivina la especie en peligro de extincion<\/a>\u00a0| Tarjetas con los animales en peligro de extinci\u00f3n para representar en la prueba<\/p>\n<p><a href=\"http:\/\/www.unioviedo.es\/grupoetic\/wp-content\/uploads\/2025\/02\/Global-Quest-2025-Materiales-4F-Somos-iguales.pdf\" target=\"_blank\" rel=\"noopener\">Global Quest 2025 &#8211; Materiales &#8211; 4F \u00bfSomos iguales?<\/a> | Tarjetas con roles y listado de afirmaciones para la prueba<\/p>\n<p><a href=\"http:\/\/www.unioviedo.es\/grupoetic\/wp-content\/uploads\/2025\/02\/Global-Quest-2025-Materiales-1R-Que-pinto-yo-en-las-redes-sociales.pdf\" target=\"_blank\" rel=\"noopener\">Global Quest 2025 &#8211; Materiales &#8211; 1R \u00bfQu\u00e9 pinto yo en las redes sociales?<\/a> | Panel empleado en la prueba, para proyectar o imprimir<\/p>\n<p>Global Quest 2025 &#8211; Materiales &#8211; 2R \u00bfQu\u00e9 ves en el cuadro? | Enlace a ejemplos de im\u00e1genes sugerentes<\/p>\n<p><a href=\"http:\/\/www.unioviedo.es\/grupoetic\/wp-content\/uploads\/2025\/02\/Global-Quest-2025-Materiales-3R-Sana-la-Tierra.pdf\" target=\"_blank\" rel=\"noopener\">Global Quest 2025 &#8211; Materiales &#8211; 3R Sana la Tierra<\/a> | Panel empleado en la prueba, para proyectar o imprimir<\/p>\n<p><a href=\"http:\/\/www.unioviedo.es\/grupoetic\/wp-content\/uploads\/2025\/02\/Global-Quest-2025-Materiales-4R-La-gran-fabrica-de-pensamientos-negativos-pdf.pdf\" target=\"_blank\" rel=\"noopener\">Global Quest 2025 &#8211; Materiales &#8211; 4R La gran fabrica de pensamientos negativos [pdf]<\/a> | Presentaci\u00f3n b\u00e1sica en formato pdf para la prueba<\/p>\n<p><a href=\"http:\/\/www.unioviedo.es\/grupoetic\/wp-content\/uploads\/2025\/02\/Global-Quest-2025-Materiales-4R-La-gran-fabrica-de-pensamientos-negativos-ppt.pptx\" target=\"_blank\" rel=\"noopener\">Global Quest 2025 &#8211; Materiales &#8211; 4R La gran fabrica de pensamientos negativos [ppt]<\/a> | Presentaci\u00f3n din\u00e1mica en Power Point para la prueba<\/p>\n<p><a href=\"http:\/\/www.unioviedo.es\/grupoetic\/wp-content\/uploads\/2025\/02\/Global-Quest-2025-Tarjetas-instrucciones-Casillas-Especiales.pdf\" target=\"_blank\" rel=\"noopener\">Global Quest 2025 &#8211; Tarjetas instrucciones Casillas Especiales<\/a> | Tarjetas con las instrucciones para Medusas, Redes, Marejadas y Atol\u00f3n<\/p>\n<p><a href=\"http:\/\/www.unioviedo.es\/grupoetic\/wp-content\/uploads\/2025\/02\/Global-Quest-2025-Materiales-Marejadas.pdf\" target=\"_blank\" rel=\"noopener\">Global Quest 2025 &#8211; Materiales &#8211; Marejadas<\/a> | Tarjetas para usar en la casilla especial Marejadas<\/p>\n<p><a href=\"http:\/\/www.unioviedo.es\/grupoetic\/wp-content\/uploads\/2025\/02\/Global-Quest-2025-Materiales-Experiencias-inspiradoras.pdf\" target=\"_blank\" rel=\"noopener\">Global Quest 2025 &#8211; Materiales &#8211; Experiencias inspiradoras<\/a> | Documento con las experiencias inspiradoras desarrolladas y varios ejemplos<\/p>\n<p>&nbsp;<\/p>\n<h2>Materiales adicionales<\/h2>\n<p><em>En esta secci\u00f3n iremos incorporando materiales extra y recursos nuevos que creemos. \u00a1Tambi\u00e9n lo haremos con propuestas que nos vayan llegando! Por eso mismo, os animamos a que si gener\u00e1is nuevas pruebas nos las hag\u00e1is llegar, para as\u00ed agregarlas aqu\u00ed y poder compartirlas con todo el mundo, siguiendo el esp\u00edritu de Global Quest.<br \/>\n<\/em><\/p>\n<p><a href=\"http:\/\/www.unioviedo.es\/grupoetic\/wp-content\/uploads\/2025\/02\/CASILLA-ESPECIAL-redes-21F-noticias-adicionales.pdf\" target=\"_blank\" rel=\"noopener\">Redes &#8211; ed. Febrero 2024<\/a> | Noticias y solucionario empleadas en distintas aplicaciones durante la primera mitad de 2024<\/p>\n<p><a href=\"http:\/\/www.unioviedo.es\/grupoetic\/wp-content\/uploads\/2024\/09\/Redes-27-09-2024-respuesta-real-o-fake.pdf\" target=\"_blank\" rel=\"noopener\">Redes &#8211; ed. NEDI 2024<\/a> | Noticias y solucionario de la aplicaci\u00f3n en la Noche Europea de las Investigadoras y los Investigadores 2024 (27\/08\/2024)<\/p>\n<p>&nbsp;<\/p>\n","protected":false},"excerpt":{"rendered":"<p>&nbsp; Global Quest es un juego exploratorio y participativo dise\u00f1ado por el equipo de investigaci\u00f3n IETIC-EVEA de la Universidad de Oviedo, fruto del proyecto Construcci\u00f3n de la Ciudadan\u00eda Global con Personas J\u00f3venes (PID2020-114478RB-C22 MCIN\/AEI\/10.13039\/501100011033). Es un juego planteado para de 6 a 16 personas, en edades de 12 a 18 a\u00f1os. Tiene su origen en una propuesta de adolescentes de los grupos de participaci\u00f3n infantil y juvenil de la Asociaci\u00f3n Los Glayus y, desde entonces, ha pasado por diversas pruebas piloto, versiones y experimentaciones. Hemos llegado a este juego gracias a un proceso de codise\u00f1o en espacios donde se construye ciudadan\u00eda global en Asturias, colaborando con adolescentes y profesionales de varias asociaciones y centros educativos (Fundaci\u00f3n Mar de Niebla, Asociaci\u00f3n Los Glayus, IES Rosario Acu\u00f1a, IES Fern\u00e1ndez Vall\u00edn\u2026) y en otros espacios de participaci\u00f3n ciudadana como la Noche Europea de los Investigadores y las Investigadoras de la Universidad de Oviedo (dos ediciones) o en el MediaLab realizado con j\u00f3venes ConCiudadan\u00edaGlobal en Langreo (Asturias). &nbsp; \u00bfOs anim\u00e1is a salvar el planeta? &nbsp; &nbsp; &nbsp; &nbsp; Materiales oficiales Global Quest (2025) Aqu\u00ed dispon\u00e9is de todos los materiales necesarios para jugar a Global Quest, seg\u00fan se indica en el manual oficial. Por favor, [&hellip;]<\/p>\n","protected":false},"author":8,"featured_media":0,"parent":0,"menu_order":0,"comment_status":"closed","ping_status":"closed","template":"","meta":{"footnotes":""},"_links":{"self":[{"href":"https:\/\/www.unioviedo.es\/grupoetic\/wp-json\/wp\/v2\/pages\/1235"}],"collection":[{"href":"https:\/\/www.unioviedo.es\/grupoetic\/wp-json\/wp\/v2\/pages"}],"about":[{"href":"https:\/\/www.unioviedo.es\/grupoetic\/wp-json\/wp\/v2\/types\/page"}],"author":[{"embeddable":true,"href":"https:\/\/www.unioviedo.es\/grupoetic\/wp-json\/wp\/v2\/users\/8"}],"replies":[{"embeddable":true,"href":"https:\/\/www.unioviedo.es\/grupoetic\/wp-json\/wp\/v2\/comments?post=1235"}],"version-history":[{"count":40,"href":"https:\/\/www.unioviedo.es\/grupoetic\/wp-json\/wp\/v2\/pages\/1235\/revisions"}],"predecessor-version":[{"id":1639,"href":"https:\/\/www.unioviedo.es\/grupoetic\/wp-json\/wp\/v2\/pages\/1235\/revisions\/1639"}],"wp:attachment":[{"href":"https:\/\/www.unioviedo.es\/grupoetic\/wp-json\/wp\/v2\/media?parent=1235"}],"curies":[{"name":"wp","href":"https:\/\/api.w.org\/{rel}","templated":true}]}}